{"id":8200,"date":"2024-05-16T15:24:46","date_gmt":"2024-05-16T13:24:46","guid":{"rendered":"https:\/\/combi-pro.com\/?post_type=product&#038;p=8200"},"modified":"2026-05-13T18:19:03","modified_gmt":"2026-05-13T16:19:03","slug":"605003-chemise-ignifugee","status":"publish","type":"product","link":"https:\/\/combi-pro.com\/fr\/boutique\/605003-chemise-ignifugee\/","title":{"rendered":"Chemise technique en coton ignifuge et antistatique 605003 | VELILLA"},"content":{"rendered":"<div class=\"data item\" role=\"tablist\">\n<div id=\"tab-label-description\" class=\"data item title active\" tabindex=\"0\" role=\"tab\" data-role=\"collapsible\" data-collapsible=\"true\" aria-controls=\"description\" aria-selected=\"false\" aria-expanded=\"true\">\n<p data-start=\"1287\" data-end=\"1322\"><strong data-start=\"1293\" data-end=\"1322\">Caract\u00e9ristiques techniques :<\/strong><\/p>\n<ul>\n<li data-start=\"1326\" data-end=\"1367\">Fermeture : boutons-pression dissimul\u00e9s<\/li>\n<li data-start=\"1370\" data-end=\"1400\">Poignets : r\u00e9glage par velcro<\/li>\n<li data-start=\"1403\" data-end=\"1445\">Coutures : Double couture de s\u00e9curit\u00e9<\/li>\n<li data-start=\"1448\" data-end=\"1477\">Dos : Empi\u00e8cement au dos<\/li>\n<li data-start=\"1480\" data-end=\"1537\">Poches : 2 poches poitrine avec rabat et velcro<\/li>\n<li data-start=\"1540\" data-end=\"1597\">Tissu : Twill - 97% coton \/ 3% fibre antistatique<\/li>\n<li data-start=\"1600\" data-end=\"1621\">Poids : 270 g\/m\u00b2.<\/li>\n<\/ul>\n<p data-start=\"1628\" data-end=\"1655\"><strong data-start=\"1635\" data-end=\"1655\">Certifications :<\/strong><\/p>\n<ul>\n<li data-start=\"1659\" data-end=\"1715\">EN 1149 - Protection contre les charges \u00e9lectrostatiques<\/li>\n<li data-start=\"1718\" data-end=\"1795\">EN ISO 11611:2007 (A1, classe 1) - V\u00eatements de protection pour le soudage - Exigences de s\u00e9curit\u00e9 pour les soudeurs<\/li>\n<li data-start=\"1798\" data-end=\"1869\">EN ISO 11612:2015 (A1\/B1\/C1\/F1) - Protection contre la chaleur et les flammes - Partie 1 : Protection contre la chaleur et les flammes<\/li>\n<\/ul>\n<p data-start=\"1876\" data-end=\"1908\"><strong data-start=\"1881\" data-end=\"1906\">Recommandation d'utilisation :<\/strong><\/p>\n<ul>\n<li data-start=\"1909\" data-end=\"2106\">Id\u00e9al pour les professionnels travaillant dans des environnements pr\u00e9sentant des risques d'incendie, d'arc \u00e9lectrique ou d'accumulation \u00e9lectrostatique, tels que les soudeurs, les \u00e9lectriciens industriels ou les techniciens de maintenance.<\/li>\n<\/ul>\n<\/div>\n<\/div>","protected":false},"excerpt":{"rendered":"<p class=\"\" data-start=\"313\" data-end=\"456\">Chemise technique ignifuge et antistatique avec fermeture \u00e0 glissi\u00e8re dissimul\u00e9e, poches en velcro et double couture. Certifi\u00e9e pour les risques thermiques et \u00e9lectriques.<\/p>\n<p data-start=\"313\" data-end=\"456\"><img decoding=\"async\" class=\"alignnone wp-image-15525\" src=\"https:\/\/combi-pro.com\/wp-content\/uploads\/2024\/05\/EN-1149-207x300.png\" alt=\"\" width=\"28\" height=\"40\" srcset=\"https:\/\/combi-pro.com\/wp-content\/uploads\/2024\/05\/EN-1149-207x300.png 207w, https:\/\/combi-pro.com\/wp-content\/uploads\/2024\/05\/EN-1149-64x93.png 64w, https:\/\/combi-pro.com\/wp-content\/uploads\/2024\/05\/EN-1149-8x12.png 8w, https:\/\/combi-pro.com\/wp-content\/uploads\/2024\/05\/EN-1149.png 293w\" sizes=\"(max-width: 28px) 100vw, 28px\" \/> <img decoding=\"async\" class=\"alignnone wp-image-15526\" src=\"https:\/\/combi-pro.com\/wp-content\/uploads\/2024\/05\/EN-11611-A1-CLASE-1-300x262.png\" alt=\"\" width=\"46\" height=\"40\" srcset=\"https:\/\/combi-pro.com\/wp-content\/uploads\/2024\/05\/EN-11611-A1-CLASE-1-300x262.png 300w, https:\/\/combi-pro.com\/wp-content\/uploads\/2024\/05\/EN-11611-A1-CLASE-1-64x56.png 64w, https:\/\/combi-pro.com\/wp-content\/uploads\/2024\/05\/EN-11611-A1-CLASE-1-14x12.png 14w, https:\/\/combi-pro.com\/wp-content\/uploads\/2024\/05\/EN-11611-A1-CLASE-1.png 384w\" sizes=\"(max-width: 46px) 100vw, 46px\" \/> <img decoding=\"async\" class=\"alignnone wp-image-15232\" src=\"https:\/\/combi-pro.com\/wp-content\/uploads\/2025\/04\/icon-w270.png\" alt=\"\" width=\"120\" height=\"40\" srcset=\"https:\/\/combi-pro.com\/wp-content\/uploads\/2025\/04\/icon-w270.png 228w, https:\/\/combi-pro.com\/wp-content\/uploads\/2025\/04\/icon-w270-64x21.png 64w, https:\/\/combi-pro.com\/wp-content\/uploads\/2025\/04\/icon-w270-18x6.png 18w\" sizes=\"(max-width: 120px) 100vw, 120px\" \/><\/p>\n<p><strong>GUIDE DES TAILLES<\/strong><\/p>\n<p><strong><img loading=\"lazy\" decoding=\"async\" class=\"alignnone wp-image-17803\" src=\"https:\/\/combi-pro.com\/wp-content\/uploads\/2024\/05\/78.4-85.1-screenshot-1750078616562-300x102.png\" alt=\"\" width=\"294\" height=\"100\" srcset=\"https:\/\/combi-pro.com\/wp-content\/uploads\/2024\/05\/78.4-85.1-screenshot-1750078616562-300x102.png 300w, https:\/\/combi-pro.com\/wp-content\/uploads\/2024\/05\/78.4-85.1-screenshot-1750078616562-64x22.png 64w, https:\/\/combi-pro.com\/wp-content\/uploads\/2024\/05\/78.4-85.1-screenshot-1750078616562-18x6.png 18w, https:\/\/combi-pro.com\/wp-content\/uploads\/2024\/05\/78.4-85.1-screenshot-1750078616562.png 400w\" sizes=\"(max-width: 294px) 100vw, 294px\" \/> <img loading=\"lazy\" decoding=\"async\" class=\"alignnone wp-image-17696\" src=\"https:\/\/combi-pro.com\/wp-content\/uploads\/2025\/05\/screenshot-1749214923473-300x106.png\" alt=\"\" width=\"226\" height=\"80\" srcset=\"https:\/\/combi-pro.com\/wp-content\/uploads\/2025\/05\/screenshot-1749214923473-300x106.png 300w, https:\/\/combi-pro.com\/wp-content\/uploads\/2025\/05\/screenshot-1749214923473-64x23.png 64w, https:\/\/combi-pro.com\/wp-content\/uploads\/2025\/05\/screenshot-1749214923473-18x6.png 18w, https:\/\/combi-pro.com\/wp-content\/uploads\/2025\/05\/screenshot-1749214923473.png 396w\" sizes=\"(max-width: 226px) 100vw, 226px\" \/>\u00a0<\/strong><\/p>","protected":false},"featured_media":8202,"template":"","meta":{"site-sidebar-layout":"default","site-content-layout":"","ast-site-content-layout":"default","site-content-style":"default","site-sidebar-style":"default","ast-global-header-display":"","ast-banner-title-visibility":"","ast-main-header-display":"","ast-hfb-above-header-display":"","ast-hfb-below-header-display":"","ast-hfb-mobile-header-display":"","site-post-title":"","ast-breadcrumbs-content":"","ast-featured-img":"","footer-sml-layout":"","ast-disable-related-posts":"","theme-transparent-header-meta":"default","adv-header-id-meta":"","stick-header-meta":"","header-above-stick-meta":"","header-main-stick-meta":"","header-below-stick-meta":"","astra-migrate-meta-layouts":"set","ast-page-background-enabled":"default","ast-page-background-meta":{"desktop":{"background-color":"","background-image":"","background-repeat":"repeat","background-position":"center center","background-size":"auto","background-attachment":"scroll","background-type":"","background-media":"","overlay-type":"","overlay-color":"","overlay-opacity":"","overlay-gradient":""},"tablet":{"background-color":"","background-image":"","background-repeat":"repeat","background-position":"center center","background-size":"auto","background-attachment":"scroll","background-type":"","background-media":"","overlay-type":"","overlay-color":"","overlay-opacity":"","overlay-gradient":""},"mobile":{"background-color":"","background-image":"","background-repeat":"repeat","background-position":"center center","background-size":"auto","background-attachment":"scroll","background-type":"","background-media":"","overlay-type":"","overlay-color":"","overlay-opacity":"","overlay-gradient":""}},"ast-content-background-meta":{"desktop":{"background-color":"var(--ast-global-color-5)","background-image":"","background-repeat":"repeat","background-position":"center center","background-size":"auto","background-attachment":"scroll","background-type":"","background-media":"","overlay-type":"","overlay-color":"","overlay-opacity":"","overlay-gradient":""},"tablet":{"background-color":"var(--ast-global-color-5)","background-image":"","background-repeat":"repeat","background-position":"center center","background-size":"auto","background-attachment":"scroll","background-type":"","background-media":"","overlay-type":"","overlay-color":"","overlay-opacity":"","overlay-gradient":""},"mobile":{"background-color":"var(--ast-global-color-5)","background-image":"","background-repeat":"repeat","background-position":"center center","background-size":"auto","background-attachment":"scroll","background-type":"","background-media":"","overlay-type":"","overlay-color":"","overlay-opacity":"","overlay-gradient":""}}},"product_brand":[442],"product_cat":[127,78,30,68,50],"product_tag":[],"class_list":{"0":"post-8200","1":"product","2":"type-product","3":"status-publish","4":"has-post-thumbnail","6":"product_brand-velilla","7":"product_cat-camisas-industria-tecnica","8":"product_cat-camisas","9":"product_cat-industria-base","10":"product_cat-industria-tecnica","11":"product_cat-ropa-profesional","12":"desktop-align-center","13":"tablet-align-left","14":"mobile-align-left","16":"first","17":"instock","18":"taxable","19":"shipping-taxable","20":"purchasable","21":"product-type-variable"},"_links":{"self":[{"href":"https:\/\/combi-pro.com\/fr\/wp-json\/wp\/v2\/product\/8200","targetHints":{"allow":["GET"]}}],"collection":[{"href":"https:\/\/combi-pro.com\/fr\/wp-json\/wp\/v2\/product"}],"about":[{"href":"https:\/\/combi-pro.com\/fr\/wp-json\/wp\/v2\/types\/product"}],"wp:featuredmedia":[{"embeddable":true,"href":"https:\/\/combi-pro.com\/fr\/wp-json\/wp\/v2\/media\/8202"}],"wp:attachment":[{"href":"https:\/\/combi-pro.com\/fr\/wp-json\/wp\/v2\/media?parent=8200"}],"wp:term":[{"taxonomy":"product_brand","embeddable":true,"href":"https:\/\/combi-pro.com\/fr\/wp-json\/wp\/v2\/product_brand?post=8200"},{"taxonomy":"product_cat","embeddable":true,"href":"https:\/\/combi-pro.com\/fr\/wp-json\/wp\/v2\/product_cat?post=8200"},{"taxonomy":"product_tag","embeddable":true,"href":"https:\/\/combi-pro.com\/fr\/wp-json\/wp\/v2\/product_tag?post=8200"}],"curies":[{"name":"wp","href":"https:\/\/api.w.org\/{rel}","templated":true}]}}