{"id":8218,"date":"2024-05-16T22:18:09","date_gmt":"2024-05-16T20:18:09","guid":{"rendered":"https:\/\/combi-pro.com\/?post_type=product&#038;p=8218"},"modified":"2026-05-13T16:50:53","modified_gmt":"2026-05-13T14:50:53","slug":"532-mc-shirt","status":"publish","type":"product","link":"https:\/\/combi-pro.com\/fr\/boutique\/532-mc-shirt\/","title":{"rendered":"Chemise de travail \u00e0 manches courtes et boutons 532 | VELILLA"},"content":{"rendered":"<div class=\"data item\" role=\"tablist\">\n<div id=\"tab-label-description\" class=\"data item title active\" tabindex=\"0\" role=\"tab\" data-role=\"collapsible\" data-collapsible=\"true\" aria-controls=\"description\" aria-selected=\"false\" aria-expanded=\"true\">\n<p data-start=\"1040\" data-end=\"1076\"><strong data-start=\"1047\" data-end=\"1076\">Caract\u00e9ristiques techniques :<\/strong><\/p>\n<ul>\n<li data-start=\"1079\" data-end=\"1096\">Manches courtes<\/li>\n<li data-start=\"1099\" data-end=\"1131\">Fermeture centrale par bouton<\/li>\n<li data-start=\"1134\" data-end=\"1170\">Chevrons d'\u00e9paule avec bouton<\/li>\n<li data-start=\"1173\" data-end=\"1219\">2 poches plaqu\u00e9es avec rabat et bouton<\/li>\n<li data-start=\"1222\" data-end=\"1254\">Coupe classique, fra\u00eeche et polyvalente<\/li>\n<\/ul>\n<p data-start=\"1261\" data-end=\"1284\"><strong data-start=\"1268\" data-end=\"1284\">Composition :<\/strong><\/p>\n<ul>\n<li data-start=\"1287\" data-end=\"1336\">Tissu popeline : 65% polyester - 35% coton<\/li>\n<li data-start=\"1339\" data-end=\"1362\">Poids : 105 g\/m\u00b2.<\/li>\n<li data-start=\"1365\" data-end=\"1404\">L\u00e9ger, respirant et s\u00e9chant rapidement<\/li>\n<\/ul>\n<p data-start=\"916\" data-end=\"928\"><strong data-start=\"916\" data-end=\"928\">Gamme : <\/strong><span style=\"font-size: 16px;\">Les classiques<\/span><\/p>\n<p data-start=\"1411\" data-end=\"1442\"><strong data-start=\"1417\" data-end=\"1442\">Recommandation d'utilisation :<\/strong><\/p>\n<ul>\n<li data-start=\"1411\" data-end=\"1442\"><span style=\"font-size: 16px;\">Id\u00e9al pour le personnel de s\u00e9curit\u00e9, de transport, d'administration, de service \u00e0 la client\u00e8le ou de service g\u00e9n\u00e9ral qui a besoin d'un v\u00eatement soign\u00e9 et fonctionnel.<\/span><\/li>\n<\/ul>\n<\/div>\n<\/div>","protected":false},"excerpt":{"rendered":"<p data-start=\"267\" data-end=\"456\">Chemise de travail \u00e0 manches courtes avec empi\u00e8cements sur les \u00e9paules, deux poches plaqu\u00e9es avec patte de boutonnage. Style professionnel. Gamme classique.<\/p>\n<p><strong>GUIDE DES TAILLES<\/strong><\/p>\n<p><strong><img decoding=\"async\" class=\"alignnone wp-image-17757\" src=\"https:\/\/combi-pro.com\/wp-content\/uploads\/2024\/04\/75-80-screenshot-1749944255160-300x103.png\" alt=\"\" width=\"321\" height=\"110\" srcset=\"https:\/\/combi-pro.com\/wp-content\/uploads\/2024\/04\/75-80-screenshot-1749944255160-300x103.png 300w, https:\/\/combi-pro.com\/wp-content\/uploads\/2024\/04\/75-80-screenshot-1749944255160-64x22.png 64w, https:\/\/combi-pro.com\/wp-content\/uploads\/2024\/04\/75-80-screenshot-1749944255160-18x6.png 18w, https:\/\/combi-pro.com\/wp-content\/uploads\/2024\/04\/75-80-screenshot-1749944255160.png 400w\" sizes=\"(max-width: 321px) 100vw, 321px\" \/> <img decoding=\"async\" class=\"alignnone wp-image-17696\" src=\"https:\/\/combi-pro.com\/wp-content\/uploads\/2025\/05\/screenshot-1749214923473-300x106.png\" alt=\"\" width=\"269\" height=\"95\" srcset=\"https:\/\/combi-pro.com\/wp-content\/uploads\/2025\/05\/screenshot-1749214923473-300x106.png 300w, https:\/\/combi-pro.com\/wp-content\/uploads\/2025\/05\/screenshot-1749214923473-64x23.png 64w, https:\/\/combi-pro.com\/wp-content\/uploads\/2025\/05\/screenshot-1749214923473-18x6.png 18w, https:\/\/combi-pro.com\/wp-content\/uploads\/2025\/05\/screenshot-1749214923473.png 396w\" sizes=\"(max-width: 269px) 100vw, 269px\" \/>\u00a0<\/strong><\/p>","protected":false},"featured_media":8226,"template":"","meta":{"site-sidebar-layout":"default","site-content-layout":"","ast-site-content-layout":"default","site-content-style":"default","site-sidebar-style":"default","ast-global-header-display":"","ast-banner-title-visibility":"","ast-main-header-display":"","ast-hfb-above-header-display":"","ast-hfb-below-header-display":"","ast-hfb-mobile-header-display":"","site-post-title":"","ast-breadcrumbs-content":"","ast-featured-img":"","footer-sml-layout":"","ast-disable-related-posts":"","theme-transparent-header-meta":"default","adv-header-id-meta":"","stick-header-meta":"","header-above-stick-meta":"","header-main-stick-meta":"","header-below-stick-meta":"","astra-migrate-meta-layouts":"set","ast-page-background-enabled":"default","ast-page-background-meta":{"desktop":{"background-color":"","background-image":"","background-repeat":"repeat","background-position":"center center","background-size":"auto","background-attachment":"scroll","background-type":"","background-media":"","overlay-type":"","overlay-color":"","overlay-opacity":"","overlay-gradient":""},"tablet":{"background-color":"","background-image":"","background-repeat":"repeat","background-position":"center center","background-size":"auto","background-attachment":"scroll","background-type":"","background-media":"","overlay-type":"","overlay-color":"","overlay-opacity":"","overlay-gradient":""},"mobile":{"background-color":"","background-image":"","background-repeat":"repeat","background-position":"center center","background-size":"auto","background-attachment":"scroll","background-type":"","background-media":"","overlay-type":"","overlay-color":"","overlay-opacity":"","overlay-gradient":""}},"ast-content-background-meta":{"desktop":{"background-color":"var(--ast-global-color-5)","background-image":"","background-repeat":"repeat","background-position":"center center","background-size":"auto","background-attachment":"scroll","background-type":"","background-media":"","overlay-type":"","overlay-color":"","overlay-opacity":"","overlay-gradient":""},"tablet":{"background-color":"var(--ast-global-color-5)","background-image":"","background-repeat":"repeat","background-position":"center center","background-size":"auto","background-attachment":"scroll","background-type":"","background-media":"","overlay-type":"","overlay-color":"","overlay-opacity":"","overlay-gradient":""},"mobile":{"background-color":"var(--ast-global-color-5)","background-image":"","background-repeat":"repeat","background-position":"center center","background-size":"auto","background-attachment":"scroll","background-type":"","background-media":"","overlay-type":"","overlay-color":"","overlay-opacity":"","overlay-gradient":""}}},"product_brand":[442],"product_cat":[78,30,50],"product_tag":[],"class_list":{"0":"post-8218","1":"product","2":"type-product","3":"status-publish","4":"has-post-thumbnail","6":"product_brand-velilla","7":"product_cat-camisas","8":"product_cat-industria-base","9":"product_cat-ropa-profesional","10":"desktop-align-center","11":"tablet-align-left","12":"mobile-align-left","14":"first","15":"instock","16":"taxable","17":"shipping-taxable","18":"purchasable","19":"product-type-variable","20":"has-default-attributes"},"_links":{"self":[{"href":"https:\/\/combi-pro.com\/fr\/wp-json\/wp\/v2\/product\/8218","targetHints":{"allow":["GET"]}}],"collection":[{"href":"https:\/\/combi-pro.com\/fr\/wp-json\/wp\/v2\/product"}],"about":[{"href":"https:\/\/combi-pro.com\/fr\/wp-json\/wp\/v2\/types\/product"}],"wp:featuredmedia":[{"embeddable":true,"href":"https:\/\/combi-pro.com\/fr\/wp-json\/wp\/v2\/media\/8226"}],"wp:attachment":[{"href":"https:\/\/combi-pro.com\/fr\/wp-json\/wp\/v2\/media?parent=8218"}],"wp:term":[{"taxonomy":"product_brand","embeddable":true,"href":"https:\/\/combi-pro.com\/fr\/wp-json\/wp\/v2\/product_brand?post=8218"},{"taxonomy":"product_cat","embeddable":true,"href":"https:\/\/combi-pro.com\/fr\/wp-json\/wp\/v2\/product_cat?post=8218"},{"taxonomy":"product_tag","embeddable":true,"href":"https:\/\/combi-pro.com\/fr\/wp-json\/wp\/v2\/product_tag?post=8218"}],"curies":[{"name":"wp","href":"https:\/\/api.w.org\/{rel}","templated":true}]}}