{"id":8325,"date":"2024-05-17T12:44:29","date_gmt":"2024-05-17T10:44:29","guid":{"rendered":"https:\/\/combi-pro.com\/?post_type=product&#038;p=8325"},"modified":"2026-04-13T20:11:56","modified_gmt":"2026-04-13T18:11:56","slug":"103014s-pantalon-stretch","status":"publish","type":"product","link":"https:\/\/combi-pro.com\/fr\/boutique\/103014s-pantalon-stretch\/","title":{"rendered":"Pantalon stretch haute visibilit\u00e9 avec bandes r\u00e9fl\u00e9chissantes 103014S | VELILLA"},"content":{"rendered":"<p><strong data-start=\"298\" data-end=\"330\">Caract\u00e9ristiques principales:<\/strong><\/p>\n<ul>\n<li data-start=\"395\" data-end=\"468\">Fermeture centrale \u00e0 glissi\u00e8re et \u00e0 bouton pour un ajustement confortable et s\u00fbr.<\/li>\n<li data-start=\"471\" data-end=\"574\">Bandes r\u00e9fl\u00e9chissantes sur le bas du pantalon pour am\u00e9liorer la visibilit\u00e9 dans des conditions de faible luminosit\u00e9.<\/li>\n<li data-start=\"577\" data-end=\"671\">Les coutures en fil contrast\u00e9 ajoutent une touche de style et renforcent la durabilit\u00e9.<\/li>\n<li data-start=\"674\" data-end=\"728\">Taille \u00e9lastiqu\u00e9e pour un ajustement confortable et souple.<\/li>\n<li data-start=\"731\" data-end=\"804\">Double couture de s\u00e9curit\u00e9 pour plus de solidit\u00e9 dans les zones cl\u00e9s.<\/li>\n<li data-start=\"807\" data-end=\"826\">Six poches :<\/li>\n<li data-start=\"831\" data-end=\"853\">2 poches fran\u00e7aises.<\/li>\n<li data-start=\"858\" data-end=\"981\">2 poches \u00e0 soufflet avec double soufflet central, rabat, velcro et tirettes, id\u00e9ales pour les outils et les objets personnels.<\/li>\n<li data-start=\"986\" data-end=\"1068\">2 poches arri\u00e8re plaqu\u00e9es avec rabat et velcro pour un acc\u00e8s s\u00fbr et facile.<\/li>\n<\/ul>\n<p class=\"\" data-start=\"1070\" data-end=\"1090\"><strong data-start=\"1070\" data-end=\"1090\">Certifications :<\/strong><\/p>\n<ul>\n<li data-start=\"1093\" data-end=\"1233\">EN 17353 (classe B2) : certification de visibilit\u00e9 accrue, garantissant que le travailleur est visible dans des conditions de faible luminosit\u00e9.<\/li>\n<\/ul>\n<p class=\"\" data-start=\"1235\" data-end=\"1266\"><strong data-start=\"1235\" data-end=\"1266\">Composition du tissu :<\/strong><\/p>\n<ul data-start=\"1267\" data-end=\"1373\">\n<li class=\"\" data-start=\"1267\" data-end=\"1373\">\n<p class=\"\" data-start=\"1269\" data-end=\"1373\">Tissu extensible : 46% coton, 38% EME, 16% polyester (240 g\/m\u00b2) pour un maximum de flexibilit\u00e9 et de confort.<\/p>\n<\/li>\n<\/ul>\n<p class=\"\" data-start=\"1375\" data-end=\"1729\"><strong data-start=\"1375\" data-end=\"1395\">Recommandations:<\/strong> Ce pantalon est id\u00e9al pour ceux qui travaillent dans des environnements o\u00f9 la visibilit\u00e9 est essentielle, tels que la construction, l'entretien et d'autres travaux en ext\u00e9rieur. La conception extensible et les multiples poches assurent \u00e0 la fois confort et fonctionnalit\u00e9, tandis que les bandes r\u00e9fl\u00e9chissantes garantissent la s\u00e9curit\u00e9 dans des conditions de faible luminosit\u00e9.<\/p>","protected":false},"excerpt":{"rendered":"<p class=\"\" data-start=\"282\" data-end=\"401\">Pantalon extensible multipoches avec bandes r\u00e9fl\u00e9chissantes et coutures contrast\u00e9es. Grand confort et meilleure visibilit\u00e9.<\/p>\n<p>\u00a0<img decoding=\"async\" class=\"alignnone wp-image-15233\" src=\"https:\/\/combi-pro.com\/wp-content\/uploads\/2025\/04\/icon-w240.png\" alt=\"\" width=\"111\" height=\"40\" srcset=\"https:\/\/combi-pro.com\/wp-content\/uploads\/2025\/04\/icon-w240.png 228w, https:\/\/combi-pro.com\/wp-content\/uploads\/2025\/04\/icon-w240-64x23.png 64w, https:\/\/combi-pro.com\/wp-content\/uploads\/2025\/04\/icon-w240-18x6.png 18w\" sizes=\"(max-width: 111px) 100vw, 111px\" \/> <img decoding=\"async\" class=\"alignnone wp-image-15254\" src=\"https:\/\/combi-pro.com\/wp-content\/uploads\/2024\/05\/EN-17353-CLASE-B2-238x300.png\" alt=\"\" width=\"31\" height=\"39\" srcset=\"https:\/\/combi-pro.com\/wp-content\/uploads\/2024\/05\/EN-17353-CLASE-B2-238x300.png 238w, https:\/\/combi-pro.com\/wp-content\/uploads\/2024\/05\/EN-17353-CLASE-B2-64x81.png 64w, https:\/\/combi-pro.com\/wp-content\/uploads\/2024\/05\/EN-17353-CLASE-B2-10x12.png 10w, https:\/\/combi-pro.com\/wp-content\/uploads\/2024\/05\/EN-17353-CLASE-B2.png 310w\" sizes=\"(max-width: 31px) 100vw, 31px\" \/> <img decoding=\"async\" class=\"alignnone wp-image-15240\" src=\"https:\/\/combi-pro.com\/wp-content\/uploads\/2025\/04\/icon-stretch.png\" alt=\"\" width=\"99\" height=\"40\" srcset=\"https:\/\/combi-pro.com\/wp-content\/uploads\/2025\/04\/icon-stretch.png 228w, https:\/\/combi-pro.com\/wp-content\/uploads\/2025\/04\/icon-stretch-64x26.png 64w, https:\/\/combi-pro.com\/wp-content\/uploads\/2025\/04\/icon-stretch-18x7.png 18w\" sizes=\"(max-width: 99px) 100vw, 99px\" \/> <img loading=\"lazy\" decoding=\"async\" class=\"alignnone wp-image-15251\" src=\"https:\/\/combi-pro.com\/wp-content\/uploads\/2024\/05\/REFLATEX-300x88.png\" alt=\"\" width=\"136\" height=\"40\" srcset=\"https:\/\/combi-pro.com\/wp-content\/uploads\/2024\/05\/REFLATEX-300x88.png 300w, https:\/\/combi-pro.com\/wp-content\/uploads\/2024\/05\/REFLATEX-450x133.png 450w, https:\/\/combi-pro.com\/wp-content\/uploads\/2024\/05\/REFLATEX-64x19.png 64w, https:\/\/combi-pro.com\/wp-content\/uploads\/2024\/05\/REFLATEX-18x5.png 18w, https:\/\/combi-pro.com\/wp-content\/uploads\/2024\/05\/REFLATEX.png 475w\" sizes=\"(max-width: 136px) 100vw, 136px\" \/><\/p>\n<p><strong>GUIDE DES TAILLES<\/strong><\/p>\n<p><strong><img loading=\"lazy\" decoding=\"async\" class=\"alignnone wp-image-17731\" src=\"https:\/\/combi-pro.com\/wp-content\/uploads\/2024\/05\/105.5-screenshot-1749766011843-300x215.png\" alt=\"\" width=\"251\" height=\"180\" srcset=\"https:\/\/combi-pro.com\/wp-content\/uploads\/2024\/05\/105.5-screenshot-1749766011843-300x215.png 300w, https:\/\/combi-pro.com\/wp-content\/uploads\/2024\/05\/105.5-screenshot-1749766011843-64x46.png 64w, https:\/\/combi-pro.com\/wp-content\/uploads\/2024\/05\/105.5-screenshot-1749766011843-18x12.png 18w, https:\/\/combi-pro.com\/wp-content\/uploads\/2024\/05\/105.5-screenshot-1749766011843.png 400w\" sizes=\"(max-width: 251px) 100vw, 251px\" \/><\/strong> <img loading=\"lazy\" decoding=\"async\" class=\"alignnone wp-image-17729\" src=\"https:\/\/combi-pro.com\/wp-content\/uploads\/2024\/05\/screenshot-1749765502228.png\" alt=\"\" width=\"159\" height=\"120\" srcset=\"https:\/\/combi-pro.com\/wp-content\/uploads\/2024\/05\/screenshot-1749765502228.png 292w, https:\/\/combi-pro.com\/wp-content\/uploads\/2024\/05\/screenshot-1749765502228-64x48.png 64w, https:\/\/combi-pro.com\/wp-content\/uploads\/2024\/05\/screenshot-1749765502228-16x12.png 16w\" sizes=\"(max-width: 159px) 100vw, 159px\" \/><\/p>\n<div class=\"rocket-product-list-pictogram pictograms-attr-certificate\"><\/div>","protected":false},"featured_media":8329,"template":"","meta":{"site-sidebar-layout":"default","site-content-layout":"","ast-site-content-layout":"default","site-content-style":"default","site-sidebar-style":"default","ast-global-header-display":"","ast-banner-title-visibility":"","ast-main-header-display":"","ast-hfb-above-header-display":"","ast-hfb-below-header-display":"","ast-hfb-mobile-header-display":"","site-post-title":"","ast-breadcrumbs-content":"","ast-featured-img":"","footer-sml-layout":"","ast-disable-related-posts":"","theme-transparent-header-meta":"default","adv-header-id-meta":"","stick-header-meta":"","header-above-stick-meta":"","header-main-stick-meta":"","header-below-stick-meta":"","astra-migrate-meta-layouts":"set","ast-page-background-enabled":"default","ast-page-background-meta":{"desktop":{"background-color":"","background-image":"","background-repeat":"repeat","background-position":"center center","background-size":"auto","background-attachment":"scroll","background-type":"","background-media":"","overlay-type":"","overlay-color":"","overlay-opacity":"","overlay-gradient":""},"tablet":{"background-color":"","background-image":"","background-repeat":"repeat","background-position":"center center","background-size":"auto","background-attachment":"scroll","background-type":"","background-media":"","overlay-type":"","overlay-color":"","overlay-opacity":"","overlay-gradient":""},"mobile":{"background-color":"","background-image":"","background-repeat":"repeat","background-position":"center center","background-size":"auto","background-attachment":"scroll","background-type":"","background-media":"","overlay-type":"","overlay-color":"","overlay-opacity":"","overlay-gradient":""}},"ast-content-background-meta":{"desktop":{"background-color":"var(--ast-global-color-5)","background-image":"","background-repeat":"repeat","background-position":"center center","background-size":"auto","background-attachment":"scroll","background-type":"","background-media":"","overlay-type":"","overlay-color":"","overlay-opacity":"","overlay-gradient":""},"tablet":{"background-color":"var(--ast-global-color-5)","background-image":"","background-repeat":"repeat","background-position":"center center","background-size":"auto","background-attachment":"scroll","background-type":"","background-media":"","overlay-type":"","overlay-color":"","overlay-opacity":"","overlay-gradient":""},"mobile":{"background-color":"var(--ast-global-color-5)","background-image":"","background-repeat":"repeat","background-position":"center center","background-size":"auto","background-attachment":"scroll","background-type":"","background-media":"","overlay-type":"","overlay-color":"","overlay-opacity":"","overlay-gradient":""}}},"product_brand":[442],"product_cat":[67,100,50],"product_tag":[],"class_list":{"0":"post-8325","1":"product","2":"type-product","3":"status-publish","4":"has-post-thumbnail","6":"product_brand-velilla","7":"product_cat-alta-visibilidad","8":"product_cat-pantalones-alta-visibilidad","9":"product_cat-ropa-profesional","10":"desktop-align-center","11":"tablet-align-left","12":"mobile-align-left","14":"first","15":"instock","16":"taxable","17":"shipping-taxable","18":"purchasable","19":"product-type-variable","20":"has-default-attributes"},"_links":{"self":[{"href":"https:\/\/combi-pro.com\/fr\/wp-json\/wp\/v2\/product\/8325","targetHints":{"allow":["GET"]}}],"collection":[{"href":"https:\/\/combi-pro.com\/fr\/wp-json\/wp\/v2\/product"}],"about":[{"href":"https:\/\/combi-pro.com\/fr\/wp-json\/wp\/v2\/types\/product"}],"wp:featuredmedia":[{"embeddable":true,"href":"https:\/\/combi-pro.com\/fr\/wp-json\/wp\/v2\/media\/8329"}],"wp:attachment":[{"href":"https:\/\/combi-pro.com\/fr\/wp-json\/wp\/v2\/media?parent=8325"}],"wp:term":[{"taxonomy":"product_brand","embeddable":true,"href":"https:\/\/combi-pro.com\/fr\/wp-json\/wp\/v2\/product_brand?post=8325"},{"taxonomy":"product_cat","embeddable":true,"href":"https:\/\/combi-pro.com\/fr\/wp-json\/wp\/v2\/product_cat?post=8325"},{"taxonomy":"product_tag","embeddable":true,"href":"https:\/\/combi-pro.com\/fr\/wp-json\/wp\/v2\/product_tag?post=8325"}],"curies":[{"name":"wp","href":"https:\/\/api.w.org\/{rel}","templated":true}]}}