{"id":8393,"date":"2024-05-18T11:06:09","date_gmt":"2024-05-18T09:06:09","guid":{"rendered":"https:\/\/combi-pro.com\/?post_type=product&#038;p=8393"},"modified":"2026-05-13T16:51:36","modified_gmt":"2026-05-13T14:51:36","slug":"103022s-pantalon-de-trekking-stretch","status":"publish","type":"product","link":"https:\/\/combi-pro.com\/fr\/boutique\/103022s-pantalon-de-trekking-stretch\/","title":{"rendered":"Pantalon de trekking stretch bicolore 103022S | VELILLA"},"content":{"rendered":"<div class=\"data item\" role=\"tablist\">\n<div id=\"description\" class=\"data item content\" role=\"tabpanel\" aria-labelledby=\"tab-label-description\" data-role=\"content\" aria-hidden=\"false\">\n<div class=\"product attribute description\">\n<div class=\"value\">\n<p data-start=\"584\" data-end=\"616\"><strong data-start=\"587\" data-end=\"616\">Caract\u00e9ristiques techniques :<\/strong><\/p>\n<ul>\n<li data-start=\"620\" data-end=\"636\">Coupe cintr\u00e9e<\/li>\n<li data-start=\"639\" data-end=\"678\">Fermeture centrale \u00e0 glissi\u00e8re et bouton<\/li>\n<li data-start=\"681\" data-end=\"710\">Taille \u00e9lastiqu\u00e9e sur le c\u00f4t\u00e9<\/li>\n<li data-start=\"713\" data-end=\"741\">Double couture de s\u00e9curit\u00e9<\/li>\n<li data-start=\"744\" data-end=\"761\">Six poches :<\/li>\n<li data-start=\"766\" data-end=\"789\">2 poches fran\u00e7aises<\/li>\n<li data-start=\"794\" data-end=\"849\">1 poche sur la jambe droite avec rabat et boutons-pression<\/li>\n<li data-start=\"854\" data-end=\"911\">1 poche sur la jambe gauche avec fermeture \u00e0 glissi\u00e8re invers\u00e9e<\/li>\n<li data-start=\"916\" data-end=\"973\">2 poches arri\u00e8re plaqu\u00e9es avec fermetures \u00e9clair invers\u00e9es<\/li>\n<\/ul>\n<p data-start=\"975\" data-end=\"989\"><strong data-start=\"978\" data-end=\"989\">Tissu: <\/strong>Stretch : 86% polyester - 14% \u00e9lasthanne \/ 180 g\/m\u00b2.<\/p>\n<p data-start=\"1047\" data-end=\"1071\"><strong data-start=\"1050\" data-end=\"1059\">Gamme :<\/strong> Match solide<\/p>\n<p data-start=\"1073\" data-end=\"1259\"><strong data-start=\"1075\" data-end=\"1100\">Recommandation d'utilisation :<\/strong><\/p>\n<ul>\n<li data-start=\"1073\" data-end=\"1259\">Id\u00e9al pour les environnements de travail exigeants, les activit\u00e9s de plein air ou les randonn\u00e9es. Le tissu extensible offre une mobilit\u00e9 et un confort tout au long de la journ\u00e9e.<\/li>\n<\/ul>\n<\/div>\n<\/div>\n<\/div>\n<\/div>","protected":false},"excerpt":{"rendered":"<p data-start=\"182\" data-end=\"384\">Pantalon de trekking en stretch bicolore avec coupe ajust\u00e9e, taille \u00e9lastiqu\u00e9e et multiples poches avec fermeture s\u00e9curis\u00e9e. Id\u00e9al pour les activit\u00e9s intenses.<\/p>\n<p><img decoding=\"async\" class=\"alignnone wp-image-15234\" src=\"https:\/\/combi-pro.com\/wp-content\/uploads\/2025\/04\/icon-solidmatch.png\" alt=\"\" width=\"214\" height=\"40\" srcset=\"https:\/\/combi-pro.com\/wp-content\/uploads\/2025\/04\/icon-solidmatch.png 251w, https:\/\/combi-pro.com\/wp-content\/uploads\/2025\/04\/icon-solidmatch-64x12.png 64w, https:\/\/combi-pro.com\/wp-content\/uploads\/2025\/04\/icon-solidmatch-18x3.png 18w\" sizes=\"(max-width: 214px) 100vw, 214px\" \/> <img decoding=\"async\" class=\"alignnone wp-image-15240\" src=\"https:\/\/combi-pro.com\/wp-content\/uploads\/2025\/04\/icon-stretch.png\" alt=\"\" width=\"99\" height=\"40\" srcset=\"https:\/\/combi-pro.com\/wp-content\/uploads\/2025\/04\/icon-stretch.png 228w, https:\/\/combi-pro.com\/wp-content\/uploads\/2025\/04\/icon-stretch-64x26.png 64w, https:\/\/combi-pro.com\/wp-content\/uploads\/2025\/04\/icon-stretch-18x7.png 18w\" sizes=\"(max-width: 99px) 100vw, 99px\" \/><\/p>\n<p><strong>GUIDE DES TAILLES<\/strong><\/p>\n<p><strong><img decoding=\"async\" class=\"alignnone wp-image-17873\" src=\"https:\/\/combi-pro.com\/wp-content\/uploads\/2024\/05\/105.1-110.3-screenshot-1750325438653-300x115.png\" alt=\"\" width=\"314\" height=\"120\" srcset=\"https:\/\/combi-pro.com\/wp-content\/uploads\/2024\/05\/105.1-110.3-screenshot-1750325438653-300x115.png 300w, https:\/\/combi-pro.com\/wp-content\/uploads\/2024\/05\/105.1-110.3-screenshot-1750325438653-18x7.png 18w, https:\/\/combi-pro.com\/wp-content\/uploads\/2024\/05\/105.1-110.3-screenshot-1750325438653-64x24.png 64w, https:\/\/combi-pro.com\/wp-content\/uploads\/2024\/05\/105.1-110.3-screenshot-1750325438653.png 400w\" sizes=\"(max-width: 314px) 100vw, 314px\" \/> <img loading=\"lazy\" decoding=\"async\" class=\"alignnone wp-image-17729\" src=\"https:\/\/combi-pro.com\/wp-content\/uploads\/2024\/05\/screenshot-1749765502228.png\" alt=\"\" width=\"133\" height=\"100\" srcset=\"https:\/\/combi-pro.com\/wp-content\/uploads\/2024\/05\/screenshot-1749765502228.png 292w, https:\/\/combi-pro.com\/wp-content\/uploads\/2024\/05\/screenshot-1749765502228-64x48.png 64w, https:\/\/combi-pro.com\/wp-content\/uploads\/2024\/05\/screenshot-1749765502228-16x12.png 16w\" sizes=\"(max-width: 133px) 100vw, 133px\" \/>\u00a0 \u00a0 \u00a0<\/strong><\/p>","protected":false},"featured_media":8399,"template":"","meta":{"site-sidebar-layout":"default","site-content-layout":"","ast-site-content-layout":"default","site-content-style":"default","site-sidebar-style":"default","ast-global-header-display":"","ast-banner-title-visibility":"","ast-main-header-display":"","ast-hfb-above-header-display":"","ast-hfb-below-header-display":"","ast-hfb-mobile-header-display":"","site-post-title":"","ast-breadcrumbs-content":"","ast-featured-img":"","footer-sml-layout":"","ast-disable-related-posts":"","theme-transparent-header-meta":"default","adv-header-id-meta":"","stick-header-meta":"","header-above-stick-meta":"","header-main-stick-meta":"","header-below-stick-meta":"","astra-migrate-meta-layouts":"set","ast-page-background-enabled":"default","ast-page-background-meta":{"desktop":{"background-color":"","background-image":"","background-repeat":"repeat","background-position":"center center","background-size":"auto","background-attachment":"scroll","background-type":"","background-media":"","overlay-type":"","overlay-color":"","overlay-opacity":"","overlay-gradient":""},"tablet":{"background-color":"","background-image":"","background-repeat":"repeat","background-position":"center center","background-size":"auto","background-attachment":"scroll","background-type":"","background-media":"","overlay-type":"","overlay-color":"","overlay-opacity":"","overlay-gradient":""},"mobile":{"background-color":"","background-image":"","background-repeat":"repeat","background-position":"center center","background-size":"auto","background-attachment":"scroll","background-type":"","background-media":"","overlay-type":"","overlay-color":"","overlay-opacity":"","overlay-gradient":""}},"ast-content-background-meta":{"desktop":{"background-color":"var(--ast-global-color-5)","background-image":"","background-repeat":"repeat","background-position":"center center","background-size":"auto","background-attachment":"scroll","background-type":"","background-media":"","overlay-type":"","overlay-color":"","overlay-opacity":"","overlay-gradient":""},"tablet":{"background-color":"var(--ast-global-color-5)","background-image":"","background-repeat":"repeat","background-position":"center center","background-size":"auto","background-attachment":"scroll","background-type":"","background-media":"","overlay-type":"","overlay-color":"","overlay-opacity":"","overlay-gradient":""},"mobile":{"background-color":"var(--ast-global-color-5)","background-image":"","background-repeat":"repeat","background-position":"center center","background-size":"auto","background-attachment":"scroll","background-type":"","background-media":"","overlay-type":"","overlay-color":"","overlay-opacity":"","overlay-gradient":""}}},"product_brand":[442],"product_cat":[30,86,50],"product_tag":[],"class_list":{"0":"post-8393","1":"product","2":"type-product","3":"status-publish","4":"has-post-thumbnail","6":"product_brand-velilla","7":"product_cat-industria-base","8":"product_cat-pantalones","9":"product_cat-ropa-profesional","10":"desktop-align-center","11":"tablet-align-left","12":"mobile-align-left","14":"first","15":"instock","16":"taxable","17":"shipping-taxable","18":"purchasable","19":"product-type-variable","20":"has-default-attributes"},"_links":{"self":[{"href":"https:\/\/combi-pro.com\/fr\/wp-json\/wp\/v2\/product\/8393","targetHints":{"allow":["GET"]}}],"collection":[{"href":"https:\/\/combi-pro.com\/fr\/wp-json\/wp\/v2\/product"}],"about":[{"href":"https:\/\/combi-pro.com\/fr\/wp-json\/wp\/v2\/types\/product"}],"wp:featuredmedia":[{"embeddable":true,"href":"https:\/\/combi-pro.com\/fr\/wp-json\/wp\/v2\/media\/8399"}],"wp:attachment":[{"href":"https:\/\/combi-pro.com\/fr\/wp-json\/wp\/v2\/media?parent=8393"}],"wp:term":[{"taxonomy":"product_brand","embeddable":true,"href":"https:\/\/combi-pro.com\/fr\/wp-json\/wp\/v2\/product_brand?post=8393"},{"taxonomy":"product_cat","embeddable":true,"href":"https:\/\/combi-pro.com\/fr\/wp-json\/wp\/v2\/product_cat?post=8393"},{"taxonomy":"product_tag","embeddable":true,"href":"https:\/\/combi-pro.com\/fr\/wp-json\/wp\/v2\/product_tag?post=8393"}],"curies":[{"name":"wp","href":"https:\/\/api.w.org\/{rel}","templated":true}]}}