{"id":8425,"date":"2024-05-18T11:26:32","date_gmt":"2024-05-18T09:26:32","guid":{"rendered":"https:\/\/combi-pro.com\/?post_type=product&#038;p=8425"},"modified":"2026-05-13T16:52:21","modified_gmt":"2026-05-13T14:52:21","slug":"103020b-pantalon-bicolore","status":"publish","type":"product","link":"https:\/\/combi-pro.com\/fr\/boutique\/103020b-pantalon-bicolore\/","title":{"rendered":"Pantalon de travail bicolore multipoches avec renforts et coupe \u00e9troite 103020B | VELILLA"},"content":{"rendered":"<div class=\"data item\" role=\"tablist\"><strong style=\"font-size: 16px;\" data-start=\"547\" data-end=\"576\">Caract\u00e9ristiques techniques :<\/strong><\/div>\n<div class=\"data item\" role=\"tablist\">\n<div id=\"tab-label-composition_with_grammage\" class=\"data item title active\" tabindex=\"0\" role=\"tab\" data-role=\"collapsible\" data-collapsible=\"true\" aria-controls=\"composition_with_grammage\" aria-selected=\"false\" aria-expanded=\"true\">\n<ul>\n<li data-start=\"580\" data-end=\"596\">Coupe cintr\u00e9e<\/li>\n<li data-start=\"599\" data-end=\"638\">Fermeture centrale \u00e0 glissi\u00e8re et bouton<\/li>\n<li data-start=\"641\" data-end=\"669\">Renforcement du tissu \u00e0 l'arri\u00e8re<\/li>\n<li data-start=\"672\" data-end=\"704\">Renfort en tissu aux genoux<\/li>\n<li data-start=\"707\" data-end=\"728\">Taille \u00e9lastiqu\u00e9e<\/li>\n<li data-start=\"731\" data-end=\"759\">Double couture de s\u00e9curit\u00e9<\/li>\n<li data-start=\"762\" data-end=\"794\">Coutures contrast\u00e9es<\/li>\n<li data-start=\"797\" data-end=\"814\">Six poches :<\/li>\n<li data-start=\"819\" data-end=\"842\">2 poches fran\u00e7aises<\/li>\n<li data-start=\"847\" data-end=\"923\">2 poches \u00e0 soufflet avec double soufflet central, rabat, velcro et tirettes<\/li>\n<li data-start=\"928\" data-end=\"991\">2 poches arri\u00e8re plaqu\u00e9es avec rabat, velcro et tirettes<\/li>\n<\/ul>\n<p data-start=\"993\" data-end=\"1007\"><strong data-start=\"996\" data-end=\"1007\">Tissu: <\/strong>Twill : 65% polyester - 35% coton \/ 240 g\/m\u00b2.<\/p>\n<p data-start=\"1062\" data-end=\"1086\"><strong data-start=\"1065\" data-end=\"1074\">Gamme :<\/strong> Match solide<\/p>\n<p data-start=\"1088\" data-end=\"1278\"><strong data-start=\"1090\" data-end=\"1115\">Recommandation d'utilisation :<\/strong><\/p>\n<ul>\n<li data-start=\"1088\" data-end=\"1278\">Id\u00e9al pour les professionnels de la maintenance, de la logistique ou de la construction qui ont besoin de libert\u00e9 de mouvement, d'un design ergonomique et d'une grande capacit\u00e9 de stockage.<\/li>\n<\/ul>\n<\/div>\n<\/div>","protected":false},"excerpt":{"rendered":"<p data-start=\"172\" data-end=\"356\">Pantalon de travail bicolore avec coupe ajust\u00e9e, genoux et dos renforc\u00e9s, surpiq\u00fbres contrast\u00e9es et multiples poches fonctionnelles.<\/p>\n<p><img decoding=\"async\" class=\"alignnone wp-image-15233\" src=\"https:\/\/combi-pro.com\/wp-content\/uploads\/2025\/04\/icon-w240.png\" alt=\"\" width=\"111\" height=\"40\" srcset=\"https:\/\/combi-pro.com\/wp-content\/uploads\/2025\/04\/icon-w240.png 228w, https:\/\/combi-pro.com\/wp-content\/uploads\/2025\/04\/icon-w240-64x23.png 64w, https:\/\/combi-pro.com\/wp-content\/uploads\/2025\/04\/icon-w240-18x6.png 18w\" sizes=\"(max-width: 111px) 100vw, 111px\" \/> <img decoding=\"async\" class=\"alignnone wp-image-15234\" src=\"https:\/\/combi-pro.com\/wp-content\/uploads\/2025\/04\/icon-solidmatch.png\" alt=\"\" width=\"214\" height=\"40\" srcset=\"https:\/\/combi-pro.com\/wp-content\/uploads\/2025\/04\/icon-solidmatch.png 251w, https:\/\/combi-pro.com\/wp-content\/uploads\/2025\/04\/icon-solidmatch-64x12.png 64w, https:\/\/combi-pro.com\/wp-content\/uploads\/2025\/04\/icon-solidmatch-18x3.png 18w\" sizes=\"(max-width: 214px) 100vw, 214px\" \/> <img decoding=\"async\" class=\"alignnone wp-image-15223\" src=\"https:\/\/combi-pro.com\/wp-content\/uploads\/2025\/04\/icon-knee.png\" alt=\"\" width=\"40\" height=\"40\" srcset=\"https:\/\/combi-pro.com\/wp-content\/uploads\/2025\/04\/icon-knee.png 134w, https:\/\/combi-pro.com\/wp-content\/uploads\/2025\/04\/icon-knee-100x100.png 100w, https:\/\/combi-pro.com\/wp-content\/uploads\/2025\/04\/icon-knee-64x64.png 64w, https:\/\/combi-pro.com\/wp-content\/uploads\/2025\/04\/icon-knee-12x12.png 12w\" sizes=\"(max-width: 40px) 100vw, 40px\" \/> <img loading=\"lazy\" decoding=\"async\" class=\"alignnone wp-image-15222\" src=\"https:\/\/combi-pro.com\/wp-content\/uploads\/2025\/04\/icon-kneeback.png\" alt=\"\" width=\"40\" height=\"40\" srcset=\"https:\/\/combi-pro.com\/wp-content\/uploads\/2025\/04\/icon-kneeback.png 134w, https:\/\/combi-pro.com\/wp-content\/uploads\/2025\/04\/icon-kneeback-100x100.png 100w, https:\/\/combi-pro.com\/wp-content\/uploads\/2025\/04\/icon-kneeback-64x64.png 64w, https:\/\/combi-pro.com\/wp-content\/uploads\/2025\/04\/icon-kneeback-12x12.png 12w\" sizes=\"(max-width: 40px) 100vw, 40px\" \/><\/p>\n<p><strong>GUIDE DES TAILLES<\/strong><\/p>\n<p><strong><img loading=\"lazy\" decoding=\"async\" class=\"alignnone wp-image-17872\" src=\"https:\/\/combi-pro.com\/wp-content\/uploads\/2024\/05\/105.9-112.6-1-screenshot-1750325100081-300x228.png\" alt=\"\" width=\"264\" height=\"200\" srcset=\"https:\/\/combi-pro.com\/wp-content\/uploads\/2024\/05\/105.9-112.6-1-screenshot-1750325100081-300x228.png 300w, https:\/\/combi-pro.com\/wp-content\/uploads\/2024\/05\/105.9-112.6-1-screenshot-1750325100081-16x12.png 16w, https:\/\/combi-pro.com\/wp-content\/uploads\/2024\/05\/105.9-112.6-1-screenshot-1750325100081-64x49.png 64w, https:\/\/combi-pro.com\/wp-content\/uploads\/2024\/05\/105.9-112.6-1-screenshot-1750325100081.png 398w\" sizes=\"(max-width: 264px) 100vw, 264px\" \/><img loading=\"lazy\" decoding=\"async\" class=\"alignnone wp-image-17729\" src=\"https:\/\/combi-pro.com\/wp-content\/uploads\/2024\/05\/screenshot-1749765502228.png\" alt=\"\" width=\"212\" height=\"160\" srcset=\"https:\/\/combi-pro.com\/wp-content\/uploads\/2024\/05\/screenshot-1749765502228.png 292w, https:\/\/combi-pro.com\/wp-content\/uploads\/2024\/05\/screenshot-1749765502228-64x48.png 64w, https:\/\/combi-pro.com\/wp-content\/uploads\/2024\/05\/screenshot-1749765502228-16x12.png 16w\" sizes=\"(max-width: 212px) 100vw, 212px\" \/>\u00a0<\/strong><\/p>","protected":false},"featured_media":8433,"template":"","meta":{"site-sidebar-layout":"default","site-content-layout":"","ast-site-content-layout":"default","site-content-style":"default","site-sidebar-style":"default","ast-global-header-display":"","ast-banner-title-visibility":"","ast-main-header-display":"","ast-hfb-above-header-display":"","ast-hfb-below-header-display":"","ast-hfb-mobile-header-display":"","site-post-title":"","ast-breadcrumbs-content":"","ast-featured-img":"","footer-sml-layout":"","ast-disable-related-posts":"","theme-transparent-header-meta":"default","adv-header-id-meta":"","stick-header-meta":"","header-above-stick-meta":"","header-main-stick-meta":"","header-below-stick-meta":"","astra-migrate-meta-layouts":"set","ast-page-background-enabled":"default","ast-page-background-meta":{"desktop":{"background-color":"","background-image":"","background-repeat":"repeat","background-position":"center center","background-size":"auto","background-attachment":"scroll","background-type":"","background-media":"","overlay-type":"","overlay-color":"","overlay-opacity":"","overlay-gradient":""},"tablet":{"background-color":"","background-image":"","background-repeat":"repeat","background-position":"center center","background-size":"auto","background-attachment":"scroll","background-type":"","background-media":"","overlay-type":"","overlay-color":"","overlay-opacity":"","overlay-gradient":""},"mobile":{"background-color":"","background-image":"","background-repeat":"repeat","background-position":"center center","background-size":"auto","background-attachment":"scroll","background-type":"","background-media":"","overlay-type":"","overlay-color":"","overlay-opacity":"","overlay-gradient":""}},"ast-content-background-meta":{"desktop":{"background-color":"var(--ast-global-color-5)","background-image":"","background-repeat":"repeat","background-position":"center center","background-size":"auto","background-attachment":"scroll","background-type":"","background-media":"","overlay-type":"","overlay-color":"","overlay-opacity":"","overlay-gradient":""},"tablet":{"background-color":"var(--ast-global-color-5)","background-image":"","background-repeat":"repeat","background-position":"center center","background-size":"auto","background-attachment":"scroll","background-type":"","background-media":"","overlay-type":"","overlay-color":"","overlay-opacity":"","overlay-gradient":""},"mobile":{"background-color":"var(--ast-global-color-5)","background-image":"","background-repeat":"repeat","background-position":"center center","background-size":"auto","background-attachment":"scroll","background-type":"","background-media":"","overlay-type":"","overlay-color":"","overlay-opacity":"","overlay-gradient":""}}},"product_brand":[442],"product_cat":[30,86,50],"product_tag":[],"class_list":{"0":"post-8425","1":"product","2":"type-product","3":"status-publish","4":"has-post-thumbnail","6":"product_brand-velilla","7":"product_cat-industria-base","8":"product_cat-pantalones","9":"product_cat-ropa-profesional","10":"desktop-align-center","11":"tablet-align-left","12":"mobile-align-left","14":"first","15":"instock","16":"taxable","17":"shipping-taxable","18":"purchasable","19":"product-type-variable","20":"has-default-attributes"},"_links":{"self":[{"href":"https:\/\/combi-pro.com\/fr\/wp-json\/wp\/v2\/product\/8425","targetHints":{"allow":["GET"]}}],"collection":[{"href":"https:\/\/combi-pro.com\/fr\/wp-json\/wp\/v2\/product"}],"about":[{"href":"https:\/\/combi-pro.com\/fr\/wp-json\/wp\/v2\/types\/product"}],"wp:featuredmedia":[{"embeddable":true,"href":"https:\/\/combi-pro.com\/fr\/wp-json\/wp\/v2\/media\/8433"}],"wp:attachment":[{"href":"https:\/\/combi-pro.com\/fr\/wp-json\/wp\/v2\/media?parent=8425"}],"wp:term":[{"taxonomy":"product_brand","embeddable":true,"href":"https:\/\/combi-pro.com\/fr\/wp-json\/wp\/v2\/product_brand?post=8425"},{"taxonomy":"product_cat","embeddable":true,"href":"https:\/\/combi-pro.com\/fr\/wp-json\/wp\/v2\/product_cat?post=8425"},{"taxonomy":"product_tag","embeddable":true,"href":"https:\/\/combi-pro.com\/fr\/wp-json\/wp\/v2\/product_tag?post=8425"}],"curies":[{"name":"wp","href":"https:\/\/api.w.org\/{rel}","templated":true}]}}