{"id":8437,"date":"2024-05-18T11:33:47","date_gmt":"2024-05-18T09:33:47","guid":{"rendered":"https:\/\/combi-pro.com\/?post_type=product&#038;p=8437"},"modified":"2026-05-13T16:52:41","modified_gmt":"2026-05-13T14:52:41","slug":"103021b-bermuda-bicolore","status":"publish","type":"product","link":"https:\/\/combi-pro.com\/fr\/boutique\/103021b-bermuda-bicolore\/","title":{"rendered":"Bermuda de travail bicolore multi-poches 103021B | VELILLA"},"content":{"rendered":"<p data-start=\"677\" data-end=\"709\"><strong data-start=\"680\" data-end=\"709\">Caract\u00e9ristiques techniques :<\/strong><\/p>\n<ul>\n<li data-start=\"713\" data-end=\"752\">Fermeture centrale \u00e0 glissi\u00e8re et bouton<\/li>\n<li data-start=\"755\" data-end=\"806\">Renforcement du tissu \u00e0 l'arri\u00e8re pour plus de durabilit\u00e9<\/li>\n<li data-start=\"809\" data-end=\"848\">Taille \u00e9lastiqu\u00e9e pour un meilleur ajustement<\/li>\n<li data-start=\"851\" data-end=\"879\">Double couture de s\u00e9curit\u00e9<\/li>\n<li data-start=\"882\" data-end=\"914\">Coutures contrast\u00e9es<\/li>\n<li data-start=\"917\" data-end=\"946\">Six poches fonctionnelles :<\/li>\n<li data-start=\"951\" data-end=\"974\">2 poches fran\u00e7aises<\/li>\n<li data-start=\"979\" data-end=\"1055\">2 poches \u00e0 soufflet avec double soufflet central, rabat, velcro et tirettes<\/li>\n<li data-start=\"1060\" data-end=\"1110\">2 poches arri\u00e8re plaqu\u00e9es avec rabat et velcro<\/li>\n<\/ul>\n<p data-start=\"1112\" data-end=\"1128\"><strong data-start=\"1115\" data-end=\"1126\">Tissu:<\/strong><\/p>\n<ul>\n<li data-start=\"1131\" data-end=\"1167\">Twill : 65% polyester - 35% coton<\/li>\n<li data-start=\"1170\" data-end=\"1187\">Grammage : 200 g\/m\u00b2.<\/li>\n<\/ul>\n<p data-start=\"1189\" data-end=\"1213\"><strong data-start=\"1192\" data-end=\"1201\">Gamme :<\/strong> Match solide<\/p>\n<p data-start=\"1215\" data-end=\"1376\"><strong data-start=\"1217\" data-end=\"1242\">Recommandation d'utilisation :<\/strong><\/p>\n<ul>\n<li data-start=\"1215\" data-end=\"1376\">Parfait pour les professionnels de l'industrie, de la construction ou de la maintenance qui ont besoin de confort, de fonctionnalit\u00e9 et de fra\u00eecheur.<\/li>\n<\/ul>","protected":false},"excerpt":{"rendered":"<p data-start=\"346\" data-end=\"507\">Bermuda de travail robuste avec de multiples poches et renforts. Id\u00e9al pour le travail dans les climats chauds ou en \u00e9t\u00e9.<\/p>\n<p><img decoding=\"async\" class=\"alignnone wp-image-15233\" src=\"https:\/\/combi-pro.com\/wp-content\/uploads\/2025\/04\/icon-w240.png\" alt=\"\" width=\"111\" height=\"40\" srcset=\"https:\/\/combi-pro.com\/wp-content\/uploads\/2025\/04\/icon-w240.png 228w, https:\/\/combi-pro.com\/wp-content\/uploads\/2025\/04\/icon-w240-64x23.png 64w, https:\/\/combi-pro.com\/wp-content\/uploads\/2025\/04\/icon-w240-18x6.png 18w\" sizes=\"(max-width: 111px) 100vw, 111px\" \/> <img decoding=\"async\" class=\"alignnone wp-image-15234\" src=\"https:\/\/combi-pro.com\/wp-content\/uploads\/2025\/04\/icon-solidmatch.png\" alt=\"\" width=\"214\" height=\"40\" srcset=\"https:\/\/combi-pro.com\/wp-content\/uploads\/2025\/04\/icon-solidmatch.png 251w, https:\/\/combi-pro.com\/wp-content\/uploads\/2025\/04\/icon-solidmatch-64x12.png 64w, https:\/\/combi-pro.com\/wp-content\/uploads\/2025\/04\/icon-solidmatch-18x3.png 18w\" sizes=\"(max-width: 214px) 100vw, 214px\" \/> <img decoding=\"async\" class=\"alignnone wp-image-15222\" src=\"https:\/\/combi-pro.com\/wp-content\/uploads\/2025\/04\/icon-kneeback.png\" alt=\"\" width=\"40\" height=\"40\" srcset=\"https:\/\/combi-pro.com\/wp-content\/uploads\/2025\/04\/icon-kneeback.png 134w, https:\/\/combi-pro.com\/wp-content\/uploads\/2025\/04\/icon-kneeback-100x100.png 100w, https:\/\/combi-pro.com\/wp-content\/uploads\/2025\/04\/icon-kneeback-64x64.png 64w, https:\/\/combi-pro.com\/wp-content\/uploads\/2025\/04\/icon-kneeback-12x12.png 12w\" sizes=\"(max-width: 40px) 100vw, 40px\" \/><\/p>\n<p><strong>GUIDE DES TAILLES<\/strong><\/p>\n<p><strong><img loading=\"lazy\" decoding=\"async\" class=\"alignnone wp-image-17814\" src=\"https:\/\/combi-pro.com\/wp-content\/uploads\/2024\/05\/496-56.2-screenshot-1750115921216-300x216.png\" alt=\"\" width=\"278\" height=\"200\" srcset=\"https:\/\/combi-pro.com\/wp-content\/uploads\/2024\/05\/496-56.2-screenshot-1750115921216-300x216.png 300w, https:\/\/combi-pro.com\/wp-content\/uploads\/2024\/05\/496-56.2-screenshot-1750115921216-64x46.png 64w, https:\/\/combi-pro.com\/wp-content\/uploads\/2024\/05\/496-56.2-screenshot-1750115921216-18x12.png 18w, https:\/\/combi-pro.com\/wp-content\/uploads\/2024\/05\/496-56.2-screenshot-1750115921216.png 399w\" sizes=\"(max-width: 278px) 100vw, 278px\" \/> <img loading=\"lazy\" decoding=\"async\" class=\"alignnone wp-image-17729\" src=\"https:\/\/combi-pro.com\/wp-content\/uploads\/2024\/05\/screenshot-1749765502228.png\" alt=\"\" width=\"239\" height=\"180\" srcset=\"https:\/\/combi-pro.com\/wp-content\/uploads\/2024\/05\/screenshot-1749765502228.png 292w, https:\/\/combi-pro.com\/wp-content\/uploads\/2024\/05\/screenshot-1749765502228-64x48.png 64w, https:\/\/combi-pro.com\/wp-content\/uploads\/2024\/05\/screenshot-1749765502228-16x12.png 16w\" sizes=\"(max-width: 239px) 100vw, 239px\" \/>\u00a0 \u00a0 \u00a0<\/strong><\/p>","protected":false},"featured_media":8445,"template":"","meta":{"site-sidebar-layout":"default","site-content-layout":"","ast-site-content-layout":"default","site-content-style":"default","site-sidebar-style":"default","ast-global-header-display":"","ast-banner-title-visibility":"","ast-main-header-display":"","ast-hfb-above-header-display":"","ast-hfb-below-header-display":"","ast-hfb-mobile-header-display":"","site-post-title":"","ast-breadcrumbs-content":"","ast-featured-img":"","footer-sml-layout":"","ast-disable-related-posts":"","theme-transparent-header-meta":"default","adv-header-id-meta":"","stick-header-meta":"","header-above-stick-meta":"","header-main-stick-meta":"","header-below-stick-meta":"","astra-migrate-meta-layouts":"set","ast-page-background-enabled":"default","ast-page-background-meta":{"desktop":{"background-color":"","background-image":"","background-repeat":"repeat","background-position":"center center","background-size":"auto","background-attachment":"scroll","background-type":"","background-media":"","overlay-type":"","overlay-color":"","overlay-opacity":"","overlay-gradient":""},"tablet":{"background-color":"","background-image":"","background-repeat":"repeat","background-position":"center center","background-size":"auto","background-attachment":"scroll","background-type":"","background-media":"","overlay-type":"","overlay-color":"","overlay-opacity":"","overlay-gradient":""},"mobile":{"background-color":"","background-image":"","background-repeat":"repeat","background-position":"center center","background-size":"auto","background-attachment":"scroll","background-type":"","background-media":"","overlay-type":"","overlay-color":"","overlay-opacity":"","overlay-gradient":""}},"ast-content-background-meta":{"desktop":{"background-color":"var(--ast-global-color-5)","background-image":"","background-repeat":"repeat","background-position":"center center","background-size":"auto","background-attachment":"scroll","background-type":"","background-media":"","overlay-type":"","overlay-color":"","overlay-opacity":"","overlay-gradient":""},"tablet":{"background-color":"var(--ast-global-color-5)","background-image":"","background-repeat":"repeat","background-position":"center center","background-size":"auto","background-attachment":"scroll","background-type":"","background-media":"","overlay-type":"","overlay-color":"","overlay-opacity":"","overlay-gradient":""},"mobile":{"background-color":"var(--ast-global-color-5)","background-image":"","background-repeat":"repeat","background-position":"center center","background-size":"auto","background-attachment":"scroll","background-type":"","background-media":"","overlay-type":"","overlay-color":"","overlay-opacity":"","overlay-gradient":""}}},"product_brand":[442],"product_cat":[491,30,50],"product_tag":[],"class_list":{"0":"post-8437","1":"product","2":"type-product","3":"status-publish","4":"has-post-thumbnail","6":"product_brand-velilla","7":"product_cat-bermudas-industrial-base","8":"product_cat-industria-base","9":"product_cat-ropa-profesional","10":"desktop-align-center","11":"tablet-align-left","12":"mobile-align-left","14":"first","15":"instock","16":"taxable","17":"shipping-taxable","18":"purchasable","19":"product-type-variable","20":"has-default-attributes"},"_links":{"self":[{"href":"https:\/\/combi-pro.com\/fr\/wp-json\/wp\/v2\/product\/8437","targetHints":{"allow":["GET"]}}],"collection":[{"href":"https:\/\/combi-pro.com\/fr\/wp-json\/wp\/v2\/product"}],"about":[{"href":"https:\/\/combi-pro.com\/fr\/wp-json\/wp\/v2\/types\/product"}],"wp:featuredmedia":[{"embeddable":true,"href":"https:\/\/combi-pro.com\/fr\/wp-json\/wp\/v2\/media\/8445"}],"wp:attachment":[{"href":"https:\/\/combi-pro.com\/fr\/wp-json\/wp\/v2\/media?parent=8437"}],"wp:term":[{"taxonomy":"product_brand","embeddable":true,"href":"https:\/\/combi-pro.com\/fr\/wp-json\/wp\/v2\/product_brand?post=8437"},{"taxonomy":"product_cat","embeddable":true,"href":"https:\/\/combi-pro.com\/fr\/wp-json\/wp\/v2\/product_cat?post=8437"},{"taxonomy":"product_tag","embeddable":true,"href":"https:\/\/combi-pro.com\/fr\/wp-json\/wp\/v2\/product_tag?post=8437"}],"curies":[{"name":"wp","href":"https:\/\/api.w.org\/{rel}","templated":true}]}}