{"id":8536,"date":"2024-05-18T12:20:58","date_gmt":"2024-05-18T10:20:58","guid":{"rendered":"https:\/\/combi-pro.com\/?post_type=product&#038;p=8536"},"modified":"2026-05-13T16:57:10","modified_gmt":"2026-05-13T14:57:10","slug":"103010s-bermuda-stretch-bicolore","status":"publish","type":"product","link":"https:\/\/combi-pro.com\/fr\/boutique\/103010s-bermuda-stretch-bicolore\/","title":{"rendered":"Bermuda de travail stretch bicolore multi-poches confort 103010S | VELILLA"},"content":{"rendered":"<p data-start=\"635\" data-end=\"667\"><strong data-start=\"638\" data-end=\"667\">Caract\u00e9ristiques techniques :<\/strong><\/p>\n<ul>\n<li data-start=\"671\" data-end=\"710\">Fermeture centrale \u00e0 glissi\u00e8re et bouton<\/li>\n<li data-start=\"713\" data-end=\"764\">Couleur contrast\u00e9e sur les soufflets, les poign\u00e9es et les boucles<\/li>\n<li data-start=\"767\" data-end=\"795\">Renforcement du tissu \u00e0 l'arri\u00e8re<\/li>\n<li data-start=\"798\" data-end=\"840\">Taille \u00e9lastiqu\u00e9e pour plus de confort<\/li>\n<li data-start=\"843\" data-end=\"871\">Double couture de s\u00e9curit\u00e9<\/li>\n<li data-start=\"874\" data-end=\"895\">Six poches :<\/li>\n<li data-start=\"900\" data-end=\"923\">2 poches fran\u00e7aises<\/li>\n<li data-start=\"928\" data-end=\"1004\">2 poches \u00e0 soufflet avec double soufflet central, rabat, velcro et tirettes<\/li>\n<li data-start=\"1009\" data-end=\"1070\">2 poches arri\u00e8re \u00e0 soufflet avec rabat, velcro et tirettes<\/li>\n<\/ul>\n<p data-start=\"1072\" data-end=\"1088\"><strong data-start=\"1075\" data-end=\"1086\">Tissu:<\/strong><\/p>\n<ul>\n<li data-start=\"1091\" data-end=\"1143\">Stretch : 46% coton - 38% EME - 16% polyester<\/li>\n<li data-start=\"1146\" data-end=\"1167\">Grammage : 240 g\/m\u00b2.<\/li>\n<\/ul>\n<p><strong data-start=\"1077\" data-end=\"1086\">Gamme : <\/strong>Fluor Match<\/p>\n<p data-start=\"1169\" data-end=\"1311\"><strong data-start=\"1171\" data-end=\"1196\">Recommandation d'utilisation :<\/strong><\/p>\n<ul>\n<li data-start=\"1169\" data-end=\"1311\">Parfait pour les travaux n\u00e9cessitant confort, flexibilit\u00e9 et r\u00e9sistance, avec un design pratique et fonctionnel.<\/li>\n<\/ul>","protected":false},"excerpt":{"rendered":"<p data-start=\"267\" data-end=\"451\">Bermuda de travail extensible avec un design bicolore, plusieurs poches et une ceinture \u00e9lastiqu\u00e9e. Id\u00e9al pour le confort et la durabilit\u00e9 au travail.<\/p>\n<p><img decoding=\"async\" class=\"alignnone wp-image-15233\" src=\"https:\/\/combi-pro.com\/wp-content\/uploads\/2025\/04\/icon-w240.png\" alt=\"\" width=\"111\" height=\"40\" srcset=\"https:\/\/combi-pro.com\/wp-content\/uploads\/2025\/04\/icon-w240.png 228w, https:\/\/combi-pro.com\/wp-content\/uploads\/2025\/04\/icon-w240-64x23.png 64w, https:\/\/combi-pro.com\/wp-content\/uploads\/2025\/04\/icon-w240-18x6.png 18w\" sizes=\"(max-width: 111px) 100vw, 111px\" \/> <img decoding=\"async\" class=\"alignnone wp-image-15235\" src=\"https:\/\/combi-pro.com\/wp-content\/uploads\/2025\/04\/icon-fluormatch.png\" alt=\"\" width=\"218\" height=\"40\" srcset=\"https:\/\/combi-pro.com\/wp-content\/uploads\/2025\/04\/icon-fluormatch.png 251w, https:\/\/combi-pro.com\/wp-content\/uploads\/2025\/04\/icon-fluormatch-64x12.png 64w, https:\/\/combi-pro.com\/wp-content\/uploads\/2025\/04\/icon-fluormatch-18x3.png 18w\" sizes=\"(max-width: 218px) 100vw, 218px\" \/> <img decoding=\"async\" class=\"alignnone wp-image-15240\" src=\"https:\/\/combi-pro.com\/wp-content\/uploads\/2025\/04\/icon-stretch.png\" alt=\"\" width=\"99\" height=\"40\" srcset=\"https:\/\/combi-pro.com\/wp-content\/uploads\/2025\/04\/icon-stretch.png 228w, https:\/\/combi-pro.com\/wp-content\/uploads\/2025\/04\/icon-stretch-64x26.png 64w, https:\/\/combi-pro.com\/wp-content\/uploads\/2025\/04\/icon-stretch-18x7.png 18w\" sizes=\"(max-width: 99px) 100vw, 99px\" \/> <img loading=\"lazy\" decoding=\"async\" class=\"alignnone wp-image-15222\" src=\"https:\/\/combi-pro.com\/wp-content\/uploads\/2025\/04\/icon-kneeback.png\" alt=\"\" width=\"40\" height=\"40\" srcset=\"https:\/\/combi-pro.com\/wp-content\/uploads\/2025\/04\/icon-kneeback.png 134w, https:\/\/combi-pro.com\/wp-content\/uploads\/2025\/04\/icon-kneeback-100x100.png 100w, https:\/\/combi-pro.com\/wp-content\/uploads\/2025\/04\/icon-kneeback-64x64.png 64w, https:\/\/combi-pro.com\/wp-content\/uploads\/2025\/04\/icon-kneeback-12x12.png 12w\" sizes=\"(max-width: 40px) 100vw, 40px\" \/><\/p>\n<p><strong>GUIDE DES TAILLES<\/strong><\/p>\n<p><strong><img loading=\"lazy\" decoding=\"async\" class=\"alignnone wp-image-17810\" src=\"https:\/\/combi-pro.com\/wp-content\/uploads\/2024\/05\/50-56.05-screenshot-1750114389899-300x215.png\" alt=\"\" width=\"251\" height=\"180\" srcset=\"https:\/\/combi-pro.com\/wp-content\/uploads\/2024\/05\/50-56.05-screenshot-1750114389899-300x215.png 300w, https:\/\/combi-pro.com\/wp-content\/uploads\/2024\/05\/50-56.05-screenshot-1750114389899-64x46.png 64w, https:\/\/combi-pro.com\/wp-content\/uploads\/2024\/05\/50-56.05-screenshot-1750114389899-18x12.png 18w, https:\/\/combi-pro.com\/wp-content\/uploads\/2024\/05\/50-56.05-screenshot-1750114389899.png 400w\" sizes=\"(max-width: 251px) 100vw, 251px\" \/> <img loading=\"lazy\" decoding=\"async\" class=\"alignnone wp-image-17729\" src=\"https:\/\/combi-pro.com\/wp-content\/uploads\/2024\/05\/screenshot-1749765502228.png\" alt=\"\" width=\"212\" height=\"160\" srcset=\"https:\/\/combi-pro.com\/wp-content\/uploads\/2024\/05\/screenshot-1749765502228.png 292w, https:\/\/combi-pro.com\/wp-content\/uploads\/2024\/05\/screenshot-1749765502228-64x48.png 64w, https:\/\/combi-pro.com\/wp-content\/uploads\/2024\/05\/screenshot-1749765502228-16x12.png 16w\" sizes=\"(max-width: 212px) 100vw, 212px\" \/>\u00a0 \u00a0 \u00a0<\/strong><\/p>","protected":false},"featured_media":8543,"template":"","meta":{"site-sidebar-layout":"default","site-content-layout":"","ast-site-content-layout":"default","site-content-style":"default","site-sidebar-style":"default","ast-global-header-display":"","ast-banner-title-visibility":"","ast-main-header-display":"","ast-hfb-above-header-display":"","ast-hfb-below-header-display":"","ast-hfb-mobile-header-display":"","site-post-title":"","ast-breadcrumbs-content":"","ast-featured-img":"","footer-sml-layout":"","ast-disable-related-posts":"","theme-transparent-header-meta":"default","adv-header-id-meta":"","stick-header-meta":"","header-above-stick-meta":"","header-main-stick-meta":"","header-below-stick-meta":"","astra-migrate-meta-layouts":"set","ast-page-background-enabled":"default","ast-page-background-meta":{"desktop":{"background-color":"","background-image":"","background-repeat":"repeat","background-position":"center center","background-size":"auto","background-attachment":"scroll","background-type":"","background-media":"","overlay-type":"","overlay-color":"","overlay-opacity":"","overlay-gradient":""},"tablet":{"background-color":"","background-image":"","background-repeat":"repeat","background-position":"center center","background-size":"auto","background-attachment":"scroll","background-type":"","background-media":"","overlay-type":"","overlay-color":"","overlay-opacity":"","overlay-gradient":""},"mobile":{"background-color":"","background-image":"","background-repeat":"repeat","background-position":"center center","background-size":"auto","background-attachment":"scroll","background-type":"","background-media":"","overlay-type":"","overlay-color":"","overlay-opacity":"","overlay-gradient":""}},"ast-content-background-meta":{"desktop":{"background-color":"var(--ast-global-color-5)","background-image":"","background-repeat":"repeat","background-position":"center center","background-size":"auto","background-attachment":"scroll","background-type":"","background-media":"","overlay-type":"","overlay-color":"","overlay-opacity":"","overlay-gradient":""},"tablet":{"background-color":"var(--ast-global-color-5)","background-image":"","background-repeat":"repeat","background-position":"center center","background-size":"auto","background-attachment":"scroll","background-type":"","background-media":"","overlay-type":"","overlay-color":"","overlay-opacity":"","overlay-gradient":""},"mobile":{"background-color":"var(--ast-global-color-5)","background-image":"","background-repeat":"repeat","background-position":"center center","background-size":"auto","background-attachment":"scroll","background-type":"","background-media":"","overlay-type":"","overlay-color":"","overlay-opacity":"","overlay-gradient":""}}},"product_brand":[442],"product_cat":[491,30,50],"product_tag":[],"class_list":{"0":"post-8536","1":"product","2":"type-product","3":"status-publish","4":"has-post-thumbnail","6":"product_brand-velilla","7":"product_cat-bermudas-industrial-base","8":"product_cat-industria-base","9":"product_cat-ropa-profesional","10":"desktop-align-center","11":"tablet-align-left","12":"mobile-align-left","14":"first","15":"instock","16":"taxable","17":"shipping-taxable","18":"purchasable","19":"product-type-variable","20":"has-default-attributes"},"_links":{"self":[{"href":"https:\/\/combi-pro.com\/fr\/wp-json\/wp\/v2\/product\/8536","targetHints":{"allow":["GET"]}}],"collection":[{"href":"https:\/\/combi-pro.com\/fr\/wp-json\/wp\/v2\/product"}],"about":[{"href":"https:\/\/combi-pro.com\/fr\/wp-json\/wp\/v2\/types\/product"}],"wp:featuredmedia":[{"embeddable":true,"href":"https:\/\/combi-pro.com\/fr\/wp-json\/wp\/v2\/media\/8543"}],"wp:attachment":[{"href":"https:\/\/combi-pro.com\/fr\/wp-json\/wp\/v2\/media?parent=8536"}],"wp:term":[{"taxonomy":"product_brand","embeddable":true,"href":"https:\/\/combi-pro.com\/fr\/wp-json\/wp\/v2\/product_brand?post=8536"},{"taxonomy":"product_cat","embeddable":true,"href":"https:\/\/combi-pro.com\/fr\/wp-json\/wp\/v2\/product_cat?post=8536"},{"taxonomy":"product_tag","embeddable":true,"href":"https:\/\/combi-pro.com\/fr\/wp-json\/wp\/v2\/product_tag?post=8536"}],"curies":[{"name":"wp","href":"https:\/\/api.w.org\/{rel}","templated":true}]}}