{"id":8556,"date":"2024-05-18T12:37:16","date_gmt":"2024-05-18T10:37:16","guid":{"rendered":"https:\/\/combi-pro.com\/?post_type=product&#038;p=8556"},"modified":"2026-04-13T20:52:18","modified_gmt":"2026-04-13T18:52:18","slug":"200-combinaisons-jetables","status":"publish","type":"product","link":"https:\/\/combi-pro.com\/fr\/boutique\/200-combinaisons-jetables\/","title":{"rendered":"Combinaisons jetables avec fermeture \u00e9clair 10 pcs, 200 | VELLILA"},"content":{"rendered":"<div class=\"data item\" role=\"tablist\">\n<div id=\"tab-label-description\" class=\"data item title active\" tabindex=\"0\" role=\"tab\" data-role=\"collapsible\" data-collapsible=\"true\" aria-controls=\"description\" aria-selected=\"false\" aria-expanded=\"true\">\n<p data-start=\"158\" data-end=\"191\"><strong data-start=\"162\" data-end=\"191\">Caract\u00e9ristiques techniques :<\/strong><\/p>\n<ul>\n<li data-start=\"195\" data-end=\"245\">Fermeture centrale \u00e0 glissi\u00e8re, dissimul\u00e9e par un rabat<\/li>\n<li data-start=\"248\" data-end=\"309\">Poignets et bas de pantalon \u00e9lastiqu\u00e9s pour un bon maintien.<\/li>\n<li data-start=\"312\" data-end=\"354\">Taille \u00e9lastiqu\u00e9e pour plus de confort<\/li>\n<li data-start=\"357\" data-end=\"402\">Tissu hypoallerg\u00e9nique, doux et respirant<\/li>\n<li data-start=\"405\" data-end=\"438\">Une poche : 1 poche arri\u00e8re<\/li>\n<li data-start=\"441\" data-end=\"478\">Pr\u00e9sentation : 1 paquet = 10 unit\u00e9s<\/li>\n<\/ul>\n<p data-start=\"480\" data-end=\"507\"><strong data-start=\"484\" data-end=\"505\">Tissu non tiss\u00e9 : <\/strong>100% polypropyl\u00e8ne<\/p>\n<p data-start=\"528\" data-end=\"550\"><strong data-start=\"532\" data-end=\"548\">Composition : <\/strong>40 g\/m\u00b2 (40 g\/m\u00b2)<\/p>\n<p data-start=\"560\" data-end=\"589\"><strong data-start=\"564\" data-end=\"589\">Recommandation d'utilisation :<\/strong><\/p>\n<ul>\n<li data-start=\"591\" data-end=\"834\">Id\u00e9al pour les professionnels ou les visiteurs de l'industrie alimentaire, des soins de sant\u00e9, des laboratoires, des cliniques de beaut\u00e9 ou de tout autre environnement o\u00f9 la protection contre la lumi\u00e8re, l'hygi\u00e8ne corporelle et le confort sont n\u00e9cessaires lors d'activit\u00e9s de courte dur\u00e9e.<\/li>\n<\/ul>\n<\/div>\n<\/div>","protected":false},"excerpt":{"rendered":"<p>Combinaison jetable en polypropyl\u00e8ne (TNT 40 g\/m\u00b2) avec fermeture \u00e0 glissi\u00e8re centrale dissimul\u00e9e, poignets, chevilles et taille \u00e9lastiques. Comprend une poche dorsale et est livr\u00e9e dans un sac individuel. Tissu hypoallerg\u00e9nique, confortable et respirant.<\/p>\n<p><strong>GUIDE DES TAILLES\u00a0 \u00a0 \u00a0 \u00a0<\/strong><span style=\"font-size: 16px;\"> \u00a0<\/span><\/p>\n<p><img decoding=\"async\" class=\"alignnone wp-image-17773\" src=\"https:\/\/combi-pro.com\/wp-content\/uploads\/2024\/05\/169-185-screenshot-1750035826389.png\" alt=\"\" width=\"299\" height=\"100\" srcset=\"https:\/\/combi-pro.com\/wp-content\/uploads\/2024\/05\/169-185-screenshot-1750035826389.png 290w, https:\/\/combi-pro.com\/wp-content\/uploads\/2024\/05\/169-185-screenshot-1750035826389-64x21.png 64w, https:\/\/combi-pro.com\/wp-content\/uploads\/2024\/05\/169-185-screenshot-1750035826389-18x6.png 18w\" sizes=\"(max-width: 299px) 100vw, 299px\" \/> <img decoding=\"async\" class=\"alignnone wp-image-17775\" src=\"https:\/\/combi-pro.com\/wp-content\/uploads\/2024\/05\/screenshot-1750036499208.png\" alt=\"\" width=\"97\" height=\"100\" srcset=\"https:\/\/combi-pro.com\/wp-content\/uploads\/2024\/05\/screenshot-1750036499208.png 272w, https:\/\/combi-pro.com\/wp-content\/uploads\/2024\/05\/screenshot-1750036499208-64x66.png 64w, https:\/\/combi-pro.com\/wp-content\/uploads\/2024\/05\/screenshot-1750036499208-12x12.png 12w\" sizes=\"(max-width: 97px) 100vw, 97px\" \/><\/p>","protected":false},"featured_media":8558,"template":"","meta":{"site-sidebar-layout":"default","site-content-layout":"","ast-site-content-layout":"default","site-content-style":"default","site-sidebar-style":"default","ast-global-header-display":"","ast-banner-title-visibility":"","ast-main-header-display":"","ast-hfb-above-header-display":"","ast-hfb-below-header-display":"","ast-hfb-mobile-header-display":"","site-post-title":"","ast-breadcrumbs-content":"","ast-featured-img":"","footer-sml-layout":"","ast-disable-related-posts":"","theme-transparent-header-meta":"default","adv-header-id-meta":"","stick-header-meta":"","header-above-stick-meta":"","header-main-stick-meta":"","header-below-stick-meta":"","astra-migrate-meta-layouts":"set","ast-page-background-enabled":"default","ast-page-background-meta":{"desktop":{"background-color":"","background-image":"","background-repeat":"repeat","background-position":"center center","background-size":"auto","background-attachment":"scroll","background-type":"","background-media":"","overlay-type":"","overlay-color":"","overlay-opacity":"","overlay-gradient":""},"tablet":{"background-color":"","background-image":"","background-repeat":"repeat","background-position":"center center","background-size":"auto","background-attachment":"scroll","background-type":"","background-media":"","overlay-type":"","overlay-color":"","overlay-opacity":"","overlay-gradient":""},"mobile":{"background-color":"","background-image":"","background-repeat":"repeat","background-position":"center center","background-size":"auto","background-attachment":"scroll","background-type":"","background-media":"","overlay-type":"","overlay-color":"","overlay-opacity":"","overlay-gradient":""}},"ast-content-background-meta":{"desktop":{"background-color":"var(--ast-global-color-5)","background-image":"","background-repeat":"repeat","background-position":"center center","background-size":"auto","background-attachment":"scroll","background-type":"","background-media":"","overlay-type":"","overlay-color":"","overlay-opacity":"","overlay-gradient":""},"tablet":{"background-color":"var(--ast-global-color-5)","background-image":"","background-repeat":"repeat","background-position":"center center","background-size":"auto","background-attachment":"scroll","background-type":"","background-media":"","overlay-type":"","overlay-color":"","overlay-opacity":"","overlay-gradient":""},"mobile":{"background-color":"var(--ast-global-color-5)","background-image":"","background-repeat":"repeat","background-position":"center center","background-size":"auto","background-attachment":"scroll","background-type":"","background-media":"","overlay-type":"","overlay-color":"","overlay-opacity":"","overlay-gradient":""}}},"product_brand":[442],"product_cat":[122,70,69,107,50],"product_tag":[],"class_list":{"0":"post-8556","1":"product","2":"type-product","3":"status-publish","4":"has-post-thumbnail","6":"product_brand-velilla","7":"product_cat-complementos-industria-alimentaria","8":"product_cat-desechables","9":"product_cat-industria-alimentaria","10":"product_cat-monos-desechables","11":"product_cat-ropa-profesional","12":"desktop-align-center","13":"tablet-align-left","14":"mobile-align-left","16":"first","17":"outofstock","18":"taxable","19":"shipping-taxable","20":"purchasable","21":"product-type-variable"},"_links":{"self":[{"href":"https:\/\/combi-pro.com\/fr\/wp-json\/wp\/v2\/product\/8556","targetHints":{"allow":["GET"]}}],"collection":[{"href":"https:\/\/combi-pro.com\/fr\/wp-json\/wp\/v2\/product"}],"about":[{"href":"https:\/\/combi-pro.com\/fr\/wp-json\/wp\/v2\/types\/product"}],"wp:featuredmedia":[{"embeddable":true,"href":"https:\/\/combi-pro.com\/fr\/wp-json\/wp\/v2\/media\/8558"}],"wp:attachment":[{"href":"https:\/\/combi-pro.com\/fr\/wp-json\/wp\/v2\/media?parent=8556"}],"wp:term":[{"taxonomy":"product_brand","embeddable":true,"href":"https:\/\/combi-pro.com\/fr\/wp-json\/wp\/v2\/product_brand?post=8556"},{"taxonomy":"product_cat","embeddable":true,"href":"https:\/\/combi-pro.com\/fr\/wp-json\/wp\/v2\/product_cat?post=8556"},{"taxonomy":"product_tag","embeddable":true,"href":"https:\/\/combi-pro.com\/fr\/wp-json\/wp\/v2\/product_tag?post=8556"}],"curies":[{"name":"wp","href":"https:\/\/api.w.org\/{rel}","templated":true}]}}