{"id":8572,"date":"2024-05-19T13:51:03","date_gmt":"2024-05-19T11:51:03","guid":{"rendered":"https:\/\/combi-pro.com\/?post_type=product&#038;p=8572"},"modified":"2026-01-31T17:44:11","modified_gmt":"2026-01-31T16:44:11","slug":"78-bouchon-jetable","status":"publish","type":"product","link":"https:\/\/combi-pro.com\/fr\/boutique\/78-bouchon-jetable\/","title":{"rendered":"Bonnet jetable hypoallerg\u00e9nique avec bord \u00e9lastique, 100 pcs, 78 | VELILLA"},"content":{"rendered":"<div class=\"data item\" role=\"tablist\">\n<div id=\"tab-label-description\" class=\"data item title active\" tabindex=\"0\" role=\"tab\" data-role=\"collapsible\" data-collapsible=\"true\" aria-controls=\"description\" aria-selected=\"false\" aria-expanded=\"true\">\n<p data-start=\"1088\" data-end=\"1119\"><strong>Caract\u00e9ristiques techniques :<\/strong><\/p>\n<ul>\n<li data-start=\"1123\" data-end=\"1174\">Bord \u00e9lastiqu\u00e9 pour un ajustement confortable et s\u00fbr<\/li>\n<li data-start=\"1177\" data-end=\"1226\">Tissu hypoallerg\u00e9nique, doux et respirant<\/li>\n<li data-start=\"1229\" data-end=\"1271\">Utilisation jetable, pratique et hygi\u00e9nique<\/li>\n<li data-start=\"1274\" data-end=\"1318\">Pr\u00e9sentation : 1 paquet = 100 unit\u00e9s<\/li>\n<\/ul>\n<p data-start=\"1325\" data-end=\"1339\"><strong data-start=\"1343\" data-end=\"1364\">Tissu non tiss\u00e9 :<\/strong> 100% polypropyl\u00e8ne \/ 20 g\/m\u00b2 100% polypropyl\u00e8ne \/ 20 g\/m\u00b2 100% polypropyl\u00e8ne \/ 20 g\/m\u00b2 100% polypropyl\u00e8ne \/ 20 g\/m\u00b2 100% polypropyl\u00e8ne \/ 20 g\/m<\/p>\n<p data-start=\"1400\" data-end=\"1428\"><strong>Recommandation d'utilisation :<\/strong><\/p>\n<ul>\n<li data-start=\"1429\" data-end=\"1595\">Id\u00e9al pour les professionnels ou les visiteurs des industries alimentaires, des laboratoires, des h\u00f4pitaux, des salons de beaut\u00e9 et d'autres environnements n\u00e9cessitant une hygi\u00e8ne capillaire maximale.<\/li>\n<\/ul>\n<\/div>\n<\/div>","protected":false},"excerpt":{"rendered":"<p class=\"\" data-start=\"242\" data-end=\"373\">Casquette jetable en polypropyl\u00e8ne avec bord \u00e9lastique et tissu hypoallerg\u00e9nique. Protection hygi\u00e9nique id\u00e9ale pour les environnements contr\u00f4l\u00e9s.<\/p>","protected":false},"featured_media":8575,"template":"","meta":{"site-sidebar-layout":"default","site-content-layout":"","ast-site-content-layout":"default","site-content-style":"default","site-sidebar-style":"default","ast-global-header-display":"","ast-banner-title-visibility":"","ast-main-header-display":"","ast-hfb-above-header-display":"","ast-hfb-below-header-display":"","ast-hfb-mobile-header-display":"","site-post-title":"","ast-breadcrumbs-content":"","ast-featured-img":"","footer-sml-layout":"","ast-disable-related-posts":"","theme-transparent-header-meta":"default","adv-header-id-meta":"","stick-header-meta":"","header-above-stick-meta":"","header-main-stick-meta":"","header-below-stick-meta":"","astra-migrate-meta-layouts":"set","ast-page-background-enabled":"default","ast-page-background-meta":{"desktop":{"background-color":"","background-image":"","background-repeat":"repeat","background-position":"center center","background-size":"auto","background-attachment":"scroll","background-type":"","background-media":"","overlay-type":"","overlay-color":"","overlay-opacity":"","overlay-gradient":""},"tablet":{"background-color":"","background-image":"","background-repeat":"repeat","background-position":"center center","background-size":"auto","background-attachment":"scroll","background-type":"","background-media":"","overlay-type":"","overlay-color":"","overlay-opacity":"","overlay-gradient":""},"mobile":{"background-color":"","background-image":"","background-repeat":"repeat","background-position":"center center","background-size":"auto","background-attachment":"scroll","background-type":"","background-media":"","overlay-type":"","overlay-color":"","overlay-opacity":"","overlay-gradient":""}},"ast-content-background-meta":{"desktop":{"background-color":"var(--ast-global-color-5)","background-image":"","background-repeat":"repeat","background-position":"center center","background-size":"auto","background-attachment":"scroll","background-type":"","background-media":"","overlay-type":"","overlay-color":"","overlay-opacity":"","overlay-gradient":""},"tablet":{"background-color":"var(--ast-global-color-5)","background-image":"","background-repeat":"repeat","background-position":"center center","background-size":"auto","background-attachment":"scroll","background-type":"","background-media":"","overlay-type":"","overlay-color":"","overlay-opacity":"","overlay-gradient":""},"mobile":{"background-color":"var(--ast-global-color-5)","background-image":"","background-repeat":"repeat","background-position":"center center","background-size":"auto","background-attachment":"scroll","background-type":"","background-media":"","overlay-type":"","overlay-color":"","overlay-opacity":"","overlay-gradient":""}}},"product_brand":[442],"product_cat":[109,122,69,50,70],"product_tag":[],"class_list":{"0":"post-8572","1":"product","2":"type-product","3":"status-publish","4":"has-post-thumbnail","6":"product_brand-velilla","7":"product_cat-complementos-desechables","8":"product_cat-complementos-industria-alimentaria","9":"product_cat-industria-alimentaria","10":"product_cat-ropa-profesional","11":"product_cat-desechables","12":"desktop-align-center","13":"tablet-align-left","14":"mobile-align-left","16":"first","17":"instock","18":"taxable","19":"shipping-taxable","20":"purchasable","21":"product-type-simple"},"_links":{"self":[{"href":"https:\/\/combi-pro.com\/fr\/wp-json\/wp\/v2\/product\/8572","targetHints":{"allow":["GET"]}}],"collection":[{"href":"https:\/\/combi-pro.com\/fr\/wp-json\/wp\/v2\/product"}],"about":[{"href":"https:\/\/combi-pro.com\/fr\/wp-json\/wp\/v2\/types\/product"}],"wp:featuredmedia":[{"embeddable":true,"href":"https:\/\/combi-pro.com\/fr\/wp-json\/wp\/v2\/media\/8575"}],"wp:attachment":[{"href":"https:\/\/combi-pro.com\/fr\/wp-json\/wp\/v2\/media?parent=8572"}],"wp:term":[{"taxonomy":"product_brand","embeddable":true,"href":"https:\/\/combi-pro.com\/fr\/wp-json\/wp\/v2\/product_brand?post=8572"},{"taxonomy":"product_cat","embeddable":true,"href":"https:\/\/combi-pro.com\/fr\/wp-json\/wp\/v2\/product_cat?post=8572"},{"taxonomy":"product_tag","embeddable":true,"href":"https:\/\/combi-pro.com\/fr\/wp-json\/wp\/v2\/product_tag?post=8572"}],"curies":[{"name":"wp","href":"https:\/\/api.w.org\/{rel}","templated":true}]}}