{"id":8616,"date":"2024-05-19T14:24:59","date_gmt":"2024-05-19T12:24:59","guid":{"rendered":"https:\/\/combi-pro.com\/?post_type=product&#038;p=8616"},"modified":"2026-05-02T19:33:51","modified_gmt":"2026-05-02T17:33:51","slug":"908-robe-de-chambre-ml-femme","status":"publish","type":"product","link":"https:\/\/combi-pro.com\/fr\/boutique\/908-robe-de-chambre-ml-femme\/","title":{"rendered":"Robe de travail \u00e0 manches longues femme 908 | VELILLA"},"content":{"rendered":"<div class=\"data item\" role=\"tablist\">\n<div id=\"tab-label-description\" class=\"data item title active\" tabindex=\"0\" role=\"tab\" data-role=\"collapsible\" data-collapsible=\"true\" aria-controls=\"description\" aria-selected=\"false\" aria-expanded=\"true\">\n<p data-start=\"1121\" data-end=\"1157\"><strong data-start=\"1128\" data-end=\"1157\">Caract\u00e9ristiques techniques :<\/strong><\/p>\n<ul>\n<li data-start=\"1160\" data-end=\"1196\">Manches longues avec poignets boutonn\u00e9s<\/li>\n<li data-start=\"1199\" data-end=\"1231\">Fermeture centrale par bouton<\/li>\n<li data-start=\"1234\" data-end=\"1256\">Ceinture arri\u00e8re<\/li>\n<li data-start=\"1259\" data-end=\"1286\">3 poches plaqu\u00e9es<\/li>\n<li data-start=\"1289\" data-end=\"1323\">Coupe f\u00e9minine, fonctionnelle et confortable<\/li>\n<\/ul>\n<p data-start=\"1330\" data-end=\"1353\"><strong data-start=\"1337\" data-end=\"1353\">Composition :<\/strong><\/p>\n<ul>\n<li data-start=\"1356\" data-end=\"1403\">Tissu serg\u00e9 : 65% polyester - 35% coton<\/li>\n<li data-start=\"1406\" data-end=\"1429\">Grammage : 175 g\/m\u00b2.<\/li>\n<li data-start=\"1432\" data-end=\"1479\">R\u00e9sistant \u00e0 un usage intensif et facile \u00e0 entretenir<\/li>\n<\/ul>\n<p data-start=\"1486\" data-end=\"1517\"><strong data-start=\"1492\" data-end=\"1517\">Recommandation d'utilisation :<\/strong><\/p>\n<ul>\n<li data-start=\"1518\" data-end=\"1675\">Id\u00e9ale pour les professionnels de la sant\u00e9, du nettoyage, de la beaut\u00e9, de l'\u00e9ducation ou de l'industrie qui ont besoin d'une blouse compl\u00e8te et durable sans faire de compromis sur le style.<\/li>\n<\/ul>\n<p data-start=\"1518\" data-end=\"1675\"><img decoding=\"async\" class=\"alignnone wp-image-14962\" src=\"https:\/\/combi-pro.com\/wp-content\/uploads\/2025\/01\/bordado-mukua.jpg\" alt=\"\" width=\"60\" height=\"60\" srcset=\"https:\/\/combi-pro.com\/wp-content\/uploads\/2025\/01\/bordado-mukua.jpg 427w, https:\/\/combi-pro.com\/wp-content\/uploads\/2025\/01\/bordado-mukua-100x100.jpg 100w, https:\/\/combi-pro.com\/wp-content\/uploads\/2025\/01\/bordado-mukua-64x64.jpg 64w, https:\/\/combi-pro.com\/wp-content\/uploads\/2025\/01\/bordado-mukua-300x300.jpg 300w, https:\/\/combi-pro.com\/wp-content\/uploads\/2025\/01\/bordado-mukua-150x150.jpg 150w, https:\/\/combi-pro.com\/wp-content\/uploads\/2025\/01\/bordado-mukua-12x12.jpg 12w\" sizes=\"(max-width: 60px) 100vw, 60px\" \/> <img decoding=\"async\" class=\"alignnone wp-image-14960\" src=\"https:\/\/combi-pro.com\/wp-content\/uploads\/2025\/01\/impresion-mukua-300x300.jpg\" alt=\"\" width=\"60\" height=\"60\" srcset=\"https:\/\/combi-pro.com\/wp-content\/uploads\/2025\/01\/impresion-mukua-300x300.jpg 300w, https:\/\/combi-pro.com\/wp-content\/uploads\/2025\/01\/impresion-mukua-100x100.jpg 100w, https:\/\/combi-pro.com\/wp-content\/uploads\/2025\/01\/impresion-mukua-64x64.jpg 64w, https:\/\/combi-pro.com\/wp-content\/uploads\/2025\/01\/impresion-mukua-150x150.jpg 150w, https:\/\/combi-pro.com\/wp-content\/uploads\/2025\/01\/impresion-mukua-12x12.jpg 12w, https:\/\/combi-pro.com\/wp-content\/uploads\/2025\/01\/impresion-mukua.jpg 427w\" sizes=\"(max-width: 60px) 100vw, 60px\" \/><\/p>\n<\/div>\n<\/div>","protected":false},"excerpt":{"rendered":"<p data-start=\"275\" data-end=\"468\">Manteau pour femme \u00e0 manches longues, poignets boutonn\u00e9s, fermeture \u00e0 boutons et ceinture au dos. Trois poches plaqu\u00e9es. Tissu serg\u00e9 l\u00e9ger et r\u00e9sistant.<\/p>\n<p><strong>GUIDE DES TAILLES<\/strong><\/p>\n<p><strong><img fetchpriority=\"high\" decoding=\"async\" class=\"alignnone wp-image-17809\" src=\"https:\/\/combi-pro.com\/wp-content\/uploads\/2024\/05\/101.8-106.8-screenshot-1750113939796-300x188.png\" alt=\"\" width=\"287\" height=\"180\" srcset=\"https:\/\/combi-pro.com\/wp-content\/uploads\/2024\/05\/101.8-106.8-screenshot-1750113939796-300x188.png 300w, https:\/\/combi-pro.com\/wp-content\/uploads\/2024\/05\/101.8-106.8-screenshot-1750113939796-64x40.png 64w, https:\/\/combi-pro.com\/wp-content\/uploads\/2024\/05\/101.8-106.8-screenshot-1750113939796-18x12.png 18w, https:\/\/combi-pro.com\/wp-content\/uploads\/2024\/05\/101.8-106.8-screenshot-1750113939796.png 399w\" sizes=\"(max-width: 287px) 100vw, 287px\" \/> <img loading=\"lazy\" decoding=\"async\" class=\"alignnone wp-image-17777\" src=\"https:\/\/combi-pro.com\/wp-content\/uploads\/2024\/05\/screenshot-1750037043744-300x167.png\" alt=\"\" width=\"287\" height=\"160\" srcset=\"https:\/\/combi-pro.com\/wp-content\/uploads\/2024\/05\/screenshot-1750037043744-300x167.png 300w, https:\/\/combi-pro.com\/wp-content\/uploads\/2024\/05\/screenshot-1750037043744-64x36.png 64w, https:\/\/combi-pro.com\/wp-content\/uploads\/2024\/05\/screenshot-1750037043744-18x10.png 18w, https:\/\/combi-pro.com\/wp-content\/uploads\/2024\/05\/screenshot-1750037043744.png 343w\" sizes=\"(max-width: 287px) 100vw, 287px\" \/>\u00a0 \u00a0 \u00a0<\/strong><\/p>","protected":false},"featured_media":8622,"template":"","meta":{"site-sidebar-layout":"default","site-content-layout":"","ast-site-content-layout":"default","site-content-style":"default","site-sidebar-style":"default","ast-global-header-display":"","ast-banner-title-visibility":"","ast-main-header-display":"","ast-hfb-above-header-display":"","ast-hfb-below-header-display":"","ast-hfb-mobile-header-display":"","site-post-title":"","ast-breadcrumbs-content":"","ast-featured-img":"","footer-sml-layout":"","ast-disable-related-posts":"","theme-transparent-header-meta":"default","adv-header-id-meta":"","stick-header-meta":"","header-above-stick-meta":"","header-main-stick-meta":"","header-below-stick-meta":"","astra-migrate-meta-layouts":"set","ast-page-background-enabled":"default","ast-page-background-meta":{"desktop":{"background-color":"","background-image":"","background-repeat":"repeat","background-position":"center center","background-size":"auto","background-attachment":"scroll","background-type":"","background-media":"","overlay-type":"","overlay-color":"","overlay-opacity":"","overlay-gradient":""},"tablet":{"background-color":"","background-image":"","background-repeat":"repeat","background-position":"center center","background-size":"auto","background-attachment":"scroll","background-type":"","background-media":"","overlay-type":"","overlay-color":"","overlay-opacity":"","overlay-gradient":""},"mobile":{"background-color":"","background-image":"","background-repeat":"repeat","background-position":"center center","background-size":"auto","background-attachment":"scroll","background-type":"","background-media":"","overlay-type":"","overlay-color":"","overlay-opacity":"","overlay-gradient":""}},"ast-content-background-meta":{"desktop":{"background-color":"var(--ast-global-color-5)","background-image":"","background-repeat":"repeat","background-position":"center center","background-size":"auto","background-attachment":"scroll","background-type":"","background-media":"","overlay-type":"","overlay-color":"","overlay-opacity":"","overlay-gradient":""},"tablet":{"background-color":"var(--ast-global-color-5)","background-image":"","background-repeat":"repeat","background-position":"center center","background-size":"auto","background-attachment":"scroll","background-type":"","background-media":"","overlay-type":"","overlay-color":"","overlay-opacity":"","overlay-gradient":""},"mobile":{"background-color":"var(--ast-global-color-5)","background-image":"","background-repeat":"repeat","background-position":"center center","background-size":"auto","background-attachment":"scroll","background-type":"","background-media":"","overlay-type":"","overlay-color":"","overlay-opacity":"","overlay-gradient":""}}},"product_brand":[442],"product_cat":[77,30,50],"product_tag":[],"class_list":{"0":"post-8616","1":"product","2":"type-product","3":"status-publish","4":"has-post-thumbnail","6":"product_brand-velilla","7":"product_cat-batas","8":"product_cat-industria-base","9":"product_cat-ropa-profesional","10":"desktop-align-center","11":"tablet-align-left","12":"mobile-align-left","14":"first","15":"instock","16":"taxable","17":"shipping-taxable","18":"purchasable","19":"product-type-variable","20":"has-default-attributes"},"_links":{"self":[{"href":"https:\/\/combi-pro.com\/fr\/wp-json\/wp\/v2\/product\/8616","targetHints":{"allow":["GET"]}}],"collection":[{"href":"https:\/\/combi-pro.com\/fr\/wp-json\/wp\/v2\/product"}],"about":[{"href":"https:\/\/combi-pro.com\/fr\/wp-json\/wp\/v2\/types\/product"}],"wp:featuredmedia":[{"embeddable":true,"href":"https:\/\/combi-pro.com\/fr\/wp-json\/wp\/v2\/media\/8622"}],"wp:attachment":[{"href":"https:\/\/combi-pro.com\/fr\/wp-json\/wp\/v2\/media?parent=8616"}],"wp:term":[{"taxonomy":"product_brand","embeddable":true,"href":"https:\/\/combi-pro.com\/fr\/wp-json\/wp\/v2\/product_brand?post=8616"},{"taxonomy":"product_cat","embeddable":true,"href":"https:\/\/combi-pro.com\/fr\/wp-json\/wp\/v2\/product_cat?post=8616"},{"taxonomy":"product_tag","embeddable":true,"href":"https:\/\/combi-pro.com\/fr\/wp-json\/wp\/v2\/product_tag?post=8616"}],"curies":[{"name":"wp","href":"https:\/\/api.w.org\/{rel}","templated":true}]}}