{"id":8631,"date":"2024-05-19T14:39:31","date_gmt":"2024-05-19T12:39:31","guid":{"rendered":"https:\/\/combi-pro.com\/?post_type=product&#038;p=8631"},"modified":"2026-05-13T16:58:07","modified_gmt":"2026-05-13T14:58:07","slug":"533-100-chemise-en-coton","status":"publish","type":"product","link":"https:\/\/combi-pro.com\/fr\/boutique\/533-100-chemise-en-coton\/","title":{"rendered":"Chemise de travail en coton avec boutons et deux poches 533 | VELILLA"},"content":{"rendered":"<div class=\"data item\" role=\"tablist\">\n<div id=\"tab-label-description\" class=\"data item title active\" tabindex=\"0\" role=\"tab\" data-role=\"collapsible\" data-collapsible=\"true\" aria-controls=\"description\" aria-selected=\"false\" aria-expanded=\"true\">\n<p data-start=\"1083\" data-end=\"1119\"><strong data-start=\"1090\" data-end=\"1119\">Caract\u00e9ristiques techniques :<\/strong><\/p>\n<ul>\n<li data-start=\"1122\" data-end=\"1154\">Fermeture frontale avec boutons<\/li>\n<li data-start=\"1157\" data-end=\"1188\">Poignets avec fermeture \u00e0 bouton<\/li>\n<li data-start=\"1191\" data-end=\"1237\">2 poches plaqu\u00e9es avec rabat et bouton<\/li>\n<li data-start=\"1240\" data-end=\"1272\">Coupe classique, confortable et polyvalente<\/li>\n<\/ul>\n<p><strong data-start=\"1286\" data-end=\"1302\">Composition :<\/strong><\/p>\n<ul>\n<li>Tissu serg\u00e9 : coton 100%<\/li>\n<li>Grammage : 180 g\/m\u00b2.<\/li>\n<li>Tissu naturel, respirant et agr\u00e9able au toucher<\/li>\n<\/ul>\n<p data-start=\"812\" data-end=\"824\"><strong data-start=\"812\" data-end=\"824\">Gamme : <\/strong><span style=\"font-size: 16px;\">100% Coton<\/span><\/p>\n<p><strong data-start=\"1428\" data-end=\"1453\">Recommandation d'utilisation :<\/strong><\/p>\n<ul>\n<li>Parfait pour les environnements industriels, techniques, agricoles ou de service o\u00f9 un v\u00eatement robuste, respirant et durable est n\u00e9cessaire.<\/li>\n<\/ul>\n<\/div>\n<\/div>","protected":false},"excerpt":{"rendered":"<p data-start=\"169\" data-end=\"373\">Chemise de travail \u00e0 manches longues en coton 100% avec fermeture centrale par bouton, poignets avec fermeture par bouton et deux poches plaqu\u00e9es. Id\u00e9ale pour un style classique et confortable.<\/p>\n<p data-start=\"502\" data-end=\"578\"><img decoding=\"async\" class=\"alignnone wp-image-15450\" src=\"https:\/\/combi-pro.com\/wp-content\/uploads\/2024\/05\/100-COTTON.png\" alt=\"\" width=\"117\" height=\"40\" srcset=\"https:\/\/combi-pro.com\/wp-content\/uploads\/2024\/05\/100-COTTON.png 228w, https:\/\/combi-pro.com\/wp-content\/uploads\/2024\/05\/100-COTTON-64x22.png 64w, https:\/\/combi-pro.com\/wp-content\/uploads\/2024\/05\/100-COTTON-18x6.png 18w\" sizes=\"(max-width: 117px) 100vw, 117px\" \/><\/p>\n<p><strong>GUIDE DES TAILLES<\/strong><\/p>\n<p><strong><img decoding=\"async\" class=\"alignnone wp-image-17757\" src=\"https:\/\/combi-pro.com\/wp-content\/uploads\/2024\/04\/75-80-screenshot-1749944255160-300x103.png\" alt=\"\" width=\"321\" height=\"110\" srcset=\"https:\/\/combi-pro.com\/wp-content\/uploads\/2024\/04\/75-80-screenshot-1749944255160-300x103.png 300w, https:\/\/combi-pro.com\/wp-content\/uploads\/2024\/04\/75-80-screenshot-1749944255160-64x22.png 64w, https:\/\/combi-pro.com\/wp-content\/uploads\/2024\/04\/75-80-screenshot-1749944255160-18x6.png 18w, https:\/\/combi-pro.com\/wp-content\/uploads\/2024\/04\/75-80-screenshot-1749944255160.png 400w\" sizes=\"(max-width: 321px) 100vw, 321px\" \/> <img decoding=\"async\" class=\"alignnone wp-image-17696\" src=\"https:\/\/combi-pro.com\/wp-content\/uploads\/2025\/05\/screenshot-1749214923473-300x106.png\" alt=\"\" width=\"269\" height=\"95\" srcset=\"https:\/\/combi-pro.com\/wp-content\/uploads\/2025\/05\/screenshot-1749214923473-300x106.png 300w, https:\/\/combi-pro.com\/wp-content\/uploads\/2025\/05\/screenshot-1749214923473-64x23.png 64w, https:\/\/combi-pro.com\/wp-content\/uploads\/2025\/05\/screenshot-1749214923473-18x6.png 18w, https:\/\/combi-pro.com\/wp-content\/uploads\/2025\/05\/screenshot-1749214923473.png 396w\" sizes=\"(max-width: 269px) 100vw, 269px\" \/>\u00a0 \u00a0 \u00a0<\/strong><\/p>","protected":false},"featured_media":8633,"template":"","meta":{"site-sidebar-layout":"default","site-content-layout":"","ast-site-content-layout":"default","site-content-style":"default","site-sidebar-style":"default","ast-global-header-display":"","ast-banner-title-visibility":"","ast-main-header-display":"","ast-hfb-above-header-display":"","ast-hfb-below-header-display":"","ast-hfb-mobile-header-display":"","site-post-title":"","ast-breadcrumbs-content":"","ast-featured-img":"","footer-sml-layout":"","ast-disable-related-posts":"","theme-transparent-header-meta":"default","adv-header-id-meta":"","stick-header-meta":"","header-above-stick-meta":"","header-main-stick-meta":"","header-below-stick-meta":"","astra-migrate-meta-layouts":"set","ast-page-background-enabled":"default","ast-page-background-meta":{"desktop":{"background-color":"","background-image":"","background-repeat":"repeat","background-position":"center center","background-size":"auto","background-attachment":"scroll","background-type":"","background-media":"","overlay-type":"","overlay-color":"","overlay-opacity":"","overlay-gradient":""},"tablet":{"background-color":"","background-image":"","background-repeat":"repeat","background-position":"center center","background-size":"auto","background-attachment":"scroll","background-type":"","background-media":"","overlay-type":"","overlay-color":"","overlay-opacity":"","overlay-gradient":""},"mobile":{"background-color":"","background-image":"","background-repeat":"repeat","background-position":"center center","background-size":"auto","background-attachment":"scroll","background-type":"","background-media":"","overlay-type":"","overlay-color":"","overlay-opacity":"","overlay-gradient":""}},"ast-content-background-meta":{"desktop":{"background-color":"var(--ast-global-color-5)","background-image":"","background-repeat":"repeat","background-position":"center center","background-size":"auto","background-attachment":"scroll","background-type":"","background-media":"","overlay-type":"","overlay-color":"","overlay-opacity":"","overlay-gradient":""},"tablet":{"background-color":"var(--ast-global-color-5)","background-image":"","background-repeat":"repeat","background-position":"center center","background-size":"auto","background-attachment":"scroll","background-type":"","background-media":"","overlay-type":"","overlay-color":"","overlay-opacity":"","overlay-gradient":""},"mobile":{"background-color":"var(--ast-global-color-5)","background-image":"","background-repeat":"repeat","background-position":"center center","background-size":"auto","background-attachment":"scroll","background-type":"","background-media":"","overlay-type":"","overlay-color":"","overlay-opacity":"","overlay-gradient":""}}},"product_brand":[442],"product_cat":[78,30,50],"product_tag":[],"class_list":{"0":"post-8631","1":"product","2":"type-product","3":"status-publish","4":"has-post-thumbnail","6":"product_brand-velilla","7":"product_cat-camisas","8":"product_cat-industria-base","9":"product_cat-ropa-profesional","10":"desktop-align-center","11":"tablet-align-left","12":"mobile-align-left","14":"first","15":"instock","16":"taxable","17":"shipping-taxable","18":"purchasable","19":"product-type-variable"},"_links":{"self":[{"href":"https:\/\/combi-pro.com\/fr\/wp-json\/wp\/v2\/product\/8631","targetHints":{"allow":["GET"]}}],"collection":[{"href":"https:\/\/combi-pro.com\/fr\/wp-json\/wp\/v2\/product"}],"about":[{"href":"https:\/\/combi-pro.com\/fr\/wp-json\/wp\/v2\/types\/product"}],"wp:featuredmedia":[{"embeddable":true,"href":"https:\/\/combi-pro.com\/fr\/wp-json\/wp\/v2\/media\/8633"}],"wp:attachment":[{"href":"https:\/\/combi-pro.com\/fr\/wp-json\/wp\/v2\/media?parent=8631"}],"wp:term":[{"taxonomy":"product_brand","embeddable":true,"href":"https:\/\/combi-pro.com\/fr\/wp-json\/wp\/v2\/product_brand?post=8631"},{"taxonomy":"product_cat","embeddable":true,"href":"https:\/\/combi-pro.com\/fr\/wp-json\/wp\/v2\/product_cat?post=8631"},{"taxonomy":"product_tag","embeddable":true,"href":"https:\/\/combi-pro.com\/fr\/wp-json\/wp\/v2\/product_tag?post=8631"}],"curies":[{"name":"wp","href":"https:\/\/api.w.org\/{rel}","templated":true}]}}