{"id":8661,"date":"2024-05-19T14:55:59","date_gmt":"2024-05-19T12:55:59","guid":{"rendered":"https:\/\/combi-pro.com\/?post_type=product&#038;p=8661"},"modified":"2026-04-13T20:15:01","modified_gmt":"2026-04-13T18:15:01","slug":"529-chemise-ml","status":"publish","type":"product","link":"https:\/\/combi-pro.com\/fr\/boutique\/529-chemise-ml\/","title":{"rendered":"Chemise de travail \u00e0 manches longues avec col fran\u00e7ais et une poche 529 | VELILLA"},"content":{"rendered":"<div class=\"data item\" role=\"tablist\">\n<div id=\"tab-label-description\" class=\"data item title active\" tabindex=\"0\" role=\"tab\" data-role=\"collapsible\" data-collapsible=\"true\" aria-controls=\"description\" aria-selected=\"false\" aria-expanded=\"true\">\n<p data-start=\"1110\" data-end=\"1146\"><strong data-start=\"1117\" data-end=\"1146\">Caract\u00e9ristiques techniques :<\/strong><\/p>\n<ul>\n<li data-start=\"1149\" data-end=\"1193\">Fermeture \u00e0 glissi\u00e8re centrale sans patte de boutonnage (style fran\u00e7ais)<\/li>\n<li data-start=\"1196\" data-end=\"1235\">Col fran\u00e7ais renforc\u00e9 par des baleines<\/li>\n<li data-start=\"1238\" data-end=\"1278\">Empi\u00e8cement au dos pour un meilleur ajustement<\/li>\n<li data-start=\"1281\" data-end=\"1311\">Poignets droits avec double bouton<\/li>\n<li data-start=\"1314\" data-end=\"1346\">1 poche poitrine plaqu\u00e9e<\/li>\n<\/ul>\n<p><strong data-start=\"1360\" data-end=\"1376\">Composition :<\/strong><\/p>\n<ul>\n<li>Tissu popeline : 65% polyester - 35% coton<\/li>\n<li>Poids : 105 g\/m\u00b2.<\/li>\n<li>Frais, durable et facile \u00e0 repasser<\/li>\n<\/ul>\n<p data-start=\"1065\" data-end=\"1077\"><strong data-start=\"1065\" data-end=\"1077\">Gamme : <\/strong><span style=\"font-size: 16px;\">Les classiques<\/span><\/p>\n<p><strong data-start=\"1509\" data-end=\"1534\">Recommandation d'utilisation :<\/strong><\/p>\n<ul>\n<li data-start=\"1535\" data-end=\"1683\">Parfait pour les bureaux, l'h\u00f4tellerie, le service \u00e0 la client\u00e8le ou les environnements \u00e9v\u00e9nementiels, o\u00f9 une image professionnelle est essentielle sans sacrifier le confort.<\/li>\n<\/ul>\n<\/div>\n<\/div>","protected":false},"excerpt":{"rendered":"<p data-start=\"310\" data-end=\"506\">\u00c9l\u00e9gante chemise de travail \u00e0 manches longues avec fermeture \u00e0 boutons fran\u00e7ais, col renforc\u00e9 avec baleines et poche de poitrine. Design classique et professionnel. Gamme classique.<\/p>\n<p><strong>GUIDE DES TAILLES<\/strong><\/p>\n<p><strong><img decoding=\"async\" class=\"alignnone wp-image-17757\" src=\"https:\/\/combi-pro.com\/wp-content\/uploads\/2024\/04\/75-80-screenshot-1749944255160-300x103.png\" alt=\"\" width=\"321\" height=\"110\" srcset=\"https:\/\/combi-pro.com\/wp-content\/uploads\/2024\/04\/75-80-screenshot-1749944255160-300x103.png 300w, https:\/\/combi-pro.com\/wp-content\/uploads\/2024\/04\/75-80-screenshot-1749944255160-64x22.png 64w, https:\/\/combi-pro.com\/wp-content\/uploads\/2024\/04\/75-80-screenshot-1749944255160-18x6.png 18w, https:\/\/combi-pro.com\/wp-content\/uploads\/2024\/04\/75-80-screenshot-1749944255160.png 400w\" sizes=\"(max-width: 321px) 100vw, 321px\" \/>\u00a0<img decoding=\"async\" class=\"alignnone wp-image-17696\" src=\"https:\/\/combi-pro.com\/wp-content\/uploads\/2025\/05\/screenshot-1749214923473-300x106.png\" alt=\"\" width=\"269\" height=\"95\" srcset=\"https:\/\/combi-pro.com\/wp-content\/uploads\/2025\/05\/screenshot-1749214923473-300x106.png 300w, https:\/\/combi-pro.com\/wp-content\/uploads\/2025\/05\/screenshot-1749214923473-64x23.png 64w, https:\/\/combi-pro.com\/wp-content\/uploads\/2025\/05\/screenshot-1749214923473-18x6.png 18w, https:\/\/combi-pro.com\/wp-content\/uploads\/2025\/05\/screenshot-1749214923473.png 396w\" sizes=\"(max-width: 269px) 100vw, 269px\" \/>\u00a0<\/strong><\/p>","protected":false},"featured_media":8676,"template":"","meta":{"site-sidebar-layout":"default","site-content-layout":"","ast-site-content-layout":"default","site-content-style":"default","site-sidebar-style":"default","ast-global-header-display":"","ast-banner-title-visibility":"","ast-main-header-display":"","ast-hfb-above-header-display":"","ast-hfb-below-header-display":"","ast-hfb-mobile-header-display":"","site-post-title":"","ast-breadcrumbs-content":"","ast-featured-img":"","footer-sml-layout":"","ast-disable-related-posts":"","theme-transparent-header-meta":"default","adv-header-id-meta":"","stick-header-meta":"","header-above-stick-meta":"","header-main-stick-meta":"","header-below-stick-meta":"","astra-migrate-meta-layouts":"set","ast-page-background-enabled":"default","ast-page-background-meta":{"desktop":{"background-color":"","background-image":"","background-repeat":"repeat","background-position":"center center","background-size":"auto","background-attachment":"scroll","background-type":"","background-media":"","overlay-type":"","overlay-color":"","overlay-opacity":"","overlay-gradient":""},"tablet":{"background-color":"","background-image":"","background-repeat":"repeat","background-position":"center center","background-size":"auto","background-attachment":"scroll","background-type":"","background-media":"","overlay-type":"","overlay-color":"","overlay-opacity":"","overlay-gradient":""},"mobile":{"background-color":"","background-image":"","background-repeat":"repeat","background-position":"center center","background-size":"auto","background-attachment":"scroll","background-type":"","background-media":"","overlay-type":"","overlay-color":"","overlay-opacity":"","overlay-gradient":""}},"ast-content-background-meta":{"desktop":{"background-color":"var(--ast-global-color-5)","background-image":"","background-repeat":"repeat","background-position":"center center","background-size":"auto","background-attachment":"scroll","background-type":"","background-media":"","overlay-type":"","overlay-color":"","overlay-opacity":"","overlay-gradient":""},"tablet":{"background-color":"var(--ast-global-color-5)","background-image":"","background-repeat":"repeat","background-position":"center center","background-size":"auto","background-attachment":"scroll","background-type":"","background-media":"","overlay-type":"","overlay-color":"","overlay-opacity":"","overlay-gradient":""},"mobile":{"background-color":"var(--ast-global-color-5)","background-image":"","background-repeat":"repeat","background-position":"center center","background-size":"auto","background-attachment":"scroll","background-type":"","background-media":"","overlay-type":"","overlay-color":"","overlay-opacity":"","overlay-gradient":""}}},"product_brand":[442],"product_cat":[78,30,50],"product_tag":[],"class_list":{"0":"post-8661","1":"product","2":"type-product","3":"status-publish","4":"has-post-thumbnail","6":"product_brand-velilla","7":"product_cat-camisas","8":"product_cat-industria-base","9":"product_cat-ropa-profesional","10":"desktop-align-center","11":"tablet-align-left","12":"mobile-align-left","14":"first","15":"instock","16":"taxable","17":"shipping-taxable","18":"purchasable","19":"product-type-variable","20":"has-default-attributes"},"_links":{"self":[{"href":"https:\/\/combi-pro.com\/fr\/wp-json\/wp\/v2\/product\/8661","targetHints":{"allow":["GET"]}}],"collection":[{"href":"https:\/\/combi-pro.com\/fr\/wp-json\/wp\/v2\/product"}],"about":[{"href":"https:\/\/combi-pro.com\/fr\/wp-json\/wp\/v2\/types\/product"}],"wp:featuredmedia":[{"embeddable":true,"href":"https:\/\/combi-pro.com\/fr\/wp-json\/wp\/v2\/media\/8676"}],"wp:attachment":[{"href":"https:\/\/combi-pro.com\/fr\/wp-json\/wp\/v2\/media?parent=8661"}],"wp:term":[{"taxonomy":"product_brand","embeddable":true,"href":"https:\/\/combi-pro.com\/fr\/wp-json\/wp\/v2\/product_brand?post=8661"},{"taxonomy":"product_cat","embeddable":true,"href":"https:\/\/combi-pro.com\/fr\/wp-json\/wp\/v2\/product_cat?post=8661"},{"taxonomy":"product_tag","embeddable":true,"href":"https:\/\/combi-pro.com\/fr\/wp-json\/wp\/v2\/product_tag?post=8661"}],"curies":[{"name":"wp","href":"https:\/\/api.w.org\/{rel}","templated":true}]}}