{"id":8683,"date":"2024-05-19T15:08:09","date_gmt":"2024-05-19T13:08:09","guid":{"rendered":"https:\/\/combi-pro.com\/?post_type=product&#038;p=8683"},"modified":"2026-04-13T20:15:05","modified_gmt":"2026-04-13T18:15:05","slug":"538-mc-chemise-pour-femmes","status":"publish","type":"product","link":"https:\/\/combi-pro.com\/fr\/boutique\/538-mc-chemise-pour-femmes\/","title":{"rendered":"Chemise de travail \u00e0 manches courtes et col fran\u00e7ais pour femme 538 | VELILLA"},"content":{"rendered":"<div class=\"data item\" role=\"tablist\">\n<div id=\"tab-label-description\" class=\"data item title active\" tabindex=\"0\" role=\"tab\" data-role=\"collapsible\" data-collapsible=\"true\" aria-controls=\"description\" aria-selected=\"false\" aria-expanded=\"true\">\n<p data-start=\"1057\" data-end=\"1093\"><strong data-start=\"1064\" data-end=\"1093\">Caract\u00e9ristiques techniques :<\/strong><\/p>\n<ul>\n<li data-start=\"1096\" data-end=\"1109\">Manches courtes<\/li>\n<li data-start=\"1112\" data-end=\"1159\">Coupe tailleur avec pinces sur la poitrine et dans le dos<\/li>\n<li data-start=\"1162\" data-end=\"1206\">Fermeture \u00e0 glissi\u00e8re centrale sans patte de boutonnage (style fran\u00e7ais)<\/li>\n<li data-start=\"1209\" data-end=\"1233\">Col fran\u00e7ais classique<\/li>\n<li data-start=\"1236\" data-end=\"1262\">Bouton de rechange inclus<\/li>\n<\/ul>\n<p data-start=\"1269\" data-end=\"1292\"><strong data-start=\"1276\" data-end=\"1292\">Composition :<\/strong><\/p>\n<ul>\n<li data-start=\"1295\" data-end=\"1337\">Popeline : 65% polyester - 35% coton<\/li>\n<li data-start=\"1340\" data-end=\"1363\">Poids : 115 g\/m\u00b2.<\/li>\n<li data-start=\"1366\" data-end=\"1415\">Tissu frais, r\u00e9sistant et n\u00e9cessitant peu d'entretien<\/li>\n<\/ul>\n<p data-start=\"814\" data-end=\"826\"><strong data-start=\"814\" data-end=\"826\">Gamme : <\/strong><span style=\"font-size: 16px;\">Les classiques<\/span><\/p>\n<p><strong data-start=\"1428\" data-end=\"1453\">Recommandation d'utilisation :<\/strong><\/p>\n<ul>\n<li data-start=\"1454\" data-end=\"1601\">Parfait pour les professionnels des secteurs du commerce, de la sant\u00e9, de l'administration ou de l'h\u00f4tellerie qui recherchent un v\u00eatement confortable, f\u00e9minin et professionnel.<\/li>\n<\/ul>\n<\/div>\n<\/div>","protected":false},"excerpt":{"rendered":"<p data-start=\"134\" data-end=\"341\">Chemise de travail \u00e0 manches courtes pour femme avec fermeture centrale \u00e0 boutons fran\u00e7ais, col fran\u00e7ais, pinces crant\u00e9es sur la poitrine et dans le dos, et bouton de rechange. Design classique et \u00e9l\u00e9gant.<\/p>\n<p><strong>GUIDE DES TAILLES<\/strong><\/p>\n<p><strong><img decoding=\"async\" class=\"alignnone wp-image-17821\" src=\"https:\/\/combi-pro.com\/wp-content\/uploads\/2024\/05\/59.5-66.5-screenshot-1750127510573-300x98.png\" alt=\"\" width=\"338\" height=\"110\" srcset=\"https:\/\/combi-pro.com\/wp-content\/uploads\/2024\/05\/59.5-66.5-screenshot-1750127510573-300x98.png 300w, https:\/\/combi-pro.com\/wp-content\/uploads\/2024\/05\/59.5-66.5-screenshot-1750127510573-64x21.png 64w, https:\/\/combi-pro.com\/wp-content\/uploads\/2024\/05\/59.5-66.5-screenshot-1750127510573-18x6.png 18w, https:\/\/combi-pro.com\/wp-content\/uploads\/2024\/05\/59.5-66.5-screenshot-1750127510573.png 399w\" sizes=\"(max-width: 338px) 100vw, 338px\" \/> <img decoding=\"async\" class=\"alignnone wp-image-17696\" src=\"https:\/\/combi-pro.com\/wp-content\/uploads\/2025\/05\/screenshot-1749214923473-300x106.png\" alt=\"\" width=\"269\" height=\"95\" srcset=\"https:\/\/combi-pro.com\/wp-content\/uploads\/2025\/05\/screenshot-1749214923473-300x106.png 300w, https:\/\/combi-pro.com\/wp-content\/uploads\/2025\/05\/screenshot-1749214923473-64x23.png 64w, https:\/\/combi-pro.com\/wp-content\/uploads\/2025\/05\/screenshot-1749214923473-18x6.png 18w, https:\/\/combi-pro.com\/wp-content\/uploads\/2025\/05\/screenshot-1749214923473.png 396w\" sizes=\"(max-width: 269px) 100vw, 269px\" \/>\u00a0 \u00a0 \u00a0<\/strong><\/p>","protected":false},"featured_media":8687,"template":"","meta":{"site-sidebar-layout":"default","site-content-layout":"","ast-site-content-layout":"default","site-content-style":"default","site-sidebar-style":"default","ast-global-header-display":"","ast-banner-title-visibility":"","ast-main-header-display":"","ast-hfb-above-header-display":"","ast-hfb-below-header-display":"","ast-hfb-mobile-header-display":"","site-post-title":"","ast-breadcrumbs-content":"","ast-featured-img":"","footer-sml-layout":"","ast-disable-related-posts":"","theme-transparent-header-meta":"default","adv-header-id-meta":"","stick-header-meta":"","header-above-stick-meta":"","header-main-stick-meta":"","header-below-stick-meta":"","astra-migrate-meta-layouts":"set","ast-page-background-enabled":"default","ast-page-background-meta":{"desktop":{"background-color":"","background-image":"","background-repeat":"repeat","background-position":"center center","background-size":"auto","background-attachment":"scroll","background-type":"","background-media":"","overlay-type":"","overlay-color":"","overlay-opacity":"","overlay-gradient":""},"tablet":{"background-color":"","background-image":"","background-repeat":"repeat","background-position":"center center","background-size":"auto","background-attachment":"scroll","background-type":"","background-media":"","overlay-type":"","overlay-color":"","overlay-opacity":"","overlay-gradient":""},"mobile":{"background-color":"","background-image":"","background-repeat":"repeat","background-position":"center center","background-size":"auto","background-attachment":"scroll","background-type":"","background-media":"","overlay-type":"","overlay-color":"","overlay-opacity":"","overlay-gradient":""}},"ast-content-background-meta":{"desktop":{"background-color":"var(--ast-global-color-5)","background-image":"","background-repeat":"repeat","background-position":"center center","background-size":"auto","background-attachment":"scroll","background-type":"","background-media":"","overlay-type":"","overlay-color":"","overlay-opacity":"","overlay-gradient":""},"tablet":{"background-color":"var(--ast-global-color-5)","background-image":"","background-repeat":"repeat","background-position":"center center","background-size":"auto","background-attachment":"scroll","background-type":"","background-media":"","overlay-type":"","overlay-color":"","overlay-opacity":"","overlay-gradient":""},"mobile":{"background-color":"var(--ast-global-color-5)","background-image":"","background-repeat":"repeat","background-position":"center center","background-size":"auto","background-attachment":"scroll","background-type":"","background-media":"","overlay-type":"","overlay-color":"","overlay-opacity":"","overlay-gradient":""}}},"product_brand":[442],"product_cat":[78,30,50],"product_tag":[],"class_list":{"0":"post-8683","1":"product","2":"type-product","3":"status-publish","4":"has-post-thumbnail","6":"product_brand-velilla","7":"product_cat-camisas","8":"product_cat-industria-base","9":"product_cat-ropa-profesional","10":"desktop-align-center","11":"tablet-align-left","12":"mobile-align-left","14":"first","15":"outofstock","16":"taxable","17":"shipping-taxable","18":"purchasable","19":"product-type-variable","20":"has-default-attributes"},"_links":{"self":[{"href":"https:\/\/combi-pro.com\/fr\/wp-json\/wp\/v2\/product\/8683","targetHints":{"allow":["GET"]}}],"collection":[{"href":"https:\/\/combi-pro.com\/fr\/wp-json\/wp\/v2\/product"}],"about":[{"href":"https:\/\/combi-pro.com\/fr\/wp-json\/wp\/v2\/types\/product"}],"wp:featuredmedia":[{"embeddable":true,"href":"https:\/\/combi-pro.com\/fr\/wp-json\/wp\/v2\/media\/8687"}],"wp:attachment":[{"href":"https:\/\/combi-pro.com\/fr\/wp-json\/wp\/v2\/media?parent=8683"}],"wp:term":[{"taxonomy":"product_brand","embeddable":true,"href":"https:\/\/combi-pro.com\/fr\/wp-json\/wp\/v2\/product_brand?post=8683"},{"taxonomy":"product_cat","embeddable":true,"href":"https:\/\/combi-pro.com\/fr\/wp-json\/wp\/v2\/product_cat?post=8683"},{"taxonomy":"product_tag","embeddable":true,"href":"https:\/\/combi-pro.com\/fr\/wp-json\/wp\/v2\/product_tag?post=8683"}],"curies":[{"name":"wp","href":"https:\/\/api.w.org\/{rel}","templated":true}]}}