{"id":8692,"date":"2024-05-19T15:09:11","date_gmt":"2024-05-19T13:09:11","guid":{"rendered":"https:\/\/combi-pro.com\/?post_type=product&#038;p=8692"},"modified":"2026-04-13T20:15:09","modified_gmt":"2026-04-13T18:15:09","slug":"539-chemise-ml-femme","status":"publish","type":"product","link":"https:\/\/combi-pro.com\/fr\/boutique\/539-chemise-ml-femme\/","title":{"rendered":"Chemise de travail \u00e0 manches longues et col fran\u00e7ais pour femme 539 | VELILLA"},"content":{"rendered":"<div class=\"data item\" role=\"tablist\">\n<div id=\"tab-label-description\" class=\"data item title active\" tabindex=\"0\" role=\"tab\" data-role=\"collapsible\" data-collapsible=\"true\" aria-controls=\"description\" aria-selected=\"false\" aria-expanded=\"true\">\n<p data-start=\"1102\" data-end=\"1138\"><strong data-start=\"1109\" data-end=\"1138\">Caract\u00e9ristiques techniques :<\/strong><\/p>\n<ul>\n<li data-start=\"1141\" data-end=\"1154\">Manches longues<\/li>\n<li data-start=\"1157\" data-end=\"1194\">Verrouillage central sans clapet (fran\u00e7ais)<\/li>\n<li data-start=\"1197\" data-end=\"1213\">Col fran\u00e7ais<\/li>\n<li data-start=\"1216\" data-end=\"1261\">Pinces au niveau de la poitrine et du dos (coupe ajust\u00e9e)<\/li>\n<li data-start=\"1264\" data-end=\"1318\">Manchette avec bouton (r\u00e9glable en deux positions)<\/li>\n<li data-start=\"1321\" data-end=\"1347\">Bouton de rechange inclus<\/li>\n<\/ul>\n<p><strong data-start=\"1361\" data-end=\"1377\">Composition :<\/strong><\/p>\n<ul>\n<li>Popeline : 65% polyester - 35% coton<\/li>\n<li>Poids : 115 g\/m\u00b2.<\/li>\n<li>Tissu l\u00e9ger, frais et facile \u00e0 entretenir<\/li>\n<\/ul>\n<p data-start=\"908\" data-end=\"920\"><strong data-start=\"908\" data-end=\"920\">Gamme : <\/strong><span style=\"font-size: 16px;\">Les classiques<\/span><\/p>\n<p><strong data-start=\"1504\" data-end=\"1529\">Recommandation d'utilisation :<\/strong><\/p>\n<ul>\n<li>Id\u00e9al pour les professionnels du bureau, de la sant\u00e9, de la r\u00e9ception, du service \u00e0 la client\u00e8le ou du secteur commercial qui ont besoin d'un v\u00eatement f\u00e9minin et fonctionnel.<\/li>\n<\/ul>\n<\/div>\n<\/div>","protected":false},"excerpt":{"rendered":"<p data-start=\"131\" data-end=\"352\">Chemise de travail \u00e0 manches longues pour femmes, avec fermeture centrale \u00e0 boutons fran\u00e7ais, col fran\u00e7ais, pinces sur la poitrine et dans le dos, et poignets r\u00e9glables avec fermeture \u00e0 boutons. Bouton de rechange inclus.<\/p>\n<p><strong>GUIDE DES TAILLES<\/strong><\/p>\n<p><strong><img decoding=\"async\" class=\"alignnone wp-image-17821\" src=\"https:\/\/combi-pro.com\/wp-content\/uploads\/2024\/05\/59.5-66.5-screenshot-1750127510573-300x98.png\" alt=\"\" width=\"338\" height=\"110\" srcset=\"https:\/\/combi-pro.com\/wp-content\/uploads\/2024\/05\/59.5-66.5-screenshot-1750127510573-300x98.png 300w, https:\/\/combi-pro.com\/wp-content\/uploads\/2024\/05\/59.5-66.5-screenshot-1750127510573-64x21.png 64w, https:\/\/combi-pro.com\/wp-content\/uploads\/2024\/05\/59.5-66.5-screenshot-1750127510573-18x6.png 18w, https:\/\/combi-pro.com\/wp-content\/uploads\/2024\/05\/59.5-66.5-screenshot-1750127510573.png 399w\" sizes=\"(max-width: 338px) 100vw, 338px\" \/> <img decoding=\"async\" class=\"alignnone wp-image-17696\" src=\"https:\/\/combi-pro.com\/wp-content\/uploads\/2025\/05\/screenshot-1749214923473-300x106.png\" alt=\"\" width=\"269\" height=\"95\" srcset=\"https:\/\/combi-pro.com\/wp-content\/uploads\/2025\/05\/screenshot-1749214923473-300x106.png 300w, https:\/\/combi-pro.com\/wp-content\/uploads\/2025\/05\/screenshot-1749214923473-64x23.png 64w, https:\/\/combi-pro.com\/wp-content\/uploads\/2025\/05\/screenshot-1749214923473-18x6.png 18w, https:\/\/combi-pro.com\/wp-content\/uploads\/2025\/05\/screenshot-1749214923473.png 396w\" sizes=\"(max-width: 269px) 100vw, 269px\" \/>\u00a0 \u00a0 \u00a0<\/strong><\/p>","protected":false},"featured_media":8701,"template":"","meta":{"site-sidebar-layout":"default","site-content-layout":"","ast-site-content-layout":"default","site-content-style":"default","site-sidebar-style":"default","ast-global-header-display":"","ast-banner-title-visibility":"","ast-main-header-display":"","ast-hfb-above-header-display":"","ast-hfb-below-header-display":"","ast-hfb-mobile-header-display":"","site-post-title":"","ast-breadcrumbs-content":"","ast-featured-img":"","footer-sml-layout":"","ast-disable-related-posts":"","theme-transparent-header-meta":"default","adv-header-id-meta":"","stick-header-meta":"","header-above-stick-meta":"","header-main-stick-meta":"","header-below-stick-meta":"","astra-migrate-meta-layouts":"set","ast-page-background-enabled":"default","ast-page-background-meta":{"desktop":{"background-color":"","background-image":"","background-repeat":"repeat","background-position":"center center","background-size":"auto","background-attachment":"scroll","background-type":"","background-media":"","overlay-type":"","overlay-color":"","overlay-opacity":"","overlay-gradient":""},"tablet":{"background-color":"","background-image":"","background-repeat":"repeat","background-position":"center center","background-size":"auto","background-attachment":"scroll","background-type":"","background-media":"","overlay-type":"","overlay-color":"","overlay-opacity":"","overlay-gradient":""},"mobile":{"background-color":"","background-image":"","background-repeat":"repeat","background-position":"center center","background-size":"auto","background-attachment":"scroll","background-type":"","background-media":"","overlay-type":"","overlay-color":"","overlay-opacity":"","overlay-gradient":""}},"ast-content-background-meta":{"desktop":{"background-color":"var(--ast-global-color-5)","background-image":"","background-repeat":"repeat","background-position":"center center","background-size":"auto","background-attachment":"scroll","background-type":"","background-media":"","overlay-type":"","overlay-color":"","overlay-opacity":"","overlay-gradient":""},"tablet":{"background-color":"var(--ast-global-color-5)","background-image":"","background-repeat":"repeat","background-position":"center center","background-size":"auto","background-attachment":"scroll","background-type":"","background-media":"","overlay-type":"","overlay-color":"","overlay-opacity":"","overlay-gradient":""},"mobile":{"background-color":"var(--ast-global-color-5)","background-image":"","background-repeat":"repeat","background-position":"center center","background-size":"auto","background-attachment":"scroll","background-type":"","background-media":"","overlay-type":"","overlay-color":"","overlay-opacity":"","overlay-gradient":""}}},"product_brand":[442],"product_cat":[78,30,50],"product_tag":[],"class_list":{"0":"post-8692","1":"product","2":"type-product","3":"status-publish","4":"has-post-thumbnail","6":"product_brand-velilla","7":"product_cat-camisas","8":"product_cat-industria-base","9":"product_cat-ropa-profesional","10":"desktop-align-center","11":"tablet-align-left","12":"mobile-align-left","14":"first","15":"outofstock","16":"taxable","17":"shipping-taxable","18":"purchasable","19":"product-type-variable","20":"has-default-attributes"},"_links":{"self":[{"href":"https:\/\/combi-pro.com\/fr\/wp-json\/wp\/v2\/product\/8692","targetHints":{"allow":["GET"]}}],"collection":[{"href":"https:\/\/combi-pro.com\/fr\/wp-json\/wp\/v2\/product"}],"about":[{"href":"https:\/\/combi-pro.com\/fr\/wp-json\/wp\/v2\/types\/product"}],"wp:featuredmedia":[{"embeddable":true,"href":"https:\/\/combi-pro.com\/fr\/wp-json\/wp\/v2\/media\/8701"}],"wp:attachment":[{"href":"https:\/\/combi-pro.com\/fr\/wp-json\/wp\/v2\/media?parent=8692"}],"wp:term":[{"taxonomy":"product_brand","embeddable":true,"href":"https:\/\/combi-pro.com\/fr\/wp-json\/wp\/v2\/product_brand?post=8692"},{"taxonomy":"product_cat","embeddable":true,"href":"https:\/\/combi-pro.com\/fr\/wp-json\/wp\/v2\/product_cat?post=8692"},{"taxonomy":"product_tag","embeddable":true,"href":"https:\/\/combi-pro.com\/fr\/wp-json\/wp\/v2\/product_tag?post=8692"}],"curies":[{"name":"wp","href":"https:\/\/api.w.org\/{rel}","templated":true}]}}