{"id":8702,"date":"2024-05-19T22:30:44","date_gmt":"2024-05-19T20:30:44","guid":{"rendered":"https:\/\/combi-pro.com\/?post_type=product&#038;p=8702"},"modified":"2026-05-13T16:59:10","modified_gmt":"2026-05-13T14:59:10","slug":"11501-veste-detachable","status":"publish","type":"product","link":"https:\/\/combi-pro.com\/fr\/boutique\/11501-veste-detachable\/","title":{"rendered":"Veste de travail matelass\u00e9e imperm\u00e9able amovible avec capuche 11501 | VELILLA"},"content":{"rendered":"<p data-start=\"580\" data-end=\"617\"><strong data-start=\"588\" data-end=\"617\">Caract\u00e9ristiques techniques :<\/strong><\/p>\n<ul>\n<li data-start=\"621\" data-end=\"673\">Fermeture centrale \u00e0 glissi\u00e8re, dissimul\u00e9e par un rabat<\/li>\n<li data-start=\"676\" data-end=\"718\">Patte de boutonnage centrale avec boutons-pression<\/li>\n<li data-start=\"721\" data-end=\"788\">Capuche dissimul\u00e9e \u00e0 l'int\u00e9rieur du col, r\u00e9glable avec stoppeur<\/li>\n<li data-start=\"791\" data-end=\"814\">Manches d\u00e9tachables<\/li>\n<li data-start=\"817\" data-end=\"865\">Poignets, col int\u00e9rieur et ceinture c\u00f4tel\u00e9s<\/li>\n<li data-start=\"868\" data-end=\"894\">Coutures thermosoud\u00e9es<\/li>\n<li data-start=\"897\" data-end=\"917\">Sept poches :<\/li>\n<li data-start=\"922\" data-end=\"952\">2 poches passepoil\u00e9es inf\u00e9rieures<\/li>\n<li data-start=\"957\" data-end=\"1017\">2 poches basses passepoil\u00e9es avec rabat et bouton pression<\/li>\n<li data-start=\"1022\" data-end=\"1095\">1 poche zipp\u00e9e sur le bras, avec compartiments pour stylos<\/li>\n<li data-start=\"1100\" data-end=\"1200\">2 poches int\u00e9rieures : une sur la poitrine avec fermeture \u00e9clair et une poche plaqu\u00e9e inf\u00e9rieure avec rabat et velcro<\/li>\n<\/ul>\n<p data-start=\"1207\" data-end=\"1226\"><strong data-start=\"1215\" data-end=\"1226\">Tissu:<\/strong><\/p>\n<ul>\n<li data-start=\"1229\" data-end=\"1293\">Ext\u00e9rieur : polyester 100% avec enduction PVC \/ 250 g\/m\u00b2.<\/li>\n<li data-start=\"1296\" data-end=\"1331\">Doublure : 100% polyester \/ 60 g\/m\u00b2.<\/li>\n<li data-start=\"1334\" data-end=\"1370\">Ouate : 100% polyester \/ 140 g\/m\u00b2.<\/li>\n<\/ul>\n<p data-start=\"1377\" data-end=\"1404\"><strong data-start=\"1385\" data-end=\"1394\">Gamme :<\/strong> V\u00eatements d'ext\u00e9rieur<\/p>\n<p data-start=\"1411\" data-end=\"1438\"><strong data-start=\"1418\" data-end=\"1438\">Certifications : <\/strong>EN 14058 (3\/2\/X\/X\/X\/X)<\/p>\n<p data-start=\"1472\" data-end=\"1504\"><strong data-start=\"1479\" data-end=\"1504\">Recommandation d'utilisation :<\/strong><\/p>\n<ul>\n<li data-start=\"1505\" data-end=\"1678\">Parfaite pour les conditions froides et les climats variables, cette veste matelass\u00e9e est id\u00e9ale pour le travail en ext\u00e9rieur et les environnements exigeants, avec une grande fonctionnalit\u00e9 et un grand confort.<\/li>\n<\/ul>","protected":false},"excerpt":{"rendered":"<p data-start=\"224\" data-end=\"365\">Veste matelass\u00e9e et imperm\u00e9able avec manches amovibles, capuche dissimul\u00e9e et multiples poches. Id\u00e9ale par temps froid et pour les travaux dynamiques.<\/p>\n<p data-start=\"224\" data-end=\"365\"><img decoding=\"async\" class=\"alignnone wp-image-15355\" src=\"https:\/\/combi-pro.com\/wp-content\/uploads\/2024\/04\/DESMONTABLE.png\" alt=\"\" width=\"40\" height=\"40\" srcset=\"https:\/\/combi-pro.com\/wp-content\/uploads\/2024\/04\/DESMONTABLE.png 228w, https:\/\/combi-pro.com\/wp-content\/uploads\/2024\/04\/DESMONTABLE-100x100.png 100w, https:\/\/combi-pro.com\/wp-content\/uploads\/2024\/04\/DESMONTABLE-64x64.png 64w, https:\/\/combi-pro.com\/wp-content\/uploads\/2024\/04\/DESMONTABLE-150x150.png 150w, https:\/\/combi-pro.com\/wp-content\/uploads\/2024\/04\/DESMONTABLE-12x12.png 12w\" sizes=\"(max-width: 40px) 100vw, 40px\" \/> <img decoding=\"async\" class=\"alignnone wp-image-15224\" src=\"https:\/\/combi-pro.com\/wp-content\/uploads\/2025\/04\/icon-water.png\" alt=\"\" width=\"40\" height=\"40\" srcset=\"https:\/\/combi-pro.com\/wp-content\/uploads\/2025\/04\/icon-water.png 134w, https:\/\/combi-pro.com\/wp-content\/uploads\/2025\/04\/icon-water-100x100.png 100w, https:\/\/combi-pro.com\/wp-content\/uploads\/2025\/04\/icon-water-64x64.png 64w, https:\/\/combi-pro.com\/wp-content\/uploads\/2025\/04\/icon-water-12x12.png 12w\" sizes=\"(max-width: 40px) 100vw, 40px\" \/> <img decoding=\"async\" class=\"alignnone wp-image-15227\" src=\"https:\/\/combi-pro.com\/wp-content\/uploads\/2025\/04\/icon-3layer.png\" alt=\"\" width=\"40\" height=\"40\" srcset=\"https:\/\/combi-pro.com\/wp-content\/uploads\/2025\/04\/icon-3layer.png 134w, https:\/\/combi-pro.com\/wp-content\/uploads\/2025\/04\/icon-3layer-100x100.png 100w, https:\/\/combi-pro.com\/wp-content\/uploads\/2025\/04\/icon-3layer-64x64.png 64w, https:\/\/combi-pro.com\/wp-content\/uploads\/2025\/04\/icon-3layer-12x12.png 12w\" sizes=\"(max-width: 40px) 100vw, 40px\" \/><\/p>\n<p><strong>GUIDE DES TAILLES<\/strong><\/p>\n<p><strong><img loading=\"lazy\" decoding=\"async\" class=\"alignnone wp-image-17838\" src=\"https:\/\/combi-pro.com\/wp-content\/uploads\/2024\/05\/59-64-screenshot-1750207432909-300x114.png\" alt=\"\" width=\"317\" height=\"120\" srcset=\"https:\/\/combi-pro.com\/wp-content\/uploads\/2024\/05\/59-64-screenshot-1750207432909-300x114.png 300w, https:\/\/combi-pro.com\/wp-content\/uploads\/2024\/05\/59-64-screenshot-1750207432909-64x24.png 64w, https:\/\/combi-pro.com\/wp-content\/uploads\/2024\/05\/59-64-screenshot-1750207432909-18x7.png 18w, https:\/\/combi-pro.com\/wp-content\/uploads\/2024\/05\/59-64-screenshot-1750207432909.png 399w\" sizes=\"(max-width: 317px) 100vw, 317px\" \/> <img loading=\"lazy\" decoding=\"async\" class=\"alignnone wp-image-17696\" src=\"https:\/\/combi-pro.com\/wp-content\/uploads\/2025\/05\/screenshot-1749214923473-300x106.png\" alt=\"\" width=\"283\" height=\"100\" srcset=\"https:\/\/combi-pro.com\/wp-content\/uploads\/2025\/05\/screenshot-1749214923473-300x106.png 300w, https:\/\/combi-pro.com\/wp-content\/uploads\/2025\/05\/screenshot-1749214923473-64x23.png 64w, https:\/\/combi-pro.com\/wp-content\/uploads\/2025\/05\/screenshot-1749214923473-18x6.png 18w, https:\/\/combi-pro.com\/wp-content\/uploads\/2025\/05\/screenshot-1749214923473.png 396w\" sizes=\"(max-width: 283px) 100vw, 283px\" \/>\u00a0 \u00a0 \u00a0<\/strong><\/p>","protected":false},"featured_media":8704,"template":"","meta":{"site-sidebar-layout":"default","site-content-layout":"","ast-site-content-layout":"default","site-content-style":"default","site-sidebar-style":"default","ast-global-header-display":"","ast-banner-title-visibility":"","ast-main-header-display":"","ast-hfb-above-header-display":"","ast-hfb-below-header-display":"","ast-hfb-mobile-header-display":"","site-post-title":"","ast-breadcrumbs-content":"","ast-featured-img":"","footer-sml-layout":"","ast-disable-related-posts":"","theme-transparent-header-meta":"default","adv-header-id-meta":"","stick-header-meta":"","header-above-stick-meta":"","header-main-stick-meta":"","header-below-stick-meta":"","astra-migrate-meta-layouts":"set","ast-page-background-enabled":"default","ast-page-background-meta":{"desktop":{"background-color":"","background-image":"","background-repeat":"repeat","background-position":"center center","background-size":"auto","background-attachment":"scroll","background-type":"","background-media":"","overlay-type":"","overlay-color":"","overlay-opacity":"","overlay-gradient":""},"tablet":{"background-color":"","background-image":"","background-repeat":"repeat","background-position":"center center","background-size":"auto","background-attachment":"scroll","background-type":"","background-media":"","overlay-type":"","overlay-color":"","overlay-opacity":"","overlay-gradient":""},"mobile":{"background-color":"","background-image":"","background-repeat":"repeat","background-position":"center center","background-size":"auto","background-attachment":"scroll","background-type":"","background-media":"","overlay-type":"","overlay-color":"","overlay-opacity":"","overlay-gradient":""}},"ast-content-background-meta":{"desktop":{"background-color":"var(--ast-global-color-5)","background-image":"","background-repeat":"repeat","background-position":"center center","background-size":"auto","background-attachment":"scroll","background-type":"","background-media":"","overlay-type":"","overlay-color":"","overlay-opacity":"","overlay-gradient":""},"tablet":{"background-color":"var(--ast-global-color-5)","background-image":"","background-repeat":"repeat","background-position":"center center","background-size":"auto","background-attachment":"scroll","background-type":"","background-media":"","overlay-type":"","overlay-color":"","overlay-opacity":"","overlay-gradient":""},"mobile":{"background-color":"var(--ast-global-color-5)","background-image":"","background-repeat":"repeat","background-position":"center center","background-size":"auto","background-attachment":"scroll","background-type":"","background-media":"","overlay-type":"","overlay-color":"","overlay-opacity":"","overlay-gradient":""}}},"product_brand":[442],"product_cat":[80,30,50],"product_tag":[],"class_list":{"0":"post-8702","1":"product","2":"type-product","3":"status-publish","4":"has-post-thumbnail","6":"product_brand-velilla","7":"product_cat-cazadoras","8":"product_cat-industria-base","9":"product_cat-ropa-profesional","10":"desktop-align-center","11":"tablet-align-left","12":"mobile-align-left","14":"first","15":"instock","16":"taxable","17":"shipping-taxable","18":"purchasable","19":"product-type-variable"},"_links":{"self":[{"href":"https:\/\/combi-pro.com\/fr\/wp-json\/wp\/v2\/product\/8702","targetHints":{"allow":["GET"]}}],"collection":[{"href":"https:\/\/combi-pro.com\/fr\/wp-json\/wp\/v2\/product"}],"about":[{"href":"https:\/\/combi-pro.com\/fr\/wp-json\/wp\/v2\/types\/product"}],"wp:featuredmedia":[{"embeddable":true,"href":"https:\/\/combi-pro.com\/fr\/wp-json\/wp\/v2\/media\/8704"}],"wp:attachment":[{"href":"https:\/\/combi-pro.com\/fr\/wp-json\/wp\/v2\/media?parent=8702"}],"wp:term":[{"taxonomy":"product_brand","embeddable":true,"href":"https:\/\/combi-pro.com\/fr\/wp-json\/wp\/v2\/product_brand?post=8702"},{"taxonomy":"product_cat","embeddable":true,"href":"https:\/\/combi-pro.com\/fr\/wp-json\/wp\/v2\/product_cat?post=8702"},{"taxonomy":"product_tag","embeddable":true,"href":"https:\/\/combi-pro.com\/fr\/wp-json\/wp\/v2\/product_tag?post=8702"}],"curies":[{"name":"wp","href":"https:\/\/api.w.org\/{rel}","templated":true}]}}