{"id":8726,"date":"2024-05-19T23:10:07","date_gmt":"2024-05-19T21:10:07","guid":{"rendered":"https:\/\/combi-pro.com\/?post_type=product&#038;p=8726"},"modified":"2026-04-13T21:01:16","modified_gmt":"2026-04-13T19:01:16","slug":"106003-veste-100-coton","status":"publish","type":"product","link":"https:\/\/combi-pro.com\/fr\/boutique\/106003-veste-100-coton\/","title":{"rendered":"Veste de travail 100 % coton avec poches poitrine et poignets c\u00f4tel\u00e9s 106003 | VELILLA"},"content":{"rendered":"<div class=\"data item\" role=\"tablist\">\n<div id=\"tab-label-description\" class=\"data item title active\" tabindex=\"0\" role=\"tab\" data-role=\"collapsible\" data-collapsible=\"true\" aria-controls=\"description\" aria-selected=\"false\" aria-expanded=\"true\">\n<p data-start=\"592\" data-end=\"624\"><strong data-start=\"592\" data-end=\"624\">Caract\u00e9ristiques techniques :<\/strong><\/p>\n<ul>\n<li data-start=\"628\" data-end=\"678\">Fermeture centrale \u00e0 glissi\u00e8re, dissimul\u00e9e par un rabat<\/li>\n<li data-start=\"681\" data-end=\"710\">Rabat \u00e0 fermeture velcro<\/li>\n<li data-start=\"713\" data-end=\"742\">Taille \u00e9lastiqu\u00e9e sur le c\u00f4t\u00e9<\/li>\n<li data-start=\"745\" data-end=\"762\">Poignets c\u00f4tel\u00e9s<\/li>\n<li data-start=\"765\" data-end=\"793\">Arcade avant et arri\u00e8re<\/li>\n<li data-start=\"796\" data-end=\"851\">2 poches poitrine avec soufflet, rabat et velcro<\/li>\n<\/ul>\n<p data-start=\"853\" data-end=\"867\"><strong data-start=\"853\" data-end=\"867\">Tissu:<\/strong><\/p>\n<ul>\n<li data-start=\"871\" data-end=\"892\">Serg\u00e9. 100% coton<\/li>\n<li data-start=\"895\" data-end=\"912\">Grammage : 240 g\/m\u00b2.<\/li>\n<\/ul>\n<p data-start=\"914\" data-end=\"939\"><strong data-start=\"914\" data-end=\"926\">Gamme :<\/strong> 100% Coton<\/p>\n<p data-start=\"941\" data-end=\"968\"><strong data-start=\"941\" data-end=\"968\">Recommandation d'utilisation :<\/strong><\/p>\n<ul>\n<li data-start=\"970\" data-end=\"1120\">Parfaite pour les environnements chauds ou sensibles, cette veste en coton naturel assure confort, respirabilit\u00e9 et robustesse aux professionnels.<\/li>\n<\/ul>\n<\/div>\n<\/div>","protected":false},"excerpt":{"rendered":"<p data-start=\"211\" data-end=\"393\">Veste 100% en coton avec fermeture \u00e0 glissi\u00e8re dissimul\u00e9e, patte de velcro, poignets c\u00f4tel\u00e9s et poches fonctionnelles. Id\u00e9al pour les travaux exigeants.<\/p>\n<p data-start=\"211\" data-end=\"393\"><img decoding=\"async\" class=\"alignnone wp-image-15233\" src=\"https:\/\/combi-pro.com\/wp-content\/uploads\/2025\/04\/icon-w240.png\" alt=\"\" width=\"111\" height=\"40\" srcset=\"https:\/\/combi-pro.com\/wp-content\/uploads\/2025\/04\/icon-w240.png 228w, https:\/\/combi-pro.com\/wp-content\/uploads\/2025\/04\/icon-w240-64x23.png 64w, https:\/\/combi-pro.com\/wp-content\/uploads\/2025\/04\/icon-w240-18x6.png 18w\" sizes=\"(max-width: 111px) 100vw, 111px\" \/> <img decoding=\"async\" class=\"alignnone wp-image-15211\" src=\"https:\/\/combi-pro.com\/wp-content\/uploads\/2025\/04\/icon-100cotton.png\" alt=\"\" width=\"117\" height=\"40\" srcset=\"https:\/\/combi-pro.com\/wp-content\/uploads\/2025\/04\/icon-100cotton.png 228w, https:\/\/combi-pro.com\/wp-content\/uploads\/2025\/04\/icon-100cotton-64x22.png 64w, https:\/\/combi-pro.com\/wp-content\/uploads\/2025\/04\/icon-100cotton-18x6.png 18w\" sizes=\"(max-width: 117px) 100vw, 117px\" \/><\/p>\n<p><strong>GUIDE DES TAILLES<\/strong><\/p>\n<p><strong><img decoding=\"async\" class=\"alignnone wp-image-17836\" src=\"https:\/\/combi-pro.com\/wp-content\/uploads\/2024\/05\/72.7-80.7-screenshot-1750206918315-300x157.png\" alt=\"\" width=\"267\" height=\"140\" srcset=\"https:\/\/combi-pro.com\/wp-content\/uploads\/2024\/05\/72.7-80.7-screenshot-1750206918315-300x157.png 300w, https:\/\/combi-pro.com\/wp-content\/uploads\/2024\/05\/72.7-80.7-screenshot-1750206918315-64x34.png 64w, https:\/\/combi-pro.com\/wp-content\/uploads\/2024\/05\/72.7-80.7-screenshot-1750206918315-18x9.png 18w, https:\/\/combi-pro.com\/wp-content\/uploads\/2024\/05\/72.7-80.7-screenshot-1750206918315.png 402w\" sizes=\"(max-width: 267px) 100vw, 267px\" \/>\u00a0 <img loading=\"lazy\" decoding=\"async\" class=\"alignnone wp-image-17696\" src=\"https:\/\/combi-pro.com\/wp-content\/uploads\/2025\/05\/screenshot-1749214923473-300x106.png\" alt=\"\" width=\"283\" height=\"100\" srcset=\"https:\/\/combi-pro.com\/wp-content\/uploads\/2025\/05\/screenshot-1749214923473-300x106.png 300w, https:\/\/combi-pro.com\/wp-content\/uploads\/2025\/05\/screenshot-1749214923473-64x23.png 64w, https:\/\/combi-pro.com\/wp-content\/uploads\/2025\/05\/screenshot-1749214923473-18x6.png 18w, https:\/\/combi-pro.com\/wp-content\/uploads\/2025\/05\/screenshot-1749214923473.png 396w\" sizes=\"(max-width: 283px) 100vw, 283px\" \/>\u00a0 \u00a0<\/strong><\/p>","protected":false},"featured_media":8731,"template":"","meta":{"site-sidebar-layout":"default","site-content-layout":"","ast-site-content-layout":"default","site-content-style":"default","site-sidebar-style":"default","ast-global-header-display":"","ast-banner-title-visibility":"","ast-main-header-display":"","ast-hfb-above-header-display":"","ast-hfb-below-header-display":"","ast-hfb-mobile-header-display":"","site-post-title":"","ast-breadcrumbs-content":"","ast-featured-img":"","footer-sml-layout":"","ast-disable-related-posts":"","theme-transparent-header-meta":"default","adv-header-id-meta":"","stick-header-meta":"","header-above-stick-meta":"","header-main-stick-meta":"","header-below-stick-meta":"","astra-migrate-meta-layouts":"set","ast-page-background-enabled":"default","ast-page-background-meta":{"desktop":{"background-color":"","background-image":"","background-repeat":"repeat","background-position":"center center","background-size":"auto","background-attachment":"scroll","background-type":"","background-media":"","overlay-type":"","overlay-color":"","overlay-opacity":"","overlay-gradient":""},"tablet":{"background-color":"","background-image":"","background-repeat":"repeat","background-position":"center center","background-size":"auto","background-attachment":"scroll","background-type":"","background-media":"","overlay-type":"","overlay-color":"","overlay-opacity":"","overlay-gradient":""},"mobile":{"background-color":"","background-image":"","background-repeat":"repeat","background-position":"center center","background-size":"auto","background-attachment":"scroll","background-type":"","background-media":"","overlay-type":"","overlay-color":"","overlay-opacity":"","overlay-gradient":""}},"ast-content-background-meta":{"desktop":{"background-color":"var(--ast-global-color-5)","background-image":"","background-repeat":"repeat","background-position":"center center","background-size":"auto","background-attachment":"scroll","background-type":"","background-media":"","overlay-type":"","overlay-color":"","overlay-opacity":"","overlay-gradient":""},"tablet":{"background-color":"var(--ast-global-color-5)","background-image":"","background-repeat":"repeat","background-position":"center center","background-size":"auto","background-attachment":"scroll","background-type":"","background-media":"","overlay-type":"","overlay-color":"","overlay-opacity":"","overlay-gradient":""},"mobile":{"background-color":"var(--ast-global-color-5)","background-image":"","background-repeat":"repeat","background-position":"center center","background-size":"auto","background-attachment":"scroll","background-type":"","background-media":"","overlay-type":"","overlay-color":"","overlay-opacity":"","overlay-gradient":""}}},"product_brand":[442],"product_cat":[80,30,50],"product_tag":[],"class_list":{"0":"post-8726","1":"product","2":"type-product","3":"status-publish","4":"has-post-thumbnail","6":"product_brand-velilla","7":"product_cat-cazadoras","8":"product_cat-industria-base","9":"product_cat-ropa-profesional","10":"desktop-align-center","11":"tablet-align-left","12":"mobile-align-left","14":"first","15":"instock","16":"taxable","17":"shipping-taxable","18":"product-type-variable"},"_links":{"self":[{"href":"https:\/\/combi-pro.com\/fr\/wp-json\/wp\/v2\/product\/8726","targetHints":{"allow":["GET"]}}],"collection":[{"href":"https:\/\/combi-pro.com\/fr\/wp-json\/wp\/v2\/product"}],"about":[{"href":"https:\/\/combi-pro.com\/fr\/wp-json\/wp\/v2\/types\/product"}],"wp:featuredmedia":[{"embeddable":true,"href":"https:\/\/combi-pro.com\/fr\/wp-json\/wp\/v2\/media\/8731"}],"wp:attachment":[{"href":"https:\/\/combi-pro.com\/fr\/wp-json\/wp\/v2\/media?parent=8726"}],"wp:term":[{"taxonomy":"product_brand","embeddable":true,"href":"https:\/\/combi-pro.com\/fr\/wp-json\/wp\/v2\/product_brand?post=8726"},{"taxonomy":"product_cat","embeddable":true,"href":"https:\/\/combi-pro.com\/fr\/wp-json\/wp\/v2\/product_cat?post=8726"},{"taxonomy":"product_tag","embeddable":true,"href":"https:\/\/combi-pro.com\/fr\/wp-json\/wp\/v2\/product_tag?post=8726"}],"curies":[{"name":"wp","href":"https:\/\/api.w.org\/{rel}","templated":true}]}}