{"id":8740,"date":"2024-05-19T23:22:40","date_gmt":"2024-05-19T21:22:40","guid":{"rendered":"https:\/\/combi-pro.com\/?post_type=product&#038;p=8740"},"modified":"2026-04-13T20:15:30","modified_gmt":"2026-04-13T18:15:30","slug":"61601-veste","status":"publish","type":"product","link":"https:\/\/combi-pro.com\/fr\/boutique\/61601-veste\/","title":{"rendered":"Veste de travail classique avec ceinture \u00e9lastique et poches zipp\u00e9es 61601 | VELILLA"},"content":{"rendered":"<div class=\"data item\" role=\"tablist\">\n<div id=\"tab-label-description\" class=\"data item title active\" tabindex=\"0\" role=\"tab\" data-role=\"collapsible\" data-collapsible=\"true\" aria-controls=\"description\" aria-selected=\"false\" aria-expanded=\"true\">\n<p data-start=\"626\" data-end=\"658\"><strong data-start=\"626\" data-end=\"658\"> Caract\u00e9ristiques techniques :<\/strong><\/p>\n<ul>\n<li data-start=\"662\" data-end=\"695\">Fermeture centrale \u00e0 glissi\u00e8re<\/li>\n<li data-start=\"698\" data-end=\"729\">Taille \u00e9lastiqu\u00e9e sur le c\u00f4t\u00e9<\/li>\n<li data-start=\"732\" data-end=\"751\">Poignets c\u00f4tel\u00e9s<\/li>\n<li data-start=\"754\" data-end=\"794\">2 poches plaqu\u00e9es zipp\u00e9es<\/li>\n<\/ul>\n<p data-start=\"798\" data-end=\"812\"><strong data-start=\"798\" data-end=\"812\">Tissu:<\/strong><\/p>\n<ul>\n<li data-start=\"816\" data-end=\"856\">Serg\u00e9. 80% polyester - 20% coton<\/li>\n<li data-start=\"859\" data-end=\"880\">Poids : 190 g\/m\u00b2.<\/li>\n<\/ul>\n<p data-start=\"882\" data-end=\"903\"><strong data-start=\"882\" data-end=\"894\">Gamme :<\/strong> Les classiques<\/p>\n<p><strong data-start=\"905\" data-end=\"932\">Recommandation d'utilisation :<\/strong><\/p>\n<ul>\n<li>Id\u00e9al pour les travaux n\u00e9cessitant confort et durabilit\u00e9, il offre une grande libert\u00e9 de mouvement gr\u00e2ce \u00e0 sa ceinture \u00e9lastique et \u00e0 sa conception fonctionnelle.<\/li>\n<\/ul>\n<\/div>\n<\/div>","protected":false},"excerpt":{"rendered":"<p data-start=\"132\" data-end=\"431\">Veste de travail classique avec fermeture \u00e0 glissi\u00e8re centrale, ceinture lat\u00e9rale \u00e9lastiqu\u00e9e, poignets c\u00f4tel\u00e9s et poches zipp\u00e9es. Id\u00e9ale pour les environnements de travail exigeants.<\/p>\n<p><strong>GUIDE DES TAILLES<\/strong><\/p>\n<p><strong><img decoding=\"async\" class=\"alignnone wp-image-17843\" src=\"https:\/\/combi-pro.com\/wp-content\/uploads\/2024\/05\/71-79-screenshot-1750208768866-300x155.png\" alt=\"\" width=\"270\" height=\"140\" srcset=\"https:\/\/combi-pro.com\/wp-content\/uploads\/2024\/05\/71-79-screenshot-1750208768866-300x155.png 300w, https:\/\/combi-pro.com\/wp-content\/uploads\/2024\/05\/71-79-screenshot-1750208768866-64x33.png 64w, https:\/\/combi-pro.com\/wp-content\/uploads\/2024\/05\/71-79-screenshot-1750208768866-18x9.png 18w, https:\/\/combi-pro.com\/wp-content\/uploads\/2024\/05\/71-79-screenshot-1750208768866.png 398w\" sizes=\"(max-width: 270px) 100vw, 270px\" \/> <img decoding=\"async\" class=\"alignnone wp-image-17696\" src=\"https:\/\/combi-pro.com\/wp-content\/uploads\/2025\/05\/screenshot-1749214923473-300x106.png\" alt=\"\" width=\"283\" height=\"100\" srcset=\"https:\/\/combi-pro.com\/wp-content\/uploads\/2025\/05\/screenshot-1749214923473-300x106.png 300w, https:\/\/combi-pro.com\/wp-content\/uploads\/2025\/05\/screenshot-1749214923473-64x23.png 64w, https:\/\/combi-pro.com\/wp-content\/uploads\/2025\/05\/screenshot-1749214923473-18x6.png 18w, https:\/\/combi-pro.com\/wp-content\/uploads\/2025\/05\/screenshot-1749214923473.png 396w\" sizes=\"(max-width: 283px) 100vw, 283px\" \/>\u00a0 \u00a0 \u00a0<\/strong><\/p>","protected":false},"featured_media":8750,"template":"","meta":{"site-sidebar-layout":"default","site-content-layout":"","ast-site-content-layout":"default","site-content-style":"default","site-sidebar-style":"default","ast-global-header-display":"","ast-banner-title-visibility":"","ast-main-header-display":"","ast-hfb-above-header-display":"","ast-hfb-below-header-display":"","ast-hfb-mobile-header-display":"","site-post-title":"","ast-breadcrumbs-content":"","ast-featured-img":"","footer-sml-layout":"","ast-disable-related-posts":"","theme-transparent-header-meta":"default","adv-header-id-meta":"","stick-header-meta":"","header-above-stick-meta":"","header-main-stick-meta":"","header-below-stick-meta":"","astra-migrate-meta-layouts":"set","ast-page-background-enabled":"default","ast-page-background-meta":{"desktop":{"background-color":"","background-image":"","background-repeat":"repeat","background-position":"center center","background-size":"auto","background-attachment":"scroll","background-type":"","background-media":"","overlay-type":"","overlay-color":"","overlay-opacity":"","overlay-gradient":""},"tablet":{"background-color":"","background-image":"","background-repeat":"repeat","background-position":"center center","background-size":"auto","background-attachment":"scroll","background-type":"","background-media":"","overlay-type":"","overlay-color":"","overlay-opacity":"","overlay-gradient":""},"mobile":{"background-color":"","background-image":"","background-repeat":"repeat","background-position":"center center","background-size":"auto","background-attachment":"scroll","background-type":"","background-media":"","overlay-type":"","overlay-color":"","overlay-opacity":"","overlay-gradient":""}},"ast-content-background-meta":{"desktop":{"background-color":"var(--ast-global-color-5)","background-image":"","background-repeat":"repeat","background-position":"center center","background-size":"auto","background-attachment":"scroll","background-type":"","background-media":"","overlay-type":"","overlay-color":"","overlay-opacity":"","overlay-gradient":""},"tablet":{"background-color":"var(--ast-global-color-5)","background-image":"","background-repeat":"repeat","background-position":"center center","background-size":"auto","background-attachment":"scroll","background-type":"","background-media":"","overlay-type":"","overlay-color":"","overlay-opacity":"","overlay-gradient":""},"mobile":{"background-color":"var(--ast-global-color-5)","background-image":"","background-repeat":"repeat","background-position":"center center","background-size":"auto","background-attachment":"scroll","background-type":"","background-media":"","overlay-type":"","overlay-color":"","overlay-opacity":"","overlay-gradient":""}}},"product_brand":[442],"product_cat":[80,30,50],"product_tag":[],"class_list":{"0":"post-8740","1":"product","2":"type-product","3":"status-publish","4":"has-post-thumbnail","6":"product_brand-velilla","7":"product_cat-cazadoras","8":"product_cat-industria-base","9":"product_cat-ropa-profesional","10":"desktop-align-center","11":"tablet-align-left","12":"mobile-align-left","14":"first","15":"instock","16":"taxable","17":"shipping-taxable","18":"purchasable","19":"product-type-variable","20":"has-default-attributes"},"_links":{"self":[{"href":"https:\/\/combi-pro.com\/fr\/wp-json\/wp\/v2\/product\/8740","targetHints":{"allow":["GET"]}}],"collection":[{"href":"https:\/\/combi-pro.com\/fr\/wp-json\/wp\/v2\/product"}],"about":[{"href":"https:\/\/combi-pro.com\/fr\/wp-json\/wp\/v2\/types\/product"}],"wp:featuredmedia":[{"embeddable":true,"href":"https:\/\/combi-pro.com\/fr\/wp-json\/wp\/v2\/media\/8750"}],"wp:attachment":[{"href":"https:\/\/combi-pro.com\/fr\/wp-json\/wp\/v2\/media?parent=8740"}],"wp:term":[{"taxonomy":"product_brand","embeddable":true,"href":"https:\/\/combi-pro.com\/fr\/wp-json\/wp\/v2\/product_brand?post=8740"},{"taxonomy":"product_cat","embeddable":true,"href":"https:\/\/combi-pro.com\/fr\/wp-json\/wp\/v2\/product_cat?post=8740"},{"taxonomy":"product_tag","embeddable":true,"href":"https:\/\/combi-pro.com\/fr\/wp-json\/wp\/v2\/product_tag?post=8740"}],"curies":[{"name":"wp","href":"https:\/\/api.w.org\/{rel}","templated":true}]}}