{"id":8787,"date":"2024-05-20T12:53:17","date_gmt":"2024-05-20T10:53:17","guid":{"rendered":"https:\/\/combi-pro.com\/?post_type=product&#038;p=8787"},"modified":"2026-04-13T20:15:37","modified_gmt":"2026-04-13T18:15:37","slug":"108-gilet-matelasse","status":"publish","type":"product","link":"https:\/\/combi-pro.com\/fr\/boutique\/108-gilet-matelasse\/","title":{"rendered":"Gilet de travail matelass\u00e9 avec poches multiples et fermeture \u00e0 patte 108 | VELILLA"},"content":{"rendered":"<p data-start=\"593\" data-end=\"625\"><strong data-start=\"593\" data-end=\"625\">Caract\u00e9ristiques techniques :<\/strong><\/p>\n<ul>\n<li data-start=\"629\" data-end=\"679\">Fermeture \u00e0 glissi\u00e8re centrale avec fermeture \u00e0 glissi\u00e8re dissimul\u00e9e sous le couvercle<\/li>\n<li data-start=\"682\" data-end=\"722\">Patte de boutonnage centrale avec boutons-pression<\/li>\n<li data-start=\"725\" data-end=\"754\">Taille \u00e9lastiqu\u00e9e sur le c\u00f4t\u00e9<\/li>\n<li data-start=\"757\" data-end=\"782\">Coupe-vent \u00e0 l'emmanchure<\/li>\n<li data-start=\"785\" data-end=\"803\">7 poches :<\/li>\n<li data-start=\"808\" data-end=\"862\">1 poche poitrine plaqu\u00e9e avec rabat et fermeture velcro<\/li>\n<li data-start=\"867\" data-end=\"954\">1 poche poitrine \u00e0 soufflet avec rabat et velcro + compartiments pour stylos<\/li>\n<li data-start=\"959\" data-end=\"1013\">2 poches basses plaqu\u00e9es avec rabat et velcro<\/li>\n<li data-start=\"1018\" data-end=\"1076\">2 poches lat\u00e9rales sous les poches inf\u00e9rieures<\/li>\n<li data-start=\"1081\" data-end=\"1110\">1 poche int\u00e9rieure plaqu\u00e9e<\/li>\n<\/ul>\n<p data-start=\"1117\" data-end=\"1132\"><strong data-start=\"1117\" data-end=\"1132\">Tissus :<\/strong><\/p>\n<ul>\n<li data-start=\"1136\" data-end=\"1189\">Ext\u00e9rieur : Microfibre. 100% polyester \/ 120 g\/m\u00b2.<\/li>\n<li data-start=\"1192\" data-end=\"1229\">Doublure : 100% polyester \/ 60 g\/m\u00b2.<\/li>\n<li data-start=\"1232\" data-end=\"1280\">Ouate (isolation) : 100% polyester \/ 220 g\/m\u00b2.<\/li>\n<\/ul>\n<p data-start=\"1287\" data-end=\"1309\"><strong data-start=\"1287\" data-end=\"1299\">Gamme :<\/strong> V\u00eatements d'ext\u00e9rieur<\/p>\n<p data-start=\"1316\" data-end=\"1492\"><strong data-start=\"1316\" data-end=\"1343\">Recommandation d'utilisation :<\/strong><\/p>\n<ul>\n<li data-start=\"1316\" data-end=\"1492\">Parfait pour les op\u00e9rateurs, les techniciens ou le personnel d'ext\u00e9rieur. Ce gilet allie chaleur, libert\u00e9 de mouvement et multiples poches fonctionnelles.<\/li>\n<\/ul>","protected":false},"excerpt":{"rendered":"<p data-start=\"202\" data-end=\"398\">Gilet de travail matelass\u00e9 avec plusieurs poches, patte de boutonnage et taille \u00e9lastiqu\u00e9e. Id\u00e9al pour les environnements froids et le travail en ext\u00e9rieur.<\/p>\n<p data-start=\"400\" data-end=\"586\"><img decoding=\"async\" class=\"alignnone wp-image-15357\" src=\"https:\/\/combi-pro.com\/wp-content\/uploads\/2024\/03\/RESISTENTE-AL-VIENTO.png\" alt=\"\" width=\"40\" height=\"40\" srcset=\"https:\/\/combi-pro.com\/wp-content\/uploads\/2024\/03\/RESISTENTE-AL-VIENTO.png 228w, https:\/\/combi-pro.com\/wp-content\/uploads\/2024\/03\/RESISTENTE-AL-VIENTO-100x100.png 100w, https:\/\/combi-pro.com\/wp-content\/uploads\/2024\/03\/RESISTENTE-AL-VIENTO-64x64.png 64w, https:\/\/combi-pro.com\/wp-content\/uploads\/2024\/03\/RESISTENTE-AL-VIENTO-150x150.png 150w, https:\/\/combi-pro.com\/wp-content\/uploads\/2024\/03\/RESISTENTE-AL-VIENTO-12x12.png 12w\" sizes=\"(max-width: 40px) 100vw, 40px\" \/> <img decoding=\"async\" class=\"alignnone wp-image-15227\" src=\"https:\/\/combi-pro.com\/wp-content\/uploads\/2025\/04\/icon-3layer.png\" alt=\"\" width=\"40\" height=\"40\" srcset=\"https:\/\/combi-pro.com\/wp-content\/uploads\/2025\/04\/icon-3layer.png 134w, https:\/\/combi-pro.com\/wp-content\/uploads\/2025\/04\/icon-3layer-100x100.png 100w, https:\/\/combi-pro.com\/wp-content\/uploads\/2025\/04\/icon-3layer-64x64.png 64w, https:\/\/combi-pro.com\/wp-content\/uploads\/2025\/04\/icon-3layer-12x12.png 12w\" sizes=\"(max-width: 40px) 100vw, 40px\" \/><\/p>\n<p><strong>GUIDE DES TAILLES<\/strong><\/p>\n<p><strong><img decoding=\"async\" class=\"alignnone wp-image-17792\" src=\"https:\/\/combi-pro.com\/wp-content\/uploads\/2024\/05\/70-80-screenshot-1750070151763-300x101.png\" alt=\"\" width=\"326\" height=\"110\" srcset=\"https:\/\/combi-pro.com\/wp-content\/uploads\/2024\/05\/70-80-screenshot-1750070151763-300x101.png 300w, https:\/\/combi-pro.com\/wp-content\/uploads\/2024\/05\/70-80-screenshot-1750070151763-64x22.png 64w, https:\/\/combi-pro.com\/wp-content\/uploads\/2024\/05\/70-80-screenshot-1750070151763-18x6.png 18w, https:\/\/combi-pro.com\/wp-content\/uploads\/2024\/05\/70-80-screenshot-1750070151763.png 400w\" sizes=\"(max-width: 326px) 100vw, 326px\" \/> <img loading=\"lazy\" decoding=\"async\" class=\"alignnone wp-image-17696\" src=\"https:\/\/combi-pro.com\/wp-content\/uploads\/2025\/05\/screenshot-1749214923473-300x106.png\" alt=\"\" width=\"283\" height=\"100\" srcset=\"https:\/\/combi-pro.com\/wp-content\/uploads\/2025\/05\/screenshot-1749214923473-300x106.png 300w, https:\/\/combi-pro.com\/wp-content\/uploads\/2025\/05\/screenshot-1749214923473-64x23.png 64w, https:\/\/combi-pro.com\/wp-content\/uploads\/2025\/05\/screenshot-1749214923473-18x6.png 18w, https:\/\/combi-pro.com\/wp-content\/uploads\/2025\/05\/screenshot-1749214923473.png 396w\" sizes=\"(max-width: 283px) 100vw, 283px\" \/>\u00a0 \u00a0 \u00a0\u00a0<\/strong><\/p>","protected":false},"featured_media":8799,"template":"","meta":{"site-sidebar-layout":"default","site-content-layout":"","ast-site-content-layout":"default","site-content-style":"default","site-sidebar-style":"default","ast-global-header-display":"","ast-banner-title-visibility":"","ast-main-header-display":"","ast-hfb-above-header-display":"","ast-hfb-below-header-display":"","ast-hfb-mobile-header-display":"","site-post-title":"","ast-breadcrumbs-content":"","ast-featured-img":"","footer-sml-layout":"","ast-disable-related-posts":"","theme-transparent-header-meta":"default","adv-header-id-meta":"","stick-header-meta":"","header-above-stick-meta":"","header-main-stick-meta":"","header-below-stick-meta":"","astra-migrate-meta-layouts":"set","ast-page-background-enabled":"default","ast-page-background-meta":{"desktop":{"background-color":"","background-image":"","background-repeat":"repeat","background-position":"center center","background-size":"auto","background-attachment":"scroll","background-type":"","background-media":"","overlay-type":"","overlay-color":"","overlay-opacity":"","overlay-gradient":""},"tablet":{"background-color":"","background-image":"","background-repeat":"repeat","background-position":"center center","background-size":"auto","background-attachment":"scroll","background-type":"","background-media":"","overlay-type":"","overlay-color":"","overlay-opacity":"","overlay-gradient":""},"mobile":{"background-color":"","background-image":"","background-repeat":"repeat","background-position":"center center","background-size":"auto","background-attachment":"scroll","background-type":"","background-media":"","overlay-type":"","overlay-color":"","overlay-opacity":"","overlay-gradient":""}},"ast-content-background-meta":{"desktop":{"background-color":"var(--ast-global-color-5)","background-image":"","background-repeat":"repeat","background-position":"center center","background-size":"auto","background-attachment":"scroll","background-type":"","background-media":"","overlay-type":"","overlay-color":"","overlay-opacity":"","overlay-gradient":""},"tablet":{"background-color":"var(--ast-global-color-5)","background-image":"","background-repeat":"repeat","background-position":"center center","background-size":"auto","background-attachment":"scroll","background-type":"","background-media":"","overlay-type":"","overlay-color":"","overlay-opacity":"","overlay-gradient":""},"mobile":{"background-color":"var(--ast-global-color-5)","background-image":"","background-repeat":"repeat","background-position":"center center","background-size":"auto","background-attachment":"scroll","background-type":"","background-media":"","overlay-type":"","overlay-color":"","overlay-opacity":"","overlay-gradient":""}}},"product_brand":[442],"product_cat":[81,30,50],"product_tag":[],"class_list":{"0":"post-8787","1":"product","2":"type-product","3":"status-publish","4":"has-post-thumbnail","6":"product_brand-velilla","7":"product_cat-chalecos","8":"product_cat-industria-base","9":"product_cat-ropa-profesional","10":"desktop-align-center","11":"tablet-align-left","12":"mobile-align-left","14":"first","15":"instock","16":"taxable","17":"shipping-taxable","18":"purchasable","19":"product-type-variable","20":"has-default-attributes"},"_links":{"self":[{"href":"https:\/\/combi-pro.com\/fr\/wp-json\/wp\/v2\/product\/8787","targetHints":{"allow":["GET"]}}],"collection":[{"href":"https:\/\/combi-pro.com\/fr\/wp-json\/wp\/v2\/product"}],"about":[{"href":"https:\/\/combi-pro.com\/fr\/wp-json\/wp\/v2\/types\/product"}],"wp:featuredmedia":[{"embeddable":true,"href":"https:\/\/combi-pro.com\/fr\/wp-json\/wp\/v2\/media\/8799"}],"wp:attachment":[{"href":"https:\/\/combi-pro.com\/fr\/wp-json\/wp\/v2\/media?parent=8787"}],"wp:term":[{"taxonomy":"product_brand","embeddable":true,"href":"https:\/\/combi-pro.com\/fr\/wp-json\/wp\/v2\/product_brand?post=8787"},{"taxonomy":"product_cat","embeddable":true,"href":"https:\/\/combi-pro.com\/fr\/wp-json\/wp\/v2\/product_cat?post=8787"},{"taxonomy":"product_tag","embeddable":true,"href":"https:\/\/combi-pro.com\/fr\/wp-json\/wp\/v2\/product_tag?post=8787"}],"curies":[{"name":"wp","href":"https:\/\/api.w.org\/{rel}","templated":true}]}}