{"id":8823,"date":"2024-05-20T14:07:19","date_gmt":"2024-05-20T12:07:19","guid":{"rendered":"https:\/\/combi-pro.com\/?post_type=product&#038;p=8823"},"modified":"2026-04-13T20:15:49","modified_gmt":"2026-04-13T18:15:49","slug":"105901-gilet","status":"publish","type":"product","link":"https:\/\/combi-pro.com\/fr\/boutique\/105901-gilet\/","title":{"rendered":"Gilet de travail multipoches avec fermeture \u00e9clair 105901 | VELILLA"},"content":{"rendered":"<div class=\"data item\" role=\"tablist\">\n<div id=\"tab-label-description\" class=\"data item title active\" tabindex=\"0\" role=\"tab\" data-role=\"collapsible\" data-collapsible=\"true\" aria-controls=\"description\" aria-selected=\"false\" aria-expanded=\"true\">\n<div class=\"data item\" role=\"tablist\">\n<div id=\"tab-label-description\" class=\"data item title active\" tabindex=\"0\" role=\"tab\" data-role=\"collapsible\" data-collapsible=\"true\" aria-controls=\"description\" aria-selected=\"false\" aria-expanded=\"true\">\n<p data-start=\"573\" data-end=\"605\"><strong data-start=\"573\" data-end=\"605\">Caract\u00e9ristiques techniques :<\/strong><\/p>\n<ul>\n<li data-start=\"609\" data-end=\"640\">Fermeture centrale \u00e0 glissi\u00e8re<\/li>\n<li data-start=\"643\" data-end=\"671\">Arcade avant et arri\u00e8re<\/li>\n<li data-start=\"674\" data-end=\"708\">Tissu en maille \u00e0 l'int\u00e9rieur<\/li>\n<li data-start=\"711\" data-end=\"725\">9 poches :<\/li>\n<li data-start=\"730\" data-end=\"794\">2 poches \u00e0 soufflet sur la poitrine avec rabat, tirette et velcro<\/li>\n<li data-start=\"799\" data-end=\"847\">1 poche verticale zipp\u00e9e sur la poitrine<\/li>\n<li data-start=\"852\" data-end=\"901\">2 poches inf\u00e9rieures \u00e0 soufflet avec fermeture \u00e9clair<\/li>\n<li data-start=\"906\" data-end=\"957\">2 poches sup\u00e9rieures avec rabat, tirette et velcro<\/li>\n<\/ul>\n<p data-start=\"959\" data-end=\"976\"><strong data-start=\"959\" data-end=\"974\">Tissus :<\/strong><\/p>\n<ul>\n<li data-start=\"979\" data-end=\"1040\">Ext\u00e9rieur : Twill. 80% polyester - 20% coton \/ 180 g\/m\u00b2.<\/li>\n<li data-start=\"1043\" data-end=\"1090\">Doublure : Maille. 100% polyester \/ 80 g\/m\u00b2.<\/li>\n<\/ul>\n<p data-start=\"1092\" data-end=\"1113\"><strong data-start=\"1092\" data-end=\"1104\">Gamme :<\/strong> Les classiques<\/p>\n<p data-start=\"1115\" data-end=\"1316\"><strong data-start=\"1115\" data-end=\"1142\">Recommandation d'utilisation :<\/strong><\/p>\n<ul>\n<li data-start=\"1115\" data-end=\"1316\">Id\u00e9al pour les techniciens, les op\u00e9rateurs et les travailleurs sur le terrain qui ont besoin de garder des outils ou du mat\u00e9riel \u00e0 port\u00e9e de main. Sa conception permet une grande libert\u00e9 de mouvement et une grande fonctionnalit\u00e9.<\/li>\n<\/ul>\n<\/div>\n<\/div>\n<\/div>\n<\/div>","protected":false},"excerpt":{"rendered":"<p data-start=\"188\" data-end=\"388\">Gilet de travail l\u00e9ger avec plusieurs poches, fermeture \u00e0 glissi\u00e8re et tissu int\u00e9rieur en maille. Fonctionnel, confortable et id\u00e9al pour un usage professionnel.<\/p>\n<p data-start=\"390\" data-end=\"571\"><img decoding=\"async\" class=\"alignnone wp-image-15218\" src=\"https:\/\/combi-pro.com\/wp-content\/uploads\/2025\/04\/icon-9pockets.png\" alt=\"\" width=\"40\" height=\"40\" srcset=\"https:\/\/combi-pro.com\/wp-content\/uploads\/2025\/04\/icon-9pockets.png 134w, https:\/\/combi-pro.com\/wp-content\/uploads\/2025\/04\/icon-9pockets-100x100.png 100w, https:\/\/combi-pro.com\/wp-content\/uploads\/2025\/04\/icon-9pockets-64x64.png 64w, https:\/\/combi-pro.com\/wp-content\/uploads\/2025\/04\/icon-9pockets-12x12.png 12w\" sizes=\"(max-width: 40px) 100vw, 40px\" \/><\/p>\n<p><strong>GUIDE DES TAILLES<\/strong><\/p>\n<p><strong><img decoding=\"async\" class=\"alignnone wp-image-17844\" src=\"https:\/\/combi-pro.com\/wp-content\/uploads\/2024\/05\/66.5-71.5-screenshot-1750240148400-300x114.png\" alt=\"\" width=\"316\" height=\"120\" srcset=\"https:\/\/combi-pro.com\/wp-content\/uploads\/2024\/05\/66.5-71.5-screenshot-1750240148400-300x114.png 300w, https:\/\/combi-pro.com\/wp-content\/uploads\/2024\/05\/66.5-71.5-screenshot-1750240148400-64x24.png 64w, https:\/\/combi-pro.com\/wp-content\/uploads\/2024\/05\/66.5-71.5-screenshot-1750240148400-18x7.png 18w, https:\/\/combi-pro.com\/wp-content\/uploads\/2024\/05\/66.5-71.5-screenshot-1750240148400.png 398w\" sizes=\"(max-width: 316px) 100vw, 316px\" \/> <img decoding=\"async\" class=\"alignnone wp-image-17696\" src=\"https:\/\/combi-pro.com\/wp-content\/uploads\/2025\/05\/screenshot-1749214923473-300x106.png\" alt=\"\" width=\"283\" height=\"100\" srcset=\"https:\/\/combi-pro.com\/wp-content\/uploads\/2025\/05\/screenshot-1749214923473-300x106.png 300w, https:\/\/combi-pro.com\/wp-content\/uploads\/2025\/05\/screenshot-1749214923473-64x23.png 64w, https:\/\/combi-pro.com\/wp-content\/uploads\/2025\/05\/screenshot-1749214923473-18x6.png 18w, https:\/\/combi-pro.com\/wp-content\/uploads\/2025\/05\/screenshot-1749214923473.png 396w\" sizes=\"(max-width: 283px) 100vw, 283px\" \/>\u00a0 \u00a0 \u00a0<\/strong><\/p>","protected":false},"featured_media":8832,"template":"","meta":{"site-sidebar-layout":"default","site-content-layout":"","ast-site-content-layout":"default","site-content-style":"default","site-sidebar-style":"default","ast-global-header-display":"","ast-banner-title-visibility":"","ast-main-header-display":"","ast-hfb-above-header-display":"","ast-hfb-below-header-display":"","ast-hfb-mobile-header-display":"","site-post-title":"","ast-breadcrumbs-content":"","ast-featured-img":"","footer-sml-layout":"","ast-disable-related-posts":"","theme-transparent-header-meta":"default","adv-header-id-meta":"","stick-header-meta":"","header-above-stick-meta":"","header-main-stick-meta":"","header-below-stick-meta":"","astra-migrate-meta-layouts":"set","ast-page-background-enabled":"default","ast-page-background-meta":{"desktop":{"background-color":"","background-image":"","background-repeat":"repeat","background-position":"center center","background-size":"auto","background-attachment":"scroll","background-type":"","background-media":"","overlay-type":"","overlay-color":"","overlay-opacity":"","overlay-gradient":""},"tablet":{"background-color":"","background-image":"","background-repeat":"repeat","background-position":"center center","background-size":"auto","background-attachment":"scroll","background-type":"","background-media":"","overlay-type":"","overlay-color":"","overlay-opacity":"","overlay-gradient":""},"mobile":{"background-color":"","background-image":"","background-repeat":"repeat","background-position":"center center","background-size":"auto","background-attachment":"scroll","background-type":"","background-media":"","overlay-type":"","overlay-color":"","overlay-opacity":"","overlay-gradient":""}},"ast-content-background-meta":{"desktop":{"background-color":"var(--ast-global-color-5)","background-image":"","background-repeat":"repeat","background-position":"center center","background-size":"auto","background-attachment":"scroll","background-type":"","background-media":"","overlay-type":"","overlay-color":"","overlay-opacity":"","overlay-gradient":""},"tablet":{"background-color":"var(--ast-global-color-5)","background-image":"","background-repeat":"repeat","background-position":"center center","background-size":"auto","background-attachment":"scroll","background-type":"","background-media":"","overlay-type":"","overlay-color":"","overlay-opacity":"","overlay-gradient":""},"mobile":{"background-color":"var(--ast-global-color-5)","background-image":"","background-repeat":"repeat","background-position":"center center","background-size":"auto","background-attachment":"scroll","background-type":"","background-media":"","overlay-type":"","overlay-color":"","overlay-opacity":"","overlay-gradient":""}}},"product_brand":[442],"product_cat":[81,30,50],"product_tag":[],"class_list":{"0":"post-8823","1":"product","2":"type-product","3":"status-publish","4":"has-post-thumbnail","6":"product_brand-velilla","7":"product_cat-chalecos","8":"product_cat-industria-base","9":"product_cat-ropa-profesional","10":"desktop-align-center","11":"tablet-align-left","12":"mobile-align-left","14":"first","15":"instock","16":"taxable","17":"shipping-taxable","18":"purchasable","19":"product-type-variable","20":"has-default-attributes"},"_links":{"self":[{"href":"https:\/\/combi-pro.com\/fr\/wp-json\/wp\/v2\/product\/8823","targetHints":{"allow":["GET"]}}],"collection":[{"href":"https:\/\/combi-pro.com\/fr\/wp-json\/wp\/v2\/product"}],"about":[{"href":"https:\/\/combi-pro.com\/fr\/wp-json\/wp\/v2\/types\/product"}],"wp:featuredmedia":[{"embeddable":true,"href":"https:\/\/combi-pro.com\/fr\/wp-json\/wp\/v2\/media\/8832"}],"wp:attachment":[{"href":"https:\/\/combi-pro.com\/fr\/wp-json\/wp\/v2\/media?parent=8823"}],"wp:term":[{"taxonomy":"product_brand","embeddable":true,"href":"https:\/\/combi-pro.com\/fr\/wp-json\/wp\/v2\/product_brand?post=8823"},{"taxonomy":"product_cat","embeddable":true,"href":"https:\/\/combi-pro.com\/fr\/wp-json\/wp\/v2\/product_cat?post=8823"},{"taxonomy":"product_tag","embeddable":true,"href":"https:\/\/combi-pro.com\/fr\/wp-json\/wp\/v2\/product_tag?post=8823"}],"curies":[{"name":"wp","href":"https:\/\/api.w.org\/{rel}","templated":true}]}}