{"id":8842,"date":"2024-05-20T14:14:12","date_gmt":"2024-05-20T12:14:12","guid":{"rendered":"https:\/\/combi-pro.com\/?post_type=product&#038;p=8842"},"modified":"2026-04-13T20:15:56","modified_gmt":"2026-04-13T18:15:56","slug":"205905-gilet-en-soft-shell","status":"publish","type":"product","link":"https:\/\/combi-pro.com\/fr\/boutique\/205905-gilet-en-soft-shell\/","title":{"rendered":"Gilet en soft shell avec zip invers\u00e9 et poches 205905 | VELILLA"},"content":{"rendered":"<p data-start=\"683\" data-end=\"715\"><strong data-start=\"683\" data-end=\"715\">Caract\u00e9ristiques techniques :<\/strong><\/p>\n<ul>\n<li data-start=\"719\" data-end=\"779\">Fermeture centrale avec zip invers\u00e9 de couleur contrast\u00e9e<\/li>\n<li data-start=\"782\" data-end=\"848\">Rabat interne en haut couvrant la fermeture \u00e0 glissi\u00e8re<\/li>\n<li data-start=\"851\" data-end=\"901\">Couleur contrast\u00e9e noire sur les fermetures \u00e9clair et les tirettes<\/li>\n<li data-start=\"904\" data-end=\"985\">Bande de biais \u00e9lastique contrast\u00e9e noire \u00e0 l'ourlet et aux emmanchures<\/li>\n<li data-start=\"988\" data-end=\"1014\">Empi\u00e8cement avant et arri\u00e8re<\/li>\n<li data-start=\"1017\" data-end=\"1077\">Trois poches : 3 poches passepoil\u00e9es avec fermetures \u00e0 glissi\u00e8re sur l'envers<\/li>\n<\/ul>\n<p data-start=\"1079\" data-end=\"1093\"><strong data-start=\"1079\" data-end=\"1093\">Tissu:<\/strong><\/p>\n<ul>\n<li data-start=\"1097\" data-end=\"1163\">Ext\u00e9rieur : Soft shell 94 % polyester - 6 % \u00e9lasthanne, 280 g\/m\u00b2.<\/li>\n<li data-start=\"1166\" data-end=\"1202\">Doublure : 100 % polyester, 130 g\/m\u00b2.<\/li>\n<\/ul>\n<p data-start=\"1204\" data-end=\"1215\"><strong data-start=\"1204\" data-end=\"1215\">Gamme : <\/strong>V\u00eatements d'ext\u00e9rieur<\/p>\n<p data-start=\"1230\" data-end=\"1257\"><strong data-start=\"1230\" data-end=\"1257\">Recommandation d'utilisation :<\/strong><\/p>\n<ul>\n<li data-start=\"1259\" data-end=\"1416\">Id\u00e9al pour les activit\u00e9s de plein air, le travail dans des environnements froids ou comme v\u00eatement l\u00e9ger et coupe-vent. Gilet fonctionnel, confortable et durable.<\/li>\n<\/ul>","protected":false},"excerpt":{"rendered":"<p>Gilet en soft shell avec doublure int\u00e9rieure en polaire, fermetures \u00e9clair contrast\u00e9es, emmanchures et ourlets \u00e9lastiques. L\u00e9ger, confortable et pratique, avec trois poches zipp\u00e9es pour un usage professionnel quotidien.<\/p>\n<p><img decoding=\"async\" class=\"alignnone wp-image-15356\" src=\"https:\/\/combi-pro.com\/wp-content\/uploads\/2024\/03\/SOFT-SHELL-TRIPLE-LAYER.png\" alt=\"\" width=\"36\" height=\"40\" srcset=\"https:\/\/combi-pro.com\/wp-content\/uploads\/2024\/03\/SOFT-SHELL-TRIPLE-LAYER.png 228w, https:\/\/combi-pro.com\/wp-content\/uploads\/2024\/03\/SOFT-SHELL-TRIPLE-LAYER-64x71.png 64w, https:\/\/combi-pro.com\/wp-content\/uploads\/2024\/03\/SOFT-SHELL-TRIPLE-LAYER-11x12.png 11w\" sizes=\"(max-width: 36px) 100vw, 36px\" \/><\/p>\n<p><strong>GUIDE DES TAILLES<\/strong><\/p>\n<p><strong><img decoding=\"async\" class=\"alignnone wp-image-17846\" src=\"https:\/\/combi-pro.com\/wp-content\/uploads\/2024\/05\/69.4-70.6-screenshot-1750241465498-300x127.png\" alt=\"\" width=\"307\" height=\"130\" srcset=\"https:\/\/combi-pro.com\/wp-content\/uploads\/2024\/05\/69.4-70.6-screenshot-1750241465498-300x127.png 300w, https:\/\/combi-pro.com\/wp-content\/uploads\/2024\/05\/69.4-70.6-screenshot-1750241465498-64x27.png 64w, https:\/\/combi-pro.com\/wp-content\/uploads\/2024\/05\/69.4-70.6-screenshot-1750241465498-18x8.png 18w, https:\/\/combi-pro.com\/wp-content\/uploads\/2024\/05\/69.4-70.6-screenshot-1750241465498.png 399w\" sizes=\"(max-width: 307px) 100vw, 307px\" \/> <img decoding=\"async\" class=\"alignnone wp-image-17696\" src=\"https:\/\/combi-pro.com\/wp-content\/uploads\/2025\/05\/screenshot-1749214923473-300x106.png\" alt=\"\" width=\"283\" height=\"100\" srcset=\"https:\/\/combi-pro.com\/wp-content\/uploads\/2025\/05\/screenshot-1749214923473-300x106.png 300w, https:\/\/combi-pro.com\/wp-content\/uploads\/2025\/05\/screenshot-1749214923473-64x23.png 64w, https:\/\/combi-pro.com\/wp-content\/uploads\/2025\/05\/screenshot-1749214923473-18x6.png 18w, https:\/\/combi-pro.com\/wp-content\/uploads\/2025\/05\/screenshot-1749214923473.png 396w\" sizes=\"(max-width: 283px) 100vw, 283px\" \/>\u00a0 \u00a0\u00a0<\/strong><\/p>","protected":false},"featured_media":8850,"template":"","meta":{"site-sidebar-layout":"default","site-content-layout":"","ast-site-content-layout":"default","site-content-style":"default","site-sidebar-style":"default","ast-global-header-display":"","ast-banner-title-visibility":"","ast-main-header-display":"","ast-hfb-above-header-display":"","ast-hfb-below-header-display":"","ast-hfb-mobile-header-display":"","site-post-title":"","ast-breadcrumbs-content":"","ast-featured-img":"","footer-sml-layout":"","ast-disable-related-posts":"","theme-transparent-header-meta":"default","adv-header-id-meta":"","stick-header-meta":"","header-above-stick-meta":"","header-main-stick-meta":"","header-below-stick-meta":"","astra-migrate-meta-layouts":"set","ast-page-background-enabled":"default","ast-page-background-meta":{"desktop":{"background-color":"","background-image":"","background-repeat":"repeat","background-position":"center center","background-size":"auto","background-attachment":"scroll","background-type":"","background-media":"","overlay-type":"","overlay-color":"","overlay-opacity":"","overlay-gradient":""},"tablet":{"background-color":"","background-image":"","background-repeat":"repeat","background-position":"center center","background-size":"auto","background-attachment":"scroll","background-type":"","background-media":"","overlay-type":"","overlay-color":"","overlay-opacity":"","overlay-gradient":""},"mobile":{"background-color":"","background-image":"","background-repeat":"repeat","background-position":"center center","background-size":"auto","background-attachment":"scroll","background-type":"","background-media":"","overlay-type":"","overlay-color":"","overlay-opacity":"","overlay-gradient":""}},"ast-content-background-meta":{"desktop":{"background-color":"var(--ast-global-color-5)","background-image":"","background-repeat":"repeat","background-position":"center center","background-size":"auto","background-attachment":"scroll","background-type":"","background-media":"","overlay-type":"","overlay-color":"","overlay-opacity":"","overlay-gradient":""},"tablet":{"background-color":"var(--ast-global-color-5)","background-image":"","background-repeat":"repeat","background-position":"center center","background-size":"auto","background-attachment":"scroll","background-type":"","background-media":"","overlay-type":"","overlay-color":"","overlay-opacity":"","overlay-gradient":""},"mobile":{"background-color":"var(--ast-global-color-5)","background-image":"","background-repeat":"repeat","background-position":"center center","background-size":"auto","background-attachment":"scroll","background-type":"","background-media":"","overlay-type":"","overlay-color":"","overlay-opacity":"","overlay-gradient":""}}},"product_brand":[442],"product_cat":[81,30,50,91],"product_tag":[],"class_list":{"0":"post-8842","1":"product","2":"type-product","3":"status-publish","4":"has-post-thumbnail","6":"product_brand-velilla","7":"product_cat-chalecos","8":"product_cat-industria-base","9":"product_cat-ropa-profesional","10":"product_cat-soft-shell","11":"desktop-align-center","12":"tablet-align-left","13":"mobile-align-left","15":"first","16":"instock","17":"taxable","18":"shipping-taxable","19":"purchasable","20":"product-type-variable","21":"has-default-attributes"},"_links":{"self":[{"href":"https:\/\/combi-pro.com\/fr\/wp-json\/wp\/v2\/product\/8842","targetHints":{"allow":["GET"]}}],"collection":[{"href":"https:\/\/combi-pro.com\/fr\/wp-json\/wp\/v2\/product"}],"about":[{"href":"https:\/\/combi-pro.com\/fr\/wp-json\/wp\/v2\/types\/product"}],"wp:featuredmedia":[{"embeddable":true,"href":"https:\/\/combi-pro.com\/fr\/wp-json\/wp\/v2\/media\/8850"}],"wp:attachment":[{"href":"https:\/\/combi-pro.com\/fr\/wp-json\/wp\/v2\/media?parent=8842"}],"wp:term":[{"taxonomy":"product_brand","embeddable":true,"href":"https:\/\/combi-pro.com\/fr\/wp-json\/wp\/v2\/product_brand?post=8842"},{"taxonomy":"product_cat","embeddable":true,"href":"https:\/\/combi-pro.com\/fr\/wp-json\/wp\/v2\/product_cat?post=8842"},{"taxonomy":"product_tag","embeddable":true,"href":"https:\/\/combi-pro.com\/fr\/wp-json\/wp\/v2\/product_tag?post=8842"}],"curies":[{"name":"wp","href":"https:\/\/api.w.org\/{rel}","templated":true}]}}