{"id":8858,"date":"2024-05-20T14:29:22","date_gmt":"2024-05-20T12:29:22","guid":{"rendered":"https:\/\/combi-pro.com\/?post_type=product&#038;p=8858"},"modified":"2026-04-13T20:16:01","modified_gmt":"2026-04-13T18:16:01","slug":"205904-gilet-rembourre-av","status":"publish","type":"product","link":"https:\/\/combi-pro.com\/fr\/boutique\/205904-gilet-rembourre-av\/","title":{"rendered":"Gilet matelass\u00e9 et fonctionnel haute visibilit\u00e9 205904 | VELILLA"},"content":{"rendered":"<p class=\"\" data-start=\"130\" data-end=\"577\"><strong data-start=\"586\" data-end=\"618\">Caract\u00e9ristiques principales :<\/strong><\/p>\n<ul>\n<li data-start=\"622\" data-end=\"702\">Fermeture centrale \u00e0 glissi\u00e8re avec fermeture \u00e0 glissi\u00e8re dissimul\u00e9e et patte de boutonnage \u00e0 pression.<\/li>\n<li data-start=\"705\" data-end=\"796\">Bandes r\u00e9fl\u00e9chissantes sur le torse pour une meilleure visibilit\u00e9 dans des conditions de faible luminosit\u00e9.<\/li>\n<li data-start=\"799\" data-end=\"864\">Taille \u00e9lastiqu\u00e9e sur le c\u00f4t\u00e9 pour un ajustement parfait.<\/li>\n<li data-start=\"867\" data-end=\"949\">Windstopper aux emmanchures, am\u00e9liorant la protection contre le froid et le vent.<\/li>\n<li data-start=\"952\" data-end=\"980\">7 poches fonctionnelles :<\/li>\n<li data-start=\"985\" data-end=\"1038\">1 poche poitrine plaqu\u00e9e avec rabat et velcro.<\/li>\n<li data-start=\"1043\" data-end=\"1111\">1 poche \u00e0 soufflet sur la poitrine avec compartiments pour stylos.<\/li>\n<li data-start=\"1116\" data-end=\"1169\">2 poches inf\u00e9rieures plaqu\u00e9es avec rabat et velcro.<\/li>\n<li data-start=\"1174\" data-end=\"1234\">2 poches lat\u00e9rales cach\u00e9es sous les poches inf\u00e9rieures.<\/li>\n<li data-start=\"1239\" data-end=\"1269\">1 poche int\u00e9rieure plaqu\u00e9e.<\/li>\n<\/ul>\n<p data-start=\"1271\" data-end=\"1298\"><strong data-start=\"1279\" data-end=\"1298\">Certification :<\/strong><\/p>\n<ul data-start=\"1299\" data-end=\"1482\">\n<li class=\"\" data-start=\"1299\" data-end=\"1482\">\n<p class=\"\" data-start=\"1301\" data-end=\"1482\">EN 17353 (CLASSE B3) - Norme pour les v\u00eatements \u00e0 visibilit\u00e9 renforc\u00e9e, convenant aux travailleurs dans des environnements \u00e0 faible risque qui ont besoin d'\u00eatre vus par intermittence.<\/p>\n<\/li>\n<\/ul>\n<p data-start=\"1484\" data-end=\"1504\"><strong data-start=\"1492\" data-end=\"1502\">Gamme : <\/strong>Am\u00e9lioration de la visibilit\u00e9<\/p>\n<p data-start=\"1527\" data-end=\"1547\"><strong data-start=\"1534\" data-end=\"1547\">Tissus :<\/strong><\/p>\n<ul>\n<li data-start=\"1550\" data-end=\"1604\">Ext\u00e9rieur (microfibre) : 100% polyester \/ 120 g\/m\u00b2.<\/li>\n<li data-start=\"1607\" data-end=\"1644\">Doublure : 100% polyester \/ 60 g\/m\u00b2.<\/li>\n<li data-start=\"1647\" data-end=\"1697\">Ouate : 100% polyester \/ 220 g\/m\u00b2.<\/li>\n<\/ul>\n<p data-start=\"1699\" data-end=\"1726\"><strong data-start=\"1705\" data-end=\"1724\">Recommandation :<\/strong><\/p>\n<p class=\"\" data-start=\"1727\" data-end=\"1908\">Parfait pour les travailleurs dans des secteurs tels que la logistique, la maintenance ou la surveillance qui ont besoin de confort, de chaleur et d'organisation, sans avoir besoin d'une haute visibilit\u00e9 permanente.<\/p>\n<p data-start=\"1727\" data-end=\"1908\"><img decoding=\"async\" class=\"alignnone wp-image-14962\" src=\"https:\/\/combi-pro.com\/wp-content\/uploads\/2025\/01\/bordado-mukua.jpg\" alt=\"\" width=\"60\" height=\"60\" srcset=\"https:\/\/combi-pro.com\/wp-content\/uploads\/2025\/01\/bordado-mukua.jpg 427w, https:\/\/combi-pro.com\/wp-content\/uploads\/2025\/01\/bordado-mukua-100x100.jpg 100w, https:\/\/combi-pro.com\/wp-content\/uploads\/2025\/01\/bordado-mukua-64x64.jpg 64w, https:\/\/combi-pro.com\/wp-content\/uploads\/2025\/01\/bordado-mukua-300x300.jpg 300w, https:\/\/combi-pro.com\/wp-content\/uploads\/2025\/01\/bordado-mukua-150x150.jpg 150w, https:\/\/combi-pro.com\/wp-content\/uploads\/2025\/01\/bordado-mukua-12x12.jpg 12w\" sizes=\"(max-width: 60px) 100vw, 60px\" \/> <img decoding=\"async\" class=\"alignnone wp-image-14960\" src=\"https:\/\/combi-pro.com\/wp-content\/uploads\/2025\/01\/impresion-mukua-300x300.jpg\" alt=\"\" width=\"60\" height=\"60\" srcset=\"https:\/\/combi-pro.com\/wp-content\/uploads\/2025\/01\/impresion-mukua-300x300.jpg 300w, https:\/\/combi-pro.com\/wp-content\/uploads\/2025\/01\/impresion-mukua-100x100.jpg 100w, https:\/\/combi-pro.com\/wp-content\/uploads\/2025\/01\/impresion-mukua-64x64.jpg 64w, https:\/\/combi-pro.com\/wp-content\/uploads\/2025\/01\/impresion-mukua-150x150.jpg 150w, https:\/\/combi-pro.com\/wp-content\/uploads\/2025\/01\/impresion-mukua-12x12.jpg 12w, https:\/\/combi-pro.com\/wp-content\/uploads\/2025\/01\/impresion-mukua.jpg 427w\" sizes=\"(max-width: 60px) 100vw, 60px\" \/><\/p>","protected":false},"excerpt":{"rendered":"<p class=\"\" data-start=\"290\" data-end=\"435\">Gilet rembourr\u00e9 avec de multiples poches fonctionnelles, des bandes r\u00e9fl\u00e9chissantes et une doublure int\u00e9rieure chaude. Classe de visibilit\u00e9 am\u00e9lior\u00e9e B3 selon la norme EN 17353.<\/p>\n<p data-start=\"204\" data-end=\"643\"><img decoding=\"async\" class=\"alignnone wp-image-15254\" src=\"https:\/\/combi-pro.com\/wp-content\/uploads\/2024\/05\/EN-17353-CLASE-B2-238x300.png\" alt=\"\" width=\"32\" height=\"40\" srcset=\"https:\/\/combi-pro.com\/wp-content\/uploads\/2024\/05\/EN-17353-CLASE-B2-238x300.png 238w, https:\/\/combi-pro.com\/wp-content\/uploads\/2024\/05\/EN-17353-CLASE-B2-64x81.png 64w, https:\/\/combi-pro.com\/wp-content\/uploads\/2024\/05\/EN-17353-CLASE-B2-10x12.png 10w, https:\/\/combi-pro.com\/wp-content\/uploads\/2024\/05\/EN-17353-CLASE-B2.png 310w\" sizes=\"(max-width: 32px) 100vw, 32px\" \/> <img loading=\"lazy\" decoding=\"async\" class=\"alignnone wp-image-15357\" src=\"https:\/\/combi-pro.com\/wp-content\/uploads\/2024\/03\/RESISTENTE-AL-VIENTO.png\" alt=\"\" width=\"40\" height=\"40\" srcset=\"https:\/\/combi-pro.com\/wp-content\/uploads\/2024\/03\/RESISTENTE-AL-VIENTO.png 228w, https:\/\/combi-pro.com\/wp-content\/uploads\/2024\/03\/RESISTENTE-AL-VIENTO-100x100.png 100w, https:\/\/combi-pro.com\/wp-content\/uploads\/2024\/03\/RESISTENTE-AL-VIENTO-64x64.png 64w, https:\/\/combi-pro.com\/wp-content\/uploads\/2024\/03\/RESISTENTE-AL-VIENTO-150x150.png 150w, https:\/\/combi-pro.com\/wp-content\/uploads\/2024\/03\/RESISTENTE-AL-VIENTO-12x12.png 12w\" sizes=\"(max-width: 40px) 100vw, 40px\" \/> <img loading=\"lazy\" decoding=\"async\" class=\"alignnone wp-image-15227\" src=\"https:\/\/combi-pro.com\/wp-content\/uploads\/2025\/04\/icon-3layer.png\" alt=\"\" width=\"40\" height=\"40\" srcset=\"https:\/\/combi-pro.com\/wp-content\/uploads\/2025\/04\/icon-3layer.png 134w, https:\/\/combi-pro.com\/wp-content\/uploads\/2025\/04\/icon-3layer-100x100.png 100w, https:\/\/combi-pro.com\/wp-content\/uploads\/2025\/04\/icon-3layer-64x64.png 64w, https:\/\/combi-pro.com\/wp-content\/uploads\/2025\/04\/icon-3layer-12x12.png 12w\" sizes=\"(max-width: 40px) 100vw, 40px\" \/> <img loading=\"lazy\" decoding=\"async\" class=\"alignnone wp-image-15251\" src=\"https:\/\/combi-pro.com\/wp-content\/uploads\/2024\/05\/REFLATEX-300x88.png\" alt=\"\" width=\"136\" height=\"40\" srcset=\"https:\/\/combi-pro.com\/wp-content\/uploads\/2024\/05\/REFLATEX-300x88.png 300w, https:\/\/combi-pro.com\/wp-content\/uploads\/2024\/05\/REFLATEX-450x133.png 450w, https:\/\/combi-pro.com\/wp-content\/uploads\/2024\/05\/REFLATEX-64x19.png 64w, https:\/\/combi-pro.com\/wp-content\/uploads\/2024\/05\/REFLATEX-18x5.png 18w, https:\/\/combi-pro.com\/wp-content\/uploads\/2024\/05\/REFLATEX.png 475w\" sizes=\"(max-width: 136px) 100vw, 136px\" \/><\/p>\n<p><strong>GUIDE DES TAILLES<\/strong><\/p>\n<p><strong><img loading=\"lazy\" decoding=\"async\" class=\"alignnone wp-image-17769\" src=\"https:\/\/combi-pro.com\/wp-content\/uploads\/2024\/05\/70-80-screenshot-1749986947143-300x102.png\" alt=\"\" width=\"352\" height=\"120\" srcset=\"https:\/\/combi-pro.com\/wp-content\/uploads\/2024\/05\/70-80-screenshot-1749986947143-300x102.png 300w, https:\/\/combi-pro.com\/wp-content\/uploads\/2024\/05\/70-80-screenshot-1749986947143-64x22.png 64w, https:\/\/combi-pro.com\/wp-content\/uploads\/2024\/05\/70-80-screenshot-1749986947143-18x6.png 18w, https:\/\/combi-pro.com\/wp-content\/uploads\/2024\/05\/70-80-screenshot-1749986947143.png 399w\" sizes=\"(max-width: 352px) 100vw, 352px\" \/> <img loading=\"lazy\" decoding=\"async\" class=\"alignnone wp-image-17696\" src=\"https:\/\/combi-pro.com\/wp-content\/uploads\/2025\/05\/screenshot-1749214923473-300x106.png\" alt=\"\" width=\"226\" height=\"80\" srcset=\"https:\/\/combi-pro.com\/wp-content\/uploads\/2025\/05\/screenshot-1749214923473-300x106.png 300w, https:\/\/combi-pro.com\/wp-content\/uploads\/2025\/05\/screenshot-1749214923473-64x23.png 64w, https:\/\/combi-pro.com\/wp-content\/uploads\/2025\/05\/screenshot-1749214923473-18x6.png 18w, https:\/\/combi-pro.com\/wp-content\/uploads\/2025\/05\/screenshot-1749214923473.png 396w\" sizes=\"(max-width: 226px) 100vw, 226px\" \/>\u00a0 \u00a0 \u00a0 \u00a0<\/strong><\/p>","protected":false},"featured_media":8862,"template":"","meta":{"site-sidebar-layout":"default","site-content-layout":"","ast-site-content-layout":"default","site-content-style":"default","site-sidebar-style":"default","ast-global-header-display":"","ast-banner-title-visibility":"","ast-main-header-display":"","ast-hfb-above-header-display":"","ast-hfb-below-header-display":"","ast-hfb-mobile-header-display":"","site-post-title":"","ast-breadcrumbs-content":"","ast-featured-img":"","footer-sml-layout":"","ast-disable-related-posts":"","theme-transparent-header-meta":"default","adv-header-id-meta":"","stick-header-meta":"","header-above-stick-meta":"","header-main-stick-meta":"","header-below-stick-meta":"","astra-migrate-meta-layouts":"set","ast-page-background-enabled":"default","ast-page-background-meta":{"desktop":{"background-color":"","background-image":"","background-repeat":"repeat","background-position":"center center","background-size":"auto","background-attachment":"scroll","background-type":"","background-media":"","overlay-type":"","overlay-color":"","overlay-opacity":"","overlay-gradient":""},"tablet":{"background-color":"","background-image":"","background-repeat":"repeat","background-position":"center center","background-size":"auto","background-attachment":"scroll","background-type":"","background-media":"","overlay-type":"","overlay-color":"","overlay-opacity":"","overlay-gradient":""},"mobile":{"background-color":"","background-image":"","background-repeat":"repeat","background-position":"center center","background-size":"auto","background-attachment":"scroll","background-type":"","background-media":"","overlay-type":"","overlay-color":"","overlay-opacity":"","overlay-gradient":""}},"ast-content-background-meta":{"desktop":{"background-color":"var(--ast-global-color-5)","background-image":"","background-repeat":"repeat","background-position":"center center","background-size":"auto","background-attachment":"scroll","background-type":"","background-media":"","overlay-type":"","overlay-color":"","overlay-opacity":"","overlay-gradient":""},"tablet":{"background-color":"var(--ast-global-color-5)","background-image":"","background-repeat":"repeat","background-position":"center center","background-size":"auto","background-attachment":"scroll","background-type":"","background-media":"","overlay-type":"","overlay-color":"","overlay-opacity":"","overlay-gradient":""},"mobile":{"background-color":"var(--ast-global-color-5)","background-image":"","background-repeat":"repeat","background-position":"center center","background-size":"auto","background-attachment":"scroll","background-type":"","background-media":"","overlay-type":"","overlay-color":"","overlay-opacity":"","overlay-gradient":""}}},"product_brand":[442],"product_cat":[67,97,50],"product_tag":[],"class_list":{"0":"post-8858","1":"product","2":"type-product","3":"status-publish","4":"has-post-thumbnail","6":"product_brand-velilla","7":"product_cat-alta-visibilidad","8":"product_cat-chalecos-alta-visibilidad","9":"product_cat-ropa-profesional","10":"desktop-align-center","11":"tablet-align-left","12":"mobile-align-left","14":"first","15":"instock","16":"taxable","17":"shipping-taxable","18":"purchasable","19":"product-type-variable","20":"has-default-attributes"},"_links":{"self":[{"href":"https:\/\/combi-pro.com\/fr\/wp-json\/wp\/v2\/product\/8858","targetHints":{"allow":["GET"]}}],"collection":[{"href":"https:\/\/combi-pro.com\/fr\/wp-json\/wp\/v2\/product"}],"about":[{"href":"https:\/\/combi-pro.com\/fr\/wp-json\/wp\/v2\/types\/product"}],"wp:featuredmedia":[{"embeddable":true,"href":"https:\/\/combi-pro.com\/fr\/wp-json\/wp\/v2\/media\/8862"}],"wp:attachment":[{"href":"https:\/\/combi-pro.com\/fr\/wp-json\/wp\/v2\/media?parent=8858"}],"wp:term":[{"taxonomy":"product_brand","embeddable":true,"href":"https:\/\/combi-pro.com\/fr\/wp-json\/wp\/v2\/product_brand?post=8858"},{"taxonomy":"product_cat","embeddable":true,"href":"https:\/\/combi-pro.com\/fr\/wp-json\/wp\/v2\/product_cat?post=8858"},{"taxonomy":"product_tag","embeddable":true,"href":"https:\/\/combi-pro.com\/fr\/wp-json\/wp\/v2\/product_tag?post=8858"}],"curies":[{"name":"wp","href":"https:\/\/api.w.org\/{rel}","templated":true}]}}