{"id":8870,"date":"2024-05-20T14:45:45","date_gmt":"2024-05-20T12:45:45","guid":{"rendered":"https:\/\/combi-pro.com\/?post_type=product&#038;p=8870"},"modified":"2026-04-13T20:16:15","modified_gmt":"2026-04-13T18:16:15","slug":"205902-gilet-matelasse-bicolore","status":"publish","type":"product","link":"https:\/\/combi-pro.com\/fr\/boutique\/205902-gilet-matelasse-bicolore\/","title":{"rendered":"Gilet de travail bicolore matelass\u00e9 \u00e0 poches multiples 205902 | VELILLA"},"content":{"rendered":"<div class=\"data item\" role=\"tablist\">\n<div id=\"description\" class=\"data item content\" role=\"tabpanel\" aria-labelledby=\"tab-label-description\" data-role=\"content\" aria-hidden=\"false\">\n<div class=\"product attribute description\">\n<div class=\"value\">\n<p data-start=\"588\" data-end=\"620\"><strong data-start=\"588\" data-end=\"620\">Caract\u00e9ristiques techniques :<\/strong><\/p>\n<ul>\n<li data-start=\"624\" data-end=\"674\">Fermeture centrale \u00e0 glissi\u00e8re, dissimul\u00e9e par un rabat<\/li>\n<li data-start=\"677\" data-end=\"717\">Patte de boutonnage centrale avec boutons-pression<\/li>\n<li data-start=\"720\" data-end=\"749\">Taille \u00e9lastiqu\u00e9e sur le c\u00f4t\u00e9<\/li>\n<li data-start=\"752\" data-end=\"777\">Coupe-vent \u00e0 l'emmanchure<\/li>\n<li data-start=\"780\" data-end=\"831\">Couleur contrast\u00e9e sur les soufflets, les poign\u00e9es et les boucles<\/li>\n<li data-start=\"834\" data-end=\"852\">7 poches :<\/li>\n<li data-start=\"857\" data-end=\"920\">1 poche poitrine \u00e0 soufflet avec rabat, tirette et velcro<\/li>\n<li data-start=\"925\" data-end=\"988\">2 poches inf\u00e9rieures \u00e0 soufflet avec rabat, tirette et velcro<\/li>\n<li data-start=\"993\" data-end=\"1050\">Sous chaque poche inf\u00e9rieure, 2 poches lat\u00e9rales<\/li>\n<li data-start=\"1055\" data-end=\"1128\">1 poche \u00e0 soufflet suppl\u00e9mentaire sur la poitrine avec rabat, tirette et velcro<\/li>\n<li data-start=\"1133\" data-end=\"1184\">Au-dessus de ce dernier, des compartiments pour stylos<\/li>\n<li data-start=\"1189\" data-end=\"1220\">1 poche int\u00e9rieure plaqu\u00e9e<\/li>\n<\/ul>\n<p data-start=\"1227\" data-end=\"1242\"><strong data-start=\"1227\" data-end=\"1242\">Tissus :<\/strong><\/p>\n<ul>\n<li data-start=\"1246\" data-end=\"1299\">Ext\u00e9rieur : Microfibre. 100% polyester \/ 120 g\/m\u00b2.<\/li>\n<li data-start=\"1302\" data-end=\"1339\">Doublure : 100% polyester \/ 60 g\/m\u00b2.<\/li>\n<li data-start=\"1342\" data-end=\"1394\">Ouate (isolation) : 100% polyester \/ 220 g\/m\u00b2.<\/li>\n<\/ul>\n<p><strong data-start=\"1401\" data-end=\"1413\">Gamme :<\/strong> Total de la contrepartie<\/p>\n<p><strong data-start=\"1432\" data-end=\"1459\">Recommandation d'utilisation :<\/strong><\/p>\n<ul>\n<li>Parfait pour les professionnels qui travaillent \u00e0 l'ext\u00e9rieur, ce gilet offre une bonne protection thermique, une meilleure visibilit\u00e9 gr\u00e2ce aux contrastes et une excellente fonctionnalit\u00e9 gr\u00e2ce \u00e0 ses multiples poches.<\/li>\n<\/ul>\n<\/div>\n<\/div>\n<\/div>\n<\/div>","protected":false},"excerpt":{"rendered":"<p data-start=\"203\" data-end=\"392\">Gilet matelass\u00e9 bicolore avec plusieurs poches fonctionnelles, fermeture \u00e0 rabat et d\u00e9tails contrast\u00e9s. Id\u00e9al pour le travail en ext\u00e9rieur.<\/p>\n<p><img decoding=\"async\" class=\"alignnone wp-image-15357\" src=\"https:\/\/combi-pro.com\/wp-content\/uploads\/2024\/03\/RESISTENTE-AL-VIENTO.png\" alt=\"\" width=\"40\" height=\"40\" srcset=\"https:\/\/combi-pro.com\/wp-content\/uploads\/2024\/03\/RESISTENTE-AL-VIENTO.png 228w, https:\/\/combi-pro.com\/wp-content\/uploads\/2024\/03\/RESISTENTE-AL-VIENTO-100x100.png 100w, https:\/\/combi-pro.com\/wp-content\/uploads\/2024\/03\/RESISTENTE-AL-VIENTO-64x64.png 64w, https:\/\/combi-pro.com\/wp-content\/uploads\/2024\/03\/RESISTENTE-AL-VIENTO-150x150.png 150w, https:\/\/combi-pro.com\/wp-content\/uploads\/2024\/03\/RESISTENTE-AL-VIENTO-12x12.png 12w\" sizes=\"(max-width: 40px) 100vw, 40px\" \/> <img decoding=\"async\" class=\"alignnone wp-image-15227\" src=\"https:\/\/combi-pro.com\/wp-content\/uploads\/2025\/04\/icon-3layer.png\" alt=\"\" width=\"40\" height=\"40\" srcset=\"https:\/\/combi-pro.com\/wp-content\/uploads\/2025\/04\/icon-3layer.png 134w, https:\/\/combi-pro.com\/wp-content\/uploads\/2025\/04\/icon-3layer-100x100.png 100w, https:\/\/combi-pro.com\/wp-content\/uploads\/2025\/04\/icon-3layer-64x64.png 64w, https:\/\/combi-pro.com\/wp-content\/uploads\/2025\/04\/icon-3layer-12x12.png 12w\" sizes=\"(max-width: 40px) 100vw, 40px\" \/> <img decoding=\"async\" class=\"alignnone wp-image-15236\" src=\"https:\/\/combi-pro.com\/wp-content\/uploads\/2025\/04\/icon-totalmatch.png\" alt=\"\" width=\"209\" height=\"40\" srcset=\"https:\/\/combi-pro.com\/wp-content\/uploads\/2025\/04\/icon-totalmatch.png 251w, https:\/\/combi-pro.com\/wp-content\/uploads\/2025\/04\/icon-totalmatch-64x12.png 64w, https:\/\/combi-pro.com\/wp-content\/uploads\/2025\/04\/icon-totalmatch-18x3.png 18w\" sizes=\"(max-width: 209px) 100vw, 209px\" \/><\/p>\n<p><strong>GUIDE DES TAILLES<\/strong><\/p>\n<p><strong><img loading=\"lazy\" decoding=\"async\" class=\"alignnone wp-image-17792\" src=\"https:\/\/combi-pro.com\/wp-content\/uploads\/2024\/05\/70-80-screenshot-1750070151763-300x101.png\" alt=\"\" width=\"326\" height=\"110\" srcset=\"https:\/\/combi-pro.com\/wp-content\/uploads\/2024\/05\/70-80-screenshot-1750070151763-300x101.png 300w, https:\/\/combi-pro.com\/wp-content\/uploads\/2024\/05\/70-80-screenshot-1750070151763-64x22.png 64w, https:\/\/combi-pro.com\/wp-content\/uploads\/2024\/05\/70-80-screenshot-1750070151763-18x6.png 18w, https:\/\/combi-pro.com\/wp-content\/uploads\/2024\/05\/70-80-screenshot-1750070151763.png 400w\" sizes=\"(max-width: 326px) 100vw, 326px\" \/> <img loading=\"lazy\" decoding=\"async\" class=\"alignnone wp-image-17696\" src=\"https:\/\/combi-pro.com\/wp-content\/uploads\/2025\/05\/screenshot-1749214923473-300x106.png\" alt=\"\" width=\"283\" height=\"100\" srcset=\"https:\/\/combi-pro.com\/wp-content\/uploads\/2025\/05\/screenshot-1749214923473-300x106.png 300w, https:\/\/combi-pro.com\/wp-content\/uploads\/2025\/05\/screenshot-1749214923473-64x23.png 64w, https:\/\/combi-pro.com\/wp-content\/uploads\/2025\/05\/screenshot-1749214923473-18x6.png 18w, https:\/\/combi-pro.com\/wp-content\/uploads\/2025\/05\/screenshot-1749214923473.png 396w\" sizes=\"(max-width: 283px) 100vw, 283px\" \/>\u00a0 \u00a0 \u00a0 \u00a0<\/strong><\/p>","protected":false},"featured_media":8890,"template":"","meta":{"site-sidebar-layout":"default","site-content-layout":"","ast-site-content-layout":"default","site-content-style":"default","site-sidebar-style":"default","ast-global-header-display":"","ast-banner-title-visibility":"","ast-main-header-display":"","ast-hfb-above-header-display":"","ast-hfb-below-header-display":"","ast-hfb-mobile-header-display":"","site-post-title":"","ast-breadcrumbs-content":"","ast-featured-img":"","footer-sml-layout":"","ast-disable-related-posts":"","theme-transparent-header-meta":"default","adv-header-id-meta":"","stick-header-meta":"","header-above-stick-meta":"","header-main-stick-meta":"","header-below-stick-meta":"","astra-migrate-meta-layouts":"set","ast-page-background-enabled":"default","ast-page-background-meta":{"desktop":{"background-color":"","background-image":"","background-repeat":"repeat","background-position":"center center","background-size":"auto","background-attachment":"scroll","background-type":"","background-media":"","overlay-type":"","overlay-color":"","overlay-opacity":"","overlay-gradient":""},"tablet":{"background-color":"","background-image":"","background-repeat":"repeat","background-position":"center center","background-size":"auto","background-attachment":"scroll","background-type":"","background-media":"","overlay-type":"","overlay-color":"","overlay-opacity":"","overlay-gradient":""},"mobile":{"background-color":"","background-image":"","background-repeat":"repeat","background-position":"center center","background-size":"auto","background-attachment":"scroll","background-type":"","background-media":"","overlay-type":"","overlay-color":"","overlay-opacity":"","overlay-gradient":""}},"ast-content-background-meta":{"desktop":{"background-color":"var(--ast-global-color-5)","background-image":"","background-repeat":"repeat","background-position":"center center","background-size":"auto","background-attachment":"scroll","background-type":"","background-media":"","overlay-type":"","overlay-color":"","overlay-opacity":"","overlay-gradient":""},"tablet":{"background-color":"var(--ast-global-color-5)","background-image":"","background-repeat":"repeat","background-position":"center center","background-size":"auto","background-attachment":"scroll","background-type":"","background-media":"","overlay-type":"","overlay-color":"","overlay-opacity":"","overlay-gradient":""},"mobile":{"background-color":"var(--ast-global-color-5)","background-image":"","background-repeat":"repeat","background-position":"center center","background-size":"auto","background-attachment":"scroll","background-type":"","background-media":"","overlay-type":"","overlay-color":"","overlay-opacity":"","overlay-gradient":""}}},"product_brand":[442],"product_cat":[81,30,50],"product_tag":[],"class_list":{"0":"post-8870","1":"product","2":"type-product","3":"status-publish","4":"has-post-thumbnail","6":"product_brand-velilla","7":"product_cat-chalecos","8":"product_cat-industria-base","9":"product_cat-ropa-profesional","10":"desktop-align-center","11":"tablet-align-left","12":"mobile-align-left","14":"first","15":"instock","16":"taxable","17":"shipping-taxable","18":"purchasable","19":"product-type-variable","20":"has-default-attributes"},"_links":{"self":[{"href":"https:\/\/combi-pro.com\/fr\/wp-json\/wp\/v2\/product\/8870","targetHints":{"allow":["GET"]}}],"collection":[{"href":"https:\/\/combi-pro.com\/fr\/wp-json\/wp\/v2\/product"}],"about":[{"href":"https:\/\/combi-pro.com\/fr\/wp-json\/wp\/v2\/types\/product"}],"wp:featuredmedia":[{"embeddable":true,"href":"https:\/\/combi-pro.com\/fr\/wp-json\/wp\/v2\/media\/8890"}],"wp:attachment":[{"href":"https:\/\/combi-pro.com\/fr\/wp-json\/wp\/v2\/media?parent=8870"}],"wp:term":[{"taxonomy":"product_brand","embeddable":true,"href":"https:\/\/combi-pro.com\/fr\/wp-json\/wp\/v2\/product_brand?post=8870"},{"taxonomy":"product_cat","embeddable":true,"href":"https:\/\/combi-pro.com\/fr\/wp-json\/wp\/v2\/product_cat?post=8870"},{"taxonomy":"product_tag","embeddable":true,"href":"https:\/\/combi-pro.com\/fr\/wp-json\/wp\/v2\/product_tag?post=8870"}],"curies":[{"name":"wp","href":"https:\/\/api.w.org\/{rel}","templated":true}]}}