{"id":8906,"date":"2024-05-20T21:11:41","date_gmt":"2024-05-20T19:11:41","guid":{"rendered":"https:\/\/combi-pro.com\/?post_type=product&#038;p=8906"},"modified":"2026-04-13T20:16:19","modified_gmt":"2026-04-13T18:16:19","slug":"206008-cardigan-en-polaire","status":"publish","type":"product","link":"https:\/\/combi-pro.com\/fr\/boutique\/206008-cardigan-en-polaire\/","title":{"rendered":"Veste de travail en polaire avec renforts en softshell 206008 : VELILLA"},"content":{"rendered":"<div class=\"data item\" role=\"tablist\">\n<div id=\"description\" class=\"data item content\" role=\"tabpanel\" aria-labelledby=\"tab-label-description\" data-role=\"content\" aria-hidden=\"false\">\n<div class=\"product attribute description\">\n<div class=\"value\">\n<p data-start=\"650\" data-end=\"682\"><strong data-start=\"650\" data-end=\"682\">Caract\u00e9ristiques techniques :<\/strong><\/p>\n<ul>\n<li data-start=\"686\" data-end=\"746\">Fermeture centrale avec zip invers\u00e9 de couleur contrast\u00e9e<\/li>\n<li data-start=\"749\" data-end=\"833\">Tissu soft shell sur la poitrine, les \u00e9paules, l'int\u00e9rieur des manches et les c\u00f4t\u00e9s<\/li>\n<li data-start=\"836\" data-end=\"903\">Rabat int\u00e9rieur en haut, couvrant la fermeture \u00e0 glissi\u00e8re<\/li>\n<li data-start=\"906\" data-end=\"971\">Zips de couleur contrast\u00e9e et renforts en tissu soft shell<\/li>\n<li data-start=\"974\" data-end=\"1046\">Les poignets et l'ourlet sont termin\u00e9s par un biais \u00e9lastique de couleur contrast\u00e9e.<\/li>\n<li data-start=\"1049\" data-end=\"1067\">3 poches :<\/li>\n<li data-start=\"1072\" data-end=\"1108\">3 poches passepoil\u00e9es zipp\u00e9es<\/li>\n<\/ul>\n<p data-start=\"1115\" data-end=\"1129\"><strong data-start=\"1115\" data-end=\"1129\">Tissu:<\/strong><\/p>\n<ul>\n<li data-start=\"1133\" data-end=\"1188\">Tissu de base : 100% polyester bross\u00e9 \/ 300 g\/m\u00b2.<\/li>\n<li data-start=\"1191\" data-end=\"1260\">Tissu de contraste : Soft shell 96% polyester - 4% \u00e9lasthanne \/ 330 g\/m\u00b2.<\/li>\n<\/ul>\n<p><strong data-start=\"1267\" data-end=\"1279\">Gamme :<\/strong> V\u00eatements d'ext\u00e9rieur<\/p>\n<p><strong data-start=\"1296\" data-end=\"1323\">Recommandation d'utilisation :<\/strong><\/p>\n<ul>\n<li>Id\u00e9al pour les professionnels \u00e0 la recherche d'un v\u00eatement confortable, durable et \u00e9l\u00e9gant. Parfait pour les emplois n\u00e9cessitant de la mobilit\u00e9 et une protection suppl\u00e9mentaire dans des zones sp\u00e9cifiques.<\/li>\n<\/ul>\n<\/div>\n<\/div>\n<\/div>\n<\/div>","protected":false},"excerpt":{"rendered":"<p data-start=\"228\" data-end=\"438\">Veste tricot\u00e9e en polaire avec renforts en soft shell, fermetures \u00e9clair de couleur contrast\u00e9e et trois poches. Id\u00e9ale pour les travaux n\u00e9cessitant confort et durabilit\u00e9.<\/p>\n<p><strong>GUIDE DES TAILLES<\/strong><\/p>\n<p><strong><img decoding=\"async\" class=\"alignnone wp-image-17854\" src=\"https:\/\/combi-pro.com\/wp-content\/uploads\/2024\/05\/65.9-71-screenshot-1750247910913-300x128.png\" alt=\"\" width=\"282\" height=\"120\" srcset=\"https:\/\/combi-pro.com\/wp-content\/uploads\/2024\/05\/65.9-71-screenshot-1750247910913-300x128.png 300w, https:\/\/combi-pro.com\/wp-content\/uploads\/2024\/05\/65.9-71-screenshot-1750247910913-64x27.png 64w, https:\/\/combi-pro.com\/wp-content\/uploads\/2024\/05\/65.9-71-screenshot-1750247910913-18x8.png 18w, https:\/\/combi-pro.com\/wp-content\/uploads\/2024\/05\/65.9-71-screenshot-1750247910913.png 400w\" sizes=\"(max-width: 282px) 100vw, 282px\" \/> <img decoding=\"async\" class=\"alignnone wp-image-17696\" src=\"https:\/\/combi-pro.com\/wp-content\/uploads\/2025\/05\/screenshot-1749214923473-300x106.png\" alt=\"\" width=\"283\" height=\"100\" srcset=\"https:\/\/combi-pro.com\/wp-content\/uploads\/2025\/05\/screenshot-1749214923473-300x106.png 300w, https:\/\/combi-pro.com\/wp-content\/uploads\/2025\/05\/screenshot-1749214923473-64x23.png 64w, https:\/\/combi-pro.com\/wp-content\/uploads\/2025\/05\/screenshot-1749214923473-18x6.png 18w, https:\/\/combi-pro.com\/wp-content\/uploads\/2025\/05\/screenshot-1749214923473.png 396w\" sizes=\"(max-width: 283px) 100vw, 283px\" \/>\u00a0 \u00a0 \u00a0 \u00a0<\/strong><\/p>","protected":false},"featured_media":8910,"template":"","meta":{"site-sidebar-layout":"default","site-content-layout":"","ast-site-content-layout":"default","site-content-style":"default","site-sidebar-style":"default","ast-global-header-display":"","ast-banner-title-visibility":"","ast-main-header-display":"","ast-hfb-above-header-display":"","ast-hfb-below-header-display":"","ast-hfb-mobile-header-display":"","site-post-title":"","ast-breadcrumbs-content":"","ast-featured-img":"","footer-sml-layout":"","ast-disable-related-posts":"","theme-transparent-header-meta":"default","adv-header-id-meta":"","stick-header-meta":"","header-above-stick-meta":"","header-main-stick-meta":"","header-below-stick-meta":"","astra-migrate-meta-layouts":"set","ast-page-background-enabled":"default","ast-page-background-meta":{"desktop":{"background-color":"","background-image":"","background-repeat":"repeat","background-position":"center center","background-size":"auto","background-attachment":"scroll","background-type":"","background-media":"","overlay-type":"","overlay-color":"","overlay-opacity":"","overlay-gradient":""},"tablet":{"background-color":"","background-image":"","background-repeat":"repeat","background-position":"center center","background-size":"auto","background-attachment":"scroll","background-type":"","background-media":"","overlay-type":"","overlay-color":"","overlay-opacity":"","overlay-gradient":""},"mobile":{"background-color":"","background-image":"","background-repeat":"repeat","background-position":"center center","background-size":"auto","background-attachment":"scroll","background-type":"","background-media":"","overlay-type":"","overlay-color":"","overlay-opacity":"","overlay-gradient":""}},"ast-content-background-meta":{"desktop":{"background-color":"var(--ast-global-color-5)","background-image":"","background-repeat":"repeat","background-position":"center center","background-size":"auto","background-attachment":"scroll","background-type":"","background-media":"","overlay-type":"","overlay-color":"","overlay-opacity":"","overlay-gradient":""},"tablet":{"background-color":"var(--ast-global-color-5)","background-image":"","background-repeat":"repeat","background-position":"center center","background-size":"auto","background-attachment":"scroll","background-type":"","background-media":"","overlay-type":"","overlay-color":"","overlay-opacity":"","overlay-gradient":""},"mobile":{"background-color":"var(--ast-global-color-5)","background-image":"","background-repeat":"repeat","background-position":"center center","background-size":"auto","background-attachment":"scroll","background-type":"","background-media":"","overlay-type":"","overlay-color":"","overlay-opacity":"","overlay-gradient":""}}},"product_brand":[442],"product_cat":[82,30,50],"product_tag":[],"class_list":{"0":"post-8906","1":"product","2":"type-product","3":"status-publish","4":"has-post-thumbnail","6":"product_brand-velilla","7":"product_cat-chaquetas","8":"product_cat-industria-base","9":"product_cat-ropa-profesional","10":"desktop-align-center","11":"tablet-align-left","12":"mobile-align-left","14":"first","15":"instock","16":"taxable","17":"shipping-taxable","18":"purchasable","19":"product-type-variable","20":"has-default-attributes"},"_links":{"self":[{"href":"https:\/\/combi-pro.com\/fr\/wp-json\/wp\/v2\/product\/8906","targetHints":{"allow":["GET"]}}],"collection":[{"href":"https:\/\/combi-pro.com\/fr\/wp-json\/wp\/v2\/product"}],"about":[{"href":"https:\/\/combi-pro.com\/fr\/wp-json\/wp\/v2\/types\/product"}],"wp:featuredmedia":[{"embeddable":true,"href":"https:\/\/combi-pro.com\/fr\/wp-json\/wp\/v2\/media\/8910"}],"wp:attachment":[{"href":"https:\/\/combi-pro.com\/fr\/wp-json\/wp\/v2\/media?parent=8906"}],"wp:term":[{"taxonomy":"product_brand","embeddable":true,"href":"https:\/\/combi-pro.com\/fr\/wp-json\/wp\/v2\/product_brand?post=8906"},{"taxonomy":"product_cat","embeddable":true,"href":"https:\/\/combi-pro.com\/fr\/wp-json\/wp\/v2\/product_cat?post=8906"},{"taxonomy":"product_tag","embeddable":true,"href":"https:\/\/combi-pro.com\/fr\/wp-json\/wp\/v2\/product_tag?post=8906"}],"curies":[{"name":"wp","href":"https:\/\/api.w.org\/{rel}","templated":true}]}}