{"id":8919,"date":"2024-05-20T21:17:18","date_gmt":"2024-05-20T19:17:18","guid":{"rendered":"https:\/\/combi-pro.com\/?post_type=product&#038;p=8919"},"modified":"2026-04-13T20:16:24","modified_gmt":"2026-04-13T18:16:24","slug":"206009-veste-legere-matelassee","status":"publish","type":"product","link":"https:\/\/combi-pro.com\/fr\/boutique\/206009-veste-legere-matelassee\/","title":{"rendered":"Veste matelass\u00e9e l\u00e9g\u00e8re avec renforts extensibles 206009 | VELILLA"},"content":{"rendered":"<div class=\"data item\" role=\"tablist\">\n<div id=\"description\" class=\"data item content\" role=\"tabpanel\" aria-labelledby=\"tab-label-description\" data-role=\"content\" aria-hidden=\"false\">\n<div class=\"product attribute description\">\n<div class=\"value\">\n<p data-start=\"462\" data-end=\"494\"><strong data-start=\"462\" data-end=\"494\">Caract\u00e9ristiques techniques :<\/strong><\/p>\n<ul>\n<li data-start=\"498\" data-end=\"539\">Fermeture centrale avec zip invers\u00e9<\/li>\n<li data-start=\"542\" data-end=\"671\">Insertion de tissu technique extensible sur la poitrine, \u00e0 l'int\u00e9rieur des manches et sur les c\u00f4t\u00e9s pour faciliter le marquage et am\u00e9liorer la mobilit\u00e9.<\/li>\n<li data-start=\"674\" data-end=\"741\">Rabat int\u00e9rieur en haut, couvrant la fermeture \u00e0 glissi\u00e8re<\/li>\n<li data-start=\"744\" data-end=\"800\">Couleur contrast\u00e9e sur les renforts en tissu technique extensible<\/li>\n<li data-start=\"803\" data-end=\"875\">Les poignets et l'ourlet sont termin\u00e9s par un biais \u00e9lastique de couleur contrast\u00e9e.<\/li>\n<li data-start=\"878\" data-end=\"896\">3 poches :<\/li>\n<li data-start=\"901\" data-end=\"937\">3 poches passepoil\u00e9es zipp\u00e9es<\/li>\n<\/ul>\n<p data-start=\"944\" data-end=\"958\"><strong data-start=\"944\" data-end=\"958\">Tissu:<\/strong><\/p>\n<ul>\n<li data-start=\"962\" data-end=\"1021\">Tissu de base : nylon rembourr\u00e9 100% polyamide \/ 40 g\/m\u00b2.<\/li>\n<li data-start=\"1024\" data-end=\"1062\">Ouate : 100% polyester \/ 125 g\/m\u00b2.<\/li>\n<li data-start=\"1065\" data-end=\"1114\">Tissu de contraste : 100% polyester \/ 265 g\/m\u00b2.<\/li>\n<\/ul>\n<p data-start=\"1121\" data-end=\"1143\"><strong data-start=\"1121\" data-end=\"1133\">Gamme :<\/strong> V\u00eatements d'ext\u00e9rieur<\/p>\n<p data-start=\"1150\" data-end=\"1344\"><strong data-start=\"1150\" data-end=\"1177\">Recommandation d'utilisation :<\/strong><\/p>\n<ul>\n<li data-start=\"1150\" data-end=\"1344\">Parfaite pour ceux qui recherchent une veste l\u00e9g\u00e8re mais protectrice, id\u00e9ale pour les environnements de travail actifs qui exigent confort et fonctionnalit\u00e9 sans compromettre le style.<\/li>\n<\/ul>\n<\/div>\n<\/div>\n<\/div>\n<\/div>","protected":false},"excerpt":{"rendered":"<p data-start=\"56\" data-end=\"255\">Veste matelass\u00e9e l\u00e9g\u00e8re avec renforts techniques en tissu extensible, fermetures \u00e9clair contrast\u00e9es et trois poches. Id\u00e9ale pour la protection, le confort et le style.<\/p>\n<p data-start=\"257\" data-end=\"455\"><img decoding=\"async\" class=\"alignnone wp-image-15227\" src=\"https:\/\/combi-pro.com\/wp-content\/uploads\/2025\/04\/icon-3layer.png\" alt=\"\" width=\"40\" height=\"40\" srcset=\"https:\/\/combi-pro.com\/wp-content\/uploads\/2025\/04\/icon-3layer.png 134w, https:\/\/combi-pro.com\/wp-content\/uploads\/2025\/04\/icon-3layer-100x100.png 100w, https:\/\/combi-pro.com\/wp-content\/uploads\/2025\/04\/icon-3layer-64x64.png 64w, https:\/\/combi-pro.com\/wp-content\/uploads\/2025\/04\/icon-3layer-12x12.png 12w\" sizes=\"(max-width: 40px) 100vw, 40px\" \/><\/p>\n<p><strong>GUIDE DES TAILLES<\/strong><\/p>\n<p><strong><img decoding=\"async\" class=\"alignnone wp-image-17855\" src=\"https:\/\/combi-pro.com\/wp-content\/uploads\/2024\/05\/71.9-77-screenshot-1750248273302-300x126.png\" alt=\"\" width=\"286\" height=\"120\" srcset=\"https:\/\/combi-pro.com\/wp-content\/uploads\/2024\/05\/71.9-77-screenshot-1750248273302-300x126.png 300w, https:\/\/combi-pro.com\/wp-content\/uploads\/2024\/05\/71.9-77-screenshot-1750248273302-64x27.png 64w, https:\/\/combi-pro.com\/wp-content\/uploads\/2024\/05\/71.9-77-screenshot-1750248273302-18x8.png 18w, https:\/\/combi-pro.com\/wp-content\/uploads\/2024\/05\/71.9-77-screenshot-1750248273302.png 400w\" sizes=\"(max-width: 286px) 100vw, 286px\" \/> <img decoding=\"async\" class=\"alignnone wp-image-17696\" src=\"https:\/\/combi-pro.com\/wp-content\/uploads\/2025\/05\/screenshot-1749214923473-300x106.png\" alt=\"\" width=\"283\" height=\"100\" srcset=\"https:\/\/combi-pro.com\/wp-content\/uploads\/2025\/05\/screenshot-1749214923473-300x106.png 300w, https:\/\/combi-pro.com\/wp-content\/uploads\/2025\/05\/screenshot-1749214923473-64x23.png 64w, https:\/\/combi-pro.com\/wp-content\/uploads\/2025\/05\/screenshot-1749214923473-18x6.png 18w, https:\/\/combi-pro.com\/wp-content\/uploads\/2025\/05\/screenshot-1749214923473.png 396w\" sizes=\"(max-width: 283px) 100vw, 283px\" \/>\u00a0 \u00a0 \u00a0 \u00a0<\/strong><\/p>","protected":false},"featured_media":11127,"template":"","meta":{"site-sidebar-layout":"default","site-content-layout":"","ast-site-content-layout":"default","site-content-style":"default","site-sidebar-style":"default","ast-global-header-display":"","ast-banner-title-visibility":"","ast-main-header-display":"","ast-hfb-above-header-display":"","ast-hfb-below-header-display":"","ast-hfb-mobile-header-display":"","site-post-title":"","ast-breadcrumbs-content":"","ast-featured-img":"","footer-sml-layout":"","ast-disable-related-posts":"","theme-transparent-header-meta":"default","adv-header-id-meta":"","stick-header-meta":"","header-above-stick-meta":"","header-main-stick-meta":"","header-below-stick-meta":"","astra-migrate-meta-layouts":"set","ast-page-background-enabled":"default","ast-page-background-meta":{"desktop":{"background-color":"","background-image":"","background-repeat":"repeat","background-position":"center center","background-size":"auto","background-attachment":"scroll","background-type":"","background-media":"","overlay-type":"","overlay-color":"","overlay-opacity":"","overlay-gradient":""},"tablet":{"background-color":"","background-image":"","background-repeat":"repeat","background-position":"center center","background-size":"auto","background-attachment":"scroll","background-type":"","background-media":"","overlay-type":"","overlay-color":"","overlay-opacity":"","overlay-gradient":""},"mobile":{"background-color":"","background-image":"","background-repeat":"repeat","background-position":"center center","background-size":"auto","background-attachment":"scroll","background-type":"","background-media":"","overlay-type":"","overlay-color":"","overlay-opacity":"","overlay-gradient":""}},"ast-content-background-meta":{"desktop":{"background-color":"var(--ast-global-color-5)","background-image":"","background-repeat":"repeat","background-position":"center center","background-size":"auto","background-attachment":"scroll","background-type":"","background-media":"","overlay-type":"","overlay-color":"","overlay-opacity":"","overlay-gradient":""},"tablet":{"background-color":"var(--ast-global-color-5)","background-image":"","background-repeat":"repeat","background-position":"center center","background-size":"auto","background-attachment":"scroll","background-type":"","background-media":"","overlay-type":"","overlay-color":"","overlay-opacity":"","overlay-gradient":""},"mobile":{"background-color":"var(--ast-global-color-5)","background-image":"","background-repeat":"repeat","background-position":"center center","background-size":"auto","background-attachment":"scroll","background-type":"","background-media":"","overlay-type":"","overlay-color":"","overlay-opacity":"","overlay-gradient":""}}},"product_brand":[442],"product_cat":[82,30,50],"product_tag":[],"class_list":{"0":"post-8919","1":"product","2":"type-product","3":"status-publish","4":"has-post-thumbnail","6":"product_brand-velilla","7":"product_cat-chaquetas","8":"product_cat-industria-base","9":"product_cat-ropa-profesional","10":"desktop-align-center","11":"tablet-align-left","12":"mobile-align-left","14":"first","15":"instock","16":"taxable","17":"shipping-taxable","18":"purchasable","19":"product-type-variable","20":"has-default-attributes"},"_links":{"self":[{"href":"https:\/\/combi-pro.com\/fr\/wp-json\/wp\/v2\/product\/8919","targetHints":{"allow":["GET"]}}],"collection":[{"href":"https:\/\/combi-pro.com\/fr\/wp-json\/wp\/v2\/product"}],"about":[{"href":"https:\/\/combi-pro.com\/fr\/wp-json\/wp\/v2\/types\/product"}],"wp:featuredmedia":[{"embeddable":true,"href":"https:\/\/combi-pro.com\/fr\/wp-json\/wp\/v2\/media\/11127"}],"wp:attachment":[{"href":"https:\/\/combi-pro.com\/fr\/wp-json\/wp\/v2\/media?parent=8919"}],"wp:term":[{"taxonomy":"product_brand","embeddable":true,"href":"https:\/\/combi-pro.com\/fr\/wp-json\/wp\/v2\/product_brand?post=8919"},{"taxonomy":"product_cat","embeddable":true,"href":"https:\/\/combi-pro.com\/fr\/wp-json\/wp\/v2\/product_cat?post=8919"},{"taxonomy":"product_tag","embeddable":true,"href":"https:\/\/combi-pro.com\/fr\/wp-json\/wp\/v2\/product_tag?post=8919"}],"curies":[{"name":"wp","href":"https:\/\/api.w.org\/{rel}","templated":true}]}}