{"id":8945,"date":"2024-05-20T21:24:43","date_gmt":"2024-05-20T19:24:43","guid":{"rendered":"https:\/\/combi-pro.com\/?post_type=product&#038;p=8945"},"modified":"2026-04-13T20:16:30","modified_gmt":"2026-04-13T18:16:30","slug":"204002-collier-en-polaire","status":"publish","type":"product","link":"https:\/\/combi-pro.com\/fr\/boutique\/204002-collier-en-polaire\/","title":{"rendered":"Collier r\u00e9glable en polaire double couche 204002 | VELILLA"},"content":{"rendered":"<div class=\"data item\" role=\"tablist\">\n<div id=\"tab-label-description\" class=\"data item title active\" tabindex=\"0\" role=\"tab\" data-role=\"collapsible\" data-collapsible=\"true\" aria-controls=\"description\" aria-selected=\"false\" aria-expanded=\"true\">\n<p data-start=\"221\" data-end=\"417\"><strong data-start=\"424\" data-end=\"456\">Caract\u00e9ristiques techniques :<\/strong><\/p>\n<ul>\n<li data-start=\"460\" data-end=\"506\">Double couche pour plus de chaleur et de protection<\/li>\n<li data-start=\"509\" data-end=\"560\">R\u00e9glable avec un bouchon pour un ajustement parfait<\/li>\n<\/ul>\n<p data-start=\"567\" data-end=\"581\"><strong data-start=\"567\" data-end=\"581\">Tissu: <\/strong>Polyester micro polaire 100% polyester \/ 220 g\/m\u00b2.<\/p>\n<p data-start=\"640\" data-end=\"662\"><strong data-start=\"640\" data-end=\"652\">Gamme :<\/strong> V\u00eatements d'ext\u00e9rieur<\/p>\n<p data-start=\"669\" data-end=\"855\"><strong data-start=\"669\" data-end=\"696\">Recommandation d'utilisation :<\/strong><\/p>\n<ul>\n<li data-start=\"669\" data-end=\"855\">Id\u00e9al pour prot\u00e9ger le cou dans des conditions froides, apporter chaleur et confort lors d'activit\u00e9s de plein air ou dans des environnements de travail exigeants.<\/li>\n<\/ul>\n<\/div>\n<\/div>","protected":false},"excerpt":{"rendered":"<p data-start=\"42\" data-end=\"219\">Col en polaire double couche, r\u00e9glable avec stoppeur pour le confort et la protection. Id\u00e9al pour rester au chaud par temps froid.<\/p>\n<p data-start=\"221\" data-end=\"417\">","protected":false},"featured_media":11875,"template":"","meta":{"site-sidebar-layout":"default","site-content-layout":"","ast-site-content-layout":"default","site-content-style":"default","site-sidebar-style":"default","ast-global-header-display":"","ast-banner-title-visibility":"","ast-main-header-display":"","ast-hfb-above-header-display":"","ast-hfb-below-header-display":"","ast-hfb-mobile-header-display":"","site-post-title":"","ast-breadcrumbs-content":"","ast-featured-img":"","footer-sml-layout":"","ast-disable-related-posts":"","theme-transparent-header-meta":"default","adv-header-id-meta":"","stick-header-meta":"","header-above-stick-meta":"","header-main-stick-meta":"","header-below-stick-meta":"","astra-migrate-meta-layouts":"set","ast-page-background-enabled":"default","ast-page-background-meta":{"desktop":{"background-color":"","background-image":"","background-repeat":"repeat","background-position":"center center","background-size":"auto","background-attachment":"scroll","background-type":"","background-media":"","overlay-type":"","overlay-color":"","overlay-opacity":"","overlay-gradient":""},"tablet":{"background-color":"","background-image":"","background-repeat":"repeat","background-position":"center center","background-size":"auto","background-attachment":"scroll","background-type":"","background-media":"","overlay-type":"","overlay-color":"","overlay-opacity":"","overlay-gradient":""},"mobile":{"background-color":"","background-image":"","background-repeat":"repeat","background-position":"center center","background-size":"auto","background-attachment":"scroll","background-type":"","background-media":"","overlay-type":"","overlay-color":"","overlay-opacity":"","overlay-gradient":""}},"ast-content-background-meta":{"desktop":{"background-color":"var(--ast-global-color-5)","background-image":"","background-repeat":"repeat","background-position":"center center","background-size":"auto","background-attachment":"scroll","background-type":"","background-media":"","overlay-type":"","overlay-color":"","overlay-opacity":"","overlay-gradient":""},"tablet":{"background-color":"var(--ast-global-color-5)","background-image":"","background-repeat":"repeat","background-position":"center center","background-size":"auto","background-attachment":"scroll","background-type":"","background-media":"","overlay-type":"","overlay-color":"","overlay-opacity":"","overlay-gradient":""},"mobile":{"background-color":"var(--ast-global-color-5)","background-image":"","background-repeat":"repeat","background-position":"center center","background-size":"auto","background-attachment":"scroll","background-type":"","background-media":"","overlay-type":"","overlay-color":"","overlay-opacity":"","overlay-gradient":""}}},"product_brand":[442],"product_cat":[83,84,30,50],"product_tag":[],"class_list":{"0":"post-8945","1":"product","2":"type-product","3":"status-publish","4":"has-post-thumbnail","6":"product_brand-velilla","7":"product_cat-complementos","8":"product_cat-forro-polar","9":"product_cat-industria-base","10":"product_cat-ropa-profesional","11":"desktop-align-center","12":"tablet-align-left","13":"mobile-align-left","15":"first","16":"instock","17":"taxable","18":"shipping-taxable","19":"purchasable","20":"product-type-variable","21":"has-default-attributes"},"_links":{"self":[{"href":"https:\/\/combi-pro.com\/fr\/wp-json\/wp\/v2\/product\/8945","targetHints":{"allow":["GET"]}}],"collection":[{"href":"https:\/\/combi-pro.com\/fr\/wp-json\/wp\/v2\/product"}],"about":[{"href":"https:\/\/combi-pro.com\/fr\/wp-json\/wp\/v2\/types\/product"}],"wp:featuredmedia":[{"embeddable":true,"href":"https:\/\/combi-pro.com\/fr\/wp-json\/wp\/v2\/media\/11875"}],"wp:attachment":[{"href":"https:\/\/combi-pro.com\/fr\/wp-json\/wp\/v2\/media?parent=8945"}],"wp:term":[{"taxonomy":"product_brand","embeddable":true,"href":"https:\/\/combi-pro.com\/fr\/wp-json\/wp\/v2\/product_brand?post=8945"},{"taxonomy":"product_cat","embeddable":true,"href":"https:\/\/combi-pro.com\/fr\/wp-json\/wp\/v2\/product_cat?post=8945"},{"taxonomy":"product_tag","embeddable":true,"href":"https:\/\/combi-pro.com\/fr\/wp-json\/wp\/v2\/product_tag?post=8945"}],"curies":[{"name":"wp","href":"https:\/\/api.w.org\/{rel}","templated":true}]}}