{"id":8958,"date":"2024-05-20T21:31:59","date_gmt":"2024-05-20T19:31:59","guid":{"rendered":"https:\/\/combi-pro.com\/?post_type=product&#038;p=8958"},"modified":"2026-04-13T20:16:33","modified_gmt":"2026-04-13T18:16:33","slug":"204003-gant-polaire","status":"publish","type":"product","link":"https:\/\/combi-pro.com\/fr\/boutique\/204003-gant-polaire\/","title":{"rendered":"Gant polaire \u00e9lastiqu\u00e9 au poignet 204003 | VELILLA"},"content":{"rendered":"<div class=\"data item\" role=\"tablist\">\n<div id=\"tab-label-description\" class=\"data item title active\" tabindex=\"0\" role=\"tab\" data-role=\"collapsible\" data-collapsible=\"true\" aria-controls=\"description\" aria-selected=\"false\" aria-expanded=\"true\">\n<p data-start=\"247\" data-end=\"439\"><strong data-start=\"446\" data-end=\"478\">Caract\u00e9ristiques techniques :<\/strong><\/p>\n<ul>\n<li data-start=\"482\" data-end=\"540\">Poignet \u00e9lastiqu\u00e9 pour un ajustement confortable et s\u00fbr<\/li>\n<li data-start=\"543\" data-end=\"616\">Tissu micro polaire pour une excellente isolation thermique<\/li>\n<\/ul>\n<p><strong data-start=\"623\" data-end=\"637\">Tissu: <\/strong>Polyester micro polaire 100% polyester \/ 220 g\/m\u00b2.<\/p>\n<p><strong data-start=\"696\" data-end=\"708\">Gamme :<\/strong> V\u00eatements d'ext\u00e9rieur<\/p>\n<p><strong data-start=\"725\" data-end=\"752\">Recommandation d'utilisation :<\/strong><\/p>\n<ul>\n<li>Id\u00e9al pour prot\u00e9ger les mains du froid lors d'activit\u00e9s de plein air, de sports d'hiver ou de travaux dans des conditions froides.<\/li>\n<\/ul>\n<\/div>\n<\/div>","protected":false},"excerpt":{"rendered":"<p data-start=\"43\" data-end=\"245\">Gant en polaire avec poignet \u00e9lastique, con\u00e7u pour garder les mains au chaud et les prot\u00e9ger dans des conditions froides. Id\u00e9al pour les activit\u00e9s de plein air.<\/p>\n<p data-start=\"43\" data-end=\"245\">\n<p data-start=\"247\" data-end=\"439\">","protected":false},"featured_media":11867,"template":"","meta":{"site-sidebar-layout":"default","site-content-layout":"","ast-site-content-layout":"default","site-content-style":"default","site-sidebar-style":"default","ast-global-header-display":"","ast-banner-title-visibility":"","ast-main-header-display":"","ast-hfb-above-header-display":"","ast-hfb-below-header-display":"","ast-hfb-mobile-header-display":"","site-post-title":"","ast-breadcrumbs-content":"","ast-featured-img":"","footer-sml-layout":"","ast-disable-related-posts":"","theme-transparent-header-meta":"default","adv-header-id-meta":"","stick-header-meta":"","header-above-stick-meta":"","header-main-stick-meta":"","header-below-stick-meta":"","astra-migrate-meta-layouts":"set","ast-page-background-enabled":"default","ast-page-background-meta":{"desktop":{"background-color":"","background-image":"","background-repeat":"repeat","background-position":"center center","background-size":"auto","background-attachment":"scroll","background-type":"","background-media":"","overlay-type":"","overlay-color":"","overlay-opacity":"","overlay-gradient":""},"tablet":{"background-color":"","background-image":"","background-repeat":"repeat","background-position":"center center","background-size":"auto","background-attachment":"scroll","background-type":"","background-media":"","overlay-type":"","overlay-color":"","overlay-opacity":"","overlay-gradient":""},"mobile":{"background-color":"","background-image":"","background-repeat":"repeat","background-position":"center center","background-size":"auto","background-attachment":"scroll","background-type":"","background-media":"","overlay-type":"","overlay-color":"","overlay-opacity":"","overlay-gradient":""}},"ast-content-background-meta":{"desktop":{"background-color":"var(--ast-global-color-5)","background-image":"","background-repeat":"repeat","background-position":"center center","background-size":"auto","background-attachment":"scroll","background-type":"","background-media":"","overlay-type":"","overlay-color":"","overlay-opacity":"","overlay-gradient":""},"tablet":{"background-color":"var(--ast-global-color-5)","background-image":"","background-repeat":"repeat","background-position":"center center","background-size":"auto","background-attachment":"scroll","background-type":"","background-media":"","overlay-type":"","overlay-color":"","overlay-opacity":"","overlay-gradient":""},"mobile":{"background-color":"var(--ast-global-color-5)","background-image":"","background-repeat":"repeat","background-position":"center center","background-size":"auto","background-attachment":"scroll","background-type":"","background-media":"","overlay-type":"","overlay-color":"","overlay-opacity":"","overlay-gradient":""}}},"product_brand":[442],"product_cat":[83,84,30,50],"product_tag":[],"class_list":{"0":"post-8958","1":"product","2":"type-product","3":"status-publish","4":"has-post-thumbnail","6":"product_brand-velilla","7":"product_cat-complementos","8":"product_cat-forro-polar","9":"product_cat-industria-base","10":"product_cat-ropa-profesional","11":"desktop-align-center","12":"tablet-align-left","13":"mobile-align-left","15":"first","16":"outofstock","17":"taxable","18":"shipping-taxable","19":"purchasable","20":"product-type-variable","21":"has-default-attributes"},"_links":{"self":[{"href":"https:\/\/combi-pro.com\/fr\/wp-json\/wp\/v2\/product\/8958","targetHints":{"allow":["GET"]}}],"collection":[{"href":"https:\/\/combi-pro.com\/fr\/wp-json\/wp\/v2\/product"}],"about":[{"href":"https:\/\/combi-pro.com\/fr\/wp-json\/wp\/v2\/types\/product"}],"wp:featuredmedia":[{"embeddable":true,"href":"https:\/\/combi-pro.com\/fr\/wp-json\/wp\/v2\/media\/11867"}],"wp:attachment":[{"href":"https:\/\/combi-pro.com\/fr\/wp-json\/wp\/v2\/media?parent=8958"}],"wp:term":[{"taxonomy":"product_brand","embeddable":true,"href":"https:\/\/combi-pro.com\/fr\/wp-json\/wp\/v2\/product_brand?post=8958"},{"taxonomy":"product_cat","embeddable":true,"href":"https:\/\/combi-pro.com\/fr\/wp-json\/wp\/v2\/product_cat?post=8958"},{"taxonomy":"product_tag","embeddable":true,"href":"https:\/\/combi-pro.com\/fr\/wp-json\/wp\/v2\/product_tag?post=8958"}],"curies":[{"name":"wp","href":"https:\/\/api.w.org\/{rel}","templated":true}]}}