{"id":8963,"date":"2024-05-20T21:39:50","date_gmt":"2024-05-20T19:39:50","guid":{"rendered":"https:\/\/combi-pro.com\/?post_type=product&#038;p=8963"},"modified":"2026-04-13T20:16:41","modified_gmt":"2026-04-13T18:16:41","slug":"201501-polaire","status":"publish","type":"product","link":"https:\/\/combi-pro.com\/fr\/boutique\/201501-polaire\/","title":{"rendered":"Veste polaire avec fermeture \u00e9clair et poches 201501 | VELILLA"},"content":{"rendered":"<p data-start=\"450\" data-end=\"482\"><strong data-start=\"450\" data-end=\"482\">Caract\u00e9ristiques techniques :<\/strong><\/p>\n<ul>\n<li data-start=\"486\" data-end=\"554\">Tissu en microfibre pour une excellente isolation thermique<\/li>\n<li data-start=\"557\" data-end=\"622\">Ouverture semi-zipp\u00e9e pour un ajustement facile et confortable<\/li>\n<li data-start=\"625\" data-end=\"697\">Couvercle interne zipp\u00e9, offrant un design \u00e9pur\u00e9<\/li>\n<li data-start=\"700\" data-end=\"778\">Deux poches zipp\u00e9es en bas pour plus de fonctionnalit\u00e9<\/li>\n<\/ul>\n<p data-start=\"785\" data-end=\"799\"><strong data-start=\"785\" data-end=\"799\">Tissu: <\/strong>Polyester micro polaire 100% polyester \/ 220 g\/m\u00b2.<\/p>\n<p data-start=\"858\" data-end=\"880\"><strong data-start=\"858\" data-end=\"870\">Gamme :<\/strong> V\u00eatements d'ext\u00e9rieur<\/p>\n<p data-start=\"887\" data-end=\"1079\"><strong data-start=\"887\" data-end=\"914\">Recommandation d'utilisation :<\/strong><\/p>\n<ul>\n<li data-start=\"887\" data-end=\"1079\">Parfait comme couche interm\u00e9diaire pour vous garder au chaud lors d'activit\u00e9s de plein air dans des climats froids. Id\u00e9al pour ajouter une couche suppl\u00e9mentaire de confort et de chaleur.<\/li>\n<\/ul>","protected":false},"excerpt":{"rendered":"<p data-start=\"47\" data-end=\"255\">Doublure en microfibre polaire avec demi-fermeture \u00e0 glissi\u00e8re, patte de boutonnage int\u00e9rieure et poches zipp\u00e9es. Id\u00e9al par temps froid et comme couche suppl\u00e9mentaire pour le confort et la chaleur.<\/p>\n<p><strong>GUIDE DES TAILLES<\/strong><\/p>\n<p><strong><img decoding=\"async\" class=\"alignnone wp-image-17852\" src=\"https:\/\/combi-pro.com\/wp-content\/uploads\/2024\/05\/70-76-screenshot-1750246126072-300x127.png\" alt=\"\" width=\"283\" height=\"120\" srcset=\"https:\/\/combi-pro.com\/wp-content\/uploads\/2024\/05\/70-76-screenshot-1750246126072-300x127.png 300w, https:\/\/combi-pro.com\/wp-content\/uploads\/2024\/05\/70-76-screenshot-1750246126072-64x27.png 64w, https:\/\/combi-pro.com\/wp-content\/uploads\/2024\/05\/70-76-screenshot-1750246126072-18x8.png 18w, https:\/\/combi-pro.com\/wp-content\/uploads\/2024\/05\/70-76-screenshot-1750246126072.png 401w\" sizes=\"(max-width: 283px) 100vw, 283px\" \/> <img decoding=\"async\" class=\"alignnone wp-image-17696\" src=\"https:\/\/combi-pro.com\/wp-content\/uploads\/2025\/05\/screenshot-1749214923473-300x106.png\" alt=\"\" width=\"283\" height=\"100\" srcset=\"https:\/\/combi-pro.com\/wp-content\/uploads\/2025\/05\/screenshot-1749214923473-300x106.png 300w, https:\/\/combi-pro.com\/wp-content\/uploads\/2025\/05\/screenshot-1749214923473-64x23.png 64w, https:\/\/combi-pro.com\/wp-content\/uploads\/2025\/05\/screenshot-1749214923473-18x6.png 18w, https:\/\/combi-pro.com\/wp-content\/uploads\/2025\/05\/screenshot-1749214923473.png 396w\" sizes=\"(max-width: 283px) 100vw, 283px\" \/>\u00a0 \u00a0 \u00a0 \u00a0<\/strong><\/p>","protected":false},"featured_media":11774,"template":"","meta":{"site-sidebar-layout":"default","site-content-layout":"","ast-site-content-layout":"default","site-content-style":"default","site-sidebar-style":"default","ast-global-header-display":"","ast-banner-title-visibility":"","ast-main-header-display":"","ast-hfb-above-header-display":"","ast-hfb-below-header-display":"","ast-hfb-mobile-header-display":"","site-post-title":"","ast-breadcrumbs-content":"","ast-featured-img":"","footer-sml-layout":"","ast-disable-related-posts":"","theme-transparent-header-meta":"default","adv-header-id-meta":"","stick-header-meta":"","header-above-stick-meta":"","header-main-stick-meta":"","header-below-stick-meta":"","astra-migrate-meta-layouts":"set","ast-page-background-enabled":"default","ast-page-background-meta":{"desktop":{"background-color":"","background-image":"","background-repeat":"repeat","background-position":"center center","background-size":"auto","background-attachment":"scroll","background-type":"","background-media":"","overlay-type":"","overlay-color":"","overlay-opacity":"","overlay-gradient":""},"tablet":{"background-color":"","background-image":"","background-repeat":"repeat","background-position":"center center","background-size":"auto","background-attachment":"scroll","background-type":"","background-media":"","overlay-type":"","overlay-color":"","overlay-opacity":"","overlay-gradient":""},"mobile":{"background-color":"","background-image":"","background-repeat":"repeat","background-position":"center center","background-size":"auto","background-attachment":"scroll","background-type":"","background-media":"","overlay-type":"","overlay-color":"","overlay-opacity":"","overlay-gradient":""}},"ast-content-background-meta":{"desktop":{"background-color":"var(--ast-global-color-5)","background-image":"","background-repeat":"repeat","background-position":"center center","background-size":"auto","background-attachment":"scroll","background-type":"","background-media":"","overlay-type":"","overlay-color":"","overlay-opacity":"","overlay-gradient":""},"tablet":{"background-color":"var(--ast-global-color-5)","background-image":"","background-repeat":"repeat","background-position":"center center","background-size":"auto","background-attachment":"scroll","background-type":"","background-media":"","overlay-type":"","overlay-color":"","overlay-opacity":"","overlay-gradient":""},"mobile":{"background-color":"var(--ast-global-color-5)","background-image":"","background-repeat":"repeat","background-position":"center center","background-size":"auto","background-attachment":"scroll","background-type":"","background-media":"","overlay-type":"","overlay-color":"","overlay-opacity":"","overlay-gradient":""}}},"product_brand":[442],"product_cat":[84,30,50],"product_tag":[],"class_list":{"0":"post-8963","1":"product","2":"type-product","3":"status-publish","4":"has-post-thumbnail","6":"product_brand-velilla","7":"product_cat-forro-polar","8":"product_cat-industria-base","9":"product_cat-ropa-profesional","10":"desktop-align-center","11":"tablet-align-left","12":"mobile-align-left","14":"first","15":"instock","16":"taxable","17":"shipping-taxable","18":"purchasable","19":"product-type-variable","20":"has-default-attributes"},"_links":{"self":[{"href":"https:\/\/combi-pro.com\/fr\/wp-json\/wp\/v2\/product\/8963","targetHints":{"allow":["GET"]}}],"collection":[{"href":"https:\/\/combi-pro.com\/fr\/wp-json\/wp\/v2\/product"}],"about":[{"href":"https:\/\/combi-pro.com\/fr\/wp-json\/wp\/v2\/types\/product"}],"wp:featuredmedia":[{"embeddable":true,"href":"https:\/\/combi-pro.com\/fr\/wp-json\/wp\/v2\/media\/11774"}],"wp:attachment":[{"href":"https:\/\/combi-pro.com\/fr\/wp-json\/wp\/v2\/media?parent=8963"}],"wp:term":[{"taxonomy":"product_brand","embeddable":true,"href":"https:\/\/combi-pro.com\/fr\/wp-json\/wp\/v2\/product_brand?post=8963"},{"taxonomy":"product_cat","embeddable":true,"href":"https:\/\/combi-pro.com\/fr\/wp-json\/wp\/v2\/product_cat?post=8963"},{"taxonomy":"product_tag","embeddable":true,"href":"https:\/\/combi-pro.com\/fr\/wp-json\/wp\/v2\/product_tag?post=8963"}],"curies":[{"name":"wp","href":"https:\/\/api.w.org\/{rel}","templated":true}]}}