{"id":9012,"date":"2024-05-20T21:53:46","date_gmt":"2024-05-20T19:53:46","guid":{"rendered":"https:\/\/combi-pro.com\/?post_type=product&#038;p=9012"},"modified":"2026-04-13T20:17:00","modified_gmt":"2026-04-13T18:17:00","slug":"201502w-veste-polaire-femme","status":"publish","type":"product","link":"https:\/\/combi-pro.com\/fr\/boutique\/201502w-veste-polaire-femme\/","title":{"rendered":"Veste de travail femme en polaire avec fermeture \u00e9clair et poches int\u00e9rieures 201502W | VELILLA"},"content":{"rendered":"<p data-start=\"574\" data-end=\"606\"><strong data-start=\"574\" data-end=\"606\">Caract\u00e9ristiques techniques :<\/strong><\/p>\n<ul>\n<li data-start=\"610\" data-end=\"641\">Fermeture centrale \u00e0 glissi\u00e8re<\/li>\n<li data-start=\"644\" data-end=\"711\">Rabat int\u00e9rieur en haut, couvrant la fermeture \u00e0 glissi\u00e8re<\/li>\n<li data-start=\"714\" data-end=\"732\">5 poches :<\/li>\n<li data-start=\"737\" data-end=\"773\">3 poches passepoil\u00e9es zipp\u00e9es<\/li>\n<li data-start=\"778\" data-end=\"802\">2 poches int\u00e9rieures<\/li>\n<\/ul>\n<p data-start=\"809\" data-end=\"823\"><strong data-start=\"809\" data-end=\"823\">Tissu:<\/strong><\/p>\n<ul>\n<li data-start=\"827\" data-end=\"845\">Polaire en microfibre<\/li>\n<li data-start=\"848\" data-end=\"881\">Composition : polyester 100%<\/li>\n<li data-start=\"884\" data-end=\"907\">Poids : 220 g\/m\u00b2.<\/li>\n<\/ul>\n<p data-start=\"914\" data-end=\"943\"><strong data-start=\"914\" data-end=\"926\">Gamme :<\/strong> V\u00eatements d'ext\u00e9rieur, Femme<\/p>\n<p data-start=\"950\" data-end=\"1122\"><strong data-start=\"950\" data-end=\"977\">Recommandation d'utilisation :<\/strong><\/p>\n<ul>\n<li data-start=\"950\" data-end=\"1122\">Con\u00e7u pour la femme professionnelle qui a besoin de chaleur sans perdre en mobilit\u00e9. Id\u00e9al dans les environnements froids ou comme v\u00eatement interm\u00e9diaire \u00e0 l'ext\u00e9rieur.<\/li>\n<\/ul>","protected":false},"excerpt":{"rendered":"<p data-start=\"204\" data-end=\"391\">Veste polaire pour femme en microfibre, chaude et l\u00e9g\u00e8re, avec fermeture \u00e0 glissi\u00e8re et 5 poches. Con\u00e7ue pour le confort dans l'environnement de travail.<\/p>\n<p><strong>GUIDE DES TAILLES<\/strong><\/p>\n<p><strong><img decoding=\"async\" class=\"alignnone wp-image-17853\" src=\"https:\/\/combi-pro.com\/wp-content\/uploads\/2024\/05\/61.2-66.9-screenshot-1750246320343-300x130.png\" alt=\"\" width=\"277\" height=\"120\" srcset=\"https:\/\/combi-pro.com\/wp-content\/uploads\/2024\/05\/61.2-66.9-screenshot-1750246320343-300x130.png 300w, https:\/\/combi-pro.com\/wp-content\/uploads\/2024\/05\/61.2-66.9-screenshot-1750246320343-64x28.png 64w, https:\/\/combi-pro.com\/wp-content\/uploads\/2024\/05\/61.2-66.9-screenshot-1750246320343-18x8.png 18w, https:\/\/combi-pro.com\/wp-content\/uploads\/2024\/05\/61.2-66.9-screenshot-1750246320343.png 400w\" sizes=\"(max-width: 277px) 100vw, 277px\" \/> <img decoding=\"async\" class=\"alignnone wp-image-17696\" src=\"https:\/\/combi-pro.com\/wp-content\/uploads\/2025\/05\/screenshot-1749214923473-300x106.png\" alt=\"\" width=\"283\" height=\"100\" srcset=\"https:\/\/combi-pro.com\/wp-content\/uploads\/2025\/05\/screenshot-1749214923473-300x106.png 300w, https:\/\/combi-pro.com\/wp-content\/uploads\/2025\/05\/screenshot-1749214923473-64x23.png 64w, https:\/\/combi-pro.com\/wp-content\/uploads\/2025\/05\/screenshot-1749214923473-18x6.png 18w, https:\/\/combi-pro.com\/wp-content\/uploads\/2025\/05\/screenshot-1749214923473.png 396w\" sizes=\"(max-width: 283px) 100vw, 283px\" \/>\u00a0 \u00a0 \u00a0 \u00a0<\/strong><\/p>","protected":false},"featured_media":11742,"template":"","meta":{"site-sidebar-layout":"default","site-content-layout":"","ast-site-content-layout":"default","site-content-style":"default","site-sidebar-style":"default","ast-global-header-display":"","ast-banner-title-visibility":"","ast-main-header-display":"","ast-hfb-above-header-display":"","ast-hfb-below-header-display":"","ast-hfb-mobile-header-display":"","site-post-title":"","ast-breadcrumbs-content":"","ast-featured-img":"","footer-sml-layout":"","ast-disable-related-posts":"","theme-transparent-header-meta":"default","adv-header-id-meta":"","stick-header-meta":"","header-above-stick-meta":"","header-main-stick-meta":"","header-below-stick-meta":"","astra-migrate-meta-layouts":"set","ast-page-background-enabled":"default","ast-page-background-meta":{"desktop":{"background-color":"","background-image":"","background-repeat":"repeat","background-position":"center center","background-size":"auto","background-attachment":"scroll","background-type":"","background-media":"","overlay-type":"","overlay-color":"","overlay-opacity":"","overlay-gradient":""},"tablet":{"background-color":"","background-image":"","background-repeat":"repeat","background-position":"center center","background-size":"auto","background-attachment":"scroll","background-type":"","background-media":"","overlay-type":"","overlay-color":"","overlay-opacity":"","overlay-gradient":""},"mobile":{"background-color":"","background-image":"","background-repeat":"repeat","background-position":"center center","background-size":"auto","background-attachment":"scroll","background-type":"","background-media":"","overlay-type":"","overlay-color":"","overlay-opacity":"","overlay-gradient":""}},"ast-content-background-meta":{"desktop":{"background-color":"var(--ast-global-color-5)","background-image":"","background-repeat":"repeat","background-position":"center center","background-size":"auto","background-attachment":"scroll","background-type":"","background-media":"","overlay-type":"","overlay-color":"","overlay-opacity":"","overlay-gradient":""},"tablet":{"background-color":"var(--ast-global-color-5)","background-image":"","background-repeat":"repeat","background-position":"center center","background-size":"auto","background-attachment":"scroll","background-type":"","background-media":"","overlay-type":"","overlay-color":"","overlay-opacity":"","overlay-gradient":""},"mobile":{"background-color":"var(--ast-global-color-5)","background-image":"","background-repeat":"repeat","background-position":"center center","background-size":"auto","background-attachment":"scroll","background-type":"","background-media":"","overlay-type":"","overlay-color":"","overlay-opacity":"","overlay-gradient":""}}},"product_brand":[442],"product_cat":[82,84,30,50],"product_tag":[],"class_list":{"0":"post-9012","1":"product","2":"type-product","3":"status-publish","4":"has-post-thumbnail","6":"product_brand-velilla","7":"product_cat-chaquetas","8":"product_cat-forro-polar","9":"product_cat-industria-base","10":"product_cat-ropa-profesional","11":"desktop-align-center","12":"tablet-align-left","13":"mobile-align-left","15":"first","16":"instock","17":"taxable","18":"shipping-taxable","19":"purchasable","20":"product-type-variable","21":"has-default-attributes"},"_links":{"self":[{"href":"https:\/\/combi-pro.com\/fr\/wp-json\/wp\/v2\/product\/9012","targetHints":{"allow":["GET"]}}],"collection":[{"href":"https:\/\/combi-pro.com\/fr\/wp-json\/wp\/v2\/product"}],"about":[{"href":"https:\/\/combi-pro.com\/fr\/wp-json\/wp\/v2\/types\/product"}],"wp:featuredmedia":[{"embeddable":true,"href":"https:\/\/combi-pro.com\/fr\/wp-json\/wp\/v2\/media\/11742"}],"wp:attachment":[{"href":"https:\/\/combi-pro.com\/fr\/wp-json\/wp\/v2\/media?parent=9012"}],"wp:term":[{"taxonomy":"product_brand","embeddable":true,"href":"https:\/\/combi-pro.com\/fr\/wp-json\/wp\/v2\/product_brand?post=9012"},{"taxonomy":"product_cat","embeddable":true,"href":"https:\/\/combi-pro.com\/fr\/wp-json\/wp\/v2\/product_cat?post=9012"},{"taxonomy":"product_tag","embeddable":true,"href":"https:\/\/combi-pro.com\/fr\/wp-json\/wp\/v2\/product_tag?post=9012"}],"curies":[{"name":"wp","href":"https:\/\/api.w.org\/{rel}","templated":true}]}}