{"id":9063,"date":"2024-05-20T22:25:13","date_gmt":"2024-05-20T20:25:13","guid":{"rendered":"https:\/\/combi-pro.com\/?post_type=product&#038;p=9063"},"modified":"2026-04-13T20:17:32","modified_gmt":"2026-04-13T18:17:32","slug":"208-global-100-coton","status":"publish","type":"product","link":"https:\/\/combi-pro.com\/fr\/boutique\/208-global-100-coton\/","title":{"rendered":"Salopette 100% Salopette en coton de style italien avec fermeture \u00e9clair asym\u00e9trique 208 | VELILLA"},"content":{"rendered":"<p data-start=\"480\" data-end=\"512\"><strong data-start=\"480\" data-end=\"512\">Caract\u00e9ristiques techniques :<\/strong><\/p>\n<ul>\n<li data-start=\"516\" data-end=\"578\">Fermeture \u00e0 glissi\u00e8re centrale asym\u00e9trique avec double fermeture \u00e0 glissi\u00e8re<\/li>\n<li data-start=\"581\" data-end=\"633\">Manches raglan pour une plus grande libert\u00e9 de mouvement<\/li>\n<li data-start=\"636\" data-end=\"679\">Taille \u00e9lastiqu\u00e9e pour un meilleur ajustement<\/li>\n<li data-start=\"682\" data-end=\"741\">Les poignets c\u00f4tel\u00e9s emp\u00eachent la poussi\u00e8re et l'air de p\u00e9n\u00e9trer.<\/li>\n<li data-start=\"744\" data-end=\"799\">Double couture de s\u00e9curit\u00e9 pour plus de solidit\u00e9<\/li>\n<li data-start=\"802\" data-end=\"836\">Cinq poches fonctionnelles :<\/li>\n<li data-start=\"841\" data-end=\"880\">1 poche poitrine zipp\u00e9e<\/li>\n<li data-start=\"885\" data-end=\"919\">2 poches inf\u00e9rieures plaqu\u00e9es<\/li>\n<li data-start=\"924\" data-end=\"954\">1 poche arri\u00e8re plaqu\u00e9e<\/li>\n<li data-start=\"959\" data-end=\"1004\">1 poche \u00e0 outils sur la jambe droite<\/li>\n<\/ul>\n<p data-start=\"1011\" data-end=\"1025\"><strong data-start=\"1011\" data-end=\"1025\">Tissu:<\/strong><\/p>\n<ul>\n<li data-start=\"1029\" data-end=\"1054\">Serg\u00e9. 100% coton<\/li>\n<li data-start=\"1057\" data-end=\"1078\">Grammage : 180 g\/m\u00b2.<\/li>\n<\/ul>\n<p data-start=\"1085\" data-end=\"1110\"><strong data-start=\"1085\" data-end=\"1097\">Gamme :<\/strong> 100% Coton<\/p>\n<p data-start=\"1117\" data-end=\"1325\"><strong data-start=\"1117\" data-end=\"1144\">Recommandation d'utilisation :<\/strong><\/p>\n<ul>\n<li data-start=\"1117\" data-end=\"1325\">Id\u00e9al pour les environnements chauds ou \u00e0 risque thermique, gr\u00e2ce \u00e0 sa composition en coton naturel. Procure fra\u00eecheur, respirabilit\u00e9 et confort pour les longues journ\u00e9es de travail.<\/li>\n<\/ul>","protected":false},"excerpt":{"rendered":"<p data-start=\"82\" data-end=\"275\">Combinaison italienne en coton 100%, avec fermeture asym\u00e9trique \u00e0 double curseur, poignets c\u00f4tel\u00e9s et multiples poches fonctionnelles. L\u00e9ger, confortable et durable.<\/p>\n<p data-start=\"277\" data-end=\"473\"><img decoding=\"async\" class=\"alignnone wp-image-15450\" src=\"https:\/\/combi-pro.com\/wp-content\/uploads\/2024\/05\/100-COTTON.png\" alt=\"\" width=\"117\" height=\"40\" srcset=\"https:\/\/combi-pro.com\/wp-content\/uploads\/2024\/05\/100-COTTON.png 228w, https:\/\/combi-pro.com\/wp-content\/uploads\/2024\/05\/100-COTTON-64x22.png 64w, https:\/\/combi-pro.com\/wp-content\/uploads\/2024\/05\/100-COTTON-18x6.png 18w\" sizes=\"(max-width: 117px) 100vw, 117px\" \/><\/p>\n<p><strong>GUIDE DES TAILLES<\/strong><\/p>\n<p><strong><img fetchpriority=\"high\" decoding=\"async\" class=\"alignnone wp-image-17856\" src=\"https:\/\/combi-pro.com\/wp-content\/uploads\/2024\/05\/158.5-187.9-screenshot-1750249132176-300x193.png\" alt=\"\" width=\"280\" height=\"180\" srcset=\"https:\/\/combi-pro.com\/wp-content\/uploads\/2024\/05\/158.5-187.9-screenshot-1750249132176-300x193.png 300w, https:\/\/combi-pro.com\/wp-content\/uploads\/2024\/05\/158.5-187.9-screenshot-1750249132176-18x12.png 18w, https:\/\/combi-pro.com\/wp-content\/uploads\/2024\/05\/158.5-187.9-screenshot-1750249132176-64x41.png 64w, https:\/\/combi-pro.com\/wp-content\/uploads\/2024\/05\/158.5-187.9-screenshot-1750249132176.png 446w\" sizes=\"(max-width: 280px) 100vw, 280px\" \/> <img decoding=\"async\" class=\"alignnone wp-image-17805\" src=\"https:\/\/combi-pro.com\/wp-content\/uploads\/2024\/05\/screenshot-1750079098456-300x256.png\" alt=\"\" width=\"141\" height=\"120\" srcset=\"https:\/\/combi-pro.com\/wp-content\/uploads\/2024\/05\/screenshot-1750079098456-300x256.png 300w, https:\/\/combi-pro.com\/wp-content\/uploads\/2024\/05\/screenshot-1750079098456-64x55.png 64w, https:\/\/combi-pro.com\/wp-content\/uploads\/2024\/05\/screenshot-1750079098456-14x12.png 14w, https:\/\/combi-pro.com\/wp-content\/uploads\/2024\/05\/screenshot-1750079098456.png 322w\" sizes=\"(max-width: 141px) 100vw, 141px\" \/>\u00a0 \u00a0 \u00a0 \u00a0 \u00a0\u00a0<\/strong><\/p>","protected":false},"featured_media":11712,"template":"","meta":{"site-sidebar-layout":"default","site-content-layout":"","ast-site-content-layout":"default","site-content-style":"default","site-sidebar-style":"default","ast-global-header-display":"","ast-banner-title-visibility":"","ast-main-header-display":"","ast-hfb-above-header-display":"","ast-hfb-below-header-display":"","ast-hfb-mobile-header-display":"","site-post-title":"","ast-breadcrumbs-content":"","ast-featured-img":"","footer-sml-layout":"","ast-disable-related-posts":"","theme-transparent-header-meta":"default","adv-header-id-meta":"","stick-header-meta":"","header-above-stick-meta":"","header-main-stick-meta":"","header-below-stick-meta":"","astra-migrate-meta-layouts":"set","ast-page-background-enabled":"default","ast-page-background-meta":{"desktop":{"background-color":"","background-image":"","background-repeat":"repeat","background-position":"center center","background-size":"auto","background-attachment":"scroll","background-type":"","background-media":"","overlay-type":"","overlay-color":"","overlay-opacity":"","overlay-gradient":""},"tablet":{"background-color":"","background-image":"","background-repeat":"repeat","background-position":"center center","background-size":"auto","background-attachment":"scroll","background-type":"","background-media":"","overlay-type":"","overlay-color":"","overlay-opacity":"","overlay-gradient":""},"mobile":{"background-color":"","background-image":"","background-repeat":"repeat","background-position":"center center","background-size":"auto","background-attachment":"scroll","background-type":"","background-media":"","overlay-type":"","overlay-color":"","overlay-opacity":"","overlay-gradient":""}},"ast-content-background-meta":{"desktop":{"background-color":"var(--ast-global-color-5)","background-image":"","background-repeat":"repeat","background-position":"center center","background-size":"auto","background-attachment":"scroll","background-type":"","background-media":"","overlay-type":"","overlay-color":"","overlay-opacity":"","overlay-gradient":""},"tablet":{"background-color":"var(--ast-global-color-5)","background-image":"","background-repeat":"repeat","background-position":"center center","background-size":"auto","background-attachment":"scroll","background-type":"","background-media":"","overlay-type":"","overlay-color":"","overlay-opacity":"","overlay-gradient":""},"mobile":{"background-color":"var(--ast-global-color-5)","background-image":"","background-repeat":"repeat","background-position":"center center","background-size":"auto","background-attachment":"scroll","background-type":"","background-media":"","overlay-type":"","overlay-color":"","overlay-opacity":"","overlay-gradient":""}}},"product_brand":[442],"product_cat":[30,85,50],"product_tag":[],"class_list":{"0":"post-9063","1":"product","2":"type-product","3":"status-publish","4":"has-post-thumbnail","6":"product_brand-velilla","7":"product_cat-industria-base","8":"product_cat-monos","9":"product_cat-ropa-profesional","10":"desktop-align-center","11":"tablet-align-left","12":"mobile-align-left","14":"first","15":"instock","16":"taxable","17":"shipping-taxable","18":"purchasable","19":"product-type-variable","20":"has-default-attributes"},"_links":{"self":[{"href":"https:\/\/combi-pro.com\/fr\/wp-json\/wp\/v2\/product\/9063","targetHints":{"allow":["GET"]}}],"collection":[{"href":"https:\/\/combi-pro.com\/fr\/wp-json\/wp\/v2\/product"}],"about":[{"href":"https:\/\/combi-pro.com\/fr\/wp-json\/wp\/v2\/types\/product"}],"wp:featuredmedia":[{"embeddable":true,"href":"https:\/\/combi-pro.com\/fr\/wp-json\/wp\/v2\/media\/11712"}],"wp:attachment":[{"href":"https:\/\/combi-pro.com\/fr\/wp-json\/wp\/v2\/media?parent=9063"}],"wp:term":[{"taxonomy":"product_brand","embeddable":true,"href":"https:\/\/combi-pro.com\/fr\/wp-json\/wp\/v2\/product_brand?post=9063"},{"taxonomy":"product_cat","embeddable":true,"href":"https:\/\/combi-pro.com\/fr\/wp-json\/wp\/v2\/product_cat?post=9063"},{"taxonomy":"product_tag","embeddable":true,"href":"https:\/\/combi-pro.com\/fr\/wp-json\/wp\/v2\/product_tag?post=9063"}],"curies":[{"name":"wp","href":"https:\/\/api.w.org\/{rel}","templated":true}]}}