{"id":9077,"date":"2024-05-20T22:42:33","date_gmt":"2024-05-20T20:42:33","guid":{"rendered":"https:\/\/combi-pro.com\/?post_type=product&#038;p=9077"},"modified":"2026-04-13T20:17:34","modified_gmt":"2026-04-13T18:17:34","slug":"256-concours-mono","status":"publish","type":"product","link":"https:\/\/combi-pro.com\/fr\/boutique\/256-concours-mono\/","title":{"rendered":"Combinaison de course avec fermetures \u00e0 glissi\u00e8re et r\u00e9glage de la ceinture 256 | VELILLA"},"content":{"rendered":"<div class=\"data item\" role=\"tablist\">\n<div id=\"tab-label-description\" class=\"data item title active\" tabindex=\"0\" role=\"tab\" data-role=\"collapsible\" data-collapsible=\"true\" aria-controls=\"description\" aria-selected=\"false\" aria-expanded=\"true\">\n<p data-start=\"473\" data-end=\"505\"><strong data-start=\"473\" data-end=\"505\">Caract\u00e9ristiques techniques :<\/strong><\/p>\n<ul>\n<li data-start=\"509\" data-end=\"560\">Fermeture centrale \u00e0 double curseur<\/li>\n<li data-start=\"563\" data-end=\"614\">Col montant avec boucle de ceinture et bouton de fermeture<\/li>\n<li data-start=\"617\" data-end=\"681\">Manches raglan pour le confort et la libert\u00e9 de mouvement<\/li>\n<li data-start=\"684\" data-end=\"749\">Ceinture int\u00e9gr\u00e9e avec fermeture \u00e0 bouton, sur les c\u00f4t\u00e9s<\/li>\n<li data-start=\"752\" data-end=\"803\">Taille \u00e9lastiqu\u00e9e pour un ajustement ergonomique<\/li>\n<li data-start=\"806\" data-end=\"827\">Poignets c\u00f4tel\u00e9s<\/li>\n<li data-start=\"830\" data-end=\"885\">Double couture de s\u00e9curit\u00e9 pour plus de solidit\u00e9<\/li>\n<li data-start=\"888\" data-end=\"960\">Quatre poches plaqu\u00e9es zipp\u00e9es (2 sur la poitrine, 2 sur les jambes)<\/li>\n<\/ul>\n<p data-start=\"967\" data-end=\"981\"><strong data-start=\"967\" data-end=\"981\">Tissu:<\/strong><\/p>\n<ul>\n<li data-start=\"985\" data-end=\"1025\">Serg\u00e9. 65% Polyester - 35% Coton<\/li>\n<li data-start=\"1028\" data-end=\"1049\">Grammage : 200 g\/m\u00b2.<\/li>\n<\/ul>\n<p data-start=\"1056\" data-end=\"1115\"><strong data-start=\"1056\" data-end=\"1068\">Gamme :<\/strong> Comp\u00e9tition \/ Professionnel (selon la collection)<\/p>\n<p data-start=\"1122\" data-end=\"1323\"><strong data-start=\"1122\" data-end=\"1149\">Recommandation d'utilisation :<\/strong><\/p>\n<ul>\n<li data-start=\"1122\" data-end=\"1323\">Con\u00e7u pour les environnements dynamiques tels que les ateliers, les comp\u00e9titions ou les activit\u00e9s o\u00f9 le confort, la solidit\u00e9 et l'acc\u00e8s rapide au contenu de la poche sont n\u00e9cessaires.<\/li>\n<\/ul>\n<\/div>\n<\/div>","protected":false},"excerpt":{"rendered":"<p data-start=\"65\" data-end=\"272\">Combinaison de course avec fermeture \u00e0 glissi\u00e8re bidirectionnelle, col avec passants de ceinture et ceinture avec fermeture \u00e0 boutons. Conception fonctionnelle et r\u00e9sistante pour les activit\u00e9s intenses.<\/p>\n<p><strong>GUIDE DES TAILLES<\/strong><\/p>\n<p><strong><img decoding=\"async\" class=\"alignnone wp-image-17858\" src=\"https:\/\/combi-pro.com\/wp-content\/uploads\/2024\/05\/158-177.6-screenshot-1750249570341-300x139.png\" alt=\"\" width=\"302\" height=\"140\" srcset=\"https:\/\/combi-pro.com\/wp-content\/uploads\/2024\/05\/158-177.6-screenshot-1750249570341-300x139.png 300w, https:\/\/combi-pro.com\/wp-content\/uploads\/2024\/05\/158-177.6-screenshot-1750249570341-18x8.png 18w, https:\/\/combi-pro.com\/wp-content\/uploads\/2024\/05\/158-177.6-screenshot-1750249570341-64x30.png 64w, https:\/\/combi-pro.com\/wp-content\/uploads\/2024\/05\/158-177.6-screenshot-1750249570341.png 446w\" sizes=\"(max-width: 302px) 100vw, 302px\" \/> <img decoding=\"async\" class=\"alignnone wp-image-17805\" src=\"https:\/\/combi-pro.com\/wp-content\/uploads\/2024\/05\/screenshot-1750079098456-300x256.png\" alt=\"\" width=\"141\" height=\"120\" srcset=\"https:\/\/combi-pro.com\/wp-content\/uploads\/2024\/05\/screenshot-1750079098456-300x256.png 300w, https:\/\/combi-pro.com\/wp-content\/uploads\/2024\/05\/screenshot-1750079098456-64x55.png 64w, https:\/\/combi-pro.com\/wp-content\/uploads\/2024\/05\/screenshot-1750079098456-14x12.png 14w, https:\/\/combi-pro.com\/wp-content\/uploads\/2024\/05\/screenshot-1750079098456.png 322w\" sizes=\"(max-width: 141px) 100vw, 141px\" \/>\u00a0 \u00a0 \u00a0\u00a0<\/strong><\/p>","protected":false},"featured_media":11696,"template":"","meta":{"site-sidebar-layout":"default","site-content-layout":"","ast-site-content-layout":"default","site-content-style":"default","site-sidebar-style":"default","ast-global-header-display":"","ast-banner-title-visibility":"","ast-main-header-display":"","ast-hfb-above-header-display":"","ast-hfb-below-header-display":"","ast-hfb-mobile-header-display":"","site-post-title":"","ast-breadcrumbs-content":"","ast-featured-img":"","footer-sml-layout":"","ast-disable-related-posts":"","theme-transparent-header-meta":"default","adv-header-id-meta":"","stick-header-meta":"","header-above-stick-meta":"","header-main-stick-meta":"","header-below-stick-meta":"","astra-migrate-meta-layouts":"set","ast-page-background-enabled":"default","ast-page-background-meta":{"desktop":{"background-color":"","background-image":"","background-repeat":"repeat","background-position":"center center","background-size":"auto","background-attachment":"scroll","background-type":"","background-media":"","overlay-type":"","overlay-color":"","overlay-opacity":"","overlay-gradient":""},"tablet":{"background-color":"","background-image":"","background-repeat":"repeat","background-position":"center center","background-size":"auto","background-attachment":"scroll","background-type":"","background-media":"","overlay-type":"","overlay-color":"","overlay-opacity":"","overlay-gradient":""},"mobile":{"background-color":"","background-image":"","background-repeat":"repeat","background-position":"center center","background-size":"auto","background-attachment":"scroll","background-type":"","background-media":"","overlay-type":"","overlay-color":"","overlay-opacity":"","overlay-gradient":""}},"ast-content-background-meta":{"desktop":{"background-color":"var(--ast-global-color-5)","background-image":"","background-repeat":"repeat","background-position":"center center","background-size":"auto","background-attachment":"scroll","background-type":"","background-media":"","overlay-type":"","overlay-color":"","overlay-opacity":"","overlay-gradient":""},"tablet":{"background-color":"var(--ast-global-color-5)","background-image":"","background-repeat":"repeat","background-position":"center center","background-size":"auto","background-attachment":"scroll","background-type":"","background-media":"","overlay-type":"","overlay-color":"","overlay-opacity":"","overlay-gradient":""},"mobile":{"background-color":"var(--ast-global-color-5)","background-image":"","background-repeat":"repeat","background-position":"center center","background-size":"auto","background-attachment":"scroll","background-type":"","background-media":"","overlay-type":"","overlay-color":"","overlay-opacity":"","overlay-gradient":""}}},"product_brand":[442],"product_cat":[30,85,50],"product_tag":[],"class_list":{"0":"post-9077","1":"product","2":"type-product","3":"status-publish","4":"has-post-thumbnail","6":"product_brand-velilla","7":"product_cat-industria-base","8":"product_cat-monos","9":"product_cat-ropa-profesional","10":"desktop-align-center","11":"tablet-align-left","12":"mobile-align-left","14":"first","15":"outofstock","16":"taxable","17":"shipping-taxable","18":"purchasable","19":"product-type-variable"},"_links":{"self":[{"href":"https:\/\/combi-pro.com\/fr\/wp-json\/wp\/v2\/product\/9077","targetHints":{"allow":["GET"]}}],"collection":[{"href":"https:\/\/combi-pro.com\/fr\/wp-json\/wp\/v2\/product"}],"about":[{"href":"https:\/\/combi-pro.com\/fr\/wp-json\/wp\/v2\/types\/product"}],"wp:featuredmedia":[{"embeddable":true,"href":"https:\/\/combi-pro.com\/fr\/wp-json\/wp\/v2\/media\/11696"}],"wp:attachment":[{"href":"https:\/\/combi-pro.com\/fr\/wp-json\/wp\/v2\/media?parent=9077"}],"wp:term":[{"taxonomy":"product_brand","embeddable":true,"href":"https:\/\/combi-pro.com\/fr\/wp-json\/wp\/v2\/product_brand?post=9077"},{"taxonomy":"product_cat","embeddable":true,"href":"https:\/\/combi-pro.com\/fr\/wp-json\/wp\/v2\/product_cat?post=9077"},{"taxonomy":"product_tag","embeddable":true,"href":"https:\/\/combi-pro.com\/fr\/wp-json\/wp\/v2\/product_tag?post=9077"}],"curies":[{"name":"wp","href":"https:\/\/api.w.org\/{rel}","templated":true}]}}