{"id":9088,"date":"2024-05-20T23:01:40","date_gmt":"2024-05-20T21:01:40","guid":{"rendered":"https:\/\/combi-pro.com\/?post_type=product&#038;p=9088"},"modified":"2026-04-13T20:17:39","modified_gmt":"2026-04-13T18:17:39","slug":"195-combinaison-de-pluie","status":"publish","type":"product","link":"https:\/\/combi-pro.com\/fr\/boutique\/195-combinaison-de-pluie\/","title":{"rendered":"Ensemble mackintosh professionnel avec capot dissimul\u00e9 195 | VELILLA"},"content":{"rendered":"<div class=\"data item\" role=\"tablist\">\n<div id=\"tab-label-description\" class=\"data item title active\" tabindex=\"0\" role=\"tab\" data-role=\"collapsible\" data-collapsible=\"true\" aria-controls=\"description\" aria-selected=\"false\" aria-expanded=\"true\">\n<p class=\"\" data-start=\"1149\" data-end=\"1181\"><strong data-start=\"1152\" data-end=\"1181\">Caract\u00e9ristiques techniques :<\/strong><\/p>\n<p class=\"\" data-start=\"1183\" data-end=\"1199\"><strong data-start=\"1186\" data-end=\"1199\">Veste :<\/strong><\/p>\n<ul>\n<li data-start=\"1202\" data-end=\"1233\">Fermeture centrale \u00e0 glissi\u00e8re<\/li>\n<li data-start=\"1236\" data-end=\"1265\">Capuche dissimul\u00e9e dans le col<\/li>\n<li data-start=\"1268\" data-end=\"1296\">Basse r\u00e9glable avec bouchon<\/li>\n<li data-start=\"1299\" data-end=\"1327\">Poignets int\u00e9rieurs \u00e9lastiques<\/li>\n<li data-start=\"1330\" data-end=\"1396\">Dos en maille et \u0153illets m\u00e9talliques aux aisselles pour la ventilation<\/li>\n<li data-start=\"1399\" data-end=\"1443\">2 poches inf\u00e9rieures cach\u00e9es avec rabats<\/li>\n<li data-start=\"1446\" data-end=\"1468\">Coutures thermosoud\u00e9es<\/li>\n<\/ul>\n<p class=\"\" data-start=\"1470\" data-end=\"1486\"><strong data-start=\"1473\" data-end=\"1486\">Pantalon :<\/strong><\/p>\n<ul>\n<li data-start=\"1489\" data-end=\"1541\">Verrouillage central par boutons-pression en plastique<\/li>\n<li data-start=\"1544\" data-end=\"1565\">Taille \u00e9lastiqu\u00e9e<\/li>\n<li data-start=\"1568\" data-end=\"1608\">Ourlet r\u00e9glable par boutons-pression<\/li>\n<li data-start=\"1611\" data-end=\"1678\">Fentes lat\u00e9rales avec rabat pour acc\u00e9der aux poches int\u00e9rieures<\/li>\n<li data-start=\"1681\" data-end=\"1709\">Double couture de s\u00e9curit\u00e9<\/li>\n<\/ul>\n<p class=\"\" data-start=\"1711\" data-end=\"1725\"><strong data-start=\"1714\" data-end=\"1725\">Extras :<\/strong><\/p>\n<ul data-start=\"1726\" data-end=\"1755\">\n<li class=\"\" data-start=\"1726\" data-end=\"1755\">\n<p class=\"\" data-start=\"1728\" data-end=\"1755\">Sac de transport inclus<\/p>\n<\/li>\n<\/ul>\n<p class=\"\" data-start=\"1757\" data-end=\"1772\"><strong data-start=\"1760\" data-end=\"1772\">Tissus :<\/strong><\/p>\n<ul data-start=\"1773\" data-end=\"1846\">\n<li class=\"\" data-start=\"1773\" data-end=\"1846\">\n<p class=\"\" data-start=\"1775\" data-end=\"1846\">Tissu imperm\u00e9able : 100 % polyester avec enduction PVC \/ 225 g\/m\u00b2.<\/p>\n<\/li>\n<\/ul>\n<p class=\"\" data-start=\"1848\" data-end=\"2031\"><strong data-start=\"1850\" data-end=\"1875\">Recommandation d'utilisation :<\/strong><\/p>\n<ul>\n<li data-start=\"1848\" data-end=\"2031\">Id\u00e9al pour les travailleurs expos\u00e9s \u00e0 la pluie et \u00e0 l'humidit\u00e9, tels que les travailleurs de la maintenance, du transport, du jardinage, de la logistique ou de la construction en ext\u00e9rieur.<\/li>\n<\/ul>\n<\/div>\n<\/div>","protected":false},"excerpt":{"rendered":"<p>Ensemble imperm\u00e9able avec coutures thermo-soud\u00e9es et filet interne pour la respirabilit\u00e9. Veste avec capuche dissimul\u00e9e, fermeture \u00e0 glissi\u00e8re et poches \u00e0 rabat. Pantalon avec taille \u00e9lastiqu\u00e9e et fentes lat\u00e9rales. Sac de rangement inclus.<\/p>\n<p><img decoding=\"async\" class=\"alignnone wp-image-15224\" src=\"https:\/\/combi-pro.com\/wp-content\/uploads\/2025\/04\/icon-water.png\" alt=\"\" width=\"40\" height=\"40\" srcset=\"https:\/\/combi-pro.com\/wp-content\/uploads\/2025\/04\/icon-water.png 134w, https:\/\/combi-pro.com\/wp-content\/uploads\/2025\/04\/icon-water-100x100.png 100w, https:\/\/combi-pro.com\/wp-content\/uploads\/2025\/04\/icon-water-64x64.png 64w, https:\/\/combi-pro.com\/wp-content\/uploads\/2025\/04\/icon-water-12x12.png 12w\" sizes=\"(max-width: 40px) 100vw, 40px\" \/><\/p>\n<p><strong>GUIDE DES TAILLES<\/strong><\/p>\n<p><strong><img decoding=\"async\" class=\"alignnone wp-image-17907\" src=\"https:\/\/combi-pro.com\/wp-content\/uploads\/2024\/05\/79-2-screenshot-1750378037471-300x98.png\" alt=\"\" width=\"369\" height=\"120\" srcset=\"https:\/\/combi-pro.com\/wp-content\/uploads\/2024\/05\/79-2-screenshot-1750378037471-300x98.png 300w, https:\/\/combi-pro.com\/wp-content\/uploads\/2024\/05\/79-2-screenshot-1750378037471-18x6.png 18w, https:\/\/combi-pro.com\/wp-content\/uploads\/2024\/05\/79-2-screenshot-1750378037471-450x146.png 450w, https:\/\/combi-pro.com\/wp-content\/uploads\/2024\/05\/79-2-screenshot-1750378037471-64x21.png 64w, https:\/\/combi-pro.com\/wp-content\/uploads\/2024\/05\/79-2-screenshot-1750378037471.png 467w\" sizes=\"(max-width: 369px) 100vw, 369px\" \/><\/strong><\/p>\n<p><strong><img decoding=\"async\" class=\"alignnone wp-image-17696\" src=\"https:\/\/combi-pro.com\/wp-content\/uploads\/2025\/05\/screenshot-1749214923473-300x106.png\" alt=\"\" width=\"283\" height=\"100\" srcset=\"https:\/\/combi-pro.com\/wp-content\/uploads\/2025\/05\/screenshot-1749214923473-300x106.png 300w, https:\/\/combi-pro.com\/wp-content\/uploads\/2025\/05\/screenshot-1749214923473-64x23.png 64w, https:\/\/combi-pro.com\/wp-content\/uploads\/2025\/05\/screenshot-1749214923473-18x6.png 18w, https:\/\/combi-pro.com\/wp-content\/uploads\/2025\/05\/screenshot-1749214923473.png 396w\" sizes=\"(max-width: 283px) 100vw, 283px\" \/> <img loading=\"lazy\" decoding=\"async\" class=\"alignnone wp-image-17729\" src=\"https:\/\/combi-pro.com\/wp-content\/uploads\/2024\/05\/screenshot-1749765502228.png\" alt=\"\" width=\"133\" height=\"100\" srcset=\"https:\/\/combi-pro.com\/wp-content\/uploads\/2024\/05\/screenshot-1749765502228.png 292w, https:\/\/combi-pro.com\/wp-content\/uploads\/2024\/05\/screenshot-1749765502228-64x48.png 64w, https:\/\/combi-pro.com\/wp-content\/uploads\/2024\/05\/screenshot-1749765502228-16x12.png 16w\" sizes=\"(max-width: 133px) 100vw, 133px\" \/>\u00a0 \u00a0 \u00a0 \u00a0 \u00a0\u00a0<\/strong><\/p>","protected":false},"featured_media":11689,"template":"","meta":{"site-sidebar-layout":"default","site-content-layout":"","ast-site-content-layout":"default","site-content-style":"default","site-sidebar-style":"default","ast-global-header-display":"","ast-banner-title-visibility":"","ast-main-header-display":"","ast-hfb-above-header-display":"","ast-hfb-below-header-display":"","ast-hfb-mobile-header-display":"","site-post-title":"","ast-breadcrumbs-content":"","ast-featured-img":"","footer-sml-layout":"","ast-disable-related-posts":"","theme-transparent-header-meta":"default","adv-header-id-meta":"","stick-header-meta":"","header-above-stick-meta":"","header-main-stick-meta":"","header-below-stick-meta":"","astra-migrate-meta-layouts":"set","ast-page-background-enabled":"default","ast-page-background-meta":{"desktop":{"background-color":"","background-image":"","background-repeat":"repeat","background-position":"center center","background-size":"auto","background-attachment":"scroll","background-type":"","background-media":"","overlay-type":"","overlay-color":"","overlay-opacity":"","overlay-gradient":""},"tablet":{"background-color":"","background-image":"","background-repeat":"repeat","background-position":"center center","background-size":"auto","background-attachment":"scroll","background-type":"","background-media":"","overlay-type":"","overlay-color":"","overlay-opacity":"","overlay-gradient":""},"mobile":{"background-color":"","background-image":"","background-repeat":"repeat","background-position":"center center","background-size":"auto","background-attachment":"scroll","background-type":"","background-media":"","overlay-type":"","overlay-color":"","overlay-opacity":"","overlay-gradient":""}},"ast-content-background-meta":{"desktop":{"background-color":"var(--ast-global-color-5)","background-image":"","background-repeat":"repeat","background-position":"center center","background-size":"auto","background-attachment":"scroll","background-type":"","background-media":"","overlay-type":"","overlay-color":"","overlay-opacity":"","overlay-gradient":""},"tablet":{"background-color":"var(--ast-global-color-5)","background-image":"","background-repeat":"repeat","background-position":"center center","background-size":"auto","background-attachment":"scroll","background-type":"","background-media":"","overlay-type":"","overlay-color":"","overlay-opacity":"","overlay-gradient":""},"mobile":{"background-color":"var(--ast-global-color-5)","background-image":"","background-repeat":"repeat","background-position":"center center","background-size":"auto","background-attachment":"scroll","background-type":"","background-media":"","overlay-type":"","overlay-color":"","overlay-opacity":"","overlay-gradient":""}}},"product_brand":[442],"product_cat":[30,50,93],"product_tag":[],"class_list":{"0":"post-9088","1":"product","2":"type-product","3":"status-publish","4":"has-post-thumbnail","6":"product_brand-velilla","7":"product_cat-industria-base","8":"product_cat-ropa-profesional","9":"product_cat-trajes-de-lluvia","10":"desktop-align-center","11":"tablet-align-left","12":"mobile-align-left","14":"first","15":"instock","16":"taxable","17":"shipping-taxable","18":"purchasable","19":"product-type-variable","20":"has-default-attributes"},"_links":{"self":[{"href":"https:\/\/combi-pro.com\/fr\/wp-json\/wp\/v2\/product\/9088","targetHints":{"allow":["GET"]}}],"collection":[{"href":"https:\/\/combi-pro.com\/fr\/wp-json\/wp\/v2\/product"}],"about":[{"href":"https:\/\/combi-pro.com\/fr\/wp-json\/wp\/v2\/types\/product"}],"wp:featuredmedia":[{"embeddable":true,"href":"https:\/\/combi-pro.com\/fr\/wp-json\/wp\/v2\/media\/11689"}],"wp:attachment":[{"href":"https:\/\/combi-pro.com\/fr\/wp-json\/wp\/v2\/media?parent=9088"}],"wp:term":[{"taxonomy":"product_brand","embeddable":true,"href":"https:\/\/combi-pro.com\/fr\/wp-json\/wp\/v2\/product_brand?post=9088"},{"taxonomy":"product_cat","embeddable":true,"href":"https:\/\/combi-pro.com\/fr\/wp-json\/wp\/v2\/product_cat?post=9088"},{"taxonomy":"product_tag","embeddable":true,"href":"https:\/\/combi-pro.com\/fr\/wp-json\/wp\/v2\/product_tag?post=9088"}],"curies":[{"name":"wp","href":"https:\/\/api.w.org\/{rel}","templated":true}]}}