{"id":9100,"date":"2024-05-20T23:11:43","date_gmt":"2024-05-20T21:11:43","guid":{"rendered":"https:\/\/combi-pro.com\/?post_type=product&#038;p=9100"},"modified":"2026-04-13T20:17:41","modified_gmt":"2026-04-13T18:17:41","slug":"19000-combinaison-de-pluie","status":"publish","type":"product","link":"https:\/\/combi-pro.com\/fr\/boutique\/19000-combinaison-de-pluie\/","title":{"rendered":"Ensemble de v\u00eatements de pluie en PVC avec capuche et sac de transport 19000 | VELILLA"},"content":{"rendered":"<div class=\"data item\" role=\"tablist\">\n<div id=\"tab-label-description\" class=\"data item title active\" tabindex=\"0\" role=\"tab\" data-role=\"collapsible\" data-collapsible=\"true\" aria-controls=\"description\" aria-selected=\"false\" aria-expanded=\"true\">\n<p class=\"\" data-start=\"1240\" data-end=\"1272\"><strong data-start=\"1243\" data-end=\"1272\">Caract\u00e9ristiques techniques :<\/strong><\/p>\n<p class=\"\" data-start=\"1274\" data-end=\"1290\"><strong data-start=\"1277\" data-end=\"1290\">Veste :<\/strong><\/p>\n<ul>\n<li data-start=\"1293\" data-end=\"1366\">Fermeture centrale \u00e0 glissi\u00e8re avec couvercle \u00e0 glissi\u00e8re dissimul\u00e9 et boutons-pression<\/li>\n<li data-start=\"1369\" data-end=\"1388\">Capot int\u00e9gr\u00e9<\/li>\n<li data-start=\"1391\" data-end=\"1419\">Basse r\u00e9glable avec bouchon<\/li>\n<li data-start=\"1422\" data-end=\"1450\">Poignets int\u00e9rieurs \u00e9lastiques<\/li>\n<li data-start=\"1453\" data-end=\"1515\">Empi\u00e8cement arri\u00e8re et \u0153illets m\u00e9talliques aux aisselles pour la ventilation<\/li>\n<li data-start=\"1518\" data-end=\"1563\">2 poches inf\u00e9rieures plaqu\u00e9es avec rabat<\/li>\n<li data-start=\"1566\" data-end=\"1590\">Coutures thermosoud\u00e9es<\/li>\n<\/ul>\n<p class=\"\" data-start=\"1592\" data-end=\"1608\"><strong data-start=\"1595\" data-end=\"1608\">Pantalon :<\/strong><\/p>\n<ul>\n<li data-start=\"1611\" data-end=\"1663\">Verrouillage central par boutons-pression en plastique<\/li>\n<li data-start=\"1666\" data-end=\"1687\">Taille \u00e9lastiqu\u00e9e<\/li>\n<li data-start=\"1690\" data-end=\"1730\">Ourlet r\u00e9glable par boutons-pression<\/li>\n<li data-start=\"1733\" data-end=\"1804\">Ouverture lat\u00e9rale avec patte de boutonnage sur la jambe droite pour l'acc\u00e8s aux poches<\/li>\n<\/ul>\n<p class=\"\" data-start=\"1806\" data-end=\"1820\">\ud83d\udce6 <strong data-start=\"1809\" data-end=\"1820\">Extras :<\/strong><\/p>\n<ul data-start=\"1821\" data-end=\"1852\">\n<li class=\"\" data-start=\"1821\" data-end=\"1852\">\n<p class=\"\" data-start=\"1823\" data-end=\"1852\">Sac de transport inclus<\/p>\n<\/li>\n<\/ul>\n<p class=\"\" data-start=\"1854\" data-end=\"1869\"><strong data-start=\"1857\" data-end=\"1869\">Tissus :<\/strong><\/p>\n<ul data-start=\"1870\" data-end=\"1914\">\n<li class=\"\" data-start=\"1870\" data-end=\"1914\">\n<p class=\"\" data-start=\"1872\" data-end=\"1914\">Tissu imperm\u00e9able : 100 % PVC \/ 180 g\/m\u00b2.<\/p>\n<\/li>\n<\/ul>\n<p class=\"\" data-start=\"1916\" data-end=\"2129\"><strong data-start=\"1918\" data-end=\"1943\">Recommandation d'utilisation :<\/strong><\/p>\n<ul>\n<li data-start=\"1916\" data-end=\"2129\">Parfait pour les travailleurs expos\u00e9s aux \u00e9l\u00e9ments : nettoyeurs, logisticiens, maintenance, agriculture ou construction. Id\u00e9al dans les environnements soumis \u00e0 des pr\u00e9cipitations mod\u00e9r\u00e9es \u00e0 fortes.<\/li>\n<\/ul>\n<\/div>\n<\/div>","protected":false},"excerpt":{"rendered":"<p>Ensemble veste et pantalon imperm\u00e9ables avec coutures thermosoud\u00e9es. Sac de rangement inclus. Respirant, confortable et fonctionnel, avec de multiples r\u00e9glages et poches pour une protection efficace dans les environnements humides ou pluvieux.<\/p>\n<p><img decoding=\"async\" class=\"alignnone wp-image-15224\" src=\"https:\/\/combi-pro.com\/wp-content\/uploads\/2025\/04\/icon-water.png\" alt=\"\" width=\"40\" height=\"40\" srcset=\"https:\/\/combi-pro.com\/wp-content\/uploads\/2025\/04\/icon-water.png 134w, https:\/\/combi-pro.com\/wp-content\/uploads\/2025\/04\/icon-water-100x100.png 100w, https:\/\/combi-pro.com\/wp-content\/uploads\/2025\/04\/icon-water-64x64.png 64w, https:\/\/combi-pro.com\/wp-content\/uploads\/2025\/04\/icon-water-12x12.png 12w\" sizes=\"(max-width: 40px) 100vw, 40px\" \/><\/p>\n<p><strong>GUIDE DES TAILLES<\/strong><\/p>\n<p><strong><img fetchpriority=\"high\" decoding=\"async\" class=\"alignnone wp-image-17906\" src=\"https:\/\/combi-pro.com\/wp-content\/uploads\/2024\/05\/79-screenshot-1750377694273-300x84.png\" alt=\"\" width=\"428\" height=\"120\" srcset=\"https:\/\/combi-pro.com\/wp-content\/uploads\/2024\/05\/79-screenshot-1750377694273-300x84.png 300w, https:\/\/combi-pro.com\/wp-content\/uploads\/2024\/05\/79-screenshot-1750377694273-18x5.png 18w, https:\/\/combi-pro.com\/wp-content\/uploads\/2024\/05\/79-screenshot-1750377694273-450x126.png 450w, https:\/\/combi-pro.com\/wp-content\/uploads\/2024\/05\/79-screenshot-1750377694273-64x18.png 64w, https:\/\/combi-pro.com\/wp-content\/uploads\/2024\/05\/79-screenshot-1750377694273.png 467w\" sizes=\"(max-width: 428px) 100vw, 428px\" \/> <\/strong><\/p>\n<p><strong><img decoding=\"async\" class=\"alignnone wp-image-17696\" src=\"https:\/\/combi-pro.com\/wp-content\/uploads\/2025\/05\/screenshot-1749214923473-300x106.png\" alt=\"\" width=\"283\" height=\"100\" srcset=\"https:\/\/combi-pro.com\/wp-content\/uploads\/2025\/05\/screenshot-1749214923473-300x106.png 300w, https:\/\/combi-pro.com\/wp-content\/uploads\/2025\/05\/screenshot-1749214923473-64x23.png 64w, https:\/\/combi-pro.com\/wp-content\/uploads\/2025\/05\/screenshot-1749214923473-18x6.png 18w, https:\/\/combi-pro.com\/wp-content\/uploads\/2025\/05\/screenshot-1749214923473.png 396w\" sizes=\"(max-width: 283px) 100vw, 283px\" \/> <img loading=\"lazy\" decoding=\"async\" class=\"alignnone wp-image-17729\" src=\"https:\/\/combi-pro.com\/wp-content\/uploads\/2024\/05\/screenshot-1749765502228.png\" alt=\"\" width=\"133\" height=\"100\" srcset=\"https:\/\/combi-pro.com\/wp-content\/uploads\/2024\/05\/screenshot-1749765502228.png 292w, https:\/\/combi-pro.com\/wp-content\/uploads\/2024\/05\/screenshot-1749765502228-64x48.png 64w, https:\/\/combi-pro.com\/wp-content\/uploads\/2024\/05\/screenshot-1749765502228-16x12.png 16w\" sizes=\"(max-width: 133px) 100vw, 133px\" \/>\u00a0 \u00a0 \u00a0 \u00a0 \u00a0\u00a0<\/strong><\/p>","protected":false},"featured_media":11679,"template":"","meta":{"site-sidebar-layout":"default","site-content-layout":"","ast-site-content-layout":"default","site-content-style":"default","site-sidebar-style":"default","ast-global-header-display":"","ast-banner-title-visibility":"","ast-main-header-display":"","ast-hfb-above-header-display":"","ast-hfb-below-header-display":"","ast-hfb-mobile-header-display":"","site-post-title":"","ast-breadcrumbs-content":"","ast-featured-img":"","footer-sml-layout":"","ast-disable-related-posts":"","theme-transparent-header-meta":"default","adv-header-id-meta":"","stick-header-meta":"","header-above-stick-meta":"","header-main-stick-meta":"","header-below-stick-meta":"","astra-migrate-meta-layouts":"set","ast-page-background-enabled":"default","ast-page-background-meta":{"desktop":{"background-color":"","background-image":"","background-repeat":"repeat","background-position":"center center","background-size":"auto","background-attachment":"scroll","background-type":"","background-media":"","overlay-type":"","overlay-color":"","overlay-opacity":"","overlay-gradient":""},"tablet":{"background-color":"","background-image":"","background-repeat":"repeat","background-position":"center center","background-size":"auto","background-attachment":"scroll","background-type":"","background-media":"","overlay-type":"","overlay-color":"","overlay-opacity":"","overlay-gradient":""},"mobile":{"background-color":"","background-image":"","background-repeat":"repeat","background-position":"center center","background-size":"auto","background-attachment":"scroll","background-type":"","background-media":"","overlay-type":"","overlay-color":"","overlay-opacity":"","overlay-gradient":""}},"ast-content-background-meta":{"desktop":{"background-color":"var(--ast-global-color-5)","background-image":"","background-repeat":"repeat","background-position":"center center","background-size":"auto","background-attachment":"scroll","background-type":"","background-media":"","overlay-type":"","overlay-color":"","overlay-opacity":"","overlay-gradient":""},"tablet":{"background-color":"var(--ast-global-color-5)","background-image":"","background-repeat":"repeat","background-position":"center center","background-size":"auto","background-attachment":"scroll","background-type":"","background-media":"","overlay-type":"","overlay-color":"","overlay-opacity":"","overlay-gradient":""},"mobile":{"background-color":"var(--ast-global-color-5)","background-image":"","background-repeat":"repeat","background-position":"center center","background-size":"auto","background-attachment":"scroll","background-type":"","background-media":"","overlay-type":"","overlay-color":"","overlay-opacity":"","overlay-gradient":""}}},"product_brand":[442],"product_cat":[30,50,93],"product_tag":[],"class_list":{"0":"post-9100","1":"product","2":"type-product","3":"status-publish","4":"has-post-thumbnail","6":"product_brand-velilla","7":"product_cat-industria-base","8":"product_cat-ropa-profesional","9":"product_cat-trajes-de-lluvia","10":"desktop-align-center","11":"tablet-align-left","12":"mobile-align-left","14":"first","15":"instock","16":"taxable","17":"shipping-taxable","18":"purchasable","19":"product-type-variable","20":"has-default-attributes"},"_links":{"self":[{"href":"https:\/\/combi-pro.com\/fr\/wp-json\/wp\/v2\/product\/9100","targetHints":{"allow":["GET"]}}],"collection":[{"href":"https:\/\/combi-pro.com\/fr\/wp-json\/wp\/v2\/product"}],"about":[{"href":"https:\/\/combi-pro.com\/fr\/wp-json\/wp\/v2\/types\/product"}],"wp:featuredmedia":[{"embeddable":true,"href":"https:\/\/combi-pro.com\/fr\/wp-json\/wp\/v2\/media\/11679"}],"wp:attachment":[{"href":"https:\/\/combi-pro.com\/fr\/wp-json\/wp\/v2\/media?parent=9100"}],"wp:term":[{"taxonomy":"product_brand","embeddable":true,"href":"https:\/\/combi-pro.com\/fr\/wp-json\/wp\/v2\/product_brand?post=9100"},{"taxonomy":"product_cat","embeddable":true,"href":"https:\/\/combi-pro.com\/fr\/wp-json\/wp\/v2\/product_cat?post=9100"},{"taxonomy":"product_tag","embeddable":true,"href":"https:\/\/combi-pro.com\/fr\/wp-json\/wp\/v2\/product_tag?post=9100"}],"curies":[{"name":"wp","href":"https:\/\/api.w.org\/{rel}","templated":true}]}}