{"id":9205,"date":"2024-05-23T21:44:45","date_gmt":"2024-05-23T19:44:45","guid":{"rendered":"https:\/\/combi-pro.com\/?post_type=product&#038;p=9205"},"modified":"2026-04-13T20:17:48","modified_gmt":"2026-04-13T18:17:48","slug":"100-maillot","status":"publish","type":"product","link":"https:\/\/combi-pro.com\/fr\/boutique\/100-maillot\/","title":{"rendered":"Pull en maille \u00e9paisse avec gousset et poche poitrine 100 | VELILLA"},"content":{"rendered":"<div class=\"data item\" role=\"tablist\">\n<div id=\"tab-label-description\" class=\"data item title active\" tabindex=\"0\" role=\"tab\" data-role=\"collapsible\" data-collapsible=\"true\" aria-controls=\"description\" aria-selected=\"false\" aria-expanded=\"true\">\n<p data-start=\"697\" data-end=\"729\"><strong data-start=\"697\" data-end=\"729\">Caract\u00e9ristiques techniques :<\/strong><\/p>\n<ul>\n<li data-start=\"733\" data-end=\"781\">Traitement anti-boulochage pour une meilleure durabilit\u00e9<\/li>\n<li data-start=\"784\" data-end=\"824\">Renforts en tissu aux \u00e9paules et aux coudes<\/li>\n<li data-start=\"827\" data-end=\"871\">Col, poignets et ceinture en tricot c\u00f4tel\u00e9<\/li>\n<li data-start=\"874\" data-end=\"928\">Une poche plaqu\u00e9e sur la poitrine avec fermeture velcro<\/li>\n<\/ul>\n<p data-start=\"930\" data-end=\"944\"><strong data-start=\"930\" data-end=\"944\">Tissu:<\/strong><\/p>\n<ul>\n<li data-start=\"948\" data-end=\"978\">Point de c\u00f4te : 100 acrylique %<\/li>\n<li data-start=\"981\" data-end=\"1028\">Jauge 7 (tissu dense, id\u00e9al pour les climats froids)<\/li>\n<\/ul>\n<p data-start=\"1030\" data-end=\"1041\"><strong data-start=\"1030\" data-end=\"1041\">Gamme : <\/strong>Les classiques<\/p>\n<p data-start=\"1055\" data-end=\"1082\"><strong data-start=\"1055\" data-end=\"1082\">Recommandation d'utilisation :<\/strong><\/p>\n<ul>\n<li data-start=\"1084\" data-end=\"1250\">Con\u00e7u pour les environnements de travail ou pour un usage quotidien pendant les saisons plus froides. R\u00e9sistant, fonctionnel et de conception classique, ce pull est id\u00e9al pour rester au chaud avec style.<\/li>\n<\/ul>\n<\/div>\n<\/div>","protected":false},"excerpt":{"rendered":"<p>Pull tricot\u00e9 avec traitement anti-boulochage et renforts aux \u00e9paules et aux coudes. Avec des finitions c\u00f4tel\u00e9es et une poche velcro sur la poitrine, c'est un v\u00eatement fonctionnel et r\u00e9sistant pour le travail quotidien.<\/p>\n<p><strong>GUIDE DES TAILLES<\/strong><\/p>\n<p><strong><img decoding=\"async\" class=\"alignnone wp-image-17750\" src=\"https:\/\/combi-pro.com\/wp-content\/uploads\/2024\/04\/64-74-screenshot-1749923906966-300x101.png\" alt=\"\" width=\"328\" height=\"110\" srcset=\"https:\/\/combi-pro.com\/wp-content\/uploads\/2024\/04\/64-74-screenshot-1749923906966-300x101.png 300w, https:\/\/combi-pro.com\/wp-content\/uploads\/2024\/04\/64-74-screenshot-1749923906966-64x21.png 64w, https:\/\/combi-pro.com\/wp-content\/uploads\/2024\/04\/64-74-screenshot-1749923906966-18x6.png 18w, https:\/\/combi-pro.com\/wp-content\/uploads\/2024\/04\/64-74-screenshot-1749923906966.png 399w\" sizes=\"(max-width: 328px) 100vw, 328px\" \/> <img decoding=\"async\" class=\"alignnone wp-image-17696\" src=\"https:\/\/combi-pro.com\/wp-content\/uploads\/2025\/05\/screenshot-1749214923473-300x106.png\" alt=\"\" width=\"269\" height=\"95\" srcset=\"https:\/\/combi-pro.com\/wp-content\/uploads\/2025\/05\/screenshot-1749214923473-300x106.png 300w, https:\/\/combi-pro.com\/wp-content\/uploads\/2025\/05\/screenshot-1749214923473-64x23.png 64w, https:\/\/combi-pro.com\/wp-content\/uploads\/2025\/05\/screenshot-1749214923473-18x6.png 18w, https:\/\/combi-pro.com\/wp-content\/uploads\/2025\/05\/screenshot-1749214923473.png 396w\" sizes=\"(max-width: 269px) 100vw, 269px\" \/>\u00a0 \u00a0<\/strong><\/p>","protected":false},"featured_media":9210,"template":"","meta":{"site-sidebar-layout":"default","site-content-layout":"","ast-site-content-layout":"default","site-content-style":"default","site-sidebar-style":"default","ast-global-header-display":"","ast-banner-title-visibility":"","ast-main-header-display":"","ast-hfb-above-header-display":"","ast-hfb-below-header-display":"","ast-hfb-mobile-header-display":"","site-post-title":"","ast-breadcrumbs-content":"","ast-featured-img":"","footer-sml-layout":"","ast-disable-related-posts":"","theme-transparent-header-meta":"default","adv-header-id-meta":"","stick-header-meta":"","header-above-stick-meta":"","header-main-stick-meta":"","header-below-stick-meta":"","astra-migrate-meta-layouts":"set","ast-page-background-enabled":"default","ast-page-background-meta":{"desktop":{"background-color":"","background-image":"","background-repeat":"repeat","background-position":"center center","background-size":"auto","background-attachment":"scroll","background-type":"","background-media":"","overlay-type":"","overlay-color":"","overlay-opacity":"","overlay-gradient":""},"tablet":{"background-color":"","background-image":"","background-repeat":"repeat","background-position":"center center","background-size":"auto","background-attachment":"scroll","background-type":"","background-media":"","overlay-type":"","overlay-color":"","overlay-opacity":"","overlay-gradient":""},"mobile":{"background-color":"","background-image":"","background-repeat":"repeat","background-position":"center center","background-size":"auto","background-attachment":"scroll","background-type":"","background-media":"","overlay-type":"","overlay-color":"","overlay-opacity":"","overlay-gradient":""}},"ast-content-background-meta":{"desktop":{"background-color":"var(--ast-global-color-5)","background-image":"","background-repeat":"repeat","background-position":"center center","background-size":"auto","background-attachment":"scroll","background-type":"","background-media":"","overlay-type":"","overlay-color":"","overlay-opacity":"","overlay-gradient":""},"tablet":{"background-color":"var(--ast-global-color-5)","background-image":"","background-repeat":"repeat","background-position":"center center","background-size":"auto","background-attachment":"scroll","background-type":"","background-media":"","overlay-type":"","overlay-color":"","overlay-opacity":"","overlay-gradient":""},"mobile":{"background-color":"var(--ast-global-color-5)","background-image":"","background-repeat":"repeat","background-position":"center center","background-size":"auto","background-attachment":"scroll","background-type":"","background-media":"","overlay-type":"","overlay-color":"","overlay-opacity":"","overlay-gradient":""}}},"product_brand":[442],"product_cat":[30,90,50],"product_tag":[],"class_list":{"0":"post-9205","1":"product","2":"type-product","3":"status-publish","4":"has-post-thumbnail","6":"product_brand-velilla","7":"product_cat-industria-base","8":"product_cat-punto-grueso","9":"product_cat-ropa-profesional","10":"desktop-align-center","11":"tablet-align-left","12":"mobile-align-left","14":"first","15":"instock","16":"taxable","17":"shipping-taxable","18":"purchasable","19":"product-type-variable","20":"has-default-attributes"},"_links":{"self":[{"href":"https:\/\/combi-pro.com\/fr\/wp-json\/wp\/v2\/product\/9205","targetHints":{"allow":["GET"]}}],"collection":[{"href":"https:\/\/combi-pro.com\/fr\/wp-json\/wp\/v2\/product"}],"about":[{"href":"https:\/\/combi-pro.com\/fr\/wp-json\/wp\/v2\/types\/product"}],"wp:featuredmedia":[{"embeddable":true,"href":"https:\/\/combi-pro.com\/fr\/wp-json\/wp\/v2\/media\/9210"}],"wp:attachment":[{"href":"https:\/\/combi-pro.com\/fr\/wp-json\/wp\/v2\/media?parent=9205"}],"wp:term":[{"taxonomy":"product_brand","embeddable":true,"href":"https:\/\/combi-pro.com\/fr\/wp-json\/wp\/v2\/product_brand?post=9205"},{"taxonomy":"product_cat","embeddable":true,"href":"https:\/\/combi-pro.com\/fr\/wp-json\/wp\/v2\/product_cat?post=9205"},{"taxonomy":"product_tag","embeddable":true,"href":"https:\/\/combi-pro.com\/fr\/wp-json\/wp\/v2\/product_tag?post=9205"}],"curies":[{"name":"wp","href":"https:\/\/api.w.org\/{rel}","templated":true}]}}