{"id":9230,"date":"2024-05-23T21:52:55","date_gmt":"2024-05-23T19:52:55","guid":{"rendered":"https:\/\/combi-pro.com\/?post_type=product&#038;p=9230"},"modified":"2026-04-13T20:17:54","modified_gmt":"2026-04-13T18:17:54","slug":"102-cardigan","status":"publish","type":"product","link":"https:\/\/combi-pro.com\/fr\/boutique\/102-cardigan\/","title":{"rendered":"Veste en tricot lourd avec renforts et col montant 102 | VELILLA"},"content":{"rendered":"<div id=\"tab-label-description\" class=\"data item title active\" tabindex=\"0\" role=\"tab\" data-role=\"collapsible\" data-collapsible=\"true\" aria-controls=\"description\" aria-selected=\"false\" aria-expanded=\"true\">\n<p data-start=\"698\" data-end=\"730\"><strong data-start=\"698\" data-end=\"730\">Caract\u00e9ristiques techniques :<\/strong><\/p>\n<ul>\n<li data-start=\"734\" data-end=\"795\">Traitement anti-boulochage pour \u00e9viter la formation de boulettes<\/li>\n<li data-start=\"798\" data-end=\"829\">Fermeture centrale \u00e0 glissi\u00e8re<\/li>\n<li data-start=\"832\" data-end=\"872\">Renforts en tissu aux \u00e9paules et aux coudes<\/li>\n<li data-start=\"875\" data-end=\"935\">Col, poignets et ceinture c\u00f4tel\u00e9s pour un ajustement confortable<\/li>\n<li data-start=\"938\" data-end=\"962\">Deux poches inf\u00e9rieures<\/li>\n<\/ul>\n<p data-start=\"964\" data-end=\"978\"><strong data-start=\"964\" data-end=\"978\">Tissu:<\/strong><\/p>\n<ul>\n<li data-start=\"982\" data-end=\"1012\">Point de c\u00f4te : 100 acrylique %<\/li>\n<li data-start=\"1015\" data-end=\"1071\">Jauge 7 (tissu tricot\u00e9 \u00e9pais, id\u00e9al pour l'hiver)<\/li>\n<\/ul>\n<p data-start=\"1073\" data-end=\"1084\"><strong data-start=\"1073\" data-end=\"1084\">Gamme : <\/strong>Les classiques<\/p>\n<p data-start=\"1098\" data-end=\"1125\"><strong data-start=\"1098\" data-end=\"1125\">Recommandation d'utilisation :<\/strong><\/p>\n<ul>\n<li data-start=\"1127\" data-end=\"1295\">Parfaite pour un usage quotidien dans les climats froids, cette veste classique offre confort thermique, solidit\u00e9 et durabilit\u00e9. Id\u00e9ale pour le travail et les environnements d\u00e9contract\u00e9s.<\/li>\n<\/ul>\n<\/div>","protected":false},"excerpt":{"rendered":"<p data-start=\"302\" data-end=\"499\">Veste en maille \u00e9paisse avec fermeture \u00e0 glissi\u00e8re, col montant, renforts aux \u00e9paules et aux coudes et deux poches. Traitement anti-boulochage. Gamme classique.<\/p>\n<p><strong>GUIDE DES TAILLES<\/strong><\/p>\n<p><strong><img decoding=\"async\" class=\"alignnone wp-image-17849\" src=\"https:\/\/combi-pro.com\/wp-content\/uploads\/2024\/05\/71-77-screenshot-1750245305805-300x86.png\" alt=\"\" width=\"347\" height=\"100\" srcset=\"https:\/\/combi-pro.com\/wp-content\/uploads\/2024\/05\/71-77-screenshot-1750245305805-300x86.png 300w, https:\/\/combi-pro.com\/wp-content\/uploads\/2024\/05\/71-77-screenshot-1750245305805-64x18.png 64w, https:\/\/combi-pro.com\/wp-content\/uploads\/2024\/05\/71-77-screenshot-1750245305805-18x5.png 18w, https:\/\/combi-pro.com\/wp-content\/uploads\/2024\/05\/71-77-screenshot-1750245305805.png 399w\" sizes=\"(max-width: 347px) 100vw, 347px\" \/> <img decoding=\"async\" class=\"alignnone wp-image-17696\" src=\"https:\/\/combi-pro.com\/wp-content\/uploads\/2025\/05\/screenshot-1749214923473-300x106.png\" alt=\"\" width=\"226\" height=\"80\" srcset=\"https:\/\/combi-pro.com\/wp-content\/uploads\/2025\/05\/screenshot-1749214923473-300x106.png 300w, https:\/\/combi-pro.com\/wp-content\/uploads\/2025\/05\/screenshot-1749214923473-64x23.png 64w, https:\/\/combi-pro.com\/wp-content\/uploads\/2025\/05\/screenshot-1749214923473-18x6.png 18w, https:\/\/combi-pro.com\/wp-content\/uploads\/2025\/05\/screenshot-1749214923473.png 396w\" sizes=\"(max-width: 226px) 100vw, 226px\" \/>\u00a0 \u00a0 \u00a0 \u00a0<\/strong><\/p>","protected":false},"featured_media":9232,"template":"","meta":{"site-sidebar-layout":"default","site-content-layout":"","ast-site-content-layout":"default","site-content-style":"default","site-sidebar-style":"default","ast-global-header-display":"","ast-banner-title-visibility":"","ast-main-header-display":"","ast-hfb-above-header-display":"","ast-hfb-below-header-display":"","ast-hfb-mobile-header-display":"","site-post-title":"","ast-breadcrumbs-content":"","ast-featured-img":"","footer-sml-layout":"","ast-disable-related-posts":"","theme-transparent-header-meta":"default","adv-header-id-meta":"","stick-header-meta":"","header-above-stick-meta":"","header-main-stick-meta":"","header-below-stick-meta":"","astra-migrate-meta-layouts":"set","ast-page-background-enabled":"default","ast-page-background-meta":{"desktop":{"background-color":"","background-image":"","background-repeat":"repeat","background-position":"center center","background-size":"auto","background-attachment":"scroll","background-type":"","background-media":"","overlay-type":"","overlay-color":"","overlay-opacity":"","overlay-gradient":""},"tablet":{"background-color":"","background-image":"","background-repeat":"repeat","background-position":"center center","background-size":"auto","background-attachment":"scroll","background-type":"","background-media":"","overlay-type":"","overlay-color":"","overlay-opacity":"","overlay-gradient":""},"mobile":{"background-color":"","background-image":"","background-repeat":"repeat","background-position":"center center","background-size":"auto","background-attachment":"scroll","background-type":"","background-media":"","overlay-type":"","overlay-color":"","overlay-opacity":"","overlay-gradient":""}},"ast-content-background-meta":{"desktop":{"background-color":"var(--ast-global-color-5)","background-image":"","background-repeat":"repeat","background-position":"center center","background-size":"auto","background-attachment":"scroll","background-type":"","background-media":"","overlay-type":"","overlay-color":"","overlay-opacity":"","overlay-gradient":""},"tablet":{"background-color":"var(--ast-global-color-5)","background-image":"","background-repeat":"repeat","background-position":"center center","background-size":"auto","background-attachment":"scroll","background-type":"","background-media":"","overlay-type":"","overlay-color":"","overlay-opacity":"","overlay-gradient":""},"mobile":{"background-color":"var(--ast-global-color-5)","background-image":"","background-repeat":"repeat","background-position":"center center","background-size":"auto","background-attachment":"scroll","background-type":"","background-media":"","overlay-type":"","overlay-color":"","overlay-opacity":"","overlay-gradient":""}}},"product_brand":[442],"product_cat":[82,30,90,50],"product_tag":[],"class_list":{"0":"post-9230","1":"product","2":"type-product","3":"status-publish","4":"has-post-thumbnail","6":"product_brand-velilla","7":"product_cat-chaquetas","8":"product_cat-industria-base","9":"product_cat-punto-grueso","10":"product_cat-ropa-profesional","11":"desktop-align-center","12":"tablet-align-left","13":"mobile-align-left","15":"first","16":"outofstock","17":"taxable","18":"shipping-taxable","19":"purchasable","20":"product-type-variable"},"_links":{"self":[{"href":"https:\/\/combi-pro.com\/fr\/wp-json\/wp\/v2\/product\/9230","targetHints":{"allow":["GET"]}}],"collection":[{"href":"https:\/\/combi-pro.com\/fr\/wp-json\/wp\/v2\/product"}],"about":[{"href":"https:\/\/combi-pro.com\/fr\/wp-json\/wp\/v2\/types\/product"}],"wp:featuredmedia":[{"embeddable":true,"href":"https:\/\/combi-pro.com\/fr\/wp-json\/wp\/v2\/media\/9232"}],"wp:attachment":[{"href":"https:\/\/combi-pro.com\/fr\/wp-json\/wp\/v2\/media?parent=9230"}],"wp:term":[{"taxonomy":"product_brand","embeddable":true,"href":"https:\/\/combi-pro.com\/fr\/wp-json\/wp\/v2\/product_brand?post=9230"},{"taxonomy":"product_cat","embeddable":true,"href":"https:\/\/combi-pro.com\/fr\/wp-json\/wp\/v2\/product_cat?post=9230"},{"taxonomy":"product_tag","embeddable":true,"href":"https:\/\/combi-pro.com\/fr\/wp-json\/wp\/v2\/product_tag?post=9230"}],"curies":[{"name":"wp","href":"https:\/\/api.w.org\/{rel}","templated":true}]}}