{"id":9248,"date":"2024-05-23T22:20:29","date_gmt":"2024-05-23T20:20:29","guid":{"rendered":"https:\/\/combi-pro.com\/?post_type=product&#038;p=9248"},"modified":"2026-04-13T20:18:04","modified_gmt":"2026-04-13T18:18:04","slug":"104-maillot","status":"publish","type":"product","link":"https:\/\/combi-pro.com\/fr\/boutique\/104-maillot\/","title":{"rendered":"Pull \u00e0 col V en maille fine avec finition anti-boulochage 104 | VELILLA"},"content":{"rendered":"<div class=\"data item\" role=\"tablist\">\n<div id=\"tab-label-description\" class=\"data item title active\" tabindex=\"0\" role=\"tab\" data-role=\"collapsible\" data-collapsible=\"true\" aria-controls=\"description\" aria-selected=\"false\" aria-expanded=\"true\">\n<p data-start=\"648\" data-end=\"680\"><strong data-start=\"648\" data-end=\"680\">Caract\u00e9ristiques techniques :<\/strong><\/p>\n<ul>\n<li data-start=\"684\" data-end=\"732\">Traitement anti-boulochage pour une meilleure durabilit\u00e9<\/li>\n<li data-start=\"735\" data-end=\"759\">Col en V classique<\/li>\n<li data-start=\"762\" data-end=\"798\">Col, poignets et ceinture c\u00f4tel\u00e9s<\/li>\n<\/ul>\n<p data-start=\"800\" data-end=\"814\"><strong data-start=\"800\" data-end=\"814\">Tissu:<\/strong><\/p>\n<ul>\n<li data-start=\"818\" data-end=\"848\">Point de c\u00f4te : 100 acrylique %<\/li>\n<li data-start=\"851\" data-end=\"913\">Jauge 12 (tissu fin, id\u00e9al pour l'entre-saison ou l'int\u00e9rieur)<\/li>\n<\/ul>\n<p data-start=\"915\" data-end=\"926\"><strong data-start=\"915\" data-end=\"926\">Gamme : <\/strong>Les classiques<\/p>\n<p data-start=\"940\" data-end=\"967\"><strong data-start=\"940\" data-end=\"967\">Recommandation d'utilisation :<\/strong><\/p>\n<ul>\n<li data-start=\"969\" data-end=\"1087\">Pull polyvalent id\u00e9al pour les uniformes ou les tenues professionnelles. Il apporte \u00e9l\u00e9gance, confort et r\u00e9sistance au quotidien.<\/li>\n<\/ul>\n<\/div>\n<\/div>","protected":false},"excerpt":{"rendered":"<p data-start=\"290\" data-end=\"459\">Pull l\u00e9ger avec col en V, d\u00e9tails c\u00f4tel\u00e9s au col, aux poignets et \u00e0 la taille, et traitement anti-boulochage. Gamme classique.<\/p>\n<p><strong>GUIDE DES TAILLES<\/strong><\/p>\n<p><strong><img decoding=\"async\" class=\"alignnone wp-image-17902\" src=\"https:\/\/combi-pro.com\/wp-content\/uploads\/2024\/05\/66-76-screenshot-1750365967381-300x116.png\" alt=\"\" width=\"310\" height=\"120\" srcset=\"https:\/\/combi-pro.com\/wp-content\/uploads\/2024\/05\/66-76-screenshot-1750365967381-300x116.png 300w, https:\/\/combi-pro.com\/wp-content\/uploads\/2024\/05\/66-76-screenshot-1750365967381-18x7.png 18w, https:\/\/combi-pro.com\/wp-content\/uploads\/2024\/05\/66-76-screenshot-1750365967381-64x25.png 64w, https:\/\/combi-pro.com\/wp-content\/uploads\/2024\/05\/66-76-screenshot-1750365967381.png 400w\" sizes=\"(max-width: 310px) 100vw, 310px\" \/> <img decoding=\"async\" class=\"alignnone wp-image-17696\" src=\"https:\/\/combi-pro.com\/wp-content\/uploads\/2025\/05\/screenshot-1749214923473-300x106.png\" alt=\"\" width=\"283\" height=\"100\" srcset=\"https:\/\/combi-pro.com\/wp-content\/uploads\/2025\/05\/screenshot-1749214923473-300x106.png 300w, https:\/\/combi-pro.com\/wp-content\/uploads\/2025\/05\/screenshot-1749214923473-64x23.png 64w, https:\/\/combi-pro.com\/wp-content\/uploads\/2025\/05\/screenshot-1749214923473-18x6.png 18w, https:\/\/combi-pro.com\/wp-content\/uploads\/2025\/05\/screenshot-1749214923473.png 396w\" sizes=\"(max-width: 283px) 100vw, 283px\" \/>\u00a0 \u00a0 \u00a0 \u00a0<\/strong><\/p>","protected":false},"featured_media":9251,"template":"","meta":{"site-sidebar-layout":"default","site-content-layout":"","ast-site-content-layout":"default","site-content-style":"default","site-sidebar-style":"default","ast-global-header-display":"","ast-banner-title-visibility":"","ast-main-header-display":"","ast-hfb-above-header-display":"","ast-hfb-below-header-display":"","ast-hfb-mobile-header-display":"","site-post-title":"","ast-breadcrumbs-content":"","ast-featured-img":"","footer-sml-layout":"","ast-disable-related-posts":"","theme-transparent-header-meta":"default","adv-header-id-meta":"","stick-header-meta":"","header-above-stick-meta":"","header-main-stick-meta":"","header-below-stick-meta":"","astra-migrate-meta-layouts":"set","ast-page-background-enabled":"default","ast-page-background-meta":{"desktop":{"background-color":"","background-image":"","background-repeat":"repeat","background-position":"center center","background-size":"auto","background-attachment":"scroll","background-type":"","background-media":"","overlay-type":"","overlay-color":"","overlay-opacity":"","overlay-gradient":""},"tablet":{"background-color":"","background-image":"","background-repeat":"repeat","background-position":"center center","background-size":"auto","background-attachment":"scroll","background-type":"","background-media":"","overlay-type":"","overlay-color":"","overlay-opacity":"","overlay-gradient":""},"mobile":{"background-color":"","background-image":"","background-repeat":"repeat","background-position":"center center","background-size":"auto","background-attachment":"scroll","background-type":"","background-media":"","overlay-type":"","overlay-color":"","overlay-opacity":"","overlay-gradient":""}},"ast-content-background-meta":{"desktop":{"background-color":"var(--ast-global-color-5)","background-image":"","background-repeat":"repeat","background-position":"center center","background-size":"auto","background-attachment":"scroll","background-type":"","background-media":"","overlay-type":"","overlay-color":"","overlay-opacity":"","overlay-gradient":""},"tablet":{"background-color":"var(--ast-global-color-5)","background-image":"","background-repeat":"repeat","background-position":"center center","background-size":"auto","background-attachment":"scroll","background-type":"","background-media":"","overlay-type":"","overlay-color":"","overlay-opacity":"","overlay-gradient":""},"mobile":{"background-color":"var(--ast-global-color-5)","background-image":"","background-repeat":"repeat","background-position":"center center","background-size":"auto","background-attachment":"scroll","background-type":"","background-media":"","overlay-type":"","overlay-color":"","overlay-opacity":"","overlay-gradient":""}}},"product_brand":[442],"product_cat":[30,89,50],"product_tag":[],"class_list":{"0":"post-9248","1":"product","2":"type-product","3":"status-publish","4":"has-post-thumbnail","6":"product_brand-velilla","7":"product_cat-industria-base","8":"product_cat-punto-fino","9":"product_cat-ropa-profesional","10":"desktop-align-center","11":"tablet-align-left","12":"mobile-align-left","14":"first","15":"instock","16":"taxable","17":"shipping-taxable","18":"purchasable","19":"product-type-variable","20":"has-default-attributes"},"_links":{"self":[{"href":"https:\/\/combi-pro.com\/fr\/wp-json\/wp\/v2\/product\/9248","targetHints":{"allow":["GET"]}}],"collection":[{"href":"https:\/\/combi-pro.com\/fr\/wp-json\/wp\/v2\/product"}],"about":[{"href":"https:\/\/combi-pro.com\/fr\/wp-json\/wp\/v2\/types\/product"}],"wp:featuredmedia":[{"embeddable":true,"href":"https:\/\/combi-pro.com\/fr\/wp-json\/wp\/v2\/media\/9251"}],"wp:attachment":[{"href":"https:\/\/combi-pro.com\/fr\/wp-json\/wp\/v2\/media?parent=9248"}],"wp:term":[{"taxonomy":"product_brand","embeddable":true,"href":"https:\/\/combi-pro.com\/fr\/wp-json\/wp\/v2\/product_brand?post=9248"},{"taxonomy":"product_cat","embeddable":true,"href":"https:\/\/combi-pro.com\/fr\/wp-json\/wp\/v2\/product_cat?post=9248"},{"taxonomy":"product_tag","embeddable":true,"href":"https:\/\/combi-pro.com\/fr\/wp-json\/wp\/v2\/product_tag?post=9248"}],"curies":[{"name":"wp","href":"https:\/\/api.w.org\/{rel}","templated":true}]}}