{"id":9256,"date":"2024-05-23T22:26:11","date_gmt":"2024-05-23T20:26:11","guid":{"rendered":"https:\/\/combi-pro.com\/?post_type=product&#038;p=9256"},"modified":"2026-04-13T20:18:08","modified_gmt":"2026-04-13T18:18:08","slug":"105-maillot","status":"publish","type":"product","link":"https:\/\/combi-pro.com\/fr\/boutique\/105-maillot\/","title":{"rendered":"Pull en maille fine avec col rond et finition anti-boulochage 105 | VELILLA"},"content":{"rendered":"<div class=\"data item\" role=\"tablist\">\n<div id=\"tab-label-description\" class=\"data item title active\" tabindex=\"0\" role=\"tab\" data-role=\"collapsible\" data-collapsible=\"true\" aria-controls=\"description\" aria-selected=\"false\" aria-expanded=\"true\">\n<p data-start=\"650\" data-end=\"682\"><strong data-start=\"650\" data-end=\"682\">Caract\u00e9ristiques techniques :<\/strong><\/p>\n<ul>\n<li data-start=\"686\" data-end=\"747\">Traitement anti-boulochage pour \u00e9viter la formation de boulettes<\/li>\n<li data-start=\"750\" data-end=\"774\">Col rond classique<\/li>\n<li data-start=\"777\" data-end=\"813\">Col, poignets et ceinture c\u00f4tel\u00e9s<\/li>\n<\/ul>\n<p data-start=\"815\" data-end=\"829\"><strong data-start=\"815\" data-end=\"829\">Tissu:<\/strong><\/p>\n<ul>\n<li data-start=\"833\" data-end=\"863\">Point de c\u00f4te : 100 acrylique %<\/li>\n<li data-start=\"866\" data-end=\"930\">Jauge 12 (tissage fin, id\u00e9al pour les climats temp\u00e9r\u00e9s ou int\u00e9rieurs)<\/li>\n<\/ul>\n<p data-start=\"932\" data-end=\"943\"><strong data-start=\"932\" data-end=\"943\">Gamme : <\/strong>Les classiques<\/p>\n<p data-start=\"957\" data-end=\"984\"><strong data-start=\"957\" data-end=\"984\">Recommandation d'utilisation :<\/strong><\/p>\n<ul>\n<li data-start=\"986\" data-end=\"1132\">Id\u00e9al pour l'environnement professionnel ou comme v\u00eatement de base entre deux saisons. Sa conception simple et confortable en fait un choix polyvalent et durable.<\/li>\n<\/ul>\n<\/div>\n<\/div>","protected":false},"excerpt":{"rendered":"<p data-start=\"293\" data-end=\"471\">Pull en maille fine avec col rond, traitement anti-boulochage et finitions c\u00f4tel\u00e9es aux poignets, au col et \u00e0 la taille. Gamme classique.<\/p>\n<p><strong>GUIDE DES TAILLES\u00a0<\/strong><\/p>\n<p><strong><img decoding=\"async\" class=\"alignnone wp-image-17902\" src=\"https:\/\/combi-pro.com\/wp-content\/uploads\/2024\/05\/66-76-screenshot-1750365967381-300x116.png\" alt=\"\" width=\"310\" height=\"120\" srcset=\"https:\/\/combi-pro.com\/wp-content\/uploads\/2024\/05\/66-76-screenshot-1750365967381-300x116.png 300w, https:\/\/combi-pro.com\/wp-content\/uploads\/2024\/05\/66-76-screenshot-1750365967381-18x7.png 18w, https:\/\/combi-pro.com\/wp-content\/uploads\/2024\/05\/66-76-screenshot-1750365967381-64x25.png 64w, https:\/\/combi-pro.com\/wp-content\/uploads\/2024\/05\/66-76-screenshot-1750365967381.png 400w\" sizes=\"(max-width: 310px) 100vw, 310px\" \/> <img decoding=\"async\" class=\"alignnone wp-image-17696\" src=\"https:\/\/combi-pro.com\/wp-content\/uploads\/2025\/05\/screenshot-1749214923473-300x106.png\" alt=\"\" width=\"283\" height=\"100\" srcset=\"https:\/\/combi-pro.com\/wp-content\/uploads\/2025\/05\/screenshot-1749214923473-300x106.png 300w, https:\/\/combi-pro.com\/wp-content\/uploads\/2025\/05\/screenshot-1749214923473-64x23.png 64w, https:\/\/combi-pro.com\/wp-content\/uploads\/2025\/05\/screenshot-1749214923473-18x6.png 18w, https:\/\/combi-pro.com\/wp-content\/uploads\/2025\/05\/screenshot-1749214923473.png 396w\" sizes=\"(max-width: 283px) 100vw, 283px\" \/> \u00a0 \u00a0 \u00a0<\/strong><\/p>","protected":false},"featured_media":9258,"template":"","meta":{"site-sidebar-layout":"default","site-content-layout":"","ast-site-content-layout":"default","site-content-style":"default","site-sidebar-style":"default","ast-global-header-display":"","ast-banner-title-visibility":"","ast-main-header-display":"","ast-hfb-above-header-display":"","ast-hfb-below-header-display":"","ast-hfb-mobile-header-display":"","site-post-title":"","ast-breadcrumbs-content":"","ast-featured-img":"","footer-sml-layout":"","ast-disable-related-posts":"","theme-transparent-header-meta":"default","adv-header-id-meta":"","stick-header-meta":"","header-above-stick-meta":"","header-main-stick-meta":"","header-below-stick-meta":"","astra-migrate-meta-layouts":"set","ast-page-background-enabled":"default","ast-page-background-meta":{"desktop":{"background-color":"","background-image":"","background-repeat":"repeat","background-position":"center center","background-size":"auto","background-attachment":"scroll","background-type":"","background-media":"","overlay-type":"","overlay-color":"","overlay-opacity":"","overlay-gradient":""},"tablet":{"background-color":"","background-image":"","background-repeat":"repeat","background-position":"center center","background-size":"auto","background-attachment":"scroll","background-type":"","background-media":"","overlay-type":"","overlay-color":"","overlay-opacity":"","overlay-gradient":""},"mobile":{"background-color":"","background-image":"","background-repeat":"repeat","background-position":"center center","background-size":"auto","background-attachment":"scroll","background-type":"","background-media":"","overlay-type":"","overlay-color":"","overlay-opacity":"","overlay-gradient":""}},"ast-content-background-meta":{"desktop":{"background-color":"var(--ast-global-color-5)","background-image":"","background-repeat":"repeat","background-position":"center center","background-size":"auto","background-attachment":"scroll","background-type":"","background-media":"","overlay-type":"","overlay-color":"","overlay-opacity":"","overlay-gradient":""},"tablet":{"background-color":"var(--ast-global-color-5)","background-image":"","background-repeat":"repeat","background-position":"center center","background-size":"auto","background-attachment":"scroll","background-type":"","background-media":"","overlay-type":"","overlay-color":"","overlay-opacity":"","overlay-gradient":""},"mobile":{"background-color":"var(--ast-global-color-5)","background-image":"","background-repeat":"repeat","background-position":"center center","background-size":"auto","background-attachment":"scroll","background-type":"","background-media":"","overlay-type":"","overlay-color":"","overlay-opacity":"","overlay-gradient":""}}},"product_brand":[442],"product_cat":[30,89,50],"product_tag":[],"class_list":{"0":"post-9256","1":"product","2":"type-product","3":"status-publish","4":"has-post-thumbnail","6":"product_brand-velilla","7":"product_cat-industria-base","8":"product_cat-punto-fino","9":"product_cat-ropa-profesional","10":"desktop-align-center","11":"tablet-align-left","12":"mobile-align-left","14":"first","15":"outofstock","16":"taxable","17":"shipping-taxable","18":"purchasable","19":"product-type-variable"},"_links":{"self":[{"href":"https:\/\/combi-pro.com\/fr\/wp-json\/wp\/v2\/product\/9256","targetHints":{"allow":["GET"]}}],"collection":[{"href":"https:\/\/combi-pro.com\/fr\/wp-json\/wp\/v2\/product"}],"about":[{"href":"https:\/\/combi-pro.com\/fr\/wp-json\/wp\/v2\/types\/product"}],"wp:featuredmedia":[{"embeddable":true,"href":"https:\/\/combi-pro.com\/fr\/wp-json\/wp\/v2\/media\/9258"}],"wp:attachment":[{"href":"https:\/\/combi-pro.com\/fr\/wp-json\/wp\/v2\/media?parent=9256"}],"wp:term":[{"taxonomy":"product_brand","embeddable":true,"href":"https:\/\/combi-pro.com\/fr\/wp-json\/wp\/v2\/product_brand?post=9256"},{"taxonomy":"product_cat","embeddable":true,"href":"https:\/\/combi-pro.com\/fr\/wp-json\/wp\/v2\/product_cat?post=9256"},{"taxonomy":"product_tag","embeddable":true,"href":"https:\/\/combi-pro.com\/fr\/wp-json\/wp\/v2\/product_tag?post=9256"}],"curies":[{"name":"wp","href":"https:\/\/api.w.org\/{rel}","templated":true}]}}