{"id":9262,"date":"2024-05-23T22:32:31","date_gmt":"2024-05-23T20:32:31","guid":{"rendered":"https:\/\/combi-pro.com\/?post_type=product&#038;p=9262"},"modified":"2026-04-13T20:18:11","modified_gmt":"2026-04-13T18:18:11","slug":"99-gilet-tricote","status":"publish","type":"product","link":"https:\/\/combi-pro.com\/fr\/boutique\/99-gilet-tricote\/","title":{"rendered":"Gilet en maille fine avec col en V et finition anti-boulochage 99 | VELILLA"},"content":{"rendered":"<div class=\"data item\" role=\"tablist\">\n<div id=\"tab-label-description\" class=\"data item title active\" tabindex=\"0\" role=\"tab\" data-role=\"collapsible\" data-collapsible=\"true\" aria-controls=\"description\" aria-selected=\"false\" aria-expanded=\"true\">\n<p data-start=\"667\" data-end=\"699\"><strong data-start=\"667\" data-end=\"699\">Caract\u00e9ristiques techniques :<\/strong><\/p>\n<ul>\n<li data-start=\"703\" data-end=\"761\">Traitement anti-boulochage pour \u00e9viter les bouloches<\/li>\n<li data-start=\"764\" data-end=\"780\">Col en V<\/li>\n<li data-start=\"783\" data-end=\"818\">Encolure, emmanchures et ceinture c\u00f4tel\u00e9es<\/li>\n<\/ul>\n<p data-start=\"820\" data-end=\"834\"><strong data-start=\"820\" data-end=\"834\">Tissu:<\/strong><\/p>\n<ul>\n<li data-start=\"838\" data-end=\"868\">Point de c\u00f4te : 100 acrylique %<\/li>\n<li data-start=\"871\" data-end=\"928\">Jauge 12 (tissu fin, id\u00e9al pour l'entre-saison ou l'int\u00e9rieur)<\/li>\n<\/ul>\n<p data-start=\"930\" data-end=\"941\"><strong data-start=\"930\" data-end=\"941\">Gamme : <\/strong>Les classiques<\/p>\n<p data-start=\"955\" data-end=\"982\"><strong data-start=\"955\" data-end=\"982\">Recommandation d'utilisation :<\/strong><\/p>\n<ul>\n<li data-start=\"984\" data-end=\"1111\">Parfait pour compl\u00e9ter les uniformes ou s'habiller avec une touche professionnelle dans les climats temp\u00e9r\u00e9s. L\u00e9ger, confortable et facile \u00e0 entretenir.<\/li>\n<\/ul>\n<\/div>\n<\/div>","protected":false},"excerpt":{"rendered":"<p data-start=\"297\" data-end=\"477\">Gilet en maille fine avec col en V, finitions c\u00f4tel\u00e9es au col, aux emmanchures et \u00e0 la taille, et traitement anti-boulochage. Gamme classique.<\/p>\n<p><strong>GUIDE DES TAILLES<\/strong><\/p>\n<p><strong><img decoding=\"async\" class=\"alignnone wp-image-17848\" src=\"https:\/\/combi-pro.com\/wp-content\/uploads\/2024\/05\/70-78-1-screenshot-1750241735912-300x98.png\" alt=\"\" width=\"306\" height=\"100\" srcset=\"https:\/\/combi-pro.com\/wp-content\/uploads\/2024\/05\/70-78-1-screenshot-1750241735912-300x98.png 300w, https:\/\/combi-pro.com\/wp-content\/uploads\/2024\/05\/70-78-1-screenshot-1750241735912-64x21.png 64w, https:\/\/combi-pro.com\/wp-content\/uploads\/2024\/05\/70-78-1-screenshot-1750241735912-18x6.png 18w, https:\/\/combi-pro.com\/wp-content\/uploads\/2024\/05\/70-78-1-screenshot-1750241735912.png 398w\" sizes=\"(max-width: 306px) 100vw, 306px\" \/> <img decoding=\"async\" class=\"alignnone wp-image-17696\" src=\"https:\/\/combi-pro.com\/wp-content\/uploads\/2025\/05\/screenshot-1749214923473-300x106.png\" alt=\"\" width=\"255\" height=\"90\" srcset=\"https:\/\/combi-pro.com\/wp-content\/uploads\/2025\/05\/screenshot-1749214923473-300x106.png 300w, https:\/\/combi-pro.com\/wp-content\/uploads\/2025\/05\/screenshot-1749214923473-64x23.png 64w, https:\/\/combi-pro.com\/wp-content\/uploads\/2025\/05\/screenshot-1749214923473-18x6.png 18w, https:\/\/combi-pro.com\/wp-content\/uploads\/2025\/05\/screenshot-1749214923473.png 396w\" sizes=\"(max-width: 255px) 100vw, 255px\" \/>\u00a0 \u00a0 \u00a0 \u00a0<\/strong><\/p>","protected":false},"featured_media":9264,"template":"","meta":{"site-sidebar-layout":"default","site-content-layout":"","ast-site-content-layout":"default","site-content-style":"default","site-sidebar-style":"default","ast-global-header-display":"","ast-banner-title-visibility":"","ast-main-header-display":"","ast-hfb-above-header-display":"","ast-hfb-below-header-display":"","ast-hfb-mobile-header-display":"","site-post-title":"","ast-breadcrumbs-content":"","ast-featured-img":"","footer-sml-layout":"","ast-disable-related-posts":"","theme-transparent-header-meta":"default","adv-header-id-meta":"","stick-header-meta":"","header-above-stick-meta":"","header-main-stick-meta":"","header-below-stick-meta":"","astra-migrate-meta-layouts":"set","ast-page-background-enabled":"default","ast-page-background-meta":{"desktop":{"background-color":"","background-image":"","background-repeat":"repeat","background-position":"center center","background-size":"auto","background-attachment":"scroll","background-type":"","background-media":"","overlay-type":"","overlay-color":"","overlay-opacity":"","overlay-gradient":""},"tablet":{"background-color":"","background-image":"","background-repeat":"repeat","background-position":"center center","background-size":"auto","background-attachment":"scroll","background-type":"","background-media":"","overlay-type":"","overlay-color":"","overlay-opacity":"","overlay-gradient":""},"mobile":{"background-color":"","background-image":"","background-repeat":"repeat","background-position":"center center","background-size":"auto","background-attachment":"scroll","background-type":"","background-media":"","overlay-type":"","overlay-color":"","overlay-opacity":"","overlay-gradient":""}},"ast-content-background-meta":{"desktop":{"background-color":"var(--ast-global-color-5)","background-image":"","background-repeat":"repeat","background-position":"center center","background-size":"auto","background-attachment":"scroll","background-type":"","background-media":"","overlay-type":"","overlay-color":"","overlay-opacity":"","overlay-gradient":""},"tablet":{"background-color":"var(--ast-global-color-5)","background-image":"","background-repeat":"repeat","background-position":"center center","background-size":"auto","background-attachment":"scroll","background-type":"","background-media":"","overlay-type":"","overlay-color":"","overlay-opacity":"","overlay-gradient":""},"mobile":{"background-color":"var(--ast-global-color-5)","background-image":"","background-repeat":"repeat","background-position":"center center","background-size":"auto","background-attachment":"scroll","background-type":"","background-media":"","overlay-type":"","overlay-color":"","overlay-opacity":"","overlay-gradient":""}}},"product_brand":[442],"product_cat":[81,30,89,50],"product_tag":[],"class_list":{"0":"post-9262","1":"product","2":"type-product","3":"status-publish","4":"has-post-thumbnail","6":"product_brand-velilla","7":"product_cat-chalecos","8":"product_cat-industria-base","9":"product_cat-punto-fino","10":"product_cat-ropa-profesional","11":"desktop-align-center","12":"tablet-align-left","13":"mobile-align-left","15":"first","16":"outofstock","17":"taxable","18":"shipping-taxable","19":"purchasable","20":"product-type-variable"},"_links":{"self":[{"href":"https:\/\/combi-pro.com\/fr\/wp-json\/wp\/v2\/product\/9262","targetHints":{"allow":["GET"]}}],"collection":[{"href":"https:\/\/combi-pro.com\/fr\/wp-json\/wp\/v2\/product"}],"about":[{"href":"https:\/\/combi-pro.com\/fr\/wp-json\/wp\/v2\/types\/product"}],"wp:featuredmedia":[{"embeddable":true,"href":"https:\/\/combi-pro.com\/fr\/wp-json\/wp\/v2\/media\/9264"}],"wp:attachment":[{"href":"https:\/\/combi-pro.com\/fr\/wp-json\/wp\/v2\/media?parent=9262"}],"wp:term":[{"taxonomy":"product_brand","embeddable":true,"href":"https:\/\/combi-pro.com\/fr\/wp-json\/wp\/v2\/product_brand?post=9262"},{"taxonomy":"product_cat","embeddable":true,"href":"https:\/\/combi-pro.com\/fr\/wp-json\/wp\/v2\/product_cat?post=9262"},{"taxonomy":"product_tag","embeddable":true,"href":"https:\/\/combi-pro.com\/fr\/wp-json\/wp\/v2\/product_tag?post=9262"}],"curies":[{"name":"wp","href":"https:\/\/api.w.org\/{rel}","templated":true}]}}