{"id":9268,"date":"2024-05-23T22:48:22","date_gmt":"2024-05-23T20:48:22","guid":{"rendered":"https:\/\/combi-pro.com\/?post_type=product&#038;p=9268"},"modified":"2026-04-13T20:18:23","modified_gmt":"2026-04-13T18:18:23","slug":"105701-sweat-shirt","status":"publish","type":"product","link":"https:\/\/combi-pro.com\/fr\/boutique\/105701-sweat-shirt\/","title":{"rendered":"Sweat-shirt basique \u00e0 col ras du cou 105701 | VELILLA"},"content":{"rendered":"<div class=\"data item\" role=\"tablist\">\n<div id=\"tab-label-description\" class=\"data item title active\" tabindex=\"0\" role=\"tab\" data-role=\"collapsible\" data-collapsible=\"true\" aria-controls=\"description\" aria-selected=\"false\" aria-expanded=\"true\">\n<p class=\"\" data-start=\"891\" data-end=\"923\"><strong data-start=\"894\" data-end=\"923\">Caract\u00e9ristiques techniques :<\/strong><\/p>\n<ul>\n<li data-start=\"927\" data-end=\"951\">Col rond classique<\/li>\n<li data-start=\"954\" data-end=\"992\">Col, poignets et ceinture c\u00f4tel\u00e9s<\/li>\n<li data-start=\"995\" data-end=\"1021\">Doublure en polaire<\/li>\n<\/ul>\n<p class=\"\" data-start=\"1023\" data-end=\"1038\"><strong data-start=\"1026\" data-end=\"1038\">Tissus :<\/strong><\/p>\n<ul data-start=\"1039\" data-end=\"1090\">\n<li class=\"\" data-start=\"1039\" data-end=\"1090\">\n<p class=\"\" data-start=\"1041\" data-end=\"1090\">Polaire : 65 % polyester - 35 % coton \/ 260 g\/m\u00b2.<\/p>\n<\/li>\n<\/ul>\n<p class=\"\" data-start=\"1092\" data-end=\"1284\"><strong data-start=\"1094\" data-end=\"1119\">Recommandation d'utilisation :<\/strong><\/p>\n<ul>\n<li data-start=\"1092\" data-end=\"1284\">Parfait pour un usage professionnel ou d\u00e9contract\u00e9 dans des environnements frais. Id\u00e9al comme v\u00eatement d'uniforme pour le personnel de la logistique, de la maintenance, de l'industrie l\u00e9g\u00e8re ou du commerce.<\/li>\n<\/ul>\n<\/div>\n<\/div>","protected":false},"excerpt":{"rendered":"<p>Sweat \u00e0 col ras du cou avec col, poignets et ceinture c\u00f4tel\u00e9s. Fabriqu\u00e9 en polaire confortable et durable, id\u00e9al pour un usage quotidien dans des environnements professionnels.<\/p>\n<p><strong>GUIDE DES TAILLES<\/strong><\/p>\n<p><strong><img decoding=\"async\" class=\"alignnone wp-image-17903\" src=\"https:\/\/combi-pro.com\/wp-content\/uploads\/2024\/05\/58.4-68-screenshot-1750373971833-300x128.png\" alt=\"\" width=\"282\" height=\"120\" srcset=\"https:\/\/combi-pro.com\/wp-content\/uploads\/2024\/05\/58.4-68-screenshot-1750373971833-300x128.png 300w, https:\/\/combi-pro.com\/wp-content\/uploads\/2024\/05\/58.4-68-screenshot-1750373971833-18x8.png 18w, https:\/\/combi-pro.com\/wp-content\/uploads\/2024\/05\/58.4-68-screenshot-1750373971833-64x27.png 64w, https:\/\/combi-pro.com\/wp-content\/uploads\/2024\/05\/58.4-68-screenshot-1750373971833.png 400w\" sizes=\"(max-width: 282px) 100vw, 282px\" \/> <img decoding=\"async\" class=\"alignnone wp-image-17696\" src=\"https:\/\/combi-pro.com\/wp-content\/uploads\/2025\/05\/screenshot-1749214923473-300x106.png\" alt=\"\" width=\"283\" height=\"100\" srcset=\"https:\/\/combi-pro.com\/wp-content\/uploads\/2025\/05\/screenshot-1749214923473-300x106.png 300w, https:\/\/combi-pro.com\/wp-content\/uploads\/2025\/05\/screenshot-1749214923473-64x23.png 64w, https:\/\/combi-pro.com\/wp-content\/uploads\/2025\/05\/screenshot-1749214923473-18x6.png 18w, https:\/\/combi-pro.com\/wp-content\/uploads\/2025\/05\/screenshot-1749214923473.png 396w\" sizes=\"(max-width: 283px) 100vw, 283px\" \/>\u00a0 \u00a0 \u00a0 \u00a0<\/strong><\/p>","protected":false},"featured_media":9285,"template":"","meta":{"site-sidebar-layout":"default","site-content-layout":"","ast-site-content-layout":"default","site-content-style":"default","site-sidebar-style":"default","ast-global-header-display":"","ast-banner-title-visibility":"","ast-main-header-display":"","ast-hfb-above-header-display":"","ast-hfb-below-header-display":"","ast-hfb-mobile-header-display":"","site-post-title":"","ast-breadcrumbs-content":"","ast-featured-img":"","footer-sml-layout":"","ast-disable-related-posts":"","theme-transparent-header-meta":"default","adv-header-id-meta":"","stick-header-meta":"","header-above-stick-meta":"","header-main-stick-meta":"","header-below-stick-meta":"","astra-migrate-meta-layouts":"set","ast-page-background-enabled":"default","ast-page-background-meta":{"desktop":{"background-color":"","background-image":"","background-repeat":"repeat","background-position":"center center","background-size":"auto","background-attachment":"scroll","background-type":"","background-media":"","overlay-type":"","overlay-color":"","overlay-opacity":"","overlay-gradient":""},"tablet":{"background-color":"","background-image":"","background-repeat":"repeat","background-position":"center center","background-size":"auto","background-attachment":"scroll","background-type":"","background-media":"","overlay-type":"","overlay-color":"","overlay-opacity":"","overlay-gradient":""},"mobile":{"background-color":"","background-image":"","background-repeat":"repeat","background-position":"center center","background-size":"auto","background-attachment":"scroll","background-type":"","background-media":"","overlay-type":"","overlay-color":"","overlay-opacity":"","overlay-gradient":""}},"ast-content-background-meta":{"desktop":{"background-color":"var(--ast-global-color-5)","background-image":"","background-repeat":"repeat","background-position":"center center","background-size":"auto","background-attachment":"scroll","background-type":"","background-media":"","overlay-type":"","overlay-color":"","overlay-opacity":"","overlay-gradient":""},"tablet":{"background-color":"var(--ast-global-color-5)","background-image":"","background-repeat":"repeat","background-position":"center center","background-size":"auto","background-attachment":"scroll","background-type":"","background-media":"","overlay-type":"","overlay-color":"","overlay-opacity":"","overlay-gradient":""},"mobile":{"background-color":"var(--ast-global-color-5)","background-image":"","background-repeat":"repeat","background-position":"center center","background-size":"auto","background-attachment":"scroll","background-type":"","background-media":"","overlay-type":"","overlay-color":"","overlay-opacity":"","overlay-gradient":""}}},"product_brand":[442],"product_cat":[30,50,92],"product_tag":[],"class_list":{"0":"post-9268","1":"product","2":"type-product","3":"status-publish","4":"has-post-thumbnail","6":"product_brand-velilla","7":"product_cat-industria-base","8":"product_cat-ropa-profesional","9":"product_cat-sudaderas","10":"desktop-align-center","11":"tablet-align-left","12":"mobile-align-left","14":"first","15":"instock","16":"taxable","17":"shipping-taxable","18":"purchasable","19":"product-type-variable","20":"has-default-attributes"},"_links":{"self":[{"href":"https:\/\/combi-pro.com\/fr\/wp-json\/wp\/v2\/product\/9268","targetHints":{"allow":["GET"]}}],"collection":[{"href":"https:\/\/combi-pro.com\/fr\/wp-json\/wp\/v2\/product"}],"about":[{"href":"https:\/\/combi-pro.com\/fr\/wp-json\/wp\/v2\/types\/product"}],"wp:featuredmedia":[{"embeddable":true,"href":"https:\/\/combi-pro.com\/fr\/wp-json\/wp\/v2\/media\/9285"}],"wp:attachment":[{"href":"https:\/\/combi-pro.com\/fr\/wp-json\/wp\/v2\/media?parent=9268"}],"wp:term":[{"taxonomy":"product_brand","embeddable":true,"href":"https:\/\/combi-pro.com\/fr\/wp-json\/wp\/v2\/product_brand?post=9268"},{"taxonomy":"product_cat","embeddable":true,"href":"https:\/\/combi-pro.com\/fr\/wp-json\/wp\/v2\/product_cat?post=9268"},{"taxonomy":"product_tag","embeddable":true,"href":"https:\/\/combi-pro.com\/fr\/wp-json\/wp\/v2\/product_tag?post=9268"}],"curies":[{"name":"wp","href":"https:\/\/api.w.org\/{rel}","templated":true}]}}