{"id":9318,"date":"2024-05-23T23:43:30","date_gmt":"2024-05-23T21:43:30","guid":{"rendered":"https:\/\/combi-pro.com\/?post_type=product&#038;p=9318"},"modified":"2026-04-13T20:18:51","modified_gmt":"2026-04-13T18:18:51","slug":"105704-sweat-shirt-zippe-bicolore","status":"publish","type":"product","link":"https:\/\/combi-pro.com\/fr\/boutique\/105704-sweat-shirt-zippe-bicolore\/","title":{"rendered":"Sweat bicolore demi-zip avec d\u00e9tails contrast\u00e9s 105704 | VELILLA"},"content":{"rendered":"<div class=\"data item\" role=\"tablist\">\n<div id=\"tab-label-description\" class=\"data item title active\" tabindex=\"0\" role=\"tab\" data-role=\"collapsible\" data-collapsible=\"true\" aria-controls=\"description\" aria-selected=\"false\" aria-expanded=\"true\">\n<p data-start=\"659\" data-end=\"691\"><strong data-start=\"659\" data-end=\"691\">Caract\u00e9ristiques techniques :<\/strong><\/p>\n<ul>\n<li data-start=\"695\" data-end=\"729\">Col montant avec demi-fermeture \u00e9clair<\/li>\n<li data-start=\"732\" data-end=\"789\">D\u00e9tails contrast\u00e9s sur les c\u00f4t\u00e9s et \u00e0 l'int\u00e9rieur du col<\/li>\n<li data-start=\"792\" data-end=\"856\">Poignets et ceinture c\u00f4tel\u00e9s pour un meilleur ajustement et un plus grand confort<\/li>\n<li data-start=\"859\" data-end=\"903\">Int\u00e9rieur en polaire douce et chaude<\/li>\n<li data-start=\"906\" data-end=\"967\">Traitement anti-boulochage pour \u00e9viter la formation de boulettes<\/li>\n<li data-start=\"970\" data-end=\"995\">Design moderne et polyvalent<\/li>\n<\/ul>\n<p data-start=\"997\" data-end=\"1011\"><strong data-start=\"997\" data-end=\"1011\">Tissu:<\/strong><\/p>\n<ul>\n<li data-start=\"1015\" data-end=\"1053\">Peluche : 65 % polyester - 35 % coton<\/li>\n<li data-start=\"1056\" data-end=\"1073\">Poids : 260 g\/m\u00b2.<\/li>\n<\/ul>\n<p data-start=\"1075\" data-end=\"1086\"><strong data-start=\"1075\" data-end=\"1086\">Gamme : <\/strong>Total de la contrepartie<\/p>\n<p data-start=\"1103\" data-end=\"1130\"><strong data-start=\"1103\" data-end=\"1130\">Recommandation d'utilisation :<\/strong><\/p>\n<ul>\n<li data-start=\"1132\" data-end=\"1310\">Id\u00e9al pour la vie de tous les jours, les activit\u00e9s d\u00e9contract\u00e9es ou de plein air. Sweat moderne et confortable avec des d\u00e9tails bicolores et une finition de haute qualit\u00e9. Parfait pour un look sportif ou d\u00e9contract\u00e9.<\/li>\n<\/ul>\n<\/div>\n<\/div>","protected":false},"excerpt":{"rendered":"<p>Sweat \u00e0 col roul\u00e9 semi-zipp\u00e9 avec doublure en polaire. Avec ses d\u00e9tails contrast\u00e9s, ses poignets et sa taille c\u00f4tel\u00e9s et son traitement anti-boulochage, il est id\u00e9al pour le confort et le style au quotidien.<\/p>\n<p><img decoding=\"async\" class=\"alignnone wp-image-15236\" src=\"https:\/\/combi-pro.com\/wp-content\/uploads\/2025\/04\/icon-totalmatch.png\" alt=\"\" width=\"209\" height=\"40\" srcset=\"https:\/\/combi-pro.com\/wp-content\/uploads\/2025\/04\/icon-totalmatch.png 251w, https:\/\/combi-pro.com\/wp-content\/uploads\/2025\/04\/icon-totalmatch-64x12.png 64w, https:\/\/combi-pro.com\/wp-content\/uploads\/2025\/04\/icon-totalmatch-18x3.png 18w\" sizes=\"(max-width: 209px) 100vw, 209px\" \/><\/p>\n<p><strong>GUIDE DES TAILLES<\/strong><\/p>\n<p><strong><img decoding=\"async\" class=\"alignnone wp-image-17905\" src=\"https:\/\/combi-pro.com\/wp-content\/uploads\/2024\/05\/59.5-70-screenshot-1750374575698-300x129.png\" alt=\"\" width=\"278\" height=\"120\" srcset=\"https:\/\/combi-pro.com\/wp-content\/uploads\/2024\/05\/59.5-70-screenshot-1750374575698-300x129.png 300w, https:\/\/combi-pro.com\/wp-content\/uploads\/2024\/05\/59.5-70-screenshot-1750374575698-18x8.png 18w, https:\/\/combi-pro.com\/wp-content\/uploads\/2024\/05\/59.5-70-screenshot-1750374575698-64x28.png 64w, https:\/\/combi-pro.com\/wp-content\/uploads\/2024\/05\/59.5-70-screenshot-1750374575698.png 401w\" sizes=\"(max-width: 278px) 100vw, 278px\" \/> <img decoding=\"async\" class=\"alignnone wp-image-17696\" src=\"https:\/\/combi-pro.com\/wp-content\/uploads\/2025\/05\/screenshot-1749214923473-300x106.png\" alt=\"\" width=\"283\" height=\"100\" srcset=\"https:\/\/combi-pro.com\/wp-content\/uploads\/2025\/05\/screenshot-1749214923473-300x106.png 300w, https:\/\/combi-pro.com\/wp-content\/uploads\/2025\/05\/screenshot-1749214923473-64x23.png 64w, https:\/\/combi-pro.com\/wp-content\/uploads\/2025\/05\/screenshot-1749214923473-18x6.png 18w, https:\/\/combi-pro.com\/wp-content\/uploads\/2025\/05\/screenshot-1749214923473.png 396w\" sizes=\"(max-width: 283px) 100vw, 283px\" \/>\u00a0 \u00a0 \u00a0 \u00a0<\/strong><\/p>","protected":false},"featured_media":9336,"template":"","meta":{"site-sidebar-layout":"default","site-content-layout":"","ast-site-content-layout":"default","site-content-style":"default","site-sidebar-style":"default","ast-global-header-display":"","ast-banner-title-visibility":"","ast-main-header-display":"","ast-hfb-above-header-display":"","ast-hfb-below-header-display":"","ast-hfb-mobile-header-display":"","site-post-title":"","ast-breadcrumbs-content":"","ast-featured-img":"","footer-sml-layout":"","ast-disable-related-posts":"","theme-transparent-header-meta":"default","adv-header-id-meta":"","stick-header-meta":"","header-above-stick-meta":"","header-main-stick-meta":"","header-below-stick-meta":"","astra-migrate-meta-layouts":"set","ast-page-background-enabled":"default","ast-page-background-meta":{"desktop":{"background-color":"","background-image":"","background-repeat":"repeat","background-position":"center center","background-size":"auto","background-attachment":"scroll","background-type":"","background-media":"","overlay-type":"","overlay-color":"","overlay-opacity":"","overlay-gradient":""},"tablet":{"background-color":"","background-image":"","background-repeat":"repeat","background-position":"center center","background-size":"auto","background-attachment":"scroll","background-type":"","background-media":"","overlay-type":"","overlay-color":"","overlay-opacity":"","overlay-gradient":""},"mobile":{"background-color":"","background-image":"","background-repeat":"repeat","background-position":"center center","background-size":"auto","background-attachment":"scroll","background-type":"","background-media":"","overlay-type":"","overlay-color":"","overlay-opacity":"","overlay-gradient":""}},"ast-content-background-meta":{"desktop":{"background-color":"var(--ast-global-color-5)","background-image":"","background-repeat":"repeat","background-position":"center center","background-size":"auto","background-attachment":"scroll","background-type":"","background-media":"","overlay-type":"","overlay-color":"","overlay-opacity":"","overlay-gradient":""},"tablet":{"background-color":"var(--ast-global-color-5)","background-image":"","background-repeat":"repeat","background-position":"center center","background-size":"auto","background-attachment":"scroll","background-type":"","background-media":"","overlay-type":"","overlay-color":"","overlay-opacity":"","overlay-gradient":""},"mobile":{"background-color":"var(--ast-global-color-5)","background-image":"","background-repeat":"repeat","background-position":"center center","background-size":"auto","background-attachment":"scroll","background-type":"","background-media":"","overlay-type":"","overlay-color":"","overlay-opacity":"","overlay-gradient":""}}},"product_brand":[442],"product_cat":[30,50,92],"product_tag":[],"class_list":{"0":"post-9318","1":"product","2":"type-product","3":"status-publish","4":"has-post-thumbnail","6":"product_brand-velilla","7":"product_cat-industria-base","8":"product_cat-ropa-profesional","9":"product_cat-sudaderas","10":"desktop-align-center","11":"tablet-align-left","12":"mobile-align-left","14":"first","15":"instock","16":"taxable","17":"shipping-taxable","18":"purchasable","19":"product-type-variable","20":"has-default-attributes"},"_links":{"self":[{"href":"https:\/\/combi-pro.com\/fr\/wp-json\/wp\/v2\/product\/9318","targetHints":{"allow":["GET"]}}],"collection":[{"href":"https:\/\/combi-pro.com\/fr\/wp-json\/wp\/v2\/product"}],"about":[{"href":"https:\/\/combi-pro.com\/fr\/wp-json\/wp\/v2\/types\/product"}],"wp:featuredmedia":[{"embeddable":true,"href":"https:\/\/combi-pro.com\/fr\/wp-json\/wp\/v2\/media\/9336"}],"wp:attachment":[{"href":"https:\/\/combi-pro.com\/fr\/wp-json\/wp\/v2\/media?parent=9318"}],"wp:term":[{"taxonomy":"product_brand","embeddable":true,"href":"https:\/\/combi-pro.com\/fr\/wp-json\/wp\/v2\/product_brand?post=9318"},{"taxonomy":"product_cat","embeddable":true,"href":"https:\/\/combi-pro.com\/fr\/wp-json\/wp\/v2\/product_cat?post=9318"},{"taxonomy":"product_tag","embeddable":true,"href":"https:\/\/combi-pro.com\/fr\/wp-json\/wp\/v2\/product_tag?post=9318"}],"curies":[{"name":"wp","href":"https:\/\/api.w.org\/{rel}","templated":true}]}}