{"id":9353,"date":"2024-05-24T11:42:14","date_gmt":"2024-05-24T09:42:14","guid":{"rendered":"https:\/\/combi-pro.com\/?post_type=product&#038;p=9353"},"modified":"2026-04-13T20:18:57","modified_gmt":"2026-04-13T18:18:57","slug":"105508s-mc-polo-stretch-pour-hommes","status":"publish","type":"product","link":"https:\/\/combi-pro.com\/fr\/boutique\/105508s-mc-polo-stretch-pour-hommes\/","title":{"rendered":"Polo stretch \u00e0 manches courtes pour hommes avec fentes lat\u00e9rales 105508S | VELILLA"},"content":{"rendered":"<div class=\"data item\" role=\"tablist\">\n<div id=\"tab-label-description\" class=\"data item title active\" tabindex=\"0\" role=\"tab\" data-role=\"collapsible\" data-collapsible=\"true\" aria-controls=\"description\" aria-selected=\"false\" aria-expanded=\"true\">\n<p data-start=\"716\" data-end=\"748\"><strong data-start=\"716\" data-end=\"748\">Caract\u00e9ristiques techniques :<\/strong><\/p>\n<ul>\n<li data-start=\"752\" data-end=\"780\">Fermeture centrale par bouton<\/li>\n<li data-start=\"783\" data-end=\"820\">Col et poignets c\u00f4tel\u00e9s<\/li>\n<li data-start=\"823\" data-end=\"863\">Ouvertures lat\u00e9rales pour une plus grande mobilit\u00e9<\/li>\n<\/ul>\n<p data-start=\"865\" data-end=\"879\"><strong data-start=\"865\" data-end=\"879\">Tissu:<\/strong><\/p>\n<ul>\n<li data-start=\"883\" data-end=\"919\">Piqu\u00e9 : 96 % coton - 4 % \u00e9lasthanne<\/li>\n<li data-start=\"922\" data-end=\"966\">Poids : 200 g\/m\u00b2 (tissu \u00e9lastique et confortable)<\/li>\n<\/ul>\n<p data-start=\"968\" data-end=\"980\"><strong data-start=\"968\" data-end=\"980\">Gamme de produits :<\/strong><\/p>\n<ul>\n<li data-start=\"984\" data-end=\"998\">100% Coton<\/li>\n<li data-start=\"1001\" data-end=\"1007\">Chambre<\/li>\n<li data-start=\"1010\" data-end=\"1017\">\u00c9tirer<\/li>\n<\/ul>\n<p data-start=\"1019\" data-end=\"1046\"><strong data-start=\"1019\" data-end=\"1046\">Recommandation d'utilisation :<\/strong><\/p>\n<ul>\n<li data-start=\"1048\" data-end=\"1198\">Con\u00e7u pour ceux qui ont besoin de confort, d'\u00e9lasticit\u00e9 et d'une coupe moderne. Id\u00e9al pour les environnements professionnels, le commerce de d\u00e9tail ou les v\u00eatements de tous les jours qui sont \u00e0 la fois \u00e9l\u00e9gants et fonctionnels.<\/li>\n<\/ul>\n<\/div>\n<\/div>","protected":false},"excerpt":{"rendered":"<p>Polo en piqu\u00e9 extensible avec fermeture boutonn\u00e9e, finition c\u00f4tel\u00e9e et fentes lat\u00e9rales. Confortable, durable et offrant une grande libert\u00e9 de mouvement, il est parfait pour un usage professionnel quotidien.<\/p>\n<p><img decoding=\"async\" class=\"alignnone wp-image-15239\" src=\"https:\/\/combi-pro.com\/wp-content\/uploads\/2025\/04\/icon-stretch-cotton.png\" alt=\"\" width=\"75\" height=\"40\" srcset=\"https:\/\/combi-pro.com\/wp-content\/uploads\/2025\/04\/icon-stretch-cotton.png 228w, https:\/\/combi-pro.com\/wp-content\/uploads\/2025\/04\/icon-stretch-cotton-64x34.png 64w, https:\/\/combi-pro.com\/wp-content\/uploads\/2025\/04\/icon-stretch-cotton-18x10.png 18w\" sizes=\"(max-width: 75px) 100vw, 75px\" \/><\/p>\n<p><strong>GUIDE DES TAILLES<\/strong><\/p>\n<p><strong><img decoding=\"async\" class=\"alignnone wp-image-17891\" src=\"https:\/\/combi-pro.com\/wp-content\/uploads\/2024\/05\/69.5-79.5-screenshot-1750339617121-300x114.png\" alt=\"\" width=\"317\" height=\"120\" srcset=\"https:\/\/combi-pro.com\/wp-content\/uploads\/2024\/05\/69.5-79.5-screenshot-1750339617121-300x114.png 300w, https:\/\/combi-pro.com\/wp-content\/uploads\/2024\/05\/69.5-79.5-screenshot-1750339617121-18x7.png 18w, https:\/\/combi-pro.com\/wp-content\/uploads\/2024\/05\/69.5-79.5-screenshot-1750339617121-64x24.png 64w, https:\/\/combi-pro.com\/wp-content\/uploads\/2024\/05\/69.5-79.5-screenshot-1750339617121.png 401w\" sizes=\"(max-width: 317px) 100vw, 317px\" \/> <img decoding=\"async\" class=\"alignnone wp-image-17696\" src=\"https:\/\/combi-pro.com\/wp-content\/uploads\/2025\/05\/screenshot-1749214923473-300x106.png\" alt=\"\" width=\"283\" height=\"100\" srcset=\"https:\/\/combi-pro.com\/wp-content\/uploads\/2025\/05\/screenshot-1749214923473-300x106.png 300w, https:\/\/combi-pro.com\/wp-content\/uploads\/2025\/05\/screenshot-1749214923473-64x23.png 64w, https:\/\/combi-pro.com\/wp-content\/uploads\/2025\/05\/screenshot-1749214923473-18x6.png 18w, https:\/\/combi-pro.com\/wp-content\/uploads\/2025\/05\/screenshot-1749214923473.png 396w\" sizes=\"(max-width: 283px) 100vw, 283px\" \/>\u00a0 \u00a0 \u00a0 \u00a0<\/strong><\/p>","protected":false},"featured_media":9361,"template":"","meta":{"site-sidebar-layout":"default","site-content-layout":"","ast-site-content-layout":"default","site-content-style":"default","site-sidebar-style":"default","ast-global-header-display":"","ast-banner-title-visibility":"","ast-main-header-display":"","ast-hfb-above-header-display":"","ast-hfb-below-header-display":"","ast-hfb-mobile-header-display":"","site-post-title":"","ast-breadcrumbs-content":"","ast-featured-img":"","footer-sml-layout":"","ast-disable-related-posts":"","theme-transparent-header-meta":"default","adv-header-id-meta":"","stick-header-meta":"","header-above-stick-meta":"","header-main-stick-meta":"","header-below-stick-meta":"","astra-migrate-meta-layouts":"set","ast-page-background-enabled":"default","ast-page-background-meta":{"desktop":{"background-color":"","background-image":"","background-repeat":"repeat","background-position":"center center","background-size":"auto","background-attachment":"scroll","background-type":"","background-media":"","overlay-type":"","overlay-color":"","overlay-opacity":"","overlay-gradient":""},"tablet":{"background-color":"","background-image":"","background-repeat":"repeat","background-position":"center center","background-size":"auto","background-attachment":"scroll","background-type":"","background-media":"","overlay-type":"","overlay-color":"","overlay-opacity":"","overlay-gradient":""},"mobile":{"background-color":"","background-image":"","background-repeat":"repeat","background-position":"center center","background-size":"auto","background-attachment":"scroll","background-type":"","background-media":"","overlay-type":"","overlay-color":"","overlay-opacity":"","overlay-gradient":""}},"ast-content-background-meta":{"desktop":{"background-color":"var(--ast-global-color-5)","background-image":"","background-repeat":"repeat","background-position":"center center","background-size":"auto","background-attachment":"scroll","background-type":"","background-media":"","overlay-type":"","overlay-color":"","overlay-opacity":"","overlay-gradient":""},"tablet":{"background-color":"var(--ast-global-color-5)","background-image":"","background-repeat":"repeat","background-position":"center center","background-size":"auto","background-attachment":"scroll","background-type":"","background-media":"","overlay-type":"","overlay-color":"","overlay-opacity":"","overlay-gradient":""},"mobile":{"background-color":"var(--ast-global-color-5)","background-image":"","background-repeat":"repeat","background-position":"center center","background-size":"auto","background-attachment":"scroll","background-type":"","background-media":"","overlay-type":"","overlay-color":"","overlay-opacity":"","overlay-gradient":""}}},"product_brand":[442],"product_cat":[72,30,341,88,111,50],"product_tag":[],"class_list":{"0":"post-9353","1":"product","2":"type-product","3":"status-publish","4":"has-post-thumbnail","6":"product_brand-velilla","7":"product_cat-hosteleria","8":"product_cat-industria-base","9":"product_cat-outlet","10":"product_cat-polos","11":"product_cat-polos-hosteleria","12":"product_cat-ropa-profesional","13":"desktop-align-center","14":"tablet-align-left","15":"mobile-align-left","17":"first","18":"instock","19":"sale","20":"taxable","21":"shipping-taxable","22":"purchasable","23":"product-type-variable","24":"has-default-attributes"},"_links":{"self":[{"href":"https:\/\/combi-pro.com\/fr\/wp-json\/wp\/v2\/product\/9353","targetHints":{"allow":["GET"]}}],"collection":[{"href":"https:\/\/combi-pro.com\/fr\/wp-json\/wp\/v2\/product"}],"about":[{"href":"https:\/\/combi-pro.com\/fr\/wp-json\/wp\/v2\/types\/product"}],"wp:featuredmedia":[{"embeddable":true,"href":"https:\/\/combi-pro.com\/fr\/wp-json\/wp\/v2\/media\/9361"}],"wp:attachment":[{"href":"https:\/\/combi-pro.com\/fr\/wp-json\/wp\/v2\/media?parent=9353"}],"wp:term":[{"taxonomy":"product_brand","embeddable":true,"href":"https:\/\/combi-pro.com\/fr\/wp-json\/wp\/v2\/product_brand?post=9353"},{"taxonomy":"product_cat","embeddable":true,"href":"https:\/\/combi-pro.com\/fr\/wp-json\/wp\/v2\/product_cat?post=9353"},{"taxonomy":"product_tag","embeddable":true,"href":"https:\/\/combi-pro.com\/fr\/wp-json\/wp\/v2\/product_tag?post=9353"}],"curies":[{"name":"wp","href":"https:\/\/api.w.org\/{rel}","templated":true}]}}