{"id":9367,"date":"2024-05-24T11:43:20","date_gmt":"2024-05-24T09:43:20","guid":{"rendered":"https:\/\/combi-pro.com\/?post_type=product&#038;p=9367"},"modified":"2026-04-13T20:19:03","modified_gmt":"2026-04-13T18:19:03","slug":"105509s-polo-extensible-mc-pour-femmes","status":"publish","type":"product","link":"https:\/\/combi-pro.com\/fr\/boutique\/105509s-polo-extensible-mc-pour-femmes\/","title":{"rendered":"Polo stretch \u00e0 manches courtes pour femmes avec fentes lat\u00e9rales 105509S | VELILLA"},"content":{"rendered":"<div class=\"data item\" role=\"tablist\">\n<div id=\"tab-label-description\" class=\"data item title active\" tabindex=\"0\" role=\"tab\" data-role=\"collapsible\" data-collapsible=\"true\" aria-controls=\"description\" aria-selected=\"false\" aria-expanded=\"true\">\n<p data-start=\"732\" data-end=\"764\"><strong data-start=\"732\" data-end=\"764\">Caract\u00e9ristiques techniques :<\/strong><\/p>\n<ul>\n<li data-start=\"768\" data-end=\"796\">Fermeture centrale par bouton<\/li>\n<li data-start=\"799\" data-end=\"836\">Col et poignets c\u00f4tel\u00e9s<\/li>\n<li data-start=\"839\" data-end=\"899\">Fentes lat\u00e9rales pour une plus grande libert\u00e9 de mouvement<\/li>\n<\/ul>\n<p data-start=\"901\" data-end=\"915\"><strong data-start=\"901\" data-end=\"915\">Tissu:<\/strong><\/p>\n<ul>\n<li data-start=\"919\" data-end=\"955\">Piqu\u00e9 : 96 % coton - 4 % \u00e9lasthanne<\/li>\n<li data-start=\"958\" data-end=\"1008\">Poids : 200 g\/m\u00b2 (extensible, doux et respirant)<\/li>\n<\/ul>\n<p data-start=\"1010\" data-end=\"1022\"><strong data-start=\"1010\" data-end=\"1022\">Gamme de produits :<\/strong><\/p>\n<ul>\n<li data-start=\"1026\" data-end=\"1040\">100% Coton<\/li>\n<li data-start=\"1043\" data-end=\"1049\">Chambre<\/li>\n<li data-start=\"1052\" data-end=\"1061\">\u00c9tirer<\/li>\n<li data-start=\"1064\" data-end=\"1069\">Femme<\/li>\n<\/ul>\n<p data-start=\"1071\" data-end=\"1098\"><strong data-start=\"1071\" data-end=\"1098\">Recommandation d'utilisation :<\/strong><\/p>\n<ul>\n<li data-start=\"1100\" data-end=\"1274\">Polo con\u00e7u pour les femmes \u00e0 la recherche de style, d'\u00e9lasticit\u00e9 et de confort pour leur travail ou leur tenue de tous les jours. Id\u00e9al pour les environnements professionnels exigeants ou les tenues d'affaires \u00e9l\u00e9gantes.<\/li>\n<\/ul>\n<\/div>\n<\/div>","protected":false},"excerpt":{"rendered":"<p data-start=\"327\" data-end=\"525\">Polo extensible pour femme avec fermeture boutonn\u00e9e, col et manches c\u00f4tel\u00e9s et fentes lat\u00e9rales. Coupe confortable et f\u00e9minine. Gammes Woman, Sala et Stretch.<\/p>\n<p data-start=\"327\" data-end=\"525\"><img decoding=\"async\" class=\"alignnone wp-image-15239\" src=\"https:\/\/combi-pro.com\/wp-content\/uploads\/2025\/04\/icon-stretch-cotton.png\" alt=\"\" width=\"75\" height=\"40\" srcset=\"https:\/\/combi-pro.com\/wp-content\/uploads\/2025\/04\/icon-stretch-cotton.png 228w, https:\/\/combi-pro.com\/wp-content\/uploads\/2025\/04\/icon-stretch-cotton-64x34.png 64w, https:\/\/combi-pro.com\/wp-content\/uploads\/2025\/04\/icon-stretch-cotton-18x10.png 18w\" sizes=\"(max-width: 75px) 100vw, 75px\" \/><\/p>\n<p><strong>GUIDE DES TAILLES<\/strong><\/p>\n<p><strong><img decoding=\"async\" class=\"alignnone wp-image-17892\" src=\"https:\/\/combi-pro.com\/wp-content\/uploads\/2024\/05\/60.6-70.1-screenshot-1750340400854-300x115.png\" alt=\"\" width=\"312\" height=\"120\" srcset=\"https:\/\/combi-pro.com\/wp-content\/uploads\/2024\/05\/60.6-70.1-screenshot-1750340400854-300x115.png 300w, https:\/\/combi-pro.com\/wp-content\/uploads\/2024\/05\/60.6-70.1-screenshot-1750340400854-18x7.png 18w, https:\/\/combi-pro.com\/wp-content\/uploads\/2024\/05\/60.6-70.1-screenshot-1750340400854-64x25.png 64w, https:\/\/combi-pro.com\/wp-content\/uploads\/2024\/05\/60.6-70.1-screenshot-1750340400854.png 401w\" sizes=\"(max-width: 312px) 100vw, 312px\" \/> <img decoding=\"async\" class=\"alignnone wp-image-17696\" src=\"https:\/\/combi-pro.com\/wp-content\/uploads\/2025\/05\/screenshot-1749214923473-300x106.png\" alt=\"\" width=\"283\" height=\"100\" srcset=\"https:\/\/combi-pro.com\/wp-content\/uploads\/2025\/05\/screenshot-1749214923473-300x106.png 300w, https:\/\/combi-pro.com\/wp-content\/uploads\/2025\/05\/screenshot-1749214923473-64x23.png 64w, https:\/\/combi-pro.com\/wp-content\/uploads\/2025\/05\/screenshot-1749214923473-18x6.png 18w, https:\/\/combi-pro.com\/wp-content\/uploads\/2025\/05\/screenshot-1749214923473.png 396w\" sizes=\"(max-width: 283px) 100vw, 283px\" \/>\u00a0 \u00a0 \u00a0 \u00a0<\/strong><\/p>","protected":false},"featured_media":9376,"template":"","meta":{"site-sidebar-layout":"default","site-content-layout":"","ast-site-content-layout":"default","site-content-style":"default","site-sidebar-style":"default","ast-global-header-display":"","ast-banner-title-visibility":"","ast-main-header-display":"","ast-hfb-above-header-display":"","ast-hfb-below-header-display":"","ast-hfb-mobile-header-display":"","site-post-title":"","ast-breadcrumbs-content":"","ast-featured-img":"","footer-sml-layout":"","ast-disable-related-posts":"","theme-transparent-header-meta":"default","adv-header-id-meta":"","stick-header-meta":"","header-above-stick-meta":"","header-main-stick-meta":"","header-below-stick-meta":"","astra-migrate-meta-layouts":"set","ast-page-background-enabled":"default","ast-page-background-meta":{"desktop":{"background-color":"","background-image":"","background-repeat":"repeat","background-position":"center center","background-size":"auto","background-attachment":"scroll","background-type":"","background-media":"","overlay-type":"","overlay-color":"","overlay-opacity":"","overlay-gradient":""},"tablet":{"background-color":"","background-image":"","background-repeat":"repeat","background-position":"center center","background-size":"auto","background-attachment":"scroll","background-type":"","background-media":"","overlay-type":"","overlay-color":"","overlay-opacity":"","overlay-gradient":""},"mobile":{"background-color":"","background-image":"","background-repeat":"repeat","background-position":"center center","background-size":"auto","background-attachment":"scroll","background-type":"","background-media":"","overlay-type":"","overlay-color":"","overlay-opacity":"","overlay-gradient":""}},"ast-content-background-meta":{"desktop":{"background-color":"var(--ast-global-color-5)","background-image":"","background-repeat":"repeat","background-position":"center center","background-size":"auto","background-attachment":"scroll","background-type":"","background-media":"","overlay-type":"","overlay-color":"","overlay-opacity":"","overlay-gradient":""},"tablet":{"background-color":"var(--ast-global-color-5)","background-image":"","background-repeat":"repeat","background-position":"center center","background-size":"auto","background-attachment":"scroll","background-type":"","background-media":"","overlay-type":"","overlay-color":"","overlay-opacity":"","overlay-gradient":""},"mobile":{"background-color":"var(--ast-global-color-5)","background-image":"","background-repeat":"repeat","background-position":"center center","background-size":"auto","background-attachment":"scroll","background-type":"","background-media":"","overlay-type":"","overlay-color":"","overlay-opacity":"","overlay-gradient":""}}},"product_brand":[442],"product_cat":[72,30,341,111,88,50],"product_tag":[],"class_list":{"0":"post-9367","1":"product","2":"type-product","3":"status-publish","4":"has-post-thumbnail","6":"product_brand-velilla","7":"product_cat-hosteleria","8":"product_cat-industria-base","9":"product_cat-outlet","10":"product_cat-polos-hosteleria","11":"product_cat-polos","12":"product_cat-ropa-profesional","13":"desktop-align-center","14":"tablet-align-left","15":"mobile-align-left","17":"first","18":"instock","19":"sale","20":"taxable","21":"shipping-taxable","22":"purchasable","23":"product-type-variable","24":"has-default-attributes"},"_links":{"self":[{"href":"https:\/\/combi-pro.com\/fr\/wp-json\/wp\/v2\/product\/9367","targetHints":{"allow":["GET"]}}],"collection":[{"href":"https:\/\/combi-pro.com\/fr\/wp-json\/wp\/v2\/product"}],"about":[{"href":"https:\/\/combi-pro.com\/fr\/wp-json\/wp\/v2\/types\/product"}],"wp:featuredmedia":[{"embeddable":true,"href":"https:\/\/combi-pro.com\/fr\/wp-json\/wp\/v2\/media\/9376"}],"wp:attachment":[{"href":"https:\/\/combi-pro.com\/fr\/wp-json\/wp\/v2\/media?parent=9367"}],"wp:term":[{"taxonomy":"product_brand","embeddable":true,"href":"https:\/\/combi-pro.com\/fr\/wp-json\/wp\/v2\/product_brand?post=9367"},{"taxonomy":"product_cat","embeddable":true,"href":"https:\/\/combi-pro.com\/fr\/wp-json\/wp\/v2\/product_cat?post=9367"},{"taxonomy":"product_tag","embeddable":true,"href":"https:\/\/combi-pro.com\/fr\/wp-json\/wp\/v2\/product_tag?post=9367"}],"curies":[{"name":"wp","href":"https:\/\/api.w.org\/{rel}","templated":true}]}}