{"id":9448,"date":"2024-05-24T23:07:38","date_gmt":"2024-05-24T21:07:38","guid":{"rendered":"https:\/\/combi-pro.com\/?post_type=product&#038;p=9448"},"modified":"2026-04-13T20:19:47","modified_gmt":"2026-04-13T18:19:47","slug":"105505-polo-bicolore-mc","status":"publish","type":"product","link":"https:\/\/combi-pro.com\/fr\/boutique\/105505-polo-bicolore-mc\/","title":{"rendered":"Polo de travail bicolore \u00e0 manches courtes avec d\u00e9tails en fluor 105505 | VELILLA"},"content":{"rendered":"<div class=\"data item\" role=\"tablist\">\n<div id=\"tab-label-description\" class=\"data item title active\" tabindex=\"0\" role=\"tab\" data-role=\"collapsible\" data-collapsible=\"true\" aria-controls=\"description\" aria-selected=\"false\" aria-expanded=\"true\">\n<p data-start=\"683\" data-end=\"715\"><strong data-start=\"683\" data-end=\"715\">Caract\u00e9ristiques techniques :<\/strong><\/p>\n<ul>\n<li data-start=\"719\" data-end=\"747\">Fermeture centrale par bouton<\/li>\n<li data-start=\"750\" data-end=\"789\">Col et bas de manches c\u00f4tel\u00e9s<\/li>\n<li data-start=\"792\" data-end=\"934\">Contraste \u00e0 l'int\u00e9rieur du col, au bas des manches, \u00e0 l'int\u00e9rieur de la patte de boutonnage, \u00e0 l'int\u00e9rieur de la bande de tissu du col et aux passants de ceinture.<\/li>\n<\/ul>\n<p data-start=\"936\" data-end=\"950\"><strong data-start=\"936\" data-end=\"950\">Tissu:<\/strong><\/p>\n<ul>\n<li data-start=\"954\" data-end=\"992\">Piqu\u00e9 : 60 % coton - 40 % polyester<\/li>\n<li data-start=\"995\" data-end=\"1036\">Grammage : 180 g\/m\u00b2 (l\u00e9ger et respirant)<\/li>\n<\/ul>\n<p data-start=\"1038\" data-end=\"1049\"><strong data-start=\"1038\" data-end=\"1049\">Gamme : <\/strong>Fluor Match<\/p>\n<p data-start=\"1066\" data-end=\"1093\"><strong data-start=\"1066\" data-end=\"1093\">Recommandation d'utilisation :<\/strong><\/p>\n<ul>\n<li data-start=\"1095\" data-end=\"1237\">Parfait pour les environnements professionnels qui exigent visibilit\u00e9 et style. Ce polo offre confort, modernit\u00e9 et fonctionnalit\u00e9 au quotidien.<\/li>\n<\/ul>\n<\/div>\n<\/div>","protected":false},"excerpt":{"rendered":"<p data-start=\"302\" data-end=\"501\">Polo de travail bicolore avec d\u00e9tails contrast\u00e9s en fluorine, col et manches c\u00f4tel\u00e9s et fermeture \u00e0 boutons. Confort et visibilit\u00e9 en tissu piqu\u00e9. Gamme Fluor Match.<\/p>\n<p data-start=\"302\" data-end=\"501\"><img decoding=\"async\" class=\"alignnone wp-image-15235\" src=\"https:\/\/combi-pro.com\/wp-content\/uploads\/2025\/04\/icon-fluormatch.png\" alt=\"\" width=\"218\" height=\"40\" srcset=\"https:\/\/combi-pro.com\/wp-content\/uploads\/2025\/04\/icon-fluormatch.png 251w, https:\/\/combi-pro.com\/wp-content\/uploads\/2025\/04\/icon-fluormatch-64x12.png 64w, https:\/\/combi-pro.com\/wp-content\/uploads\/2025\/04\/icon-fluormatch-18x3.png 18w\" sizes=\"(max-width: 218px) 100vw, 218px\" \/><\/p>\n<p><strong>GUIDE DES TAILLES<\/strong><\/p>\n<p><strong><img decoding=\"async\" class=\"alignnone wp-image-17890\" src=\"https:\/\/combi-pro.com\/wp-content\/uploads\/2024\/05\/67-79-screenshot-1750339168170-300x130.png\" alt=\"\" width=\"277\" height=\"120\" srcset=\"https:\/\/combi-pro.com\/wp-content\/uploads\/2024\/05\/67-79-screenshot-1750339168170-300x130.png 300w, https:\/\/combi-pro.com\/wp-content\/uploads\/2024\/05\/67-79-screenshot-1750339168170-18x8.png 18w, https:\/\/combi-pro.com\/wp-content\/uploads\/2024\/05\/67-79-screenshot-1750339168170-64x28.png 64w, https:\/\/combi-pro.com\/wp-content\/uploads\/2024\/05\/67-79-screenshot-1750339168170.png 399w\" sizes=\"(max-width: 277px) 100vw, 277px\" \/> <img decoding=\"async\" class=\"alignnone wp-image-17696\" src=\"https:\/\/combi-pro.com\/wp-content\/uploads\/2025\/05\/screenshot-1749214923473-300x106.png\" alt=\"\" width=\"283\" height=\"100\" srcset=\"https:\/\/combi-pro.com\/wp-content\/uploads\/2025\/05\/screenshot-1749214923473-300x106.png 300w, https:\/\/combi-pro.com\/wp-content\/uploads\/2025\/05\/screenshot-1749214923473-64x23.png 64w, https:\/\/combi-pro.com\/wp-content\/uploads\/2025\/05\/screenshot-1749214923473-18x6.png 18w, https:\/\/combi-pro.com\/wp-content\/uploads\/2025\/05\/screenshot-1749214923473.png 396w\" sizes=\"(max-width: 283px) 100vw, 283px\" \/>\u00a0 \u00a0 \u00a0\u00a0<\/strong><\/p>","protected":false},"featured_media":9455,"template":"","meta":{"site-sidebar-layout":"default","site-content-layout":"","ast-site-content-layout":"default","site-content-style":"default","site-sidebar-style":"default","ast-global-header-display":"","ast-banner-title-visibility":"","ast-main-header-display":"","ast-hfb-above-header-display":"","ast-hfb-below-header-display":"","ast-hfb-mobile-header-display":"","site-post-title":"","ast-breadcrumbs-content":"","ast-featured-img":"","footer-sml-layout":"","ast-disable-related-posts":"","theme-transparent-header-meta":"default","adv-header-id-meta":"","stick-header-meta":"","header-above-stick-meta":"","header-main-stick-meta":"","header-below-stick-meta":"","astra-migrate-meta-layouts":"set","ast-page-background-enabled":"default","ast-page-background-meta":{"desktop":{"background-color":"","background-image":"","background-repeat":"repeat","background-position":"center center","background-size":"auto","background-attachment":"scroll","background-type":"","background-media":"","overlay-type":"","overlay-color":"","overlay-opacity":"","overlay-gradient":""},"tablet":{"background-color":"","background-image":"","background-repeat":"repeat","background-position":"center center","background-size":"auto","background-attachment":"scroll","background-type":"","background-media":"","overlay-type":"","overlay-color":"","overlay-opacity":"","overlay-gradient":""},"mobile":{"background-color":"","background-image":"","background-repeat":"repeat","background-position":"center center","background-size":"auto","background-attachment":"scroll","background-type":"","background-media":"","overlay-type":"","overlay-color":"","overlay-opacity":"","overlay-gradient":""}},"ast-content-background-meta":{"desktop":{"background-color":"var(--ast-global-color-5)","background-image":"","background-repeat":"repeat","background-position":"center center","background-size":"auto","background-attachment":"scroll","background-type":"","background-media":"","overlay-type":"","overlay-color":"","overlay-opacity":"","overlay-gradient":""},"tablet":{"background-color":"var(--ast-global-color-5)","background-image":"","background-repeat":"repeat","background-position":"center center","background-size":"auto","background-attachment":"scroll","background-type":"","background-media":"","overlay-type":"","overlay-color":"","overlay-opacity":"","overlay-gradient":""},"mobile":{"background-color":"var(--ast-global-color-5)","background-image":"","background-repeat":"repeat","background-position":"center center","background-size":"auto","background-attachment":"scroll","background-type":"","background-media":"","overlay-type":"","overlay-color":"","overlay-opacity":"","overlay-gradient":""}}},"product_brand":[442],"product_cat":[30,88,50],"product_tag":[],"class_list":{"0":"post-9448","1":"product","2":"type-product","3":"status-publish","4":"has-post-thumbnail","6":"product_brand-velilla","7":"product_cat-industria-base","8":"product_cat-polos","9":"product_cat-ropa-profesional","10":"desktop-align-center","11":"tablet-align-left","12":"mobile-align-left","14":"first","15":"instock","16":"taxable","17":"shipping-taxable","18":"purchasable","19":"product-type-variable","20":"has-default-attributes"},"_links":{"self":[{"href":"https:\/\/combi-pro.com\/fr\/wp-json\/wp\/v2\/product\/9448","targetHints":{"allow":["GET"]}}],"collection":[{"href":"https:\/\/combi-pro.com\/fr\/wp-json\/wp\/v2\/product"}],"about":[{"href":"https:\/\/combi-pro.com\/fr\/wp-json\/wp\/v2\/types\/product"}],"wp:featuredmedia":[{"embeddable":true,"href":"https:\/\/combi-pro.com\/fr\/wp-json\/wp\/v2\/media\/9455"}],"wp:attachment":[{"href":"https:\/\/combi-pro.com\/fr\/wp-json\/wp\/v2\/media?parent=9448"}],"wp:term":[{"taxonomy":"product_brand","embeddable":true,"href":"https:\/\/combi-pro.com\/fr\/wp-json\/wp\/v2\/product_brand?post=9448"},{"taxonomy":"product_cat","embeddable":true,"href":"https:\/\/combi-pro.com\/fr\/wp-json\/wp\/v2\/product_cat?post=9448"},{"taxonomy":"product_tag","embeddable":true,"href":"https:\/\/combi-pro.com\/fr\/wp-json\/wp\/v2\/product_tag?post=9448"}],"curies":[{"name":"wp","href":"https:\/\/api.w.org\/{rel}","templated":true}]}}