{"id":9555,"date":"2024-05-25T00:39:26","date_gmt":"2024-05-24T22:39:26","guid":{"rendered":"https:\/\/combi-pro.com\/?post_type=product&#038;p=9555"},"modified":"2026-04-13T20:20:41","modified_gmt":"2026-04-13T18:20:41","slug":"105529s-polo-stretch-bicolore-ml","status":"publish","type":"product","link":"https:\/\/combi-pro.com\/fr\/boutique\/105529s-polo-stretch-bicolore-ml\/","title":{"rendered":"Polo de travail stretch bicolore \u00e0 manches longues et contrast\u00e9es 105529S | VELILLA"},"content":{"rendered":"<div class=\"data item\" role=\"tablist\">\n<div id=\"tab-label-description\" class=\"data item title active\" tabindex=\"0\" role=\"tab\" data-role=\"collapsible\" data-collapsible=\"true\" aria-controls=\"description\" aria-selected=\"false\" aria-expanded=\"true\">\n<p data-start=\"699\" data-end=\"731\"><strong data-start=\"699\" data-end=\"731\">Caract\u00e9ristiques techniques :<\/strong><\/p>\n<ul>\n<li data-start=\"735\" data-end=\"763\">Fermeture centrale par bouton<\/li>\n<li data-start=\"766\" data-end=\"798\">Col et poignets en tricot c\u00f4tel\u00e9<\/li>\n<li data-start=\"801\" data-end=\"891\">Couleur contrast\u00e9e sur l'empi\u00e8cement avant et arri\u00e8re, les boutons et l'int\u00e9rieur de la patte de boutonnage.<\/li>\n<li data-start=\"894\" data-end=\"934\">Ouvertures lat\u00e9rales pour une meilleure mobilit\u00e9<\/li>\n<\/ul>\n<p data-start=\"936\" data-end=\"950\"><strong data-start=\"936\" data-end=\"950\">Tissu:<\/strong><\/p>\n<ul>\n<li data-start=\"954\" data-end=\"990\">Piqu\u00e9 : 96 % coton - 4 % \u00e9lasthanne<\/li>\n<li data-start=\"993\" data-end=\"1048\">Grammage : 200 g\/m\u00b2 (\u00e9lastique, r\u00e9sistant et respirant)<\/li>\n<\/ul>\n<p data-start=\"1050\" data-end=\"1061\"><strong data-start=\"1050\" data-end=\"1061\">Gamme : <\/strong>Match solide<\/p>\n<p data-start=\"1078\" data-end=\"1105\"><strong data-start=\"1078\" data-end=\"1105\">Recommandation d'utilisation :<\/strong><\/p>\n<ul>\n<li data-start=\"1107\" data-end=\"1284\">Con\u00e7u pour ceux qui recherchent confort et style dans un environnement professionnel. Son tissu extensible et ses d\u00e9tails contrast\u00e9s en font un uniforme moderne et fonctionnel.<\/li>\n<\/ul>\n<\/div>\n<\/div>","protected":false},"excerpt":{"rendered":"<p data-start=\"311\" data-end=\"505\">Polo de travail extensible bicolore \u00e0 manches longues avec empi\u00e8cement contrast\u00e9, col et poignets c\u00f4tel\u00e9s, fentes lat\u00e9rales et fermeture \u00e0 boutons. Gamme Solid Match.<\/p>\n<p data-start=\"311\" data-end=\"505\"><img decoding=\"async\" class=\"alignnone wp-image-15234\" src=\"https:\/\/combi-pro.com\/wp-content\/uploads\/2025\/04\/icon-solidmatch.png\" alt=\"\" width=\"214\" height=\"40\" srcset=\"https:\/\/combi-pro.com\/wp-content\/uploads\/2025\/04\/icon-solidmatch.png 251w, https:\/\/combi-pro.com\/wp-content\/uploads\/2025\/04\/icon-solidmatch-64x12.png 64w, https:\/\/combi-pro.com\/wp-content\/uploads\/2025\/04\/icon-solidmatch-18x3.png 18w\" sizes=\"(max-width: 214px) 100vw, 214px\" \/> <img decoding=\"async\" class=\"alignnone wp-image-15240\" src=\"https:\/\/combi-pro.com\/wp-content\/uploads\/2025\/04\/icon-stretch.png\" alt=\"\" width=\"99\" height=\"40\" srcset=\"https:\/\/combi-pro.com\/wp-content\/uploads\/2025\/04\/icon-stretch.png 228w, https:\/\/combi-pro.com\/wp-content\/uploads\/2025\/04\/icon-stretch-64x26.png 64w, https:\/\/combi-pro.com\/wp-content\/uploads\/2025\/04\/icon-stretch-18x7.png 18w\" sizes=\"(max-width: 99px) 100vw, 99px\" \/><\/p>\n<p><strong>GUIDE DES TAILLES<\/strong><\/p>\n<p><img decoding=\"async\" class=\"alignnone wp-image-17890\" src=\"https:\/\/combi-pro.com\/wp-content\/uploads\/2024\/05\/67-79-screenshot-1750339168170-300x130.png\" alt=\"\" width=\"277\" height=\"120\" srcset=\"https:\/\/combi-pro.com\/wp-content\/uploads\/2024\/05\/67-79-screenshot-1750339168170-300x130.png 300w, https:\/\/combi-pro.com\/wp-content\/uploads\/2024\/05\/67-79-screenshot-1750339168170-18x8.png 18w, https:\/\/combi-pro.com\/wp-content\/uploads\/2024\/05\/67-79-screenshot-1750339168170-64x28.png 64w, https:\/\/combi-pro.com\/wp-content\/uploads\/2024\/05\/67-79-screenshot-1750339168170.png 399w\" sizes=\"(max-width: 277px) 100vw, 277px\" \/> <img loading=\"lazy\" decoding=\"async\" class=\"alignnone wp-image-17696\" src=\"https:\/\/combi-pro.com\/wp-content\/uploads\/2025\/05\/screenshot-1749214923473-300x106.png\" alt=\"\" width=\"283\" height=\"100\" srcset=\"https:\/\/combi-pro.com\/wp-content\/uploads\/2025\/05\/screenshot-1749214923473-300x106.png 300w, https:\/\/combi-pro.com\/wp-content\/uploads\/2025\/05\/screenshot-1749214923473-64x23.png 64w, https:\/\/combi-pro.com\/wp-content\/uploads\/2025\/05\/screenshot-1749214923473-18x6.png 18w, https:\/\/combi-pro.com\/wp-content\/uploads\/2025\/05\/screenshot-1749214923473.png 396w\" sizes=\"(max-width: 283px) 100vw, 283px\" \/><\/p>\n<p><strong>\u00a0 \u00a0\u00a0<\/strong><\/p>","protected":false},"featured_media":9561,"template":"","meta":{"site-sidebar-layout":"default","site-content-layout":"","ast-site-content-layout":"default","site-content-style":"default","site-sidebar-style":"default","ast-global-header-display":"","ast-banner-title-visibility":"","ast-main-header-display":"","ast-hfb-above-header-display":"","ast-hfb-below-header-display":"","ast-hfb-mobile-header-display":"","site-post-title":"","ast-breadcrumbs-content":"","ast-featured-img":"","footer-sml-layout":"","ast-disable-related-posts":"","theme-transparent-header-meta":"default","adv-header-id-meta":"","stick-header-meta":"","header-above-stick-meta":"","header-main-stick-meta":"","header-below-stick-meta":"","astra-migrate-meta-layouts":"set","ast-page-background-enabled":"default","ast-page-background-meta":{"desktop":{"background-color":"","background-image":"","background-repeat":"repeat","background-position":"center center","background-size":"auto","background-attachment":"scroll","background-type":"","background-media":"","overlay-type":"","overlay-color":"","overlay-opacity":"","overlay-gradient":""},"tablet":{"background-color":"","background-image":"","background-repeat":"repeat","background-position":"center center","background-size":"auto","background-attachment":"scroll","background-type":"","background-media":"","overlay-type":"","overlay-color":"","overlay-opacity":"","overlay-gradient":""},"mobile":{"background-color":"","background-image":"","background-repeat":"repeat","background-position":"center center","background-size":"auto","background-attachment":"scroll","background-type":"","background-media":"","overlay-type":"","overlay-color":"","overlay-opacity":"","overlay-gradient":""}},"ast-content-background-meta":{"desktop":{"background-color":"var(--ast-global-color-5)","background-image":"","background-repeat":"repeat","background-position":"center center","background-size":"auto","background-attachment":"scroll","background-type":"","background-media":"","overlay-type":"","overlay-color":"","overlay-opacity":"","overlay-gradient":""},"tablet":{"background-color":"var(--ast-global-color-5)","background-image":"","background-repeat":"repeat","background-position":"center center","background-size":"auto","background-attachment":"scroll","background-type":"","background-media":"","overlay-type":"","overlay-color":"","overlay-opacity":"","overlay-gradient":""},"mobile":{"background-color":"var(--ast-global-color-5)","background-image":"","background-repeat":"repeat","background-position":"center center","background-size":"auto","background-attachment":"scroll","background-type":"","background-media":"","overlay-type":"","overlay-color":"","overlay-opacity":"","overlay-gradient":""}}},"product_brand":[442],"product_cat":[30,88,50],"product_tag":[],"class_list":{"0":"post-9555","1":"product","2":"type-product","3":"status-publish","4":"has-post-thumbnail","6":"product_brand-velilla","7":"product_cat-industria-base","8":"product_cat-polos","9":"product_cat-ropa-profesional","10":"desktop-align-center","11":"tablet-align-left","12":"mobile-align-left","14":"first","15":"instock","16":"taxable","17":"shipping-taxable","18":"purchasable","19":"product-type-variable","20":"has-default-attributes"},"_links":{"self":[{"href":"https:\/\/combi-pro.com\/fr\/wp-json\/wp\/v2\/product\/9555","targetHints":{"allow":["GET"]}}],"collection":[{"href":"https:\/\/combi-pro.com\/fr\/wp-json\/wp\/v2\/product"}],"about":[{"href":"https:\/\/combi-pro.com\/fr\/wp-json\/wp\/v2\/types\/product"}],"wp:featuredmedia":[{"embeddable":true,"href":"https:\/\/combi-pro.com\/fr\/wp-json\/wp\/v2\/media\/9561"}],"wp:attachment":[{"href":"https:\/\/combi-pro.com\/fr\/wp-json\/wp\/v2\/media?parent=9555"}],"wp:term":[{"taxonomy":"product_brand","embeddable":true,"href":"https:\/\/combi-pro.com\/fr\/wp-json\/wp\/v2\/product_brand?post=9555"},{"taxonomy":"product_cat","embeddable":true,"href":"https:\/\/combi-pro.com\/fr\/wp-json\/wp\/v2\/product_cat?post=9555"},{"taxonomy":"product_tag","embeddable":true,"href":"https:\/\/combi-pro.com\/fr\/wp-json\/wp\/v2\/product_tag?post=9555"}],"curies":[{"name":"wp","href":"https:\/\/api.w.org\/{rel}","templated":true}]}}