{"id":9569,"date":"2024-05-25T11:49:49","date_gmt":"2024-05-25T09:49:49","guid":{"rendered":"https:\/\/combi-pro.com\/?post_type=product&#038;p=9569"},"modified":"2026-04-13T20:20:51","modified_gmt":"2026-04-13T18:20:51","slug":"103025-pantalon","status":"publish","type":"product","link":"https:\/\/combi-pro.com\/fr\/boutique\/103025-pantalon\/","title":{"rendered":"Pantalon de travail multi-poches de coupe \u00e9troite avec ceinture \u00e9lastiqu\u00e9e et coutures renforc\u00e9es 103025 | VELILLA"},"content":{"rendered":"<div class=\"data item\" role=\"tablist\">\n<div id=\"tab-label-description\" class=\"data item title active\" tabindex=\"0\" role=\"tab\" data-role=\"collapsible\" data-collapsible=\"true\" aria-controls=\"description\" aria-selected=\"false\" aria-expanded=\"true\">\n<div class=\"data item\" role=\"tablist\">\n<div id=\"tab-label-description\" class=\"data item title active\" tabindex=\"0\" role=\"tab\" data-role=\"collapsible\" data-collapsible=\"true\" aria-controls=\"description\" aria-selected=\"false\" aria-expanded=\"true\">\n<p data-start=\"683\" data-end=\"715\"><strong data-start=\"686\" data-end=\"715\">Caract\u00e9ristiques techniques :<\/strong><\/p>\n<ul>\n<li data-start=\"719\" data-end=\"735\">Coupe cintr\u00e9e<\/li>\n<li data-start=\"738\" data-end=\"777\">Fermeture centrale \u00e0 glissi\u00e8re et bouton<\/li>\n<li data-start=\"780\" data-end=\"809\">Taille \u00e9lastiqu\u00e9e sur le c\u00f4t\u00e9<\/li>\n<li data-start=\"812\" data-end=\"840\">Double couture de s\u00e9curit\u00e9<\/li>\n<li data-start=\"843\" data-end=\"860\">Six poches :<\/li>\n<li data-start=\"865\" data-end=\"889\">2 poches avant<\/li>\n<li data-start=\"894\" data-end=\"946\">2 poches basses \u00e0 soufflet avec rabat et velcro<\/li>\n<li data-start=\"951\" data-end=\"981\">2 poches arri\u00e8re plaqu\u00e9es<\/li>\n<\/ul>\n<p data-start=\"983\" data-end=\"997\"><strong data-start=\"986\" data-end=\"997\">Tissu:<\/strong><\/p>\n<ul>\n<li data-start=\"1001\" data-end=\"1037\">Twill : 65% polyester - 35% coton<\/li>\n<li data-start=\"1040\" data-end=\"1057\">Grammage : 200 g\/m\u00b2.<\/li>\n<\/ul>\n<p data-start=\"1059\" data-end=\"1080\"><strong data-start=\"1062\" data-end=\"1071\">Gamme :<\/strong> Les classiques<\/p>\n<p data-start=\"1082\" data-end=\"1250\"><strong data-start=\"1084\" data-end=\"1109\">Recommandation d'utilisation :<\/strong><\/p>\n<ul>\n<li data-start=\"1082\" data-end=\"1250\">Ce pantalon est un excellent choix pour les travailleurs qui recherchent le confort, la fonctionnalit\u00e9 et la durabilit\u00e9 tout au long de la journ\u00e9e de travail.<\/li>\n<\/ul>\n<\/div>\n<\/div>\n<\/div>\n<\/div>","protected":false},"excerpt":{"rendered":"<p data-start=\"298\" data-end=\"487\">Pantalon slim multi-poches avec ceinture lat\u00e9rale \u00e9lastiqu\u00e9e, poches fonctionnelles et coutures renforc\u00e9es. Id\u00e9al pour un usage professionnel quotidien.<\/p>\n<p><strong>GUIDE DES TAILLES<\/strong><\/p>\n<p><strong><img fetchpriority=\"high\" decoding=\"async\" class=\"alignnone wp-image-17875\" src=\"https:\/\/combi-pro.com\/wp-content\/uploads\/2024\/05\/106-112.7-screenshot-1750326405895-300x227.png\" alt=\"\" width=\"265\" height=\"200\" srcset=\"https:\/\/combi-pro.com\/wp-content\/uploads\/2024\/05\/106-112.7-screenshot-1750326405895-300x227.png 300w, https:\/\/combi-pro.com\/wp-content\/uploads\/2024\/05\/106-112.7-screenshot-1750326405895-16x12.png 16w, https:\/\/combi-pro.com\/wp-content\/uploads\/2024\/05\/106-112.7-screenshot-1750326405895-64x48.png 64w, https:\/\/combi-pro.com\/wp-content\/uploads\/2024\/05\/106-112.7-screenshot-1750326405895.png 400w\" sizes=\"(max-width: 265px) 100vw, 265px\" \/> <img decoding=\"async\" class=\"alignnone wp-image-17729\" src=\"https:\/\/combi-pro.com\/wp-content\/uploads\/2024\/05\/screenshot-1749765502228.png\" alt=\"\" width=\"212\" height=\"160\" srcset=\"https:\/\/combi-pro.com\/wp-content\/uploads\/2024\/05\/screenshot-1749765502228.png 292w, https:\/\/combi-pro.com\/wp-content\/uploads\/2024\/05\/screenshot-1749765502228-64x48.png 64w, https:\/\/combi-pro.com\/wp-content\/uploads\/2024\/05\/screenshot-1749765502228-16x12.png 16w\" sizes=\"(max-width: 212px) 100vw, 212px\" \/>\u00a0 \u00a0 \u00a0 \u00a0<\/strong><\/p>","protected":false},"featured_media":9575,"template":"","meta":{"site-sidebar-layout":"default","site-content-layout":"","ast-site-content-layout":"default","site-content-style":"default","site-sidebar-style":"default","ast-global-header-display":"","ast-banner-title-visibility":"","ast-main-header-display":"","ast-hfb-above-header-display":"","ast-hfb-below-header-display":"","ast-hfb-mobile-header-display":"","site-post-title":"","ast-breadcrumbs-content":"","ast-featured-img":"","footer-sml-layout":"","ast-disable-related-posts":"","theme-transparent-header-meta":"default","adv-header-id-meta":"","stick-header-meta":"","header-above-stick-meta":"","header-main-stick-meta":"","header-below-stick-meta":"","astra-migrate-meta-layouts":"set","ast-page-background-enabled":"default","ast-page-background-meta":{"desktop":{"background-color":"","background-image":"","background-repeat":"repeat","background-position":"center center","background-size":"auto","background-attachment":"scroll","background-type":"","background-media":"","overlay-type":"","overlay-color":"","overlay-opacity":"","overlay-gradient":""},"tablet":{"background-color":"","background-image":"","background-repeat":"repeat","background-position":"center center","background-size":"auto","background-attachment":"scroll","background-type":"","background-media":"","overlay-type":"","overlay-color":"","overlay-opacity":"","overlay-gradient":""},"mobile":{"background-color":"","background-image":"","background-repeat":"repeat","background-position":"center center","background-size":"auto","background-attachment":"scroll","background-type":"","background-media":"","overlay-type":"","overlay-color":"","overlay-opacity":"","overlay-gradient":""}},"ast-content-background-meta":{"desktop":{"background-color":"var(--ast-global-color-5)","background-image":"","background-repeat":"repeat","background-position":"center center","background-size":"auto","background-attachment":"scroll","background-type":"","background-media":"","overlay-type":"","overlay-color":"","overlay-opacity":"","overlay-gradient":""},"tablet":{"background-color":"var(--ast-global-color-5)","background-image":"","background-repeat":"repeat","background-position":"center center","background-size":"auto","background-attachment":"scroll","background-type":"","background-media":"","overlay-type":"","overlay-color":"","overlay-opacity":"","overlay-gradient":""},"mobile":{"background-color":"var(--ast-global-color-5)","background-image":"","background-repeat":"repeat","background-position":"center center","background-size":"auto","background-attachment":"scroll","background-type":"","background-media":"","overlay-type":"","overlay-color":"","overlay-opacity":"","overlay-gradient":""}}},"product_brand":[442],"product_cat":[30,86,50],"product_tag":[],"class_list":{"0":"post-9569","1":"product","2":"type-product","3":"status-publish","4":"has-post-thumbnail","6":"product_brand-velilla","7":"product_cat-industria-base","8":"product_cat-pantalones","9":"product_cat-ropa-profesional","10":"desktop-align-center","11":"tablet-align-left","12":"mobile-align-left","14":"first","15":"outofstock","16":"taxable","17":"shipping-taxable","18":"purchasable","19":"product-type-variable","20":"has-default-attributes"},"_links":{"self":[{"href":"https:\/\/combi-pro.com\/fr\/wp-json\/wp\/v2\/product\/9569","targetHints":{"allow":["GET"]}}],"collection":[{"href":"https:\/\/combi-pro.com\/fr\/wp-json\/wp\/v2\/product"}],"about":[{"href":"https:\/\/combi-pro.com\/fr\/wp-json\/wp\/v2\/types\/product"}],"wp:featuredmedia":[{"embeddable":true,"href":"https:\/\/combi-pro.com\/fr\/wp-json\/wp\/v2\/media\/9575"}],"wp:attachment":[{"href":"https:\/\/combi-pro.com\/fr\/wp-json\/wp\/v2\/media?parent=9569"}],"wp:term":[{"taxonomy":"product_brand","embeddable":true,"href":"https:\/\/combi-pro.com\/fr\/wp-json\/wp\/v2\/product_brand?post=9569"},{"taxonomy":"product_cat","embeddable":true,"href":"https:\/\/combi-pro.com\/fr\/wp-json\/wp\/v2\/product_cat?post=9569"},{"taxonomy":"product_tag","embeddable":true,"href":"https:\/\/combi-pro.com\/fr\/wp-json\/wp\/v2\/product_tag?post=9569"}],"curies":[{"name":"wp","href":"https:\/\/api.w.org\/{rel}","templated":true}]}}