{"id":9599,"date":"2024-05-25T12:06:32","date_gmt":"2024-05-25T10:06:32","guid":{"rendered":"https:\/\/combi-pro.com\/?post_type=product&#038;p=9599"},"modified":"2026-04-13T20:20:56","modified_gmt":"2026-04-13T18:20:56","slug":"103016-pantalon","status":"publish","type":"product","link":"https:\/\/combi-pro.com\/fr\/boutique\/103016-pantalon\/","title":{"rendered":"Pantalon de travail multipoches avec compartiment pour genouill\u00e8re 103016 | VELILLA"},"content":{"rendered":"<p data-start=\"592\" data-end=\"625\"><strong data-start=\"595\" data-end=\"625\">Caract\u00e9ristiques techniques :<\/strong><\/p>\n<ul>\n<li data-start=\"629\" data-end=\"668\">Fermeture centrale \u00e0 glissi\u00e8re et bouton<\/li>\n<li data-start=\"671\" data-end=\"699\">Renforcement du tissu \u00e0 l'arri\u00e8re<\/li>\n<li data-start=\"702\" data-end=\"734\">Renfort en tissu aux genoux<\/li>\n<li data-start=\"737\" data-end=\"801\">Compartiment pour genouill\u00e8res avec fermeture velcro<\/li>\n<li data-start=\"804\" data-end=\"832\">Double couture de s\u00e9curit\u00e9<\/li>\n<li data-start=\"835\" data-end=\"880\">Boucle d'outils sur la jambe droite<\/li>\n<li data-start=\"883\" data-end=\"905\">Clips de genou<\/li>\n<li data-start=\"908\" data-end=\"935\">9 poches fonctionnelles<\/li>\n<\/ul>\n<p data-start=\"937\" data-end=\"1015\"><strong data-start=\"940\" data-end=\"952\">Tissu :<\/strong><\/p>\n<ul>\n<li data-start=\"937\" data-end=\"1015\">Twill (65% polyester - 35% coton)<\/li>\n<li data-start=\"937\" data-end=\"1015\">Grammage : 275 g\/m\u00b2.<\/li>\n<\/ul>\n<p data-start=\"1017\" data-end=\"1041\"><strong data-start=\"1020\" data-end=\"1030\">Gamme : <\/strong>Les classiques<\/p>\n<p data-start=\"1043\" data-end=\"1241\"><strong data-start=\"1045\" data-end=\"1071\">Recommandation d'utilisation :<\/strong><\/p>\n<ul>\n<li data-start=\"1043\" data-end=\"1241\">Recommand\u00e9 pour les op\u00e9rateurs, les techniciens et les professionnels qui ont besoin d'une libert\u00e9 de mouvement, d'une protection des genoux et d'une capacit\u00e9 de charge \u00e9lev\u00e9e pendant leur journ\u00e9e de travail.<\/li>\n<\/ul>","protected":false},"excerpt":{"rendered":"<p data-start=\"208\" data-end=\"398\">Pantalon de travail robuste avec de multiples poches, des renforts aux endroits cl\u00e9s et un compartiment pour les genouill\u00e8res. Id\u00e9al pour les t\u00e2ches exigeantes.<\/p>\n<p data-start=\"400\" data-end=\"590\"><img decoding=\"async\" class=\"alignnone wp-image-15231\" src=\"https:\/\/combi-pro.com\/wp-content\/uploads\/2025\/04\/icon-w275.png\" alt=\"\" width=\"120\" height=\"40\" srcset=\"https:\/\/combi-pro.com\/wp-content\/uploads\/2025\/04\/icon-w275.png 228w, https:\/\/combi-pro.com\/wp-content\/uploads\/2025\/04\/icon-w275-64x21.png 64w, https:\/\/combi-pro.com\/wp-content\/uploads\/2025\/04\/icon-w275-18x6.png 18w\" sizes=\"(max-width: 120px) 100vw, 120px\" \/> <img decoding=\"async\" class=\"alignnone wp-image-15218\" src=\"https:\/\/combi-pro.com\/wp-content\/uploads\/2025\/04\/icon-9pockets.png\" alt=\"\" width=\"40\" height=\"40\" srcset=\"https:\/\/combi-pro.com\/wp-content\/uploads\/2025\/04\/icon-9pockets.png 134w, https:\/\/combi-pro.com\/wp-content\/uploads\/2025\/04\/icon-9pockets-100x100.png 100w, https:\/\/combi-pro.com\/wp-content\/uploads\/2025\/04\/icon-9pockets-64x64.png 64w, https:\/\/combi-pro.com\/wp-content\/uploads\/2025\/04\/icon-9pockets-12x12.png 12w\" sizes=\"(max-width: 40px) 100vw, 40px\" \/> <img decoding=\"async\" class=\"alignnone wp-image-15223\" src=\"https:\/\/combi-pro.com\/wp-content\/uploads\/2025\/04\/icon-knee.png\" alt=\"\" width=\"40\" height=\"40\" srcset=\"https:\/\/combi-pro.com\/wp-content\/uploads\/2025\/04\/icon-knee.png 134w, https:\/\/combi-pro.com\/wp-content\/uploads\/2025\/04\/icon-knee-100x100.png 100w, https:\/\/combi-pro.com\/wp-content\/uploads\/2025\/04\/icon-knee-64x64.png 64w, https:\/\/combi-pro.com\/wp-content\/uploads\/2025\/04\/icon-knee-12x12.png 12w\" sizes=\"(max-width: 40px) 100vw, 40px\" \/> <img loading=\"lazy\" decoding=\"async\" class=\"alignnone wp-image-15222\" src=\"https:\/\/combi-pro.com\/wp-content\/uploads\/2025\/04\/icon-kneeback.png\" alt=\"\" width=\"40\" height=\"40\" srcset=\"https:\/\/combi-pro.com\/wp-content\/uploads\/2025\/04\/icon-kneeback.png 134w, https:\/\/combi-pro.com\/wp-content\/uploads\/2025\/04\/icon-kneeback-100x100.png 100w, https:\/\/combi-pro.com\/wp-content\/uploads\/2025\/04\/icon-kneeback-64x64.png 64w, https:\/\/combi-pro.com\/wp-content\/uploads\/2025\/04\/icon-kneeback-12x12.png 12w\" sizes=\"(max-width: 40px) 100vw, 40px\" \/><\/p>\n<p><strong>GUIDE DES TAILLES<\/strong><\/p>\n<p><strong><img loading=\"lazy\" decoding=\"async\" class=\"alignnone wp-image-17868\" src=\"https:\/\/combi-pro.com\/wp-content\/uploads\/2024\/05\/112-117-screenshot-1750322824113-300x115.png\" alt=\"\" width=\"314\" height=\"120\" srcset=\"https:\/\/combi-pro.com\/wp-content\/uploads\/2024\/05\/112-117-screenshot-1750322824113-300x115.png 300w, https:\/\/combi-pro.com\/wp-content\/uploads\/2024\/05\/112-117-screenshot-1750322824113-18x7.png 18w, https:\/\/combi-pro.com\/wp-content\/uploads\/2024\/05\/112-117-screenshot-1750322824113-64x24.png 64w, https:\/\/combi-pro.com\/wp-content\/uploads\/2024\/05\/112-117-screenshot-1750322824113.png 398w\" sizes=\"(max-width: 314px) 100vw, 314px\" \/> <img loading=\"lazy\" decoding=\"async\" class=\"alignnone wp-image-17729\" src=\"https:\/\/combi-pro.com\/wp-content\/uploads\/2024\/05\/screenshot-1749765502228.png\" alt=\"\" width=\"133\" height=\"100\" srcset=\"https:\/\/combi-pro.com\/wp-content\/uploads\/2024\/05\/screenshot-1749765502228.png 292w, https:\/\/combi-pro.com\/wp-content\/uploads\/2024\/05\/screenshot-1749765502228-64x48.png 64w, https:\/\/combi-pro.com\/wp-content\/uploads\/2024\/05\/screenshot-1749765502228-16x12.png 16w\" sizes=\"(max-width: 133px) 100vw, 133px\" \/>\u00a0 \u00a0 \u00a0<\/strong><\/p>","protected":false},"featured_media":9604,"template":"","meta":{"site-sidebar-layout":"default","site-content-layout":"","ast-site-content-layout":"default","site-content-style":"default","site-sidebar-style":"default","ast-global-header-display":"","ast-banner-title-visibility":"","ast-main-header-display":"","ast-hfb-above-header-display":"","ast-hfb-below-header-display":"","ast-hfb-mobile-header-display":"","site-post-title":"","ast-breadcrumbs-content":"","ast-featured-img":"","footer-sml-layout":"","ast-disable-related-posts":"","theme-transparent-header-meta":"default","adv-header-id-meta":"","stick-header-meta":"","header-above-stick-meta":"","header-main-stick-meta":"","header-below-stick-meta":"","astra-migrate-meta-layouts":"set","ast-page-background-enabled":"default","ast-page-background-meta":{"desktop":{"background-color":"","background-image":"","background-repeat":"repeat","background-position":"center center","background-size":"auto","background-attachment":"scroll","background-type":"","background-media":"","overlay-type":"","overlay-color":"","overlay-opacity":"","overlay-gradient":""},"tablet":{"background-color":"","background-image":"","background-repeat":"repeat","background-position":"center center","background-size":"auto","background-attachment":"scroll","background-type":"","background-media":"","overlay-type":"","overlay-color":"","overlay-opacity":"","overlay-gradient":""},"mobile":{"background-color":"","background-image":"","background-repeat":"repeat","background-position":"center center","background-size":"auto","background-attachment":"scroll","background-type":"","background-media":"","overlay-type":"","overlay-color":"","overlay-opacity":"","overlay-gradient":""}},"ast-content-background-meta":{"desktop":{"background-color":"var(--ast-global-color-5)","background-image":"","background-repeat":"repeat","background-position":"center center","background-size":"auto","background-attachment":"scroll","background-type":"","background-media":"","overlay-type":"","overlay-color":"","overlay-opacity":"","overlay-gradient":""},"tablet":{"background-color":"var(--ast-global-color-5)","background-image":"","background-repeat":"repeat","background-position":"center center","background-size":"auto","background-attachment":"scroll","background-type":"","background-media":"","overlay-type":"","overlay-color":"","overlay-opacity":"","overlay-gradient":""},"mobile":{"background-color":"var(--ast-global-color-5)","background-image":"","background-repeat":"repeat","background-position":"center center","background-size":"auto","background-attachment":"scroll","background-type":"","background-media":"","overlay-type":"","overlay-color":"","overlay-opacity":"","overlay-gradient":""}}},"product_brand":[442],"product_cat":[30,86,50],"product_tag":[],"class_list":{"0":"post-9599","1":"product","2":"type-product","3":"status-publish","4":"has-post-thumbnail","6":"product_brand-velilla","7":"product_cat-industria-base","8":"product_cat-pantalones","9":"product_cat-ropa-profesional","10":"desktop-align-center","11":"tablet-align-left","12":"mobile-align-left","14":"first","15":"outofstock","16":"taxable","17":"shipping-taxable","18":"purchasable","19":"product-type-variable","20":"has-default-attributes"},"_links":{"self":[{"href":"https:\/\/combi-pro.com\/fr\/wp-json\/wp\/v2\/product\/9599","targetHints":{"allow":["GET"]}}],"collection":[{"href":"https:\/\/combi-pro.com\/fr\/wp-json\/wp\/v2\/product"}],"about":[{"href":"https:\/\/combi-pro.com\/fr\/wp-json\/wp\/v2\/types\/product"}],"wp:featuredmedia":[{"embeddable":true,"href":"https:\/\/combi-pro.com\/fr\/wp-json\/wp\/v2\/media\/9604"}],"wp:attachment":[{"href":"https:\/\/combi-pro.com\/fr\/wp-json\/wp\/v2\/media?parent=9599"}],"wp:term":[{"taxonomy":"product_brand","embeddable":true,"href":"https:\/\/combi-pro.com\/fr\/wp-json\/wp\/v2\/product_brand?post=9599"},{"taxonomy":"product_cat","embeddable":true,"href":"https:\/\/combi-pro.com\/fr\/wp-json\/wp\/v2\/product_cat?post=9599"},{"taxonomy":"product_tag","embeddable":true,"href":"https:\/\/combi-pro.com\/fr\/wp-json\/wp\/v2\/product_tag?post=9599"}],"curies":[{"name":"wp","href":"https:\/\/api.w.org\/{rel}","templated":true}]}}