{"id":9614,"date":"2024-05-25T12:21:13","date_gmt":"2024-05-25T10:21:13","guid":{"rendered":"https:\/\/combi-pro.com\/?post_type=product&#038;p=9614"},"modified":"2026-04-13T20:21:21","modified_gmt":"2026-04-13T18:21:21","slug":"103002s-pantalon-stretch","status":"publish","type":"product","link":"https:\/\/combi-pro.com\/fr\/boutique\/103002s-pantalon-stretch\/","title":{"rendered":"Pantalon de travail slim multi-poches en stretch 103002S | VELILLA"},"content":{"rendered":"<p data-start=\"490\" data-end=\"522\"><strong data-start=\"490\" data-end=\"522\">Caract\u00e9ristiques techniques :<\/strong><\/p>\n<ul>\n<li data-start=\"526\" data-end=\"580\">Coupe \u00e9troite pour une silhouette moderne et confortable<\/li>\n<li data-start=\"583\" data-end=\"626\">Fermeture centrale \u00e0 glissi\u00e8re et bouton<\/li>\n<li data-start=\"629\" data-end=\"695\">Coutures en fil contrast\u00e9 pour un style technique<\/li>\n<li data-start=\"698\" data-end=\"748\">Taille \u00e9lastiqu\u00e9e pour un ajustement optimal<\/li>\n<li data-start=\"751\" data-end=\"798\">Double couture de s\u00e9curit\u00e9 aux endroits cl\u00e9s<\/li>\n<li data-start=\"801\" data-end=\"834\">Six poches fonctionnelles :<\/li>\n<li data-start=\"839\" data-end=\"862\">2 poches fran\u00e7aises<\/li>\n<li data-start=\"867\" data-end=\"943\">2 poches \u00e0 soufflet avec double soufflet central, rabat, velcro et tirettes<\/li>\n<li data-start=\"948\" data-end=\"1009\">2 poches arri\u00e8re plaqu\u00e9es avec rabat, velcro et tirettes<\/li>\n<\/ul>\n<p data-start=\"1016\" data-end=\"1030\"><strong data-start=\"1016\" data-end=\"1030\">Tissu:<\/strong><\/p>\n<ul>\n<li data-start=\"1034\" data-end=\"1093\">Tissu extensible : 46% coton - 38% EME - 16% polyester<\/li>\n<li data-start=\"1096\" data-end=\"1117\">Grammage : 240 g\/m\u00b2.<\/li>\n<\/ul>\n<p data-start=\"1124\" data-end=\"1144\"><strong data-start=\"1124\" data-end=\"1136\">Gamme :<\/strong> \u00c9tirer<\/p>\n<p data-start=\"1151\" data-end=\"1398\"><strong data-start=\"1151\" data-end=\"1178\">Recommandation d'utilisation :<\/strong><\/p>\n<ul>\n<li data-start=\"1151\" data-end=\"1398\">Particuli\u00e8rement adapt\u00e9 aux professionnels qui ont besoin d'une grande libert\u00e9 de mouvement : installateurs, techniciens, op\u00e9rateurs ou monteurs. Son tissu \u00e9lastique et sa conception ergonomique en font un v\u00eatement id\u00e9al pour les journ\u00e9es de travail dynamiques.<\/li>\n<\/ul>","protected":false},"excerpt":{"rendered":"<p data-start=\"86\" data-end=\"285\">Pantalon de travail slim avec tissu extensible, multiples poches fonctionnelles et coutures renforc\u00e9es. Confort, durabilit\u00e9 et libert\u00e9 de mouvement.<\/p>\n<p data-start=\"287\" data-end=\"483\"><img decoding=\"async\" class=\"alignnone wp-image-15233\" src=\"https:\/\/combi-pro.com\/wp-content\/uploads\/2025\/04\/icon-w240.png\" alt=\"\" width=\"111\" height=\"40\" srcset=\"https:\/\/combi-pro.com\/wp-content\/uploads\/2025\/04\/icon-w240.png 228w, https:\/\/combi-pro.com\/wp-content\/uploads\/2025\/04\/icon-w240-64x23.png 64w, https:\/\/combi-pro.com\/wp-content\/uploads\/2025\/04\/icon-w240-18x6.png 18w\" sizes=\"(max-width: 111px) 100vw, 111px\" \/> <img decoding=\"async\" class=\"alignnone wp-image-15240\" src=\"https:\/\/combi-pro.com\/wp-content\/uploads\/2025\/04\/icon-stretch.png\" alt=\"\" width=\"99\" height=\"40\" srcset=\"https:\/\/combi-pro.com\/wp-content\/uploads\/2025\/04\/icon-stretch.png 228w, https:\/\/combi-pro.com\/wp-content\/uploads\/2025\/04\/icon-stretch-64x26.png 64w, https:\/\/combi-pro.com\/wp-content\/uploads\/2025\/04\/icon-stretch-18x7.png 18w\" sizes=\"(max-width: 99px) 100vw, 99px\" \/><\/p>\n<p><strong>GUIDE DES TAILLES\u00a0 \u00a0 \u00a0\u00a0<\/strong><\/p>\n<p><img fetchpriority=\"high\" decoding=\"async\" class=\"alignnone wp-image-17861\" src=\"https:\/\/combi-pro.com\/wp-content\/uploads\/2024\/05\/105.5-113-screenshot-1750283079097-300x255.png\" alt=\"\" width=\"259\" height=\"220\" srcset=\"https:\/\/combi-pro.com\/wp-content\/uploads\/2024\/05\/105.5-113-screenshot-1750283079097-300x255.png 300w, https:\/\/combi-pro.com\/wp-content\/uploads\/2024\/05\/105.5-113-screenshot-1750283079097-14x12.png 14w, https:\/\/combi-pro.com\/wp-content\/uploads\/2024\/05\/105.5-113-screenshot-1750283079097-64x54.png 64w, https:\/\/combi-pro.com\/wp-content\/uploads\/2024\/05\/105.5-113-screenshot-1750283079097.png 400w\" sizes=\"(max-width: 259px) 100vw, 259px\" \/> <img loading=\"lazy\" decoding=\"async\" class=\"alignnone wp-image-17729\" src=\"https:\/\/combi-pro.com\/wp-content\/uploads\/2024\/05\/screenshot-1749765502228.png\" alt=\"\" width=\"239\" height=\"180\" srcset=\"https:\/\/combi-pro.com\/wp-content\/uploads\/2024\/05\/screenshot-1749765502228.png 292w, https:\/\/combi-pro.com\/wp-content\/uploads\/2024\/05\/screenshot-1749765502228-64x48.png 64w, https:\/\/combi-pro.com\/wp-content\/uploads\/2024\/05\/screenshot-1749765502228-16x12.png 16w\" sizes=\"(max-width: 239px) 100vw, 239px\" \/><\/p>","protected":false},"featured_media":9628,"template":"","meta":{"site-sidebar-layout":"default","site-content-layout":"","ast-site-content-layout":"default","site-content-style":"default","site-sidebar-style":"default","ast-global-header-display":"","ast-banner-title-visibility":"","ast-main-header-display":"","ast-hfb-above-header-display":"","ast-hfb-below-header-display":"","ast-hfb-mobile-header-display":"","site-post-title":"","ast-breadcrumbs-content":"","ast-featured-img":"","footer-sml-layout":"","ast-disable-related-posts":"","theme-transparent-header-meta":"default","adv-header-id-meta":"","stick-header-meta":"","header-above-stick-meta":"","header-main-stick-meta":"","header-below-stick-meta":"","astra-migrate-meta-layouts":"set","ast-page-background-enabled":"default","ast-page-background-meta":{"desktop":{"background-color":"","background-image":"","background-repeat":"repeat","background-position":"center center","background-size":"auto","background-attachment":"scroll","background-type":"","background-media":"","overlay-type":"","overlay-color":"","overlay-opacity":"","overlay-gradient":""},"tablet":{"background-color":"","background-image":"","background-repeat":"repeat","background-position":"center center","background-size":"auto","background-attachment":"scroll","background-type":"","background-media":"","overlay-type":"","overlay-color":"","overlay-opacity":"","overlay-gradient":""},"mobile":{"background-color":"","background-image":"","background-repeat":"repeat","background-position":"center center","background-size":"auto","background-attachment":"scroll","background-type":"","background-media":"","overlay-type":"","overlay-color":"","overlay-opacity":"","overlay-gradient":""}},"ast-content-background-meta":{"desktop":{"background-color":"var(--ast-global-color-5)","background-image":"","background-repeat":"repeat","background-position":"center center","background-size":"auto","background-attachment":"scroll","background-type":"","background-media":"","overlay-type":"","overlay-color":"","overlay-opacity":"","overlay-gradient":""},"tablet":{"background-color":"var(--ast-global-color-5)","background-image":"","background-repeat":"repeat","background-position":"center center","background-size":"auto","background-attachment":"scroll","background-type":"","background-media":"","overlay-type":"","overlay-color":"","overlay-opacity":"","overlay-gradient":""},"mobile":{"background-color":"var(--ast-global-color-5)","background-image":"","background-repeat":"repeat","background-position":"center center","background-size":"auto","background-attachment":"scroll","background-type":"","background-media":"","overlay-type":"","overlay-color":"","overlay-opacity":"","overlay-gradient":""}}},"product_brand":[442],"product_cat":[30,86,50],"product_tag":[],"class_list":{"0":"post-9614","1":"product","2":"type-product","3":"status-publish","4":"has-post-thumbnail","6":"product_brand-velilla","7":"product_cat-industria-base","8":"product_cat-pantalones","9":"product_cat-ropa-profesional","10":"desktop-align-center","11":"tablet-align-left","12":"mobile-align-left","14":"first","15":"instock","16":"taxable","17":"shipping-taxable","18":"purchasable","19":"product-type-variable","20":"has-default-attributes"},"_links":{"self":[{"href":"https:\/\/combi-pro.com\/fr\/wp-json\/wp\/v2\/product\/9614","targetHints":{"allow":["GET"]}}],"collection":[{"href":"https:\/\/combi-pro.com\/fr\/wp-json\/wp\/v2\/product"}],"about":[{"href":"https:\/\/combi-pro.com\/fr\/wp-json\/wp\/v2\/types\/product"}],"wp:featuredmedia":[{"embeddable":true,"href":"https:\/\/combi-pro.com\/fr\/wp-json\/wp\/v2\/media\/9628"}],"wp:attachment":[{"href":"https:\/\/combi-pro.com\/fr\/wp-json\/wp\/v2\/media?parent=9614"}],"wp:term":[{"taxonomy":"product_brand","embeddable":true,"href":"https:\/\/combi-pro.com\/fr\/wp-json\/wp\/v2\/product_brand?post=9614"},{"taxonomy":"product_cat","embeddable":true,"href":"https:\/\/combi-pro.com\/fr\/wp-json\/wp\/v2\/product_cat?post=9614"},{"taxonomy":"product_tag","embeddable":true,"href":"https:\/\/combi-pro.com\/fr\/wp-json\/wp\/v2\/product_tag?post=9614"}],"curies":[{"name":"wp","href":"https:\/\/api.w.org\/{rel}","templated":true}]}}