{"id":9640,"date":"2024-05-25T12:35:16","date_gmt":"2024-05-25T10:35:16","guid":{"rendered":"https:\/\/combi-pro.com\/?post_type=product&#038;p=9640"},"modified":"2026-04-13T20:21:36","modified_gmt":"2026-04-13T18:21:36","slug":"103005s-pantalon-stretch","status":"publish","type":"product","link":"https:\/\/combi-pro.com\/fr\/boutique\/103005s-pantalon-stretch\/","title":{"rendered":"Pantalon de travail multi-poches en stretch avec taille \u00e9lastiqu\u00e9e et coutures contrast\u00e9es 103005S | VELILLA"},"content":{"rendered":"<p data-start=\"550\" data-end=\"582\"><strong data-start=\"553\" data-end=\"582\">Caract\u00e9ristiques techniques :<\/strong><\/p>\n<ul>\n<li data-start=\"586\" data-end=\"602\">Coupe cintr\u00e9e<\/li>\n<li data-start=\"605\" data-end=\"644\">Fermeture centrale \u00e0 glissi\u00e8re et bouton<\/li>\n<li data-start=\"647\" data-end=\"679\">Coutures contrast\u00e9es<\/li>\n<li data-start=\"682\" data-end=\"703\">Taille \u00e9lastiqu\u00e9e<\/li>\n<li data-start=\"706\" data-end=\"734\">Double couture de s\u00e9curit\u00e9<\/li>\n<li data-start=\"737\" data-end=\"751\">6 poches :<\/li>\n<li data-start=\"756\" data-end=\"779\">2 poches fran\u00e7aises<\/li>\n<li data-start=\"784\" data-end=\"860\">2 poches \u00e0 soufflet avec double soufflet central, rabat, velcro et tirettes<\/li>\n<li data-start=\"865\" data-end=\"917\">2 poches arri\u00e8re plaqu\u00e9es avec rabat et velcro<\/li>\n<\/ul>\n<p><strong data-start=\"922\" data-end=\"933\">Tissu:<\/strong><\/p>\n<ul>\n<li>Stretch : 46% coton - 38% EME - 16% polyester<\/li>\n<li>Grammage : 290 g\/m\u00b2.<\/li>\n<\/ul>\n<p data-start=\"1010\" data-end=\"1032\"><strong data-start=\"1013\" data-end=\"1022\">Gamme : <\/strong>\u00c9tirer<\/p>\n<p data-start=\"1034\" data-end=\"1226\"><strong data-start=\"1036\" data-end=\"1061\">Recommandation d'utilisation :<\/strong><\/p>\n<ul>\n<li data-start=\"1034\" data-end=\"1226\">Id\u00e9al pour les professionnels qui recherchent la libert\u00e9 de mouvement, la durabilit\u00e9 et un design moderne. Parfait pour les environnements de travail actifs o\u00f9 le confort est essentiel.<\/li>\n<\/ul>","protected":false},"excerpt":{"rendered":"<p data-start=\"159\" data-end=\"352\">Pantalon de travail extensible de coupe \u00e9troite avec ceinture \u00e9lastiqu\u00e9e, poches fonctionnelles et coutures contrast\u00e9es. Confort maximal et durabilit\u00e9.<\/p>\n<p data-start=\"354\" data-end=\"548\"><img decoding=\"async\" class=\"alignnone wp-image-15240\" src=\"https:\/\/combi-pro.com\/wp-content\/uploads\/2025\/04\/icon-stretch.png\" alt=\"\" width=\"99\" height=\"40\" srcset=\"https:\/\/combi-pro.com\/wp-content\/uploads\/2025\/04\/icon-stretch.png 228w, https:\/\/combi-pro.com\/wp-content\/uploads\/2025\/04\/icon-stretch-64x26.png 64w, https:\/\/combi-pro.com\/wp-content\/uploads\/2025\/04\/icon-stretch-18x7.png 18w\" sizes=\"(max-width: 99px) 100vw, 99px\" \/> <img decoding=\"async\" class=\"alignnone wp-image-15228\" src=\"https:\/\/combi-pro.com\/wp-content\/uploads\/2025\/04\/icon-w290.png\" alt=\"\" width=\"120\" height=\"40\" srcset=\"https:\/\/combi-pro.com\/wp-content\/uploads\/2025\/04\/icon-w290.png 228w, https:\/\/combi-pro.com\/wp-content\/uploads\/2025\/04\/icon-w290-64x21.png 64w, https:\/\/combi-pro.com\/wp-content\/uploads\/2025\/04\/icon-w290-18x6.png 18w\" sizes=\"(max-width: 120px) 100vw, 120px\" \/><\/p>\n<p><strong>GUIDE DES TAILLES<\/strong><\/p>\n<p><strong><img decoding=\"async\" class=\"alignnone wp-image-17864\" src=\"https:\/\/combi-pro.com\/wp-content\/uploads\/2024\/05\/105.5-112-screenshot-1750320626268-300x228.png\" alt=\"\" width=\"237\" height=\"180\" srcset=\"https:\/\/combi-pro.com\/wp-content\/uploads\/2024\/05\/105.5-112-screenshot-1750320626268-300x228.png 300w, https:\/\/combi-pro.com\/wp-content\/uploads\/2024\/05\/105.5-112-screenshot-1750320626268-16x12.png 16w, https:\/\/combi-pro.com\/wp-content\/uploads\/2024\/05\/105.5-112-screenshot-1750320626268-64x49.png 64w, https:\/\/combi-pro.com\/wp-content\/uploads\/2024\/05\/105.5-112-screenshot-1750320626268.png 400w\" sizes=\"(max-width: 237px) 100vw, 237px\" \/> <img loading=\"lazy\" decoding=\"async\" class=\"alignnone wp-image-17729\" src=\"https:\/\/combi-pro.com\/wp-content\/uploads\/2024\/05\/screenshot-1749765502228.png\" alt=\"\" width=\"186\" height=\"140\" srcset=\"https:\/\/combi-pro.com\/wp-content\/uploads\/2024\/05\/screenshot-1749765502228.png 292w, https:\/\/combi-pro.com\/wp-content\/uploads\/2024\/05\/screenshot-1749765502228-64x48.png 64w, https:\/\/combi-pro.com\/wp-content\/uploads\/2024\/05\/screenshot-1749765502228-16x12.png 16w\" sizes=\"(max-width: 186px) 100vw, 186px\" \/>\u00a0 \u00a0 \u00a0 \u00a0<\/strong><\/p>","protected":false},"featured_media":9653,"template":"","meta":{"site-sidebar-layout":"default","site-content-layout":"","ast-site-content-layout":"default","site-content-style":"default","site-sidebar-style":"default","ast-global-header-display":"","ast-banner-title-visibility":"","ast-main-header-display":"","ast-hfb-above-header-display":"","ast-hfb-below-header-display":"","ast-hfb-mobile-header-display":"","site-post-title":"","ast-breadcrumbs-content":"","ast-featured-img":"","footer-sml-layout":"","ast-disable-related-posts":"","theme-transparent-header-meta":"default","adv-header-id-meta":"","stick-header-meta":"","header-above-stick-meta":"","header-main-stick-meta":"","header-below-stick-meta":"","astra-migrate-meta-layouts":"set","ast-page-background-enabled":"default","ast-page-background-meta":{"desktop":{"background-color":"","background-image":"","background-repeat":"repeat","background-position":"center center","background-size":"auto","background-attachment":"scroll","background-type":"","background-media":"","overlay-type":"","overlay-color":"","overlay-opacity":"","overlay-gradient":""},"tablet":{"background-color":"","background-image":"","background-repeat":"repeat","background-position":"center center","background-size":"auto","background-attachment":"scroll","background-type":"","background-media":"","overlay-type":"","overlay-color":"","overlay-opacity":"","overlay-gradient":""},"mobile":{"background-color":"","background-image":"","background-repeat":"repeat","background-position":"center center","background-size":"auto","background-attachment":"scroll","background-type":"","background-media":"","overlay-type":"","overlay-color":"","overlay-opacity":"","overlay-gradient":""}},"ast-content-background-meta":{"desktop":{"background-color":"var(--ast-global-color-5)","background-image":"","background-repeat":"repeat","background-position":"center center","background-size":"auto","background-attachment":"scroll","background-type":"","background-media":"","overlay-type":"","overlay-color":"","overlay-opacity":"","overlay-gradient":""},"tablet":{"background-color":"var(--ast-global-color-5)","background-image":"","background-repeat":"repeat","background-position":"center center","background-size":"auto","background-attachment":"scroll","background-type":"","background-media":"","overlay-type":"","overlay-color":"","overlay-opacity":"","overlay-gradient":""},"mobile":{"background-color":"var(--ast-global-color-5)","background-image":"","background-repeat":"repeat","background-position":"center center","background-size":"auto","background-attachment":"scroll","background-type":"","background-media":"","overlay-type":"","overlay-color":"","overlay-opacity":"","overlay-gradient":""}}},"product_brand":[442],"product_cat":[30,86,50],"product_tag":[],"class_list":{"0":"post-9640","1":"product","2":"type-product","3":"status-publish","4":"has-post-thumbnail","6":"product_brand-velilla","7":"product_cat-industria-base","8":"product_cat-pantalones","9":"product_cat-ropa-profesional","10":"desktop-align-center","11":"tablet-align-left","12":"mobile-align-left","14":"first","15":"instock","16":"taxable","17":"shipping-taxable","18":"purchasable","19":"product-type-variable","20":"has-default-attributes"},"_links":{"self":[{"href":"https:\/\/combi-pro.com\/fr\/wp-json\/wp\/v2\/product\/9640","targetHints":{"allow":["GET"]}}],"collection":[{"href":"https:\/\/combi-pro.com\/fr\/wp-json\/wp\/v2\/product"}],"about":[{"href":"https:\/\/combi-pro.com\/fr\/wp-json\/wp\/v2\/types\/product"}],"wp:featuredmedia":[{"embeddable":true,"href":"https:\/\/combi-pro.com\/fr\/wp-json\/wp\/v2\/media\/9653"}],"wp:attachment":[{"href":"https:\/\/combi-pro.com\/fr\/wp-json\/wp\/v2\/media?parent=9640"}],"wp:term":[{"taxonomy":"product_brand","embeddable":true,"href":"https:\/\/combi-pro.com\/fr\/wp-json\/wp\/v2\/product_brand?post=9640"},{"taxonomy":"product_cat","embeddable":true,"href":"https:\/\/combi-pro.com\/fr\/wp-json\/wp\/v2\/product_cat?post=9640"},{"taxonomy":"product_tag","embeddable":true,"href":"https:\/\/combi-pro.com\/fr\/wp-json\/wp\/v2\/product_tag?post=9640"}],"curies":[{"name":"wp","href":"https:\/\/api.w.org\/{rel}","templated":true}]}}