{"id":9664,"date":"2024-05-25T12:58:03","date_gmt":"2024-05-25T10:58:03","guid":{"rendered":"https:\/\/combi-pro.com\/?post_type=product&#038;p=9664"},"modified":"2026-04-13T20:21:48","modified_gmt":"2026-04-13T18:21:48","slug":"103015s-pantalon-stretch-double","status":"publish","type":"product","link":"https:\/\/combi-pro.com\/fr\/boutique\/103015s-pantalon-stretch-double\/","title":{"rendered":"Pantalon de travail doubl\u00e9 en stretch avec multi-poches 103015S | VELILLA"},"content":{"rendered":"<div class=\"data item\" role=\"tablist\">\n<div id=\"tab-label-description\" class=\"data item title active\" tabindex=\"0\" role=\"tab\" data-role=\"collapsible\" data-collapsible=\"true\" aria-controls=\"description\" aria-selected=\"false\" aria-expanded=\"true\">\n<p data-start=\"635\" data-end=\"668\"><strong data-start=\"638\" data-end=\"668\">Caract\u00e9ristiques techniques :<\/strong><\/p>\n<ul>\n<li data-start=\"672\" data-end=\"688\">Coupe cintr\u00e9e<\/li>\n<li data-start=\"691\" data-end=\"730\">Fermeture centrale \u00e0 glissi\u00e8re et bouton<\/li>\n<li data-start=\"733\" data-end=\"754\">Taille \u00e9lastiqu\u00e9e<\/li>\n<li data-start=\"757\" data-end=\"789\">Coutures contrast\u00e9es<\/li>\n<li data-start=\"792\" data-end=\"820\">Double couture de s\u00e9curit\u00e9<\/li>\n<li data-start=\"823\" data-end=\"1003\">6 poches :<br data-start=\"835\" data-end=\"838\" \/>\u25aa 2 poches fran\u00e7aises<br data-start=\"863\" data-end=\"866\" \/>\u25aa 2 poches \u00e0 soufflet avec double soufflet central, rabat, velcro et tirettes<br data-start=\"944\" data-end=\"947\" \/>\u25aa 2 poches arri\u00e8re plaqu\u00e9es avec rabat et velcro<\/li>\n<\/ul>\n<p data-start=\"1005\" data-end=\"1022\"><strong data-start=\"1008\" data-end=\"1020\">Tissu :<\/strong><\/p>\n<ul>\n<li data-start=\"1025\" data-end=\"1106\">Tissu ext\u00e9rieur : Stretch (46% coton - 38% EME - 16% polyester) \/ 240 g\/m\u00b2.<\/li>\n<li data-start=\"1109\" data-end=\"1165\">Doublure int\u00e9rieure : Jersey uni 100% polyester \/ 185 g\/m\u00b2.<\/li>\n<\/ul>\n<p data-start=\"1167\" data-end=\"1190\"><strong data-start=\"1170\" data-end=\"1180\">Gamme : <\/strong>\u00c9tirer<\/p>\n<p data-start=\"1192\" data-end=\"1379\"><strong data-start=\"1194\" data-end=\"1220\">Recommandation d'utilisation :<\/strong><\/p>\n<ul>\n<li data-start=\"1192\" data-end=\"1379\">Con\u00e7u pour les professionnels travaillant dans des conditions froides, ce pantalon allie chaleur, \u00e9lasticit\u00e9 et durabilit\u00e9 pour une journ\u00e9e productive et confortable.<\/li>\n<\/ul>\n<\/div>\n<\/div>","protected":false},"excerpt":{"rendered":"<p data-start=\"232\" data-end=\"439\">Pantalon de travail doubl\u00e9 en stretch avec une coupe \u00e9troite, des poches fonctionnelles et une ceinture \u00e9lastiqu\u00e9e. Id\u00e9al pour les environnements froids avec une grande libert\u00e9 de mouvement.<\/p>\n<p data-start=\"441\" data-end=\"633\"><img decoding=\"async\" class=\"alignnone wp-image-15233\" src=\"https:\/\/combi-pro.com\/wp-content\/uploads\/2025\/04\/icon-w240.png\" alt=\"\" width=\"111\" height=\"40\" srcset=\"https:\/\/combi-pro.com\/wp-content\/uploads\/2025\/04\/icon-w240.png 228w, https:\/\/combi-pro.com\/wp-content\/uploads\/2025\/04\/icon-w240-64x23.png 64w, https:\/\/combi-pro.com\/wp-content\/uploads\/2025\/04\/icon-w240-18x6.png 18w\" sizes=\"(max-width: 111px) 100vw, 111px\" \/> <img decoding=\"async\" class=\"alignnone wp-image-15240\" src=\"https:\/\/combi-pro.com\/wp-content\/uploads\/2025\/04\/icon-stretch.png\" alt=\"\" width=\"99\" height=\"40\" srcset=\"https:\/\/combi-pro.com\/wp-content\/uploads\/2025\/04\/icon-stretch.png 228w, https:\/\/combi-pro.com\/wp-content\/uploads\/2025\/04\/icon-stretch-64x26.png 64w, https:\/\/combi-pro.com\/wp-content\/uploads\/2025\/04\/icon-stretch-18x7.png 18w\" sizes=\"(max-width: 99px) 100vw, 99px\" \/> <img decoding=\"async\" class=\"alignnone wp-image-15225\" src=\"https:\/\/combi-pro.com\/wp-content\/uploads\/2025\/04\/icon-cold.png\" alt=\"\" width=\"40\" height=\"40\" srcset=\"https:\/\/combi-pro.com\/wp-content\/uploads\/2025\/04\/icon-cold.png 134w, https:\/\/combi-pro.com\/wp-content\/uploads\/2025\/04\/icon-cold-100x100.png 100w, https:\/\/combi-pro.com\/wp-content\/uploads\/2025\/04\/icon-cold-64x64.png 64w, https:\/\/combi-pro.com\/wp-content\/uploads\/2025\/04\/icon-cold-12x12.png 12w\" sizes=\"(max-width: 40px) 100vw, 40px\" \/> <img loading=\"lazy\" decoding=\"async\" class=\"alignnone wp-image-15226\" src=\"https:\/\/combi-pro.com\/wp-content\/uploads\/2025\/04\/icon-2layer.png\" alt=\"\" width=\"40\" height=\"40\" srcset=\"https:\/\/combi-pro.com\/wp-content\/uploads\/2025\/04\/icon-2layer.png 134w, https:\/\/combi-pro.com\/wp-content\/uploads\/2025\/04\/icon-2layer-100x100.png 100w, https:\/\/combi-pro.com\/wp-content\/uploads\/2025\/04\/icon-2layer-64x64.png 64w, https:\/\/combi-pro.com\/wp-content\/uploads\/2025\/04\/icon-2layer-12x12.png 12w\" sizes=\"(max-width: 40px) 100vw, 40px\" \/><\/p>\n<p><strong>GUIDE DES TAILLES<\/strong><\/p>\n<p><strong><img loading=\"lazy\" decoding=\"async\" class=\"alignnone wp-image-17864\" src=\"https:\/\/combi-pro.com\/wp-content\/uploads\/2024\/05\/105.5-112-screenshot-1750320626268-300x228.png\" alt=\"\" width=\"263\" height=\"200\" srcset=\"https:\/\/combi-pro.com\/wp-content\/uploads\/2024\/05\/105.5-112-screenshot-1750320626268-300x228.png 300w, https:\/\/combi-pro.com\/wp-content\/uploads\/2024\/05\/105.5-112-screenshot-1750320626268-16x12.png 16w, https:\/\/combi-pro.com\/wp-content\/uploads\/2024\/05\/105.5-112-screenshot-1750320626268-64x49.png 64w, https:\/\/combi-pro.com\/wp-content\/uploads\/2024\/05\/105.5-112-screenshot-1750320626268.png 400w\" sizes=\"(max-width: 263px) 100vw, 263px\" \/> <img loading=\"lazy\" decoding=\"async\" class=\"alignnone wp-image-17729\" src=\"https:\/\/combi-pro.com\/wp-content\/uploads\/2024\/05\/screenshot-1749765502228.png\" alt=\"\" width=\"212\" height=\"160\" srcset=\"https:\/\/combi-pro.com\/wp-content\/uploads\/2024\/05\/screenshot-1749765502228.png 292w, https:\/\/combi-pro.com\/wp-content\/uploads\/2024\/05\/screenshot-1749765502228-64x48.png 64w, https:\/\/combi-pro.com\/wp-content\/uploads\/2024\/05\/screenshot-1749765502228-16x12.png 16w\" sizes=\"(max-width: 212px) 100vw, 212px\" \/>\u00a0 \u00a0\u00a0<\/strong><\/p>","protected":false},"featured_media":9673,"template":"","meta":{"site-sidebar-layout":"default","site-content-layout":"","ast-site-content-layout":"default","site-content-style":"default","site-sidebar-style":"default","ast-global-header-display":"","ast-banner-title-visibility":"","ast-main-header-display":"","ast-hfb-above-header-display":"","ast-hfb-below-header-display":"","ast-hfb-mobile-header-display":"","site-post-title":"","ast-breadcrumbs-content":"","ast-featured-img":"","footer-sml-layout":"","ast-disable-related-posts":"","theme-transparent-header-meta":"default","adv-header-id-meta":"","stick-header-meta":"","header-above-stick-meta":"","header-main-stick-meta":"","header-below-stick-meta":"","astra-migrate-meta-layouts":"set","ast-page-background-enabled":"default","ast-page-background-meta":{"desktop":{"background-color":"","background-image":"","background-repeat":"repeat","background-position":"center center","background-size":"auto","background-attachment":"scroll","background-type":"","background-media":"","overlay-type":"","overlay-color":"","overlay-opacity":"","overlay-gradient":""},"tablet":{"background-color":"","background-image":"","background-repeat":"repeat","background-position":"center center","background-size":"auto","background-attachment":"scroll","background-type":"","background-media":"","overlay-type":"","overlay-color":"","overlay-opacity":"","overlay-gradient":""},"mobile":{"background-color":"","background-image":"","background-repeat":"repeat","background-position":"center center","background-size":"auto","background-attachment":"scroll","background-type":"","background-media":"","overlay-type":"","overlay-color":"","overlay-opacity":"","overlay-gradient":""}},"ast-content-background-meta":{"desktop":{"background-color":"var(--ast-global-color-5)","background-image":"","background-repeat":"repeat","background-position":"center center","background-size":"auto","background-attachment":"scroll","background-type":"","background-media":"","overlay-type":"","overlay-color":"","overlay-opacity":"","overlay-gradient":""},"tablet":{"background-color":"var(--ast-global-color-5)","background-image":"","background-repeat":"repeat","background-position":"center center","background-size":"auto","background-attachment":"scroll","background-type":"","background-media":"","overlay-type":"","overlay-color":"","overlay-opacity":"","overlay-gradient":""},"mobile":{"background-color":"var(--ast-global-color-5)","background-image":"","background-repeat":"repeat","background-position":"center center","background-size":"auto","background-attachment":"scroll","background-type":"","background-media":"","overlay-type":"","overlay-color":"","overlay-opacity":"","overlay-gradient":""}}},"product_brand":[442],"product_cat":[30,86,50],"product_tag":[],"class_list":{"0":"post-9664","1":"product","2":"type-product","3":"status-publish","4":"has-post-thumbnail","6":"product_brand-velilla","7":"product_cat-industria-base","8":"product_cat-pantalones","9":"product_cat-ropa-profesional","10":"desktop-align-center","11":"tablet-align-left","12":"mobile-align-left","14":"first","15":"instock","16":"taxable","17":"shipping-taxable","18":"purchasable","19":"product-type-variable","20":"has-default-attributes"},"_links":{"self":[{"href":"https:\/\/combi-pro.com\/fr\/wp-json\/wp\/v2\/product\/9664","targetHints":{"allow":["GET"]}}],"collection":[{"href":"https:\/\/combi-pro.com\/fr\/wp-json\/wp\/v2\/product"}],"about":[{"href":"https:\/\/combi-pro.com\/fr\/wp-json\/wp\/v2\/types\/product"}],"wp:featuredmedia":[{"embeddable":true,"href":"https:\/\/combi-pro.com\/fr\/wp-json\/wp\/v2\/media\/9673"}],"wp:attachment":[{"href":"https:\/\/combi-pro.com\/fr\/wp-json\/wp\/v2\/media?parent=9664"}],"wp:term":[{"taxonomy":"product_brand","embeddable":true,"href":"https:\/\/combi-pro.com\/fr\/wp-json\/wp\/v2\/product_brand?post=9664"},{"taxonomy":"product_cat","embeddable":true,"href":"https:\/\/combi-pro.com\/fr\/wp-json\/wp\/v2\/product_cat?post=9664"},{"taxonomy":"product_tag","embeddable":true,"href":"https:\/\/combi-pro.com\/fr\/wp-json\/wp\/v2\/product_tag?post=9664"}],"curies":[{"name":"wp","href":"https:\/\/api.w.org\/{rel}","templated":true}]}}