{"id":9699,"date":"2024-05-25T13:11:28","date_gmt":"2024-05-25T11:11:28","guid":{"rendered":"https:\/\/combi-pro.com\/?post_type=product&#038;p=9699"},"modified":"2026-04-13T20:22:20","modified_gmt":"2026-04-13T18:22:20","slug":"103001-pantalon","status":"publish","type":"product","link":"https:\/\/combi-pro.com\/fr\/boutique\/103001-pantalon\/","title":{"rendered":"Pantalon de travail multi-poches \u00e0 coupe \u00e9troite 103001 | VELILLA"},"content":{"rendered":"<p data-start=\"475\" data-end=\"507\"><strong data-start=\"475\" data-end=\"507\">Caract\u00e9ristiques techniques :<\/strong><\/p>\n<ul>\n<li data-start=\"511\" data-end=\"552\">Coupe moderne et ergonomique<\/li>\n<li data-start=\"555\" data-end=\"598\">Fermeture centrale \u00e0 glissi\u00e8re et bouton<\/li>\n<li data-start=\"601\" data-end=\"659\">Coutures contrast\u00e9es pour un design contemporain<\/li>\n<li data-start=\"662\" data-end=\"709\">Taille \u00e9lastiqu\u00e9e pour un ajustement confortable<\/li>\n<li data-start=\"712\" data-end=\"765\">Double couture de s\u00e9curit\u00e9 dans les zones de tension<\/li>\n<li data-start=\"768\" data-end=\"801\">Six poches fonctionnelles :<\/li>\n<li data-start=\"806\" data-end=\"829\">2 poches fran\u00e7aises<\/li>\n<li data-start=\"834\" data-end=\"910\">2 poches \u00e0 soufflet avec double soufflet central, rabat, velcro et tirettes<\/li>\n<li data-start=\"915\" data-end=\"965\">2 poches arri\u00e8re plaqu\u00e9es avec rabat et velcro<\/li>\n<\/ul>\n<p data-start=\"972\" data-end=\"986\"><strong data-start=\"972\" data-end=\"986\">Tissu:<\/strong><\/p>\n<ul>\n<li data-start=\"990\" data-end=\"1030\">Serg\u00e9. 65% Polyester - 35% Coton<\/li>\n<li data-start=\"1033\" data-end=\"1054\">Grammage : 240 g\/m\u00b2.<\/li>\n<\/ul>\n<p data-start=\"1061\" data-end=\"1082\"><strong data-start=\"1061\" data-end=\"1073\">Gamme :<\/strong> Les classiques<\/p>\n<p data-start=\"1089\" data-end=\"1288\"><strong data-start=\"1089\" data-end=\"1116\">Recommandation d'utilisation :<\/strong><\/p>\n<ul>\n<li data-start=\"1089\" data-end=\"1288\">Parfait pour les m\u00e9tiers techniques, industriels ou logistiques. Ce pantalon allie confort, durabilit\u00e9 et design moderne pour vous accompagner tout au long de votre journ\u00e9e de travail.<\/li>\n<\/ul>","protected":false},"excerpt":{"rendered":"<p data-start=\"78\" data-end=\"270\">Pantalon de travail multi-poches \u00e0 coupe \u00e9troite avec fermeture \u00e0 glissi\u00e8re, ceinture \u00e9lastiqu\u00e9e et coutures de s\u00e9curit\u00e9. Pratique, confortable et durable.<\/p>\n<p data-start=\"272\" data-end=\"468\"><img decoding=\"async\" class=\"alignnone wp-image-15233\" src=\"https:\/\/combi-pro.com\/wp-content\/uploads\/2025\/04\/icon-w240.png\" alt=\"\" width=\"111\" height=\"40\" srcset=\"https:\/\/combi-pro.com\/wp-content\/uploads\/2025\/04\/icon-w240.png 228w, https:\/\/combi-pro.com\/wp-content\/uploads\/2025\/04\/icon-w240-64x23.png 64w, https:\/\/combi-pro.com\/wp-content\/uploads\/2025\/04\/icon-w240-18x6.png 18w\" sizes=\"(max-width: 111px) 100vw, 111px\" \/><\/p>\n<p><strong>GUIDE DES TAILLES<\/strong><\/p>\n<p><strong><img decoding=\"async\" class=\"alignnone wp-image-17859\" src=\"https:\/\/combi-pro.com\/wp-content\/uploads\/2024\/05\/106-112.5-screenshot-1750250462879-300x228.png\" alt=\"\" width=\"237\" height=\"180\" srcset=\"https:\/\/combi-pro.com\/wp-content\/uploads\/2024\/05\/106-112.5-screenshot-1750250462879-300x228.png 300w, https:\/\/combi-pro.com\/wp-content\/uploads\/2024\/05\/106-112.5-screenshot-1750250462879-16x12.png 16w, https:\/\/combi-pro.com\/wp-content\/uploads\/2024\/05\/106-112.5-screenshot-1750250462879-64x49.png 64w, https:\/\/combi-pro.com\/wp-content\/uploads\/2024\/05\/106-112.5-screenshot-1750250462879.png 400w\" sizes=\"(max-width: 237px) 100vw, 237px\" \/> <img decoding=\"async\" class=\"alignnone wp-image-17729\" src=\"https:\/\/combi-pro.com\/wp-content\/uploads\/2024\/05\/screenshot-1749765502228.png\" alt=\"\" width=\"186\" height=\"140\" srcset=\"https:\/\/combi-pro.com\/wp-content\/uploads\/2024\/05\/screenshot-1749765502228.png 292w, https:\/\/combi-pro.com\/wp-content\/uploads\/2024\/05\/screenshot-1749765502228-64x48.png 64w, https:\/\/combi-pro.com\/wp-content\/uploads\/2024\/05\/screenshot-1749765502228-16x12.png 16w\" sizes=\"(max-width: 186px) 100vw, 186px\" \/>\u00a0 \u00a0\u00a0<\/strong><\/p>","protected":false},"featured_media":15889,"template":"","meta":{"site-sidebar-layout":"default","site-content-layout":"","ast-site-content-layout":"default","site-content-style":"default","site-sidebar-style":"default","ast-global-header-display":"","ast-banner-title-visibility":"","ast-main-header-display":"","ast-hfb-above-header-display":"","ast-hfb-below-header-display":"","ast-hfb-mobile-header-display":"","site-post-title":"","ast-breadcrumbs-content":"","ast-featured-img":"","footer-sml-layout":"","ast-disable-related-posts":"","theme-transparent-header-meta":"default","adv-header-id-meta":"","stick-header-meta":"","header-above-stick-meta":"","header-main-stick-meta":"","header-below-stick-meta":"","astra-migrate-meta-layouts":"set","ast-page-background-enabled":"default","ast-page-background-meta":{"desktop":{"background-color":"","background-image":"","background-repeat":"repeat","background-position":"center center","background-size":"auto","background-attachment":"scroll","background-type":"","background-media":"","overlay-type":"","overlay-color":"","overlay-opacity":"","overlay-gradient":""},"tablet":{"background-color":"","background-image":"","background-repeat":"repeat","background-position":"center center","background-size":"auto","background-attachment":"scroll","background-type":"","background-media":"","overlay-type":"","overlay-color":"","overlay-opacity":"","overlay-gradient":""},"mobile":{"background-color":"","background-image":"","background-repeat":"repeat","background-position":"center center","background-size":"auto","background-attachment":"scroll","background-type":"","background-media":"","overlay-type":"","overlay-color":"","overlay-opacity":"","overlay-gradient":""}},"ast-content-background-meta":{"desktop":{"background-color":"var(--ast-global-color-5)","background-image":"","background-repeat":"repeat","background-position":"center center","background-size":"auto","background-attachment":"scroll","background-type":"","background-media":"","overlay-type":"","overlay-color":"","overlay-opacity":"","overlay-gradient":""},"tablet":{"background-color":"var(--ast-global-color-5)","background-image":"","background-repeat":"repeat","background-position":"center center","background-size":"auto","background-attachment":"scroll","background-type":"","background-media":"","overlay-type":"","overlay-color":"","overlay-opacity":"","overlay-gradient":""},"mobile":{"background-color":"var(--ast-global-color-5)","background-image":"","background-repeat":"repeat","background-position":"center center","background-size":"auto","background-attachment":"scroll","background-type":"","background-media":"","overlay-type":"","overlay-color":"","overlay-opacity":"","overlay-gradient":""}}},"product_brand":[442],"product_cat":[30,86,50],"product_tag":[],"class_list":{"0":"post-9699","1":"product","2":"type-product","3":"status-publish","4":"has-post-thumbnail","6":"product_brand-velilla","7":"product_cat-industria-base","8":"product_cat-pantalones","9":"product_cat-ropa-profesional","10":"desktop-align-center","11":"tablet-align-left","12":"mobile-align-left","14":"first","15":"instock","16":"taxable","17":"shipping-taxable","18":"purchasable","19":"product-type-variable","20":"has-default-attributes"},"_links":{"self":[{"href":"https:\/\/combi-pro.com\/fr\/wp-json\/wp\/v2\/product\/9699","targetHints":{"allow":["GET"]}}],"collection":[{"href":"https:\/\/combi-pro.com\/fr\/wp-json\/wp\/v2\/product"}],"about":[{"href":"https:\/\/combi-pro.com\/fr\/wp-json\/wp\/v2\/types\/product"}],"wp:featuredmedia":[{"embeddable":true,"href":"https:\/\/combi-pro.com\/fr\/wp-json\/wp\/v2\/media\/15889"}],"wp:attachment":[{"href":"https:\/\/combi-pro.com\/fr\/wp-json\/wp\/v2\/media?parent=9699"}],"wp:term":[{"taxonomy":"product_brand","embeddable":true,"href":"https:\/\/combi-pro.com\/fr\/wp-json\/wp\/v2\/product_brand?post=9699"},{"taxonomy":"product_cat","embeddable":true,"href":"https:\/\/combi-pro.com\/fr\/wp-json\/wp\/v2\/product_cat?post=9699"},{"taxonomy":"product_tag","embeddable":true,"href":"https:\/\/combi-pro.com\/fr\/wp-json\/wp\/v2\/product_tag?post=9699"}],"curies":[{"name":"wp","href":"https:\/\/api.w.org\/{rel}","templated":true}]}}