{"id":9725,"date":"2024-05-25T13:24:49","date_gmt":"2024-05-25T11:24:49","guid":{"rendered":"https:\/\/combi-pro.com\/?post_type=product&#038;p=9725"},"modified":"2026-04-13T20:22:54","modified_gmt":"2026-04-13T18:22:54","slug":"345-pantalons","status":"publish","type":"product","link":"https:\/\/combi-pro.com\/fr\/boutique\/345-pantalons\/","title":{"rendered":"Pantalon de travail multi-poches classique 345 | VELILLA"},"content":{"rendered":"<p data-start=\"660\" data-end=\"692\"><strong data-start=\"663\" data-end=\"692\">Caract\u00e9ristiques techniques :<\/strong><\/p>\n<ul>\n<li data-start=\"696\" data-end=\"735\">Fermeture centrale \u00e0 glissi\u00e8re et bouton<\/li>\n<li data-start=\"738\" data-end=\"780\">Taille \u00e9lastiqu\u00e9e pour un meilleur ajustement<\/li>\n<li data-start=\"783\" data-end=\"813\">Coutures de s\u00e9curit\u00e9 \u00e0 l'arri\u00e8re<\/li>\n<li data-start=\"816\" data-end=\"858\">Pince \u00e0 \u00e9piler pour une meilleure adaptation et un plus grand confort<\/li>\n<li data-start=\"861\" data-end=\"888\">Six poches pratiques :<\/li>\n<li data-start=\"893\" data-end=\"916\">2 poches fran\u00e7aises<\/li>\n<li data-start=\"921\" data-end=\"980\">2 poches plaqu\u00e9es avec soufflet central, rabat et velcro<\/li>\n<li data-start=\"985\" data-end=\"1037\">2 poches arri\u00e8re \u00e0 soufflet avec rabat et velcro<\/li>\n<\/ul>\n<p data-start=\"1039\" data-end=\"1055\"><strong data-start=\"1042\" data-end=\"1053\">Tissu:<\/strong><\/p>\n<ul>\n<li data-start=\"1058\" data-end=\"1094\">Twill : 65% polyester - 35% coton<\/li>\n<li data-start=\"1097\" data-end=\"1114\">Grammage : 200 g\/m\u00b2.<\/li>\n<\/ul>\n<p data-start=\"1116\" data-end=\"1137\"><strong data-start=\"1119\" data-end=\"1128\">Gamme :<\/strong> Les classiques<\/p>\n<p data-start=\"1139\" data-end=\"1311\"><strong data-start=\"1141\" data-end=\"1166\">Recommandation d'utilisation :<\/strong><\/p>\n<ul>\n<li data-start=\"1139\" data-end=\"1311\">Parfait pour les environnements industriels, la construction, la logistique et la maintenance. Il offre r\u00e9sistance et fonctionnalit\u00e9 dans toutes les situations de travail.<\/li>\n<\/ul>","protected":false},"excerpt":{"rendered":"<p data-start=\"351\" data-end=\"490\">Pantalon multi-poches fonctionnel avec ceinture \u00e9lastiqu\u00e9e et renforts. Id\u00e9al pour le travail quotidien.<\/p>\n<p><strong>GUIDE DES TAILLES<\/strong><\/p>\n<p><strong><img fetchpriority=\"high\" decoding=\"async\" class=\"alignnone wp-image-17883\" src=\"https:\/\/combi-pro.com\/wp-content\/uploads\/2024\/05\/108-114-screenshot-1750334376140-300x255.png\" alt=\"\" width=\"259\" height=\"220\" srcset=\"https:\/\/combi-pro.com\/wp-content\/uploads\/2024\/05\/108-114-screenshot-1750334376140-300x255.png 300w, https:\/\/combi-pro.com\/wp-content\/uploads\/2024\/05\/108-114-screenshot-1750334376140-14x12.png 14w, https:\/\/combi-pro.com\/wp-content\/uploads\/2024\/05\/108-114-screenshot-1750334376140-64x54.png 64w, https:\/\/combi-pro.com\/wp-content\/uploads\/2024\/05\/108-114-screenshot-1750334376140.png 401w\" sizes=\"(max-width: 259px) 100vw, 259px\" \/> <img decoding=\"async\" class=\"alignnone wp-image-17729\" src=\"https:\/\/combi-pro.com\/wp-content\/uploads\/2024\/05\/screenshot-1749765502228.png\" alt=\"\" width=\"212\" height=\"160\" srcset=\"https:\/\/combi-pro.com\/wp-content\/uploads\/2024\/05\/screenshot-1749765502228.png 292w, https:\/\/combi-pro.com\/wp-content\/uploads\/2024\/05\/screenshot-1749765502228-64x48.png 64w, https:\/\/combi-pro.com\/wp-content\/uploads\/2024\/05\/screenshot-1749765502228-16x12.png 16w\" sizes=\"(max-width: 212px) 100vw, 212px\" \/>\u00a0 \u00a0\u00a0<\/strong><\/p>","protected":false},"featured_media":9742,"template":"","meta":{"site-sidebar-layout":"default","site-content-layout":"","ast-site-content-layout":"default","site-content-style":"default","site-sidebar-style":"default","ast-global-header-display":"","ast-banner-title-visibility":"","ast-main-header-display":"","ast-hfb-above-header-display":"","ast-hfb-below-header-display":"","ast-hfb-mobile-header-display":"","site-post-title":"","ast-breadcrumbs-content":"","ast-featured-img":"","footer-sml-layout":"","ast-disable-related-posts":"","theme-transparent-header-meta":"default","adv-header-id-meta":"","stick-header-meta":"","header-above-stick-meta":"","header-main-stick-meta":"","header-below-stick-meta":"","astra-migrate-meta-layouts":"set","ast-page-background-enabled":"default","ast-page-background-meta":{"desktop":{"background-color":"","background-image":"","background-repeat":"repeat","background-position":"center center","background-size":"auto","background-attachment":"scroll","background-type":"","background-media":"","overlay-type":"","overlay-color":"","overlay-opacity":"","overlay-gradient":""},"tablet":{"background-color":"","background-image":"","background-repeat":"repeat","background-position":"center center","background-size":"auto","background-attachment":"scroll","background-type":"","background-media":"","overlay-type":"","overlay-color":"","overlay-opacity":"","overlay-gradient":""},"mobile":{"background-color":"","background-image":"","background-repeat":"repeat","background-position":"center center","background-size":"auto","background-attachment":"scroll","background-type":"","background-media":"","overlay-type":"","overlay-color":"","overlay-opacity":"","overlay-gradient":""}},"ast-content-background-meta":{"desktop":{"background-color":"var(--ast-global-color-5)","background-image":"","background-repeat":"repeat","background-position":"center center","background-size":"auto","background-attachment":"scroll","background-type":"","background-media":"","overlay-type":"","overlay-color":"","overlay-opacity":"","overlay-gradient":""},"tablet":{"background-color":"var(--ast-global-color-5)","background-image":"","background-repeat":"repeat","background-position":"center center","background-size":"auto","background-attachment":"scroll","background-type":"","background-media":"","overlay-type":"","overlay-color":"","overlay-opacity":"","overlay-gradient":""},"mobile":{"background-color":"var(--ast-global-color-5)","background-image":"","background-repeat":"repeat","background-position":"center center","background-size":"auto","background-attachment":"scroll","background-type":"","background-media":"","overlay-type":"","overlay-color":"","overlay-opacity":"","overlay-gradient":""}}},"product_brand":[442],"product_cat":[30,86,50],"product_tag":[],"class_list":{"0":"post-9725","1":"product","2":"type-product","3":"status-publish","4":"has-post-thumbnail","6":"product_brand-velilla","7":"product_cat-industria-base","8":"product_cat-pantalones","9":"product_cat-ropa-profesional","10":"desktop-align-center","11":"tablet-align-left","12":"mobile-align-left","14":"first","15":"instock","16":"taxable","17":"shipping-taxable","18":"purchasable","19":"product-type-variable","20":"has-default-attributes"},"_links":{"self":[{"href":"https:\/\/combi-pro.com\/fr\/wp-json\/wp\/v2\/product\/9725","targetHints":{"allow":["GET"]}}],"collection":[{"href":"https:\/\/combi-pro.com\/fr\/wp-json\/wp\/v2\/product"}],"about":[{"href":"https:\/\/combi-pro.com\/fr\/wp-json\/wp\/v2\/types\/product"}],"wp:featuredmedia":[{"embeddable":true,"href":"https:\/\/combi-pro.com\/fr\/wp-json\/wp\/v2\/media\/9742"}],"wp:attachment":[{"href":"https:\/\/combi-pro.com\/fr\/wp-json\/wp\/v2\/media?parent=9725"}],"wp:term":[{"taxonomy":"product_brand","embeddable":true,"href":"https:\/\/combi-pro.com\/fr\/wp-json\/wp\/v2\/product_brand?post=9725"},{"taxonomy":"product_cat","embeddable":true,"href":"https:\/\/combi-pro.com\/fr\/wp-json\/wp\/v2\/product_cat?post=9725"},{"taxonomy":"product_tag","embeddable":true,"href":"https:\/\/combi-pro.com\/fr\/wp-json\/wp\/v2\/product_tag?post=9725"}],"curies":[{"name":"wp","href":"https:\/\/api.w.org\/{rel}","templated":true}]}}